{"id":28832,"date":"2025-06-30T15:55:11","date_gmt":"2025-06-30T13:55:11","guid":{"rendered":"https:\/\/keluvo.com\/no\/produkt\/solskjerming-for-bil-2\/"},"modified":"2025-09-18T15:59:56","modified_gmt":"2025-09-18T12:59:56","slug":"solskjerming-for-bil-2","status":"publish","type":"product","link":"https:\/\/keluvo.com\/no\/produkt\/solskjerming-for-bil-2\/","title":{"rendered":"Solskjerming for bil"},"content":{"rendered":"<p style=\"text-align: center\" data-start=\"0\" data-end=\"80\"><strong data-start=\"0\" data-end=\"80\">\ud83d\ude97Hold bilen kj\u00f8lig og beskyttet med denne brukervennlige, uttrekkbare solskjermen!<\/strong><\/p>\n<p style=\"text-align: center\" data-start=\"82\" data-end=\"373\">Si farvel til brennende seter og tett luft n\u00e5r du setter deg inn i bilen. Denne solskjermen er designet for \u00e5 stenge ute varme og sollys, og holder interi\u00f8ret kj\u00f8ligere p\u00e5 varme dager. Den er laget av slitesterke materialer og har en smart, uttrekkbar design som gj\u00f8r den enkel \u00e5 montere, fjerne og oppbevare p\u00e5 f\u00e5 sekunder.<\/p>\n<p data-start=\"82\" data-end=\"373\"><img decoding=\"async\" class=\"size-full wp-image-25386 aligncenter\" src=\"https:\/\/keluvo.com\/template\/wp-content\/uploads\/sites\/5\/2025\/06\/06271-ezgif.com-video-to-webp-converter.webp\" alt=\"\" \/><\/p>\n<h2 style=\"text-align: center\" data-start=\"380\" data-end=\"402\">\ud83c\udf1f Hovedfordeler<\/h2>\n<p data-start=\"405\" data-end=\"460\">\ud83c\udf1e <strong data-start=\"408\" data-end=\"436\">Blokkerer Varme Og Sollys<\/strong> for \u00e5 holde bilen din cool<\/p>\n<p data-start=\"463\" data-end=\"510\">\ud83d\udee0\ufe0f <strong data-start=\"467\" data-end=\"482\">Rask Montering<\/strong> ved hjelp av sterke sugekopper<\/p>\n<p data-start=\"513\" data-end=\"565\">\ud83d\udd04 <strong data-start=\"516\" data-end=\"538\">Uttrekkbar Design<\/strong> for enkel bruk og oppbevaring<\/p>\n<p data-start=\"568\" data-end=\"619\">\ud83d\ude98 <strong data-start=\"571\" data-end=\"593\">Passer Til De Fleste Biler<\/strong> \u2013 fra kompaktbiler til SUVs<\/p>\n<p data-start=\"622\" data-end=\"680\">\u2702\ufe0f <strong data-start=\"625\" data-end=\"647\">Trim- Ogfor<\/strong> perfekt tilpasning til frontruten<\/p>\n<p data-start=\"683\" data-end=\"742\">\ud83e\uddca <strong data-start=\"686\" data-end=\"709\">Aluminiumsfolie Gir<\/strong> ekstra varmebeskyttelse<\/p>\n<p data-start=\"683\" data-end=\"742\"><img decoding=\"async\" class=\"size-full wp-image-25387 aligncenter\" src=\"https:\/\/keluvo.com\/template\/wp-content\/uploads\/sites\/5\/2025\/06\/3e126455-c20d-4047-9a54-ba7b94c3d892.webp\" alt=\"\" \/><\/p>\n<h2 style=\"text-align: center\" data-start=\"749\" data-end=\"768\">\ud83e\udded Slik Bruker Du Solskjermen<\/h2>\n<ol data-start=\"769\" data-end=\"1028\">\n<li data-start=\"769\" data-end=\"847\">\n<p data-start=\"772\" data-end=\"847\">Fest den ene enden av solskjermen til frontruten ved hjelp av sugekoppene.<\/p>\n<\/li>\n<li data-start=\"848\" data-end=\"908\">\n<p data-start=\"851\" data-end=\"908\">Brett ut og strekk solskjermen over frontruten, og fest den andre siden ved hjelp av den andre sugekoppen.<\/p>\n<\/li>\n<li data-start=\"909\" data-end=\"965\">\n<p data-start=\"912\" data-end=\"965\">N\u00e5r den ikke er i bruk, trekker du den bare inn og oppbevarer den i bagasjerommet.<\/p>\n<\/li>\n<\/ol>\n<h2 style=\"text-align: center\" data-start=\"1035\" data-end=\"1059\">\ud83d\udccf Produktdetaljer<\/h2>\n<ul data-start=\"1060\" data-end=\"1301\">\n<li data-start=\"1060\" data-end=\"1116\">\n<p data-start=\"1062\" data-end=\"1116\">Materiale: Kryptert polyesterstoff + aluminiumsfilm<\/p>\n<\/li>\n<li data-start=\"1117\" data-end=\"1142\">\n<p data-start=\"1119\" data-end=\"1142\">Ramme: Aluminiumslegering<\/p>\n<\/li>\n<li data-start=\"1143\" data-end=\"1189\">\n<p data-start=\"1145\" data-end=\"1189\">Lengde: 46 cm, 65 cm, 70 cm og 80 cm.<\/p>\n<\/li>\n<li data-start=\"1190\" data-end=\"1254\">\n<p data-start=\"1192\" data-end=\"1254\">Fit: Passer til de fleste biltyper (kompakt, sedan, SUV osv.)<\/p>\n<\/li>\n<li data-start=\"1255\" data-end=\"1301\">\n<p data-start=\"1257\" data-end=\"1301\">Merknader: Kan kreve trimming for tilpasset passform<\/p>\n<\/li>\n<\/ul>\n<h2 style=\"text-align: center\" data-start=\"1308\" data-end=\"1333\"><strong>\ud83d\udce6 Pakken Inkluderer<\/strong><\/h2>\n<ul data-start=\"1334\" data-end=\"1371\">\n<li data-start=\"1334\" data-end=\"1371\">\n<p data-start=\"1336\" data-end=\"1371\">1x solskjerm for bil.<\/p>\n<\/li>\n<\/ul>\n","protected":false},"excerpt":{"rendered":"<p>\ud83d\ude97Hold bilen kj\u00f8lig og beskyttet med denne brukervennlige, uttrekkbare solskjermen! Si farvel til brennende seter og tett luft n\u00e5r du [&hellip;]<\/p>\n","protected":false},"featured_media":28828,"comment_status":"open","ping_status":"closed","template":"","meta":{"site-sidebar-layout":"default","site-content-layout":"","ast-site-content-layout":"default","site-content-style":"default","site-sidebar-style":"default","ast-global-header-display":"","ast-banner-title-visibility":"","ast-main-header-display":"","ast-hfb-above-header-display":"","ast-hfb-below-header-display":"","ast-hfb-mobile-header-display":"","site-post-title":"","ast-breadcrumbs-content":"","ast-featured-img":"","footer-sml-layout":"","theme-transparent-header-meta":"default","adv-header-id-meta":"","stick-header-meta":"","header-above-stick-meta":"","header-main-stick-meta":"","header-below-stick-meta":"","astra-migrate-meta-layouts":"set","ast-page-background-enabled":"default","ast-page-background-meta":{"desktop":{"background-color":"var(--ast-global-color-4)","background-image":"","background-repeat":"repeat","background-position":"center center","background-size":"auto","background-attachment":"scroll","background-type":"","background-media":"","overlay-type":"","overlay-color":"","overlay-opacity":"","overlay-gradient":""},"tablet":{"background-color":"","background-image":"","background-repeat":"repeat","background-position":"center center","background-size":"auto","background-attachment":"scroll","background-type":"","background-media":"","overlay-type":"","overlay-color":"","overlay-opacity":"","overlay-gradient":""},"mobile":{"background-color":"","background-image":"","background-repeat":"repeat","background-position":"center center","background-size":"auto","background-attachment":"scroll","background-type":"","background-media":"","overlay-type":"","overlay-color":"","overlay-opacity":"","overlay-gradient":""}},"ast-content-background-meta":{"desktop":{"background-color":"var(--ast-global-color-5)","background-image":"","background-repeat":"repeat","background-position":"center center","background-size":"auto","background-attachment":"scroll","background-type":"","background-media":"","overlay-type":"","overlay-color":"","overlay-opacity":"","overlay-gradient":""},"tablet":{"background-color":"var(--ast-global-color-5)","background-image":"","background-repeat":"repeat","background-position":"center center","background-size":"auto","background-attachment":"scroll","background-type":"","background-media":"","overlay-type":"","overlay-color":"","overlay-opacity":"","overlay-gradient":""},"mobile":{"background-color":"var(--ast-global-color-5)","background-image":"","background-repeat":"repeat","background-position":"center center","background-size":"auto","background-attachment":"scroll","background-type":"","background-media":"","overlay-type":"","overlay-color":"","overlay-opacity":"","overlay-gradient":""}}},"product_brand":[],"product_cat":[998],"product_tag":[],"class_list":{"0":"post-28832","1":"product","2":"type-product","3":"status-publish","4":"has-post-thumbnail","6":"product_cat-bilprodukter","7":"pa_32206_dslistxt-46-cm","8":"pa_32206_dslistxt-65-cm","9":"pa_32206_dslistxt-70-cm","10":"pa_32206_dslistxt-80-cm","11":"desktop-align-left","12":"tablet-align-left","13":"mobile-align-left","15":"first","16":"instock","17":"shipping-taxable","18":"purchasable","19":"product-type-variable"},"_links":{"self":[{"href":"https:\/\/keluvo.com\/no\/wp-json\/wp\/v2\/product\/28832","targetHints":{"allow":["GET"]}}],"collection":[{"href":"https:\/\/keluvo.com\/no\/wp-json\/wp\/v2\/product"}],"about":[{"href":"https:\/\/keluvo.com\/no\/wp-json\/wp\/v2\/types\/product"}],"replies":[{"embeddable":true,"href":"https:\/\/keluvo.com\/no\/wp-json\/wp\/v2\/comments?post=28832"}],"wp:featuredmedia":[{"embeddable":true,"href":"https:\/\/keluvo.com\/no\/wp-json\/wp\/v2\/media\/28828"}],"wp:attachment":[{"href":"https:\/\/keluvo.com\/no\/wp-json\/wp\/v2\/media?parent=28832"}],"wp:term":[{"taxonomy":"product_brand","embeddable":true,"href":"https:\/\/keluvo.com\/no\/wp-json\/wp\/v2\/product_brand?post=28832"},{"taxonomy":"product_cat","embeddable":true,"href":"https:\/\/keluvo.com\/no\/wp-json\/wp\/v2\/product_cat?post=28832"},{"taxonomy":"product_tag","embeddable":true,"href":"https:\/\/keluvo.com\/no\/wp-json\/wp\/v2\/product_tag?post=28832"}],"curies":[{"name":"wp","href":"https:\/\/api.w.org\/{rel}","templated":true}]}}