{"id":28456,"date":"2025-06-26T17:57:41","date_gmt":"2025-06-26T15:57:41","guid":{"rendered":"https:\/\/keluvo.com\/no\/produkt\/gladiator-sandaler\/"},"modified":"2025-06-26T18:00:47","modified_gmt":"2025-06-26T16:00:47","slug":"gladiator-sandaler","status":"publish","type":"product","link":"https:\/\/keluvo.com\/no\/produkt\/gladiator-sandaler\/","title":{"rendered":"Gladiator-sandaler"},"content":{"rendered":"<p data-start=\"70\" data-end=\"243\"><img decoding=\"async\" class=\"size-full wp-image-25322 aligncenter\" src=\"https:\/\/keluvo.com\/template\/wp-content\/uploads\/sites\/5\/2025\/06\/Screenshot_3-1.png\" alt=\"\" \/><\/p>\n<p style=\"text-align: center;\" data-start=\"70\" data-end=\"243\"><strong>Ta Steget Inn I Komfort Og Stil Denne Sommeren \u2600\ufe0f<\/strong><br data-start=\"112\" data-end=\"115\" \/>Disse gladiatorsandaler er perfekte for solfylte dager, avslappede spaserturer og stilige antrekk som trenger det lille ekstra. Adelina-sandalene er laget med en overdel i mykt kunstskinn og en tykk s\u00e5le som gir komfort hele dagen, og kombinerer mote med funksjonalitet. Enten du g\u00e5r for en dristig eller n\u00f8ytral look, gj\u00f8r de mange fargealternativene dem enkle \u00e5 matche med alt i garderoben din.<\/p>\n<p data-start=\"70\" data-end=\"243\"><img decoding=\"async\" class=\"size-full wp-image-25361 aligncenter\" src=\"https:\/\/keluvo.com\/template\/wp-content\/uploads\/sites\/5\/2025\/06\/378a53dd74a331aaec0a2a4a33028147-1.webp\" alt=\"\" \/><\/p>\n<h2 style=\"text-align: center;\" data-start=\"508\" data-end=\"530\"><strong>Hovedfordeler<\/strong><\/h2>\n<p data-start=\"533\" data-end=\"578\">\ud83e\uddb6 Tykk, st\u00f8ttende s\u00e5le for ekstra komfort<\/p>\n<p data-start=\"581\" data-end=\"626\">\ud83d\udd17 Justerbar spennerem for en sikker passform<\/p>\n<p data-start=\"629\" data-end=\"678\">\ud83c\udfa8 Finnes i svart, hvit, beige, og oransje<\/p>\n<p data-start=\"681\" data-end=\"722\">\ud83d\udca8 \u00c5pen t\u00e5 holder f\u00f8ttene kj\u00f8lige<\/p>\n<p data-start=\"725\" data-end=\"766\">\ud83d\udc63 Lett og enkel \u00e5 ha p\u00e5 hele dagen<\/p>\n<h2 style=\"text-align: center;\" data-start=\"768\" data-end=\"788\"><strong>Slik Bruker Du Den<\/strong><\/h2>\n<ol data-start=\"789\" data-end=\"930\">\n<li data-start=\"789\" data-end=\"825\">\n<p data-start=\"792\" data-end=\"825\">Glid foten ned i sandalen<\/p>\n<\/li>\n<li data-start=\"826\" data-end=\"876\">\n<p data-start=\"829\" data-end=\"876\">Juster spennen til \u00f8nsket tetthet<\/p>\n<\/li>\n<li data-start=\"877\" data-end=\"930\">\n<p data-start=\"880\" data-end=\"930\">G\u00e5 trygt og komfortabelt uansett hvor du g\u00e5r<\/p>\n<\/li>\n<\/ol>\n<h2 style=\"text-align: center;\" data-start=\"932\" data-end=\"957\"><strong>Produktdetaljer<\/strong><\/h2>\n<ul data-start=\"958\" data-end=\"1098\">\n<li data-start=\"958\" data-end=\"989\">\n<p data-start=\"960\" data-end=\"989\">Materiale: Kunstskinn (PU)<\/p>\n<\/li>\n<li data-start=\"990\" data-end=\"1011\">\n<p data-start=\"992\" data-end=\"1011\">H\u00e6lh\u00f8yde: 2 cm<\/p>\n<\/li>\n<li data-start=\"1012\" data-end=\"1041\">\n<p data-start=\"1014\" data-end=\"1041\">Lukking: spennefesting<\/p>\n<\/li>\n<li data-start=\"1082\" data-end=\"1098\">\n<p data-start=\"1084\" data-end=\"1098\">St\u00f8rrelser: 36-43<\/p>\n<\/li>\n<\/ul>\n<h2 style=\"text-align: center;\" data-start=\"1100\" data-end=\"1126\"><strong>Pakken Inneholder<\/strong><\/h2>\n<ul data-start=\"1127\" data-end=\"1173\">\n<li data-start=\"1127\" data-end=\"1173\">\n<p data-start=\"1129\" data-end=\"1173\">1 par gladiatorsandaler.<\/p>\n<\/li>\n<\/ul>\n","protected":false},"excerpt":{"rendered":"<p>Ta Steget Inn I Komfort Og Stil Denne Sommeren \u2600\ufe0fDisse gladiatorsandaler er perfekte for solfylte dager, avslappede spaserturer og stilige [&hellip;]<\/p>\n","protected":false},"featured_media":28452,"comment_status":"open","ping_status":"closed","template":"","meta":{"site-sidebar-layout":"default","site-content-layout":"","ast-site-content-layout":"default","site-content-style":"default","site-sidebar-style":"default","ast-global-header-display":"","ast-banner-title-visibility":"","ast-main-header-display":"","ast-hfb-above-header-display":"","ast-hfb-below-header-display":"","ast-hfb-mobile-header-display":"","site-post-title":"","ast-breadcrumbs-content":"","ast-featured-img":"","footer-sml-layout":"","theme-transparent-header-meta":"default","adv-header-id-meta":"","stick-header-meta":"","header-above-stick-meta":"","header-main-stick-meta":"","header-below-stick-meta":"","astra-migrate-meta-layouts":"set","ast-page-background-enabled":"default","ast-page-background-meta":{"desktop":{"background-color":"var(--ast-global-color-4)","background-image":"","background-repeat":"repeat","background-position":"center center","background-size":"auto","background-attachment":"scroll","background-type":"","background-media":"","overlay-type":"","overlay-color":"","overlay-opacity":"","overlay-gradient":""},"tablet":{"background-color":"","background-image":"","background-repeat":"repeat","background-position":"center center","background-size":"auto","background-attachment":"scroll","background-type":"","background-media":"","overlay-type":"","overlay-color":"","overlay-opacity":"","overlay-gradient":""},"mobile":{"background-color":"","background-image":"","background-repeat":"repeat","background-position":"center center","background-size":"auto","background-attachment":"scroll","background-type":"","background-media":"","overlay-type":"","overlay-color":"","overlay-opacity":"","overlay-gradient":""}},"ast-content-background-meta":{"desktop":{"background-color":"var(--ast-global-color-5)","background-image":"","background-repeat":"repeat","background-position":"center center","background-size":"auto","background-attachment":"scroll","background-type":"","background-media":"","overlay-type":"","overlay-color":"","overlay-opacity":"","overlay-gradient":""},"tablet":{"background-color":"var(--ast-global-color-5)","background-image":"","background-repeat":"repeat","background-position":"center center","background-size":"auto","background-attachment":"scroll","background-type":"","background-media":"","overlay-type":"","overlay-color":"","overlay-opacity":"","overlay-gradient":""},"mobile":{"background-color":"var(--ast-global-color-5)","background-image":"","background-repeat":"repeat","background-position":"center center","background-size":"auto","background-attachment":"scroll","background-type":"","background-media":"","overlay-type":"","overlay-color":"","overlay-opacity":"","overlay-gradient":""}}},"product_brand":[],"product_cat":[993],"product_tag":[],"class_list":{"0":"post-28456","1":"product","2":"type-product","3":"status-publish","4":"has-post-thumbnail","6":"product_cat-skotoy-tilbehor","7":"pa_48231_blvm0iew-5168","8":"pa_48231_blvm0iew-5169","9":"pa_48231_blvm0iew-5170","10":"pa_48231_blvm0iew-5171","11":"pa_48231_blvm0iew-5172","12":"pa_48231_blvm0iew-5173","13":"pa_48231_blvm0iew-5174","14":"pa_48231_blvm0iew-5175","15":"pa_48231_zwoxr239-beige","16":"pa_48231_zwoxr239-hvit","17":"pa_48231_zwoxr239-oransje","18":"pa_48231_zwoxr239-svart","19":"desktop-align-left","20":"tablet-align-left","21":"mobile-align-left","23":"first","24":"instock","25":"shipping-taxable","26":"purchasable","27":"product-type-variable","28":"has-default-attributes"},"_links":{"self":[{"href":"https:\/\/keluvo.com\/no\/wp-json\/wp\/v2\/product\/28456","targetHints":{"allow":["GET"]}}],"collection":[{"href":"https:\/\/keluvo.com\/no\/wp-json\/wp\/v2\/product"}],"about":[{"href":"https:\/\/keluvo.com\/no\/wp-json\/wp\/v2\/types\/product"}],"replies":[{"embeddable":true,"href":"https:\/\/keluvo.com\/no\/wp-json\/wp\/v2\/comments?post=28456"}],"wp:featuredmedia":[{"embeddable":true,"href":"https:\/\/keluvo.com\/no\/wp-json\/wp\/v2\/media\/28452"}],"wp:attachment":[{"href":"https:\/\/keluvo.com\/no\/wp-json\/wp\/v2\/media?parent=28456"}],"wp:term":[{"taxonomy":"product_brand","embeddable":true,"href":"https:\/\/keluvo.com\/no\/wp-json\/wp\/v2\/product_brand?post=28456"},{"taxonomy":"product_cat","embeddable":true,"href":"https:\/\/keluvo.com\/no\/wp-json\/wp\/v2\/product_cat?post=28456"},{"taxonomy":"product_tag","embeddable":true,"href":"https:\/\/keluvo.com\/no\/wp-json\/wp\/v2\/product_tag?post=28456"}],"curies":[{"name":"wp","href":"https:\/\/api.w.org\/{rel}","templated":true}]}}