{"id":2845,"date":"2024-10-28T18:31:08","date_gmt":"2024-10-28T15:31:08","guid":{"rendered":"https:\/\/keluvo.com\/no\/produkt\/luksus-vintersengetoy\/"},"modified":"2024-10-28T19:37:22","modified_gmt":"2024-10-28T16:37:22","slug":"luksus-vintersengetoy","status":"publish","type":"product","link":"https:\/\/keluvo.com\/no\/produkt\/luksus-vintersengetoy\/","title":{"rendered":"Luksus vintersenget\u00f8y"},"content":{"rendered":"<h2 style=\"text-align: center;\"><strong> Koselig varme for vinternetter<\/strong><\/h2>\n<p style=\"text-align: center;\">Luxury Winter Bedding tilbyr eksepsjonell varme med sine tykke, plysjlag. Sengesettet er designet for \u00e5 holde deg komfortabel p\u00e5 de kaldeste nettene, og kombinerer minkfl\u00f8yel og krystallfl\u00f8yel for en myk og koselig opplevelse.<\/p>\n<p><img decoding=\"async\" class=\"alignnone size-medium wp-image-1522 aligncenter\" src=\"https:\/\/keluvo.com\/template\/wp-content\/uploads\/sites\/5\/2024\/10\/7a69f100-232b-40b1-a2cd-023c9f02a42f.webp\" alt=\"\" \/><\/p>\n<h2 style=\"text-align: center;\"><strong> Myk fl\u00f8yelskomfort<\/strong><\/h2>\n<p style=\"text-align: center;\">Opplev den myke ber\u00f8ringen av minkfl\u00f8yel parret med krystallfl\u00f8yel p\u00e5 dette luksuri\u00f8se vintersenget\u00f8yet. Hver side f\u00f8les luksuri\u00f8s, noe som gj\u00f8r det ideelt for avslappende s\u00f8vn og et ekstra lag med komfort for \u00e5 slappe av etter en lang dag.<\/p>\n<p><img decoding=\"async\" class=\"alignnone size-medium wp-image-1521 aligncenter\" src=\"https:\/\/keluvo.com\/template\/wp-content\/uploads\/sites\/5\/2024\/10\/6a5d8a98-77e6-4b4d-b9d4-01763ea4f899.webp\" alt=\"\" \/><\/p>\n<h2 style=\"text-align: center;\"><strong> Elegant og stilig design<\/strong><\/h2>\n<p style=\"text-align: center;\">Utformet med oppmerksomhet p\u00e5 detaljer, Luxury Winter senget\u00f8y gir et elegant preg til soverommet ditt. Fl\u00f8yelsfinishen av h\u00f8y kvalitet f\u00f8les ikke bare myk, men gir ogs\u00e5 et raffinert utseende som forvandler rommet ditt til et koselig og innbydende tilfluktssted.<\/p>\n<p><img decoding=\"async\" class=\"alignnone size-medium wp-image-1527 aligncenter\" src=\"https:\/\/keluvo.com\/template\/wp-content\/uploads\/sites\/5\/2024\/10\/Se67f6f4625e24868bf4c0e41a21309cdB.jpg_640x640.jpg_.png\" alt=\"\" \/><\/p>\n<h2 style=\"text-align: center;\"><strong> Enkel pleie og holdbarhet<\/strong><\/h2>\n<p style=\"text-align: center;\">Med aktiv utskrift og farging, forblir fargene p\u00e5 Luxury Winter senget\u00f8yet levende og motstandsdyktige mot falming. De slitesterke materialene og det lettstelte designet sikrer at dette senget\u00f8yet vil holde seg vakkert og komfortabelt i mange \u00e5r fremover.<\/p>\n<p><img decoding=\"async\" class=\"alignnone size-medium wp-image-1520 aligncenter\" src=\"https:\/\/keluvo.com\/template\/wp-content\/uploads\/sites\/5\/2024\/10\/3bd34a52-096c-4121-92e0-a255bf7a4f04.webp\" alt=\"\" \/><\/p>\n","protected":false},"excerpt":{"rendered":"<p>Koselig varme for vinternetter Luxury Winter Bedding tilbyr eksepsjonell varme med sine tykke, plysjlag. Sengesettet er designet for \u00e5 holde [&hellip;]<\/p>\n","protected":false},"featured_media":2837,"comment_status":"open","ping_status":"closed","template":"","meta":{"site-sidebar-layout":"default","site-content-layout":"","ast-site-content-layout":"default","site-content-style":"default","site-sidebar-style":"default","ast-global-header-display":"","ast-banner-title-visibility":"","ast-main-header-display":"","ast-hfb-above-header-display":"","ast-hfb-below-header-display":"","ast-hfb-mobile-header-display":"","site-post-title":"","ast-breadcrumbs-content":"","ast-featured-img":"","footer-sml-layout":"","theme-transparent-header-meta":"default","adv-header-id-meta":"","stick-header-meta":"","header-above-stick-meta":"","header-main-stick-meta":"","header-below-stick-meta":"","astra-migrate-meta-layouts":"set","ast-page-background-enabled":"default","ast-page-background-meta":{"desktop":{"background-color":"var(--ast-global-color-4)","background-image":"","background-repeat":"repeat","background-position":"center center","background-size":"auto","background-attachment":"scroll","background-type":"","background-media":"","overlay-type":"","overlay-color":"","overlay-opacity":"","overlay-gradient":""},"tablet":{"background-color":"","background-image":"","background-repeat":"repeat","background-position":"center center","background-size":"auto","background-attachment":"scroll","background-type":"","background-media":"","overlay-type":"","overlay-color":"","overlay-opacity":"","overlay-gradient":""},"mobile":{"background-color":"","background-image":"","background-repeat":"repeat","background-position":"center center","background-size":"auto","background-attachment":"scroll","background-type":"","background-media":"","overlay-type":"","overlay-color":"","overlay-opacity":"","overlay-gradient":""}},"ast-content-background-meta":{"desktop":{"background-color":"var(--ast-global-color-5)","background-image":"","background-repeat":"repeat","background-position":"center center","background-size":"auto","background-attachment":"scroll","background-type":"","background-media":"","overlay-type":"","overlay-color":"","overlay-opacity":"","overlay-gradient":""},"tablet":{"background-color":"var(--ast-global-color-5)","background-image":"","background-repeat":"repeat","background-position":"center center","background-size":"auto","background-attachment":"scroll","background-type":"","background-media":"","overlay-type":"","overlay-color":"","overlay-opacity":"","overlay-gradient":""},"mobile":{"background-color":"var(--ast-global-color-5)","background-image":"","background-repeat":"repeat","background-position":"center center","background-size":"auto","background-attachment":"scroll","background-type":"","background-media":"","overlay-type":"","overlay-color":"","overlay-opacity":"","overlay-gradient":""}}},"product_brand":[],"product_cat":[1001],"product_tag":[],"class_list":{"0":"post-2845","1":"product","2":"type-product","3":"status-publish","4":"has-post-thumbnail","6":"product_cat-husholdningsartikler","7":"pa_1np6alqh-15x20m-1-stk-deksel","8":"pa_1np6alqh-18x22-m-1-stk-deksel","9":"pa_1np6alqh-20x23-m-1-stk-deksel","10":"pa_4e0vtg6c-bla","11":"pa_4e0vtg6c-gul","12":"pa_4e0vtg6c-hvit","13":"pa_4e0vtg6c-rod","14":"pa_4e0vtg6c-rosa","15":"desktop-align-left","16":"tablet-align-left","17":"mobile-align-left","19":"first","20":"instock","21":"shipping-taxable","22":"purchasable","23":"product-type-variable","24":"has-default-attributes"},"_links":{"self":[{"href":"https:\/\/keluvo.com\/no\/wp-json\/wp\/v2\/product\/2845","targetHints":{"allow":["GET"]}}],"collection":[{"href":"https:\/\/keluvo.com\/no\/wp-json\/wp\/v2\/product"}],"about":[{"href":"https:\/\/keluvo.com\/no\/wp-json\/wp\/v2\/types\/product"}],"replies":[{"embeddable":true,"href":"https:\/\/keluvo.com\/no\/wp-json\/wp\/v2\/comments?post=2845"}],"wp:featuredmedia":[{"embeddable":true,"href":"https:\/\/keluvo.com\/no\/wp-json\/wp\/v2\/media\/2837"}],"wp:attachment":[{"href":"https:\/\/keluvo.com\/no\/wp-json\/wp\/v2\/media?parent=2845"}],"wp:term":[{"taxonomy":"product_brand","embeddable":true,"href":"https:\/\/keluvo.com\/no\/wp-json\/wp\/v2\/product_brand?post=2845"},{"taxonomy":"product_cat","embeddable":true,"href":"https:\/\/keluvo.com\/no\/wp-json\/wp\/v2\/product_cat?post=2845"},{"taxonomy":"product_tag","embeddable":true,"href":"https:\/\/keluvo.com\/no\/wp-json\/wp\/v2\/product_tag?post=2845"}],"curies":[{"name":"wp","href":"https:\/\/api.w.org\/{rel}","templated":true}]}}