{"id":28378,"date":"2025-06-26T16:42:44","date_gmt":"2025-06-26T14:42:44","guid":{"rendered":"https:\/\/keluvo.com\/no\/produkt\/universal-lakkrestaurator-for-biler\/"},"modified":"2025-06-26T16:42:51","modified_gmt":"2025-06-26T14:42:51","slug":"universal-lakkrestaurator-for-biler","status":"publish","type":"product","link":"https:\/\/keluvo.com\/no\/produkt\/universal-lakkrestaurator-for-biler\/","title":{"rendered":"Universal lakkrestaurator for biler"},"content":{"rendered":"<p style=\"text-align: center\" data-start=\"128\" data-end=\"249\"><strong data-start=\"128\" data-end=\"162\">Slett Riper P\u00e5 Sekunder \ud83e\uddfd\u2728<\/strong><br data-start=\"162\" data-end=\"165\" \/>F\u00e5 tilbake bilens glans og si farvel til stygge riper &#8211; med bare noen f\u00e5 kluter.<\/p>\n<p data-start=\"128\" data-end=\"249\"><img decoding=\"async\" class=\"size-full wp-image-25261 aligncenter\" src=\"https:\/\/keluvo.com\/template\/wp-content\/uploads\/sites\/5\/2025\/06\/e221998dcfdd2746b34f1e12caba9cc23b03a69e.gif\" alt=\"\" \/><\/p>\n<h2 style=\"text-align: center\" data-start=\"256\" data-end=\"284\">Hvorfor Du Trenger Dette \ud83d\udd27\ud83d\ude97<\/h2>\n<p data-start=\"287\" data-end=\"347\">\ud83e\uddfc Fjerner \u00f8yeblikkelig lette riper, skraper og virvelmerker<\/p>\n<p data-start=\"350\" data-end=\"389\">\ud83d\udc8e Gjenoppretter bilens opprinnelige glans<\/p>\n<p data-start=\"392\" data-end=\"431\">\u2705 Trygt for alle lakkeringstyper og farger<\/p>\n<p data-start=\"434\" data-end=\"482\">\ud83e\uddea Bruker f\u00f8rsteklasses, ikke-skadelige poleringsmidler<\/p>\n<p data-start=\"485\" data-end=\"529\">\ud83d\udca8 Rask og enkel p\u00e5f\u00f8ring &#8211; ingen verkt\u00f8y kreves<\/p>\n<p data-start=\"485\" data-end=\"529\"><img decoding=\"async\" class=\"size-full wp-image-25262 aligncenter\" src=\"https:\/\/keluvo.com\/template\/wp-content\/uploads\/sites\/5\/2025\/06\/db8bd0f72b2a77060f0538c2b8962d74d3bbf7a9.gif\" alt=\"\" \/><\/p>\n<h2 style=\"text-align: center\" data-start=\"536\" data-end=\"558\">Slik Bruker Du Den \ud83e\uddf4<\/h2>\n<ol data-start=\"559\" data-end=\"749\">\n<li data-start=\"559\" data-end=\"596\">\n<p data-start=\"562\" data-end=\"596\">Rengj\u00f8r og t\u00f8rk det ripete omr\u00e5det<\/p>\n<\/li>\n<li data-start=\"597\" data-end=\"666\">\n<p data-start=\"600\" data-end=\"666\">P\u00e5f\u00f8r en liten mengde restorer p\u00e5 en svamp eller mikrofiberklut<\/p>\n<\/li>\n<li data-start=\"667\" data-end=\"703\">\n<p data-start=\"670\" data-end=\"703\">Gni forsiktig i sirkelbevegelser<\/p>\n<\/li>\n<li data-start=\"704\" data-end=\"749\">\n<p data-start=\"707\" data-end=\"749\">T\u00f8rk av med det medf\u00f8lgende h\u00e5ndkleet &#8211; ferdig!<\/p>\n<\/li>\n<\/ol>\n<h2 style=\"text-align: center\" data-start=\"756\" data-end=\"780\">Pakken Inneholder \ud83d\udce6<\/h2>\n<ul data-start=\"781\" data-end=\"895\">\n<li data-start=\"781\" data-end=\"816\">\n<p data-start=\"783\" data-end=\"816\">1, 3, 5x universal bil lakkrestaurering (30 g)<\/p>\n<\/li>\n<li data-start=\"817\" data-end=\"843\">\n<p data-start=\"819\" data-end=\"843\">1 svamp med h\u00f8y tetthet<\/p>\n<\/li>\n<li data-start=\"844\" data-end=\"866\">\n<p data-start=\"846\" data-end=\"866\">1 mikrofiberklut<\/p>\n<\/li>\n<li data-start=\"867\" data-end=\"895\">\n<p data-start=\"869\" data-end=\"895\">1 vannabsorberende klut.<\/p>\n<\/li>\n<\/ul>\n","protected":false},"excerpt":{"rendered":"<p>Slett Riper P\u00e5 Sekunder \ud83e\uddfd\u2728F\u00e5 tilbake bilens glans og si farvel til stygge riper &#8211; med bare noen f\u00e5 kluter. [&hellip;]<\/p>\n","protected":false},"featured_media":28374,"comment_status":"open","ping_status":"closed","template":"","meta":{"site-sidebar-layout":"default","site-content-layout":"","ast-site-content-layout":"default","site-content-style":"default","site-sidebar-style":"default","ast-global-header-display":"","ast-banner-title-visibility":"","ast-main-header-display":"","ast-hfb-above-header-display":"","ast-hfb-below-header-display":"","ast-hfb-mobile-header-display":"","site-post-title":"","ast-breadcrumbs-content":"","ast-featured-img":"","footer-sml-layout":"","theme-transparent-header-meta":"default","adv-header-id-meta":"","stick-header-meta":"","header-above-stick-meta":"","header-main-stick-meta":"","header-below-stick-meta":"","astra-migrate-meta-layouts":"set","ast-page-background-enabled":"default","ast-page-background-meta":{"desktop":{"background-color":"var(--ast-global-color-4)","background-image":"","background-repeat":"repeat","background-position":"center center","background-size":"auto","background-attachment":"scroll","background-type":"","background-media":"","overlay-type":"","overlay-color":"","overlay-opacity":"","overlay-gradient":""},"tablet":{"background-color":"","background-image":"","background-repeat":"repeat","background-position":"center center","background-size":"auto","background-attachment":"scroll","background-type":"","background-media":"","overlay-type":"","overlay-color":"","overlay-opacity":"","overlay-gradient":""},"mobile":{"background-color":"","background-image":"","background-repeat":"repeat","background-position":"center center","background-size":"auto","background-attachment":"scroll","background-type":"","background-media":"","overlay-type":"","overlay-color":"","overlay-opacity":"","overlay-gradient":""}},"ast-content-background-meta":{"desktop":{"background-color":"var(--ast-global-color-5)","background-image":"","background-repeat":"repeat","background-position":"center center","background-size":"auto","background-attachment":"scroll","background-type":"","background-media":"","overlay-type":"","overlay-color":"","overlay-opacity":"","overlay-gradient":""},"tablet":{"background-color":"var(--ast-global-color-5)","background-image":"","background-repeat":"repeat","background-position":"center center","background-size":"auto","background-attachment":"scroll","background-type":"","background-media":"","overlay-type":"","overlay-color":"","overlay-opacity":"","overlay-gradient":""},"mobile":{"background-color":"var(--ast-global-color-5)","background-image":"","background-repeat":"repeat","background-position":"center center","background-size":"auto","background-attachment":"scroll","background-type":"","background-media":"","overlay-type":"","overlay-color":"","overlay-opacity":"","overlay-gradient":""}}},"product_brand":[],"product_cat":[998],"product_tag":[],"class_list":{"0":"post-28378","1":"product","2":"type-product","3":"status-publish","4":"has-post-thumbnail","6":"product_cat-bilprodukter","7":"pa_48228_n1de838n-1-stk","8":"pa_48228_n1de838n-3-stk","9":"pa_48228_n1de838n-5-stk","10":"desktop-align-left","11":"tablet-align-left","12":"mobile-align-left","14":"first","15":"instock","16":"shipping-taxable","17":"purchasable","18":"product-type-variable"},"_links":{"self":[{"href":"https:\/\/keluvo.com\/no\/wp-json\/wp\/v2\/product\/28378","targetHints":{"allow":["GET"]}}],"collection":[{"href":"https:\/\/keluvo.com\/no\/wp-json\/wp\/v2\/product"}],"about":[{"href":"https:\/\/keluvo.com\/no\/wp-json\/wp\/v2\/types\/product"}],"replies":[{"embeddable":true,"href":"https:\/\/keluvo.com\/no\/wp-json\/wp\/v2\/comments?post=28378"}],"wp:featuredmedia":[{"embeddable":true,"href":"https:\/\/keluvo.com\/no\/wp-json\/wp\/v2\/media\/28374"}],"wp:attachment":[{"href":"https:\/\/keluvo.com\/no\/wp-json\/wp\/v2\/media?parent=28378"}],"wp:term":[{"taxonomy":"product_brand","embeddable":true,"href":"https:\/\/keluvo.com\/no\/wp-json\/wp\/v2\/product_brand?post=28378"},{"taxonomy":"product_cat","embeddable":true,"href":"https:\/\/keluvo.com\/no\/wp-json\/wp\/v2\/product_cat?post=28378"},{"taxonomy":"product_tag","embeddable":true,"href":"https:\/\/keluvo.com\/no\/wp-json\/wp\/v2\/product_tag?post=28378"}],"curies":[{"name":"wp","href":"https:\/\/api.w.org\/{rel}","templated":true}]}}