{"id":28240,"date":"2025-06-26T10:22:07","date_gmt":"2025-06-26T08:22:07","guid":{"rendered":"https:\/\/keluvo.com\/no\/produkt\/panneband-2\/"},"modified":"2025-07-11T18:18:39","modified_gmt":"2025-07-11T16:18:39","slug":"panneband-2","status":"publish","type":"product","link":"https:\/\/keluvo.com\/no\/produkt\/panneband-2\/","title":{"rendered":"Panneb\u00e5nd"},"content":{"rendered":"<p style=\"text-align: center;\" data-start=\"141\" data-end=\"194\"><strong>Legg til et snev av eleganse p\u00e5 sekunder!<\/strong><\/p>\n<p style=\"text-align: center;\" data-start=\"196\" data-end=\"425\">Dette vakre blomsterpanneb\u00e5ndet er det perfekte tilbeh\u00f8ret til bryllup, fest, fotoshoots eller spesielle anledninger. Det er laget av delikate kunstperler og fleksibel st\u00e5ltr\u00e5d, og gir glitter og sjarm til jenter og kvinner i alle aldre. Det er lett \u00e5 feste med et b\u00e5nd eller en h\u00e5rn\u00e5l, og er lett, justerbart og komfortabelt &#8211; gir uanstrengt eleganse til enhver frisyre.<\/p>\n<p data-start=\"196\" data-end=\"425\"><img decoding=\"async\" class=\"size-full wp-image-25162 aligncenter\" src=\"https:\/\/keluvo.com\/template\/wp-content\/uploads\/sites\/5\/2025\/06\/b6e0791f3103560617befee819290ed.webp\" alt=\"\" \/><\/p>\n<h2 style=\"text-align: center;\" data-start=\"565\" data-end=\"587\">\ud83c\udf1f Hovedfordeler<\/h2>\n<p data-start=\"590\" data-end=\"666\">\ud83d\udc90 <strong data-start=\"593\" data-end=\"618\">Elegant blomsterdesign <\/strong>\u2013 gir sjarm til ethvert formelt eller festlig antrekk.<\/p>\n<p data-start=\"669\" data-end=\"732\">\u2728 <strong data-start=\"671\" data-end=\"697\">Glitrende perledetaljer <\/strong>\u2013 glitrer vakkert i lyset.<\/p>\n<p data-start=\"735\" data-end=\"794\">\ud83e\uddf7 <strong data-start=\"738\" data-end=\"754\">Lett \u00e5 feste <\/strong>\u00a0\u2013 festes med b\u00e5nd eller h\u00e5rn\u00e5l.<\/p>\n<p data-start=\"797\" data-end=\"855\">\ud83d\udd04 <strong data-start=\"800\" data-end=\"819\">Justerbar st\u00f8rrelse \u2013 <\/strong>passer \u00a0barn og voksne (fra 3 \u00e5r og oppover).<\/p>\n<p data-start=\"858\" data-end=\"944\">\ud83c\udf80 <strong data-start=\"861\" data-end=\"890\">Perfekt til alle anledninger \u2013 <\/strong>perfekt \u00a0til bryllup, fest, bursdager og bilder.<\/p>\n<p data-start=\"858\" data-end=\"944\"><img decoding=\"async\" class=\"size-full wp-image-25161 aligncenter\" src=\"https:\/\/keluvo.com\/template\/wp-content\/uploads\/sites\/5\/2025\/06\/226bfa887525e8693f6fac1437c3cb8a.webp\" alt=\"\" \/><\/p>\n<h2 style=\"text-align: center;\" data-start=\"951\" data-end=\"970\">\ud83d\udd27 Slik bruker du det<\/h2>\n<ol data-start=\"971\" data-end=\"1194\">\n<li data-start=\"971\" data-end=\"1038\">\n<p data-start=\"974\" data-end=\"1038\">Plasser panneb\u00e5ndet forsiktig langs kronen eller siden av hodet.<\/p>\n<\/li>\n<li data-start=\"1039\" data-end=\"1093\">\n<p data-start=\"1042\" data-end=\"1093\">Bruk et b\u00e5nd eller h\u00e5rn\u00e5ler for \u00e5 feste det p\u00e5 plass.<\/p>\n<\/li>\n<li data-start=\"1094\" data-end=\"1139\">\n<p data-start=\"1097\" data-end=\"1139\">Juster formen og posisjonen etter behov.<\/p>\n<\/li>\n<li data-start=\"1140\" data-end=\"1194\">\n<p data-start=\"1143\" data-end=\"1194\">Style med kjoler eller kostymer for en fantastisk look.<\/p>\n<\/li>\n<\/ol>\n<h2 style=\"text-align: center;\" data-start=\"1201\" data-end=\"1225\">\ud83d\udccf Produktdetaljer<\/h2>\n<ul data-start=\"1226\" data-end=\"1497\">\n<li data-start=\"1226\" data-end=\"1255\">\n<p data-start=\"1228\" data-end=\"1255\"><strong data-start=\"1228\" data-end=\"1239\">Lengde:<\/strong> Ca. 37 cm<\/p>\n<\/li>\n<li data-start=\"1256\" data-end=\"1363\">\n<p data-start=\"1258\" data-end=\"1281\"><strong data-start=\"1258\" data-end=\"1279\">Materiale: <\/strong><span style=\"font-size: 16px;\">Kunstig perle + legering + kobbertr\u00e5d<\/span><\/p>\n<\/li>\n<li data-start=\"1364\" data-end=\"1427\">\n<p data-start=\"1366\" data-end=\"1427\"><strong data-start=\"1366\" data-end=\"1374\">Passform:<\/strong> Justerbar \u2013 passer for 3+ \u00e5r, inkludert voksne<\/p>\n<\/li>\n<li data-start=\"1428\" data-end=\"1497\">\n<p data-start=\"1430\" data-end=\"1497\"><strong data-start=\"1430\" data-end=\"1442\">Kan brukes til:<\/strong> Spesielle arrangementer, utkledning, scene, bursdager, bryllup<\/p>\n<\/li>\n<\/ul>\n<h2 style=\"text-align: center;\" data-start=\"1504\" data-end=\"1529\">\ud83d\udce6 Pakken inneholder<\/h2>\n<ul data-start=\"1530\" data-end=\"1571\">\n<li data-start=\"1530\" data-end=\"1571\">\n<p data-start=\"1532\" data-end=\"1571\">1 eller 2 panneb\u00e5nd<\/p>\n<\/li>\n<\/ul>\n","protected":false},"excerpt":{"rendered":"<p>Legg til et snev av eleganse p\u00e5 sekunder! Dette vakre blomsterpanneb\u00e5ndet er det perfekte tilbeh\u00f8ret til bryllup, fest, fotoshoots eller [&hellip;]<\/p>\n","protected":false},"featured_media":28236,"comment_status":"open","ping_status":"closed","template":"","meta":{"site-sidebar-layout":"default","site-content-layout":"","ast-site-content-layout":"default","site-content-style":"default","site-sidebar-style":"default","ast-global-header-display":"","ast-banner-title-visibility":"","ast-main-header-display":"","ast-hfb-above-header-display":"","ast-hfb-below-header-display":"","ast-hfb-mobile-header-display":"","site-post-title":"","ast-breadcrumbs-content":"","ast-featured-img":"","footer-sml-layout":"","theme-transparent-header-meta":"default","adv-header-id-meta":"","stick-header-meta":"","header-above-stick-meta":"","header-main-stick-meta":"","header-below-stick-meta":"","astra-migrate-meta-layouts":"set","ast-page-background-enabled":"default","ast-page-background-meta":{"desktop":{"background-color":"var(--ast-global-color-4)","background-image":"","background-repeat":"repeat","background-position":"center center","background-size":"auto","background-attachment":"scroll","background-type":"","background-media":"","overlay-type":"","overlay-color":"","overlay-opacity":"","overlay-gradient":""},"tablet":{"background-color":"","background-image":"","background-repeat":"repeat","background-position":"center center","background-size":"auto","background-attachment":"scroll","background-type":"","background-media":"","overlay-type":"","overlay-color":"","overlay-opacity":"","overlay-gradient":""},"mobile":{"background-color":"","background-image":"","background-repeat":"repeat","background-position":"center center","background-size":"auto","background-attachment":"scroll","background-type":"","background-media":"","overlay-type":"","overlay-color":"","overlay-opacity":"","overlay-gradient":""}},"ast-content-background-meta":{"desktop":{"background-color":"var(--ast-global-color-5)","background-image":"","background-repeat":"repeat","background-position":"center center","background-size":"auto","background-attachment":"scroll","background-type":"","background-media":"","overlay-type":"","overlay-color":"","overlay-opacity":"","overlay-gradient":""},"tablet":{"background-color":"var(--ast-global-color-5)","background-image":"","background-repeat":"repeat","background-position":"center center","background-size":"auto","background-attachment":"scroll","background-type":"","background-media":"","overlay-type":"","overlay-color":"","overlay-opacity":"","overlay-gradient":""},"mobile":{"background-color":"var(--ast-global-color-5)","background-image":"","background-repeat":"repeat","background-position":"center center","background-size":"auto","background-attachment":"scroll","background-type":"","background-media":"","overlay-type":"","overlay-color":"","overlay-opacity":"","overlay-gradient":""}}},"product_brand":[],"product_cat":[990],"product_tag":[],"class_list":{"0":"post-28240","1":"product","2":"type-product","3":"status-publish","4":"has-post-thumbnail","6":"product_cat-leker-barne-og-babyprodukter","7":"pa_41603_9h365gi8-1-stk","8":"pa_41603_9h365gi8-2-stk","9":"desktop-align-left","10":"tablet-align-left","11":"mobile-align-left","13":"first","14":"instock","15":"shipping-taxable","16":"purchasable","17":"product-type-variable"},"_links":{"self":[{"href":"https:\/\/keluvo.com\/no\/wp-json\/wp\/v2\/product\/28240","targetHints":{"allow":["GET"]}}],"collection":[{"href":"https:\/\/keluvo.com\/no\/wp-json\/wp\/v2\/product"}],"about":[{"href":"https:\/\/keluvo.com\/no\/wp-json\/wp\/v2\/types\/product"}],"replies":[{"embeddable":true,"href":"https:\/\/keluvo.com\/no\/wp-json\/wp\/v2\/comments?post=28240"}],"wp:featuredmedia":[{"embeddable":true,"href":"https:\/\/keluvo.com\/no\/wp-json\/wp\/v2\/media\/28236"}],"wp:attachment":[{"href":"https:\/\/keluvo.com\/no\/wp-json\/wp\/v2\/media?parent=28240"}],"wp:term":[{"taxonomy":"product_brand","embeddable":true,"href":"https:\/\/keluvo.com\/no\/wp-json\/wp\/v2\/product_brand?post=28240"},{"taxonomy":"product_cat","embeddable":true,"href":"https:\/\/keluvo.com\/no\/wp-json\/wp\/v2\/product_cat?post=28240"},{"taxonomy":"product_tag","embeddable":true,"href":"https:\/\/keluvo.com\/no\/wp-json\/wp\/v2\/product_tag?post=28240"}],"curies":[{"name":"wp","href":"https:\/\/api.w.org\/{rel}","templated":true}]}}