{"id":28172,"date":"2025-06-25T19:33:01","date_gmt":"2025-06-25T17:33:01","guid":{"rendered":"https:\/\/keluvo.com\/no\/produkt\/bordlampe-2\/"},"modified":"2025-06-25T19:38:10","modified_gmt":"2025-06-25T17:38:10","slug":"bordlampe-2","status":"publish","type":"product","link":"https:\/\/keluvo.com\/no\/produkt\/bordlampe-2\/","title":{"rendered":"Bordlampe"},"content":{"rendered":"<p style=\"text-align: center;\" data-start=\"129\" data-end=\"404\"><strong data-start=\"129\" data-end=\"191\">Skap Stemning Med Elegant Belysning &#8211; Hvor Som Helst, N\u00e5r Som Helst! \ud83c\udf77\ud83d\udca1<\/strong><br data-start=\"191\" data-end=\"194\" \/>Denne tr\u00e5dl\u00f8se restaurantbordlampen tilf\u00f8rer et snev av raffinement til ethvert rom. Det myke, omgivende lyset skaper den perfekte stemningen for romantiske middager, koselige kafeer, eksklusive barer eller til og med din egen spisestue.<\/p>\n<p data-start=\"129\" data-end=\"404\"><img decoding=\"async\" class=\"size-full wp-image-25106 aligncenter\" src=\"https:\/\/keluvo.com\/template\/wp-content\/uploads\/sites\/5\/2025\/06\/qq1_480x480.webp\" alt=\"\" \/><\/p>\n<h2 style=\"text-align: center;\" data-start=\"411\" data-end=\"432\">Hovedfordeler \u2728<\/h2>\n<p data-start=\"435\" data-end=\"486\">\ud83d\udca1 Mykt, varmt lys perfekt for intime omgivelser<\/p>\n<p data-start=\"489\" data-end=\"550\">\ud83d\udd0b Tr\u00e5dl\u00f8s med langvarig batteritid p\u00e5 opptil 10 timer use<\/p>\n<p data-start=\"553\" data-end=\"598\">\ud83c\udf9b\ufe0f Ber\u00f8ringskontroll for justering av lysstyrke<\/p>\n<p data-start=\"601\" data-end=\"639\">\ud83e\uddf3 B\u00e6rbar og oppladbar via USB<\/p>\n<p data-start=\"642\" data-end=\"684\">\ud83c\udfc6 Elegant, moderne design som passer til enhver innredning<\/p>\n<p data-start=\"642\" data-end=\"684\"><img decoding=\"async\" class=\"size-full wp-image-25107 aligncenter\" src=\"https:\/\/keluvo.com\/template\/wp-content\/uploads\/sites\/5\/2025\/06\/s-l1200_480x480.webp\" alt=\"\" \/><\/p>\n<h2 style=\"text-align: center;\" data-start=\"691\" data-end=\"710\">Slik Bruker Du Den \ud83d\udc47<\/h2>\n<ol data-start=\"711\" data-end=\"855\">\n<li data-start=\"711\" data-end=\"751\">\n<p data-start=\"714\" data-end=\"751\">Lader opp lampen med USB-kabelen<\/p>\n<\/li>\n<li data-start=\"752\" data-end=\"801\">\n<p data-start=\"755\" data-end=\"801\">Trykk p\u00e5 toppen for \u00e5 sl\u00e5 den p\u00e5 og justere lysstyrken<\/p>\n<\/li>\n<li data-start=\"802\" data-end=\"855\">\n<p data-start=\"805\" data-end=\"855\">Plasser den p\u00e5 bordet og nyt den varme stemningen<\/p>\n<\/li>\n<\/ol>\n<h2 style=\"text-align: center;\" data-start=\"862\" data-end=\"886\">Produktdetaljer \ud83d\udccb<\/h2>\n<ul data-start=\"887\" data-end=\"1098\">\n<li data-start=\"887\" data-end=\"915\">\n<p data-start=\"889\" data-end=\"915\"><strong>Materiale<\/strong>: Aluminiumslegering<\/p>\n<\/li>\n<li data-start=\"916\" data-end=\"936\">\n<p data-start=\"918\" data-end=\"936\"><strong>St\u00f8rrelse<\/strong>: 10 x 38 cm<\/p>\n<\/li>\n<li data-start=\"937\" data-end=\"974\">\n<p data-start=\"939\" data-end=\"974\"><strong>Batteri<\/strong>: 1800 mAh (opptil 10 timer)<\/p>\n<\/li>\n<li data-start=\"975\" data-end=\"1002\">\n<p data-start=\"977\" data-end=\"1002\"><strong>Lysfarge<\/strong>: Varmhvit<\/p>\n<\/li>\n<li data-start=\"1003\" data-end=\"1037\">\n<p data-start=\"1005\" data-end=\"1037\"><strong>Lading<\/strong>: USB (kabel inkludert)<\/p>\n<\/li>\n<\/ul>\n<h2 style=\"text-align: center;\" data-start=\"1105\" data-end=\"1130\">Pakken Inkluderer \ud83d\udce6<\/h2>\n<ul data-start=\"1131\" data-end=\"1200\">\n<li data-start=\"1131\" data-end=\"1157\">\n<p data-start=\"1133\" data-end=\"1157\">1x tr\u00e5dl\u00f8s bordlampe<\/p>\n<\/li>\n<li data-start=\"1158\" data-end=\"1183\">\n<p data-start=\"1160\" data-end=\"1183\">1x USB-ladekabel<\/p>\n<\/li>\n<li data-start=\"1184\" data-end=\"1200\">\n<p data-start=\"1186\" data-end=\"1200\">1x brukerh\u00e5ndbok.<\/p>\n<\/li>\n<\/ul>\n","protected":false},"excerpt":{"rendered":"<p>Skap Stemning Med Elegant Belysning &#8211; Hvor Som Helst, N\u00e5r Som Helst! \ud83c\udf77\ud83d\udca1Denne tr\u00e5dl\u00f8se restaurantbordlampen tilf\u00f8rer et snev av raffinement [&hellip;]<\/p>\n","protected":false},"featured_media":28168,"comment_status":"open","ping_status":"closed","template":"","meta":{"site-sidebar-layout":"default","site-content-layout":"","ast-site-content-layout":"default","site-content-style":"default","site-sidebar-style":"default","ast-global-header-display":"","ast-banner-title-visibility":"","ast-main-header-display":"","ast-hfb-above-header-display":"","ast-hfb-below-header-display":"","ast-hfb-mobile-header-display":"","site-post-title":"","ast-breadcrumbs-content":"","ast-featured-img":"","footer-sml-layout":"","theme-transparent-header-meta":"default","adv-header-id-meta":"","stick-header-meta":"","header-above-stick-meta":"","header-main-stick-meta":"","header-below-stick-meta":"","astra-migrate-meta-layouts":"set","ast-page-background-enabled":"default","ast-page-background-meta":{"desktop":{"background-color":"var(--ast-global-color-4)","background-image":"","background-repeat":"repeat","background-position":"center center","background-size":"auto","background-attachment":"scroll","background-type":"","background-media":"","overlay-type":"","overlay-color":"","overlay-opacity":"","overlay-gradient":""},"tablet":{"background-color":"","background-image":"","background-repeat":"repeat","background-position":"center center","background-size":"auto","background-attachment":"scroll","background-type":"","background-media":"","overlay-type":"","overlay-color":"","overlay-opacity":"","overlay-gradient":""},"mobile":{"background-color":"","background-image":"","background-repeat":"repeat","background-position":"center center","background-size":"auto","background-attachment":"scroll","background-type":"","background-media":"","overlay-type":"","overlay-color":"","overlay-opacity":"","overlay-gradient":""}},"ast-content-background-meta":{"desktop":{"background-color":"var(--ast-global-color-5)","background-image":"","background-repeat":"repeat","background-position":"center center","background-size":"auto","background-attachment":"scroll","background-type":"","background-media":"","overlay-type":"","overlay-color":"","overlay-opacity":"","overlay-gradient":""},"tablet":{"background-color":"var(--ast-global-color-5)","background-image":"","background-repeat":"repeat","background-position":"center center","background-size":"auto","background-attachment":"scroll","background-type":"","background-media":"","overlay-type":"","overlay-color":"","overlay-opacity":"","overlay-gradient":""},"mobile":{"background-color":"var(--ast-global-color-5)","background-image":"","background-repeat":"repeat","background-position":"center center","background-size":"auto","background-attachment":"scroll","background-type":"","background-media":"","overlay-type":"","overlay-color":"","overlay-opacity":"","overlay-gradient":""}}},"product_brand":[],"product_cat":[1001,993],"product_tag":[],"class_list":{"0":"post-28172","1":"product","2":"type-product","3":"status-publish","4":"has-post-thumbnail","6":"product_cat-husholdningsartikler","7":"product_cat-skotoy-tilbehor","8":"pa_31391_2t1i9kgd-bronse","9":"pa_31391_2t1i9kgd-gull","10":"pa_31391_2t1i9kgd-solv","11":"pa_31391_2t1i9kgd-svart","12":"pa_31391_orqawj13-konus","13":"pa_31391_orqawj13-kuppel","14":"pa_31391_orqawj13-stralende","15":"pa_31391_orqawj13-sylinder","16":"desktop-align-left","17":"tablet-align-left","18":"mobile-align-left","20":"first","21":"instock","22":"shipping-taxable","23":"purchasable","24":"product-type-variable","25":"has-default-attributes"},"_links":{"self":[{"href":"https:\/\/keluvo.com\/no\/wp-json\/wp\/v2\/product\/28172","targetHints":{"allow":["GET"]}}],"collection":[{"href":"https:\/\/keluvo.com\/no\/wp-json\/wp\/v2\/product"}],"about":[{"href":"https:\/\/keluvo.com\/no\/wp-json\/wp\/v2\/types\/product"}],"replies":[{"embeddable":true,"href":"https:\/\/keluvo.com\/no\/wp-json\/wp\/v2\/comments?post=28172"}],"wp:featuredmedia":[{"embeddable":true,"href":"https:\/\/keluvo.com\/no\/wp-json\/wp\/v2\/media\/28168"}],"wp:attachment":[{"href":"https:\/\/keluvo.com\/no\/wp-json\/wp\/v2\/media?parent=28172"}],"wp:term":[{"taxonomy":"product_brand","embeddable":true,"href":"https:\/\/keluvo.com\/no\/wp-json\/wp\/v2\/product_brand?post=28172"},{"taxonomy":"product_cat","embeddable":true,"href":"https:\/\/keluvo.com\/no\/wp-json\/wp\/v2\/product_cat?post=28172"},{"taxonomy":"product_tag","embeddable":true,"href":"https:\/\/keluvo.com\/no\/wp-json\/wp\/v2\/product_tag?post=28172"}],"curies":[{"name":"wp","href":"https:\/\/api.w.org\/{rel}","templated":true}]}}