{"id":28159,"date":"2025-06-25T19:32:00","date_gmt":"2025-06-25T17:32:00","guid":{"rendered":"https:\/\/keluvo.com\/no\/produkt\/stovsuger-for-bil\/"},"modified":"2025-06-25T19:37:08","modified_gmt":"2025-06-25T17:37:08","slug":"stovsuger-for-bil","status":"publish","type":"product","link":"https:\/\/keluvo.com\/no\/produkt\/stovsuger-for-bil\/","title":{"rendered":"St\u00f8vsuger for bil"},"content":{"rendered":"<p style=\"text-align: center;\" data-start=\"156\" data-end=\"460\"><strong data-start=\"156\" data-end=\"218\">Det Kompakte Rengj\u00f8ringsmonsteret Bilen (Og Hjemmet) Trenger! \ud83d\ude97\ud83d\udca8<\/strong><br data-start=\"218\" data-end=\"221\" \/>Denne batteridrevne st\u00f8vsugeren gir deg profesjonell kraft i h\u00e5ndflaten. Med et oppladbart batteri p\u00e5 6000 mAh og flere munnstykker er den perfekt for rengj\u00f8ring av st\u00f8v, smuler og dyreh\u00e5r fra trange hj\u00f8rner, bilseter, tastaturer og mye mer.<\/p>\n<p data-start=\"156\" data-end=\"460\"><img fetchpriority=\"high\" decoding=\"async\" class=\" wp-image-25091 aligncenter\" src=\"https:\/\/keluvo.com\/template\/wp-content\/uploads\/sites\/5\/2025\/06\/3.webp\" alt=\"\" width=\"408\" height=\"408\" \/><\/p>\n<h2 style=\"text-align: center;\" data-start=\"467\" data-end=\"488\">Hovedfordeler \u26a1<\/h2>\n<p data-start=\"491\" data-end=\"536\">\ud83d\udca8 Sterk sugekraft med avansert motor<\/p>\n<p data-start=\"539\" data-end=\"597\">\ud83d\udd0b Langvarig 6000 mAh batteri med USB-C hurtiglading<\/p>\n<p data-start=\"600\" data-end=\"655\">\ud83c\udf00 Flere dyser for alle overflater og trange rom<\/p>\n<p data-start=\"658\" data-end=\"717\">\ud83e\uddfc Vaskbart, gjenbrukbart filter &#8211; milj\u00f8vennlig og kostnadsbesparende<\/p>\n<p data-start=\"720\" data-end=\"780\">\ud83e\uddf3 Lett og b\u00e6rbar &#8211; perfekt for hjemmet, bilen eller kontoret<\/p>\n<p data-start=\"783\" data-end=\"830\">\ud83d\ude98 Tesla-lignende motorteknologi for maksimal effektivitet<\/p>\n<p><img decoding=\"async\" class=\" wp-image-25090 aligncenter\" src=\"https:\/\/keluvo.com\/template\/wp-content\/uploads\/sites\/5\/2025\/06\/6-1.webp\" alt=\"\" width=\"354\" height=\"354\" \/><\/p>\n<h2 style=\"text-align: center;\" data-start=\"837\" data-end=\"856\">Slik Bruker Du Den \ud83d\udc47<\/h2>\n<ol data-start=\"857\" data-end=\"1014\">\n<li data-start=\"857\" data-end=\"884\">\n<p data-start=\"860\" data-end=\"884\">Lades helt opp via USB-C<\/p>\n<\/li>\n<li data-start=\"885\" data-end=\"911\">\n<p data-start=\"888\" data-end=\"911\">Feste \u00f8nsket munnstykke<\/p>\n<\/li>\n<li data-start=\"912\" data-end=\"974\">\n<p data-start=\"915\" data-end=\"974\">Sl\u00e5 p\u00e5 og rydd opp hvor som helst &#8211; ingen ledninger, ingen begrensninger!<\/p>\n<\/li>\n<li data-start=\"975\" data-end=\"1014\">\n<p data-start=\"978\" data-end=\"1014\">Skyll filteret n\u00e5r du er ferdig og bruk det p\u00e5 nytt<\/p>\n<\/li>\n<\/ol>\n<h2 style=\"text-align: center;\" data-start=\"1021\" data-end=\"1045\">Produktdetaljer \ud83d\udccb<\/h2>\n<ul data-start=\"1046\" data-end=\"1202\">\n<li data-start=\"1046\" data-end=\"1071\">\n<p data-start=\"1048\" data-end=\"1071\"><strong>Spenning<\/strong>: DC 12V<\/p>\n<\/li>\n<li data-start=\"1072\" data-end=\"1087\">\n<p data-start=\"1074\" data-end=\"1087\"><strong>Effekt<\/strong>: 120W<\/p>\n<\/li>\n<li data-start=\"1088\" data-end=\"1107\">\n<p data-start=\"1090\" data-end=\"1107\"><strong>Lading<\/strong>: USB-C<\/p>\n<\/li>\n<li data-start=\"1158\" data-end=\"1178\">\n<p data-start=\"1160\" data-end=\"1178\"><strong>St\u00f8rrelse<\/strong>: 165 \u00d7 65mm<\/p>\n<\/li>\n<li data-start=\"1179\" data-end=\"1202\">\n<p data-start=\"1181\" data-end=\"1202\"><strong>Materiale<\/strong>: ABS-plast<\/p>\n<\/li>\n<\/ul>\n<h2 style=\"text-align: center;\" data-start=\"1209\" data-end=\"1234\">Pakken Inkluderer \ud83d\udce6<\/h2>\n<ul data-start=\"1235\" data-end=\"1336\">\n<li data-start=\"1235\" data-end=\"1265\">\n<p data-start=\"1237\" data-end=\"1265\">1x bilst\u00f8vsuger<\/p>\n<\/li>\n<li data-start=\"1266\" data-end=\"1289\">\n<p data-start=\"1268\" data-end=\"1289\">3x rengj\u00f8ringsmunnstykker<\/p>\n<\/li>\n<li data-start=\"1290\" data-end=\"1315\">\n<p data-start=\"1292\" data-end=\"1315\">1x USB-ladekabel<\/p>\n<\/li>\n<li data-start=\"1316\" data-end=\"1336\">\n<p data-start=\"1318\" data-end=\"1336\">1x vaskbart filter.<\/p>\n<\/li>\n<\/ul>\n","protected":false},"excerpt":{"rendered":"<p>Det Kompakte Rengj\u00f8ringsmonsteret Bilen (Og Hjemmet) Trenger! \ud83d\ude97\ud83d\udca8Denne batteridrevne st\u00f8vsugeren gir deg profesjonell kraft i h\u00e5ndflaten. Med et oppladbart batteri [&hellip;]<\/p>\n","protected":false},"featured_media":28155,"comment_status":"open","ping_status":"closed","template":"","meta":{"site-sidebar-layout":"default","site-content-layout":"","ast-site-content-layout":"default","site-content-style":"default","site-sidebar-style":"default","ast-global-header-display":"","ast-banner-title-visibility":"","ast-main-header-display":"","ast-hfb-above-header-display":"","ast-hfb-below-header-display":"","ast-hfb-mobile-header-display":"","site-post-title":"","ast-breadcrumbs-content":"","ast-featured-img":"","footer-sml-layout":"","theme-transparent-header-meta":"default","adv-header-id-meta":"","stick-header-meta":"","header-above-stick-meta":"","header-main-stick-meta":"","header-below-stick-meta":"","astra-migrate-meta-layouts":"set","ast-page-background-enabled":"default","ast-page-background-meta":{"desktop":{"background-color":"var(--ast-global-color-4)","background-image":"","background-repeat":"repeat","background-position":"center center","background-size":"auto","background-attachment":"scroll","background-type":"","background-media":"","overlay-type":"","overlay-color":"","overlay-opacity":"","overlay-gradient":""},"tablet":{"background-color":"","background-image":"","background-repeat":"repeat","background-position":"center center","background-size":"auto","background-attachment":"scroll","background-type":"","background-media":"","overlay-type":"","overlay-color":"","overlay-opacity":"","overlay-gradient":""},"mobile":{"background-color":"","background-image":"","background-repeat":"repeat","background-position":"center center","background-size":"auto","background-attachment":"scroll","background-type":"","background-media":"","overlay-type":"","overlay-color":"","overlay-opacity":"","overlay-gradient":""}},"ast-content-background-meta":{"desktop":{"background-color":"var(--ast-global-color-5)","background-image":"","background-repeat":"repeat","background-position":"center center","background-size":"auto","background-attachment":"scroll","background-type":"","background-media":"","overlay-type":"","overlay-color":"","overlay-opacity":"","overlay-gradient":""},"tablet":{"background-color":"var(--ast-global-color-5)","background-image":"","background-repeat":"repeat","background-position":"center center","background-size":"auto","background-attachment":"scroll","background-type":"","background-media":"","overlay-type":"","overlay-color":"","overlay-opacity":"","overlay-gradient":""},"mobile":{"background-color":"var(--ast-global-color-5)","background-image":"","background-repeat":"repeat","background-position":"center center","background-size":"auto","background-attachment":"scroll","background-type":"","background-media":"","overlay-type":"","overlay-color":"","overlay-opacity":"","overlay-gradient":""}}},"product_brand":[],"product_cat":[1001],"product_tag":[],"class_list":{"0":"post-28159","1":"product","2":"type-product","3":"status-publish","4":"has-post-thumbnail","6":"product_cat-husholdningsartikler","7":"pa_32149_pmgktxo6-grahvit","8":"pa_32149_pmgktxo6-morkegronn","9":"pa_32149_pmgktxo6-rosa","10":"pa_32149_pmgktxo6-svart","11":"desktop-align-left","12":"tablet-align-left","13":"mobile-align-left","15":"first","16":"instock","17":"shipping-taxable","18":"purchasable","19":"product-type-variable"},"_links":{"self":[{"href":"https:\/\/keluvo.com\/no\/wp-json\/wp\/v2\/product\/28159","targetHints":{"allow":["GET"]}}],"collection":[{"href":"https:\/\/keluvo.com\/no\/wp-json\/wp\/v2\/product"}],"about":[{"href":"https:\/\/keluvo.com\/no\/wp-json\/wp\/v2\/types\/product"}],"replies":[{"embeddable":true,"href":"https:\/\/keluvo.com\/no\/wp-json\/wp\/v2\/comments?post=28159"}],"wp:featuredmedia":[{"embeddable":true,"href":"https:\/\/keluvo.com\/no\/wp-json\/wp\/v2\/media\/28155"}],"wp:attachment":[{"href":"https:\/\/keluvo.com\/no\/wp-json\/wp\/v2\/media?parent=28159"}],"wp:term":[{"taxonomy":"product_brand","embeddable":true,"href":"https:\/\/keluvo.com\/no\/wp-json\/wp\/v2\/product_brand?post=28159"},{"taxonomy":"product_cat","embeddable":true,"href":"https:\/\/keluvo.com\/no\/wp-json\/wp\/v2\/product_cat?post=28159"},{"taxonomy":"product_tag","embeddable":true,"href":"https:\/\/keluvo.com\/no\/wp-json\/wp\/v2\/product_tag?post=28159"}],"curies":[{"name":"wp","href":"https:\/\/api.w.org\/{rel}","templated":true}]}}