{"id":28146,"date":"2025-06-25T19:31:09","date_gmt":"2025-06-25T17:31:09","guid":{"rendered":"https:\/\/keluvo.com\/no\/produkt\/strombank\/"},"modified":"2025-06-27T13:30:27","modified_gmt":"2025-06-27T11:30:27","slug":"strombank","status":"publish","type":"product","link":"https:\/\/keluvo.com\/no\/produkt\/strombank\/","title":{"rendered":"Powerbank"},"content":{"rendered":"<p style=\"text-align: center;\" data-start=\"122\" data-end=\"369\"><strong data-start=\"122\" data-end=\"163\">Str\u00f8m i lommen &#8211; bokstavelig talt! \ud83d\udd0b\ud83d\udddd\ufe0f<\/strong><br data-start=\"163\" data-end=\"166\" \/>Denne mini-n\u00f8kkelring-str\u00f8mbank er din n\u00f8dreserve n\u00e5r telefonbatteriet g\u00e5r tomt. Den er ultrakompakt, lett og kan festes rett p\u00e5 n\u00f8klene eller vesken, slik at du aldri st\u00e5r uten str\u00f8m igjen.<\/p>\n<p data-start=\"122\" data-end=\"369\"><img fetchpriority=\"high\" decoding=\"async\" class=\" wp-image-25074 aligncenter\" src=\"https:\/\/keluvo.com\/template\/wp-content\/uploads\/sites\/5\/2025\/06\/4f49bb8575ba41f8b02f5c500430ef47d92c6107.gif\" alt=\"\" width=\"448\" height=\"467\" \/><\/p>\n<h2 style=\"text-align: center;\" data-start=\"376\" data-end=\"397\">Hovedfordeler \u26a1<\/h2>\n<p data-start=\"400\" data-end=\"437\">\ud83d\udd11 Liten som en biln\u00f8kkel &#8211; passer overalt<\/p>\n<p data-start=\"440\" data-end=\"480\">\ud83d\udd0b Hurtiglading for telefoner og \u00f8repropper<\/p>\n<p data-start=\"483\" data-end=\"529\">\ud83d\udd0c Tilgjengelig med Apple- eller Type-C-kontakt<\/p>\n<p data-start=\"532\" data-end=\"576\">\ud83d\udc5c Klipses fast p\u00e5 n\u00f8kkelringer, ryggsekker eller jeans<\/p>\n<p data-start=\"579\" data-end=\"626\">\ud83d\udca1 Perfekt for reiser, pendler eller i n\u00f8dstilfeller<\/p>\n<p data-start=\"579\" data-end=\"626\"><img decoding=\"async\" class=\"size-full wp-image-25073 aligncenter\" src=\"https:\/\/keluvo.com\/template\/wp-content\/uploads\/sites\/5\/2025\/06\/ceb74f7bf522f917d7167d3e5ac0d11749d63195.avif\" alt=\"\" \/><\/p>\n<h2 style=\"text-align: center;\" data-start=\"633\" data-end=\"652\">Slik bruker du den \ud83e\uddf0<\/h2>\n<ol data-start=\"653\" data-end=\"781\">\n<li data-start=\"653\" data-end=\"691\">\n<p data-start=\"656\" data-end=\"691\">Kobler den direkte til enheten din<\/p>\n<\/li>\n<li data-start=\"692\" data-end=\"738\">\n<p data-start=\"695\" data-end=\"738\">Lading starter umiddelbart &#8211; ingen kabel n\u00f8dvendig<\/p>\n<\/li>\n<li data-start=\"739\" data-end=\"781\">\n<p data-start=\"742\" data-end=\"781\">Lad den med en standard USB-C-kabel<\/p>\n<\/li>\n<\/ol>\n<h2 style=\"text-align: center;\" data-start=\"788\" data-end=\"812\">Produktdetaljer \ud83d\udccb<\/h2>\n<ul data-start=\"813\" data-end=\"950\">\n<li data-start=\"813\" data-end=\"843\">\n<p data-start=\"815\" data-end=\"843\"><strong>Pluggtype<\/strong>: Apple eller Type-C<\/p>\n<\/li>\n<li data-start=\"844\" data-end=\"900\">\n<p data-start=\"846\" data-end=\"900\"><strong>Batterikapasitet<\/strong>: n\u00f8dbruk (1 full telefonboost)<\/p>\n<\/li>\n<li data-start=\"901\" data-end=\"924\">\n<p data-start=\"903\" data-end=\"924\"><strong>Vekt<\/strong>: ultralett<\/p>\n<\/li>\n<li data-start=\"925\" data-end=\"950\">\n<p data-start=\"927\" data-end=\"950\"><strong>St\u00f8rrelse<\/strong>: samme som en biln\u00f8kkel<\/p>\n<\/li>\n<\/ul>\n<h2 style=\"text-align: center;\" data-start=\"957\" data-end=\"982\">Pakken inkluderer \ud83d\udce6<\/h2>\n<ul data-start=\"983\" data-end=\"1053\">\n<li data-start=\"983\" data-end=\"1009\">\n<p data-start=\"985\" data-end=\"1009\">1x n\u00f8kkelring powerbank<\/p>\n<\/li>\n<li data-start=\"1010\" data-end=\"1053\">\n<p data-start=\"1012\" data-end=\"1053\">1x ladekabel.<\/p>\n<\/li>\n<\/ul>\n","protected":false},"excerpt":{"rendered":"<p>Str\u00f8m i lommen &#8211; bokstavelig talt! \ud83d\udd0b\ud83d\udddd\ufe0fDenne mini-n\u00f8kkelring-str\u00f8mbank er din n\u00f8dreserve n\u00e5r telefonbatteriet g\u00e5r tomt. Den er ultrakompakt, lett og [&hellip;]<\/p>\n","protected":false},"featured_media":28142,"comment_status":"open","ping_status":"closed","template":"","meta":{"site-sidebar-layout":"default","site-content-layout":"","ast-site-content-layout":"default","site-content-style":"default","site-sidebar-style":"default","ast-global-header-display":"","ast-banner-title-visibility":"","ast-main-header-display":"","ast-hfb-above-header-display":"","ast-hfb-below-header-display":"","ast-hfb-mobile-header-display":"","site-post-title":"","ast-breadcrumbs-content":"","ast-featured-img":"","footer-sml-layout":"","theme-transparent-header-meta":"default","adv-header-id-meta":"","stick-header-meta":"","header-above-stick-meta":"","header-main-stick-meta":"","header-below-stick-meta":"","astra-migrate-meta-layouts":"set","ast-page-background-enabled":"default","ast-page-background-meta":{"desktop":{"background-color":"var(--ast-global-color-4)","background-image":"","background-repeat":"repeat","background-position":"center center","background-size":"auto","background-attachment":"scroll","background-type":"","background-media":"","overlay-type":"","overlay-color":"","overlay-opacity":"","overlay-gradient":""},"tablet":{"background-color":"","background-image":"","background-repeat":"repeat","background-position":"center center","background-size":"auto","background-attachment":"scroll","background-type":"","background-media":"","overlay-type":"","overlay-color":"","overlay-opacity":"","overlay-gradient":""},"mobile":{"background-color":"","background-image":"","background-repeat":"repeat","background-position":"center center","background-size":"auto","background-attachment":"scroll","background-type":"","background-media":"","overlay-type":"","overlay-color":"","overlay-opacity":"","overlay-gradient":""}},"ast-content-background-meta":{"desktop":{"background-color":"var(--ast-global-color-5)","background-image":"","background-repeat":"repeat","background-position":"center center","background-size":"auto","background-attachment":"scroll","background-type":"","background-media":"","overlay-type":"","overlay-color":"","overlay-opacity":"","overlay-gradient":""},"tablet":{"background-color":"var(--ast-global-color-5)","background-image":"","background-repeat":"repeat","background-position":"center center","background-size":"auto","background-attachment":"scroll","background-type":"","background-media":"","overlay-type":"","overlay-color":"","overlay-opacity":"","overlay-gradient":""},"mobile":{"background-color":"var(--ast-global-color-5)","background-image":"","background-repeat":"repeat","background-position":"center center","background-size":"auto","background-attachment":"scroll","background-type":"","background-media":"","overlay-type":"","overlay-color":"","overlay-opacity":"","overlay-gradient":""}}},"product_brand":[],"product_cat":[993],"product_tag":[],"class_list":{"0":"post-28146","1":"product","2":"type-product","3":"status-publish","4":"has-post-thumbnail","6":"product_cat-skotoy-tilbehor","7":"pa_35248_cg24r1qh-rosa","8":"pa_35248_cg24r1qh-svart","9":"pa_35248_z8m9h8yx-iphone","10":"pa_35248_z8m9h8yx-type-c","11":"desktop-align-left","12":"tablet-align-left","13":"mobile-align-left","15":"first","16":"instock","17":"shipping-taxable","18":"purchasable","19":"product-type-variable","20":"has-default-attributes"},"_links":{"self":[{"href":"https:\/\/keluvo.com\/no\/wp-json\/wp\/v2\/product\/28146","targetHints":{"allow":["GET"]}}],"collection":[{"href":"https:\/\/keluvo.com\/no\/wp-json\/wp\/v2\/product"}],"about":[{"href":"https:\/\/keluvo.com\/no\/wp-json\/wp\/v2\/types\/product"}],"replies":[{"embeddable":true,"href":"https:\/\/keluvo.com\/no\/wp-json\/wp\/v2\/comments?post=28146"}],"wp:featuredmedia":[{"embeddable":true,"href":"https:\/\/keluvo.com\/no\/wp-json\/wp\/v2\/media\/28142"}],"wp:attachment":[{"href":"https:\/\/keluvo.com\/no\/wp-json\/wp\/v2\/media?parent=28146"}],"wp:term":[{"taxonomy":"product_brand","embeddable":true,"href":"https:\/\/keluvo.com\/no\/wp-json\/wp\/v2\/product_brand?post=28146"},{"taxonomy":"product_cat","embeddable":true,"href":"https:\/\/keluvo.com\/no\/wp-json\/wp\/v2\/product_cat?post=28146"},{"taxonomy":"product_tag","embeddable":true,"href":"https:\/\/keluvo.com\/no\/wp-json\/wp\/v2\/product_tag?post=28146"}],"curies":[{"name":"wp","href":"https:\/\/api.w.org\/{rel}","templated":true}]}}