{"id":28114,"date":"2025-06-25T18:11:48","date_gmt":"2025-06-25T16:11:48","guid":{"rendered":"https:\/\/keluvo.com\/no\/produkt\/bluetooth-hodesett\/"},"modified":"2025-06-25T18:17:20","modified_gmt":"2025-06-25T16:17:20","slug":"bluetooth-hodesett","status":"publish","type":"product","link":"https:\/\/keluvo.com\/no\/produkt\/bluetooth-hodesett\/","title":{"rendered":"Bluetooth-hodesett"},"content":{"rendered":"<p style=\"text-align: center;\" data-start=\"144\" data-end=\"446\"><strong data-start=\"144\" data-end=\"211\">Hold Kontakten Mens Du Sykler\u2014Krystallklart Og H\u00e5ndfritt! \ud83c\udfcd\ufe0f\ud83c\udfa7<\/strong><br data-start=\"211\" data-end=\"214\" \/>Med dette Bluetooth-hodesettet kan du og dine medsyklister holde kontakten mens dere er p\u00e5 veien. Enten du sykler alene eller i en gruppe, gj\u00f8r disse intercomene kommunikasjonen smidig, trygg og helt tr\u00e5dl\u00f8s &#8211; selv i h\u00f8ye hastigheter.<\/p>\n<p data-start=\"144\" data-end=\"446\"><img decoding=\"async\" class=\"size-full wp-image-25038 aligncenter\" src=\"https:\/\/keluvo.com\/template\/wp-content\/uploads\/sites\/5\/2025\/06\/06252-ezgif.com-video-to-webp-converter.webp\" alt=\"\" \/><\/p>\n<h2 style=\"text-align: center;\" data-start=\"453\" data-end=\"475\">Hovedfordeler \ud83d\udd0a<\/h2>\n<p data-start=\"478\" data-end=\"543\">\ud83d\udcde H\u00e5ndfri intercom for tydelig kommunikasjon i sanntid<\/p>\n<p data-start=\"546\" data-end=\"597\">\ud83c\udfa7 Bluetooth-hodetelefoner for musikk, GPS, og samtaler<\/p>\n<p data-start=\"600\" data-end=\"636\">\ud83d\udd04 Kan kobles til opptil 6 syklister samtidig<\/p>\n<p data-start=\"639\" data-end=\"689\">\ud83d\udca6 Vannbestandig &#8211; perfekt for turer i all slags v\u00e6r<\/p>\n<p data-start=\"692\" data-end=\"736\">\ud83d\udd0b Batteri med lang batterilevetid trips<\/p>\n<p data-start=\"739\" data-end=\"784\">\ud83c\udf99\ufe0f Walkie-talkie-modus for gruppekoordinering<\/p>\n<p data-start=\"739\" data-end=\"784\"><img decoding=\"async\" class=\"size-full wp-image-25043 aligncenter\" src=\"https:\/\/keluvo.com\/template\/wp-content\/uploads\/sites\/5\/2025\/06\/Screenshot2023-08-04at11.46.24_480x480.webp\" alt=\"\" \/><\/p>\n<h2 style=\"text-align: center;\" data-start=\"791\" data-end=\"811\">Slik Bruker Du \ud83d\udee0\ufe0f<\/h2>\n<ol data-start=\"812\" data-end=\"975\">\n<li data-start=\"812\" data-end=\"849\">\n<p data-start=\"815\" data-end=\"849\">Fest enheten til hjelmen din<\/p>\n<\/li>\n<li data-start=\"850\" data-end=\"906\">\n<p data-start=\"853\" data-end=\"906\">Kobles via Bluetooth til telefonen eller andre intercoms<\/p>\n<\/li>\n<li data-start=\"907\" data-end=\"975\">\n<p data-start=\"910\" data-end=\"975\">Bruk knappene til \u00e5 snakke, svare p\u00e5 anrop eller spille musikk &#8211; du trenger ikke \u00e5 bruke hendene!<\/p>\n<\/li>\n<\/ol>\n<h2 style=\"text-align: center;\" data-start=\"982\" data-end=\"1006\">Produktdetaljer \ud83d\udccb<\/h2>\n<ul data-start=\"1007\" data-end=\"1214\">\n<li data-start=\"1070\" data-end=\"1097\">\n<p data-start=\"1072\" data-end=\"1097\"><strong>Vanntett klassifisering<\/strong>: IPX6<\/p>\n<\/li>\n<li data-start=\"1098\" data-end=\"1137\">\n<p data-start=\"1100\" data-end=\"1137\"><strong>Bluetooth-rekkevidde<\/strong>: opptil 1200 meter<\/p>\n<\/li>\n<li data-start=\"1138\" data-end=\"1183\">\n<p data-start=\"1140\" data-end=\"1183\"><strong>Batteritid<\/strong>: opptil 10 timers taletid<\/p>\n<\/li>\n<li data-start=\"1184\" data-end=\"1214\">\n<p data-start=\"1186\" data-end=\"1214\">Kompatibel med de fleste hjelmer<\/p>\n<\/li>\n<\/ul>\n<h2 style=\"text-align: center;\" data-start=\"1221\" data-end=\"1246\">Pakken Inkluderer \ud83d\udce6<\/h2>\n<ul data-start=\"1247\" data-end=\"1353\">\n<li data-start=\"1247\" data-end=\"1277\">\n<p data-start=\"1249\" data-end=\"1277\">1, 2x Bluetooth-hjelmradioer<\/p>\n<\/li>\n<li data-start=\"1278\" data-end=\"1296\">\n<p data-start=\"1280\" data-end=\"1296\">1, 2x klipsfester<\/p>\n<\/li>\n<li data-start=\"1297\" data-end=\"1339\">\n<p data-start=\"1299\" data-end=\"1339\">Ladekabler, h\u00f8yttalere, mikrofoner<\/p>\n<\/li>\n<li data-start=\"1340\" data-end=\"1353\">\n<p data-start=\"1342\" data-end=\"1353\">Brukerh\u00e5ndbok.<\/p>\n<\/li>\n<\/ul>\n","protected":false},"excerpt":{"rendered":"<p>Hold Kontakten Mens Du Sykler\u2014Krystallklart Og H\u00e5ndfritt! \ud83c\udfcd\ufe0f\ud83c\udfa7Med dette Bluetooth-hodesettet kan du og dine medsyklister holde kontakten mens dere er [&hellip;]<\/p>\n","protected":false},"featured_media":28110,"comment_status":"open","ping_status":"closed","template":"","meta":{"site-sidebar-layout":"default","site-content-layout":"","ast-site-content-layout":"default","site-content-style":"default","site-sidebar-style":"default","ast-global-header-display":"","ast-banner-title-visibility":"","ast-main-header-display":"","ast-hfb-above-header-display":"","ast-hfb-below-header-display":"","ast-hfb-mobile-header-display":"","site-post-title":"","ast-breadcrumbs-content":"","ast-featured-img":"","footer-sml-layout":"","theme-transparent-header-meta":"default","adv-header-id-meta":"","stick-header-meta":"","header-above-stick-meta":"","header-main-stick-meta":"","header-below-stick-meta":"","astra-migrate-meta-layouts":"set","ast-page-background-enabled":"default","ast-page-background-meta":{"desktop":{"background-color":"var(--ast-global-color-4)","background-image":"","background-repeat":"repeat","background-position":"center center","background-size":"auto","background-attachment":"scroll","background-type":"","background-media":"","overlay-type":"","overlay-color":"","overlay-opacity":"","overlay-gradient":""},"tablet":{"background-color":"","background-image":"","background-repeat":"repeat","background-position":"center center","background-size":"auto","background-attachment":"scroll","background-type":"","background-media":"","overlay-type":"","overlay-color":"","overlay-opacity":"","overlay-gradient":""},"mobile":{"background-color":"","background-image":"","background-repeat":"repeat","background-position":"center center","background-size":"auto","background-attachment":"scroll","background-type":"","background-media":"","overlay-type":"","overlay-color":"","overlay-opacity":"","overlay-gradient":""}},"ast-content-background-meta":{"desktop":{"background-color":"var(--ast-global-color-5)","background-image":"","background-repeat":"repeat","background-position":"center center","background-size":"auto","background-attachment":"scroll","background-type":"","background-media":"","overlay-type":"","overlay-color":"","overlay-opacity":"","overlay-gradient":""},"tablet":{"background-color":"var(--ast-global-color-5)","background-image":"","background-repeat":"repeat","background-position":"center center","background-size":"auto","background-attachment":"scroll","background-type":"","background-media":"","overlay-type":"","overlay-color":"","overlay-opacity":"","overlay-gradient":""},"mobile":{"background-color":"var(--ast-global-color-5)","background-image":"","background-repeat":"repeat","background-position":"center center","background-size":"auto","background-attachment":"scroll","background-type":"","background-media":"","overlay-type":"","overlay-color":"","overlay-opacity":"","overlay-gradient":""}}},"product_brand":[],"product_cat":[993],"product_tag":[],"class_list":{"0":"post-28114","1":"product","2":"type-product","3":"status-publish","4":"has-post-thumbnail","6":"product_cat-skotoy-tilbehor","7":"pa_24233_l8j40n6l-1-stk","8":"pa_24233_l8j40n6l-2-stk","9":"desktop-align-left","10":"tablet-align-left","11":"mobile-align-left","13":"first","14":"instock","15":"shipping-taxable","16":"purchasable","17":"product-type-variable"},"_links":{"self":[{"href":"https:\/\/keluvo.com\/no\/wp-json\/wp\/v2\/product\/28114","targetHints":{"allow":["GET"]}}],"collection":[{"href":"https:\/\/keluvo.com\/no\/wp-json\/wp\/v2\/product"}],"about":[{"href":"https:\/\/keluvo.com\/no\/wp-json\/wp\/v2\/types\/product"}],"replies":[{"embeddable":true,"href":"https:\/\/keluvo.com\/no\/wp-json\/wp\/v2\/comments?post=28114"}],"wp:featuredmedia":[{"embeddable":true,"href":"https:\/\/keluvo.com\/no\/wp-json\/wp\/v2\/media\/28110"}],"wp:attachment":[{"href":"https:\/\/keluvo.com\/no\/wp-json\/wp\/v2\/media?parent=28114"}],"wp:term":[{"taxonomy":"product_brand","embeddable":true,"href":"https:\/\/keluvo.com\/no\/wp-json\/wp\/v2\/product_brand?post=28114"},{"taxonomy":"product_cat","embeddable":true,"href":"https:\/\/keluvo.com\/no\/wp-json\/wp\/v2\/product_cat?post=28114"},{"taxonomy":"product_tag","embeddable":true,"href":"https:\/\/keluvo.com\/no\/wp-json\/wp\/v2\/product_tag?post=28114"}],"curies":[{"name":"wp","href":"https:\/\/api.w.org\/{rel}","templated":true}]}}