{"id":28071,"date":"2025-06-25T16:43:29","date_gmt":"2025-06-25T14:43:29","guid":{"rendered":"https:\/\/keluvo.com\/no\/produkt\/lommebok-3\/"},"modified":"2025-06-25T16:43:36","modified_gmt":"2025-06-25T14:43:36","slug":"lommebok-3","status":"publish","type":"product","link":"https:\/\/keluvo.com\/no\/produkt\/lommebok-3\/","title":{"rendered":"Lommebok"},"content":{"rendered":"<p style=\"text-align: center\" data-start=\"146\" data-end=\"458\"><strong data-start=\"146\" data-end=\"226\">Alt-i-ett lommebok, clutch og telefonholder &#8211; b\u00e6r smart, b\u00e6r stilig! \ud83d\udcf1\ud83d\udcbc<\/strong><br data-start=\"226\" data-end=\"229\" \/>Denne elegante lommeboken i PU-l\u00e6r er den perfekte f\u00f8lgesvenn i hverdagen. Den holder orden p\u00e5 det viktigste &#8211; kontanter, kort, mynter og telefon &#8211; i en kompakt og elegant veske. Den er slitesterk, stilig og praktisk for reiser, \u00e6rend eller daglig bruk.<\/p>\n<p data-start=\"146\" data-end=\"458\"><img decoding=\"async\" class=\"size-full wp-image-24989 aligncenter\" src=\"https:\/\/keluvo.com\/template\/wp-content\/uploads\/sites\/5\/2025\/06\/06251-ezgif.com-video-to-webp-converter.webp\" alt=\"\" \/><\/p>\n<h2 style=\"text-align: center\" data-start=\"465\" data-end=\"487\">Hovedfordeler \ud83e\udde1<\/h2>\n<p data-start=\"490\" data-end=\"552\">\ud83d\udcf1 Plass til smarttelefon, kort, kontanter og mynter p\u00e5 ett sted<\/p>\n<p data-start=\"555\" data-end=\"612\">\ud83e\uddf5 Laget av mykt, slitesterkt PU-l\u00e6r med en f\u00f8rsteklasses f\u00f8lelse<\/p>\n<p data-start=\"615\" data-end=\"663\">\ud83d\udd10 Sikker glidel\u00e5slukking holder alt p\u00e5 plass safe<\/p>\n<p data-start=\"666\" data-end=\"714\">\ud83d\udd90\ufe0f Leveres med en h\u00e5ndleddsstropp for enkel carrying<\/p>\n<p data-start=\"717\" data-end=\"773\">\u2708\ufe0f Perfekt for reiser, daglig pendling eller uformelle utflukter<\/p>\n<p data-start=\"717\" data-end=\"773\"><img decoding=\"async\" class=\"size-full wp-image-24993 aligncenter\" src=\"https:\/\/keluvo.com\/template\/wp-content\/uploads\/sites\/5\/2025\/06\/345be0f6-815a-46ce-8247-06a50fdc7873.webp\" alt=\"\" \/><\/p>\n<h2 style=\"text-align: center\" data-start=\"780\" data-end=\"799\">Slik Bruker Du Den \ud83d\udc47<\/h2>\n<ol data-start=\"800\" data-end=\"932\">\n<li data-start=\"800\" data-end=\"846\">\n<p data-start=\"803\" data-end=\"846\">Oppbevar telefon, penger og kort p\u00e5 innsiden<\/p>\n<\/li>\n<li data-start=\"847\" data-end=\"887\">\n<p data-start=\"850\" data-end=\"887\">Lukk den med glidel\u00e5s for \u00e5 holde alt sikkert<\/p>\n<\/li>\n<li data-start=\"888\" data-end=\"932\">\n<p data-start=\"891\" data-end=\"932\">B\u00e6r den enkelt med h\u00e5ndleddsstroppen<\/p>\n<\/li>\n<\/ol>\n<h2 style=\"text-align: center\" data-start=\"939\" data-end=\"963\">Produktdetaljer \ud83d\udccb<\/h2>\n<ul data-start=\"964\" data-end=\"1129\">\n<li data-start=\"964\" data-end=\"988\">\n<p data-start=\"966\" data-end=\"988\">Materiale: PU-skinn<\/p>\n<\/li>\n<li data-start=\"1037\" data-end=\"1083\">\n<p data-start=\"1039\" data-end=\"1083\">Kompakt og lett for hverdagsbruk<\/p>\n<\/li>\n<li data-start=\"1084\" data-end=\"1129\">\n<p data-start=\"1086\" data-end=\"1129\">Stilfull design med funksjonelle rom<\/p>\n<\/li>\n<\/ul>\n<h2 style=\"text-align: center\" data-start=\"1136\" data-end=\"1161\">Pakken Inkluderer \ud83d\udce6<\/h2>\n<ul data-start=\"1162\" data-end=\"1208\">\n<li data-start=\"1162\" data-end=\"1208\">\n<p data-start=\"1164\" data-end=\"1208\">1x lommebok.<\/p>\n<\/li>\n<\/ul>\n","protected":false},"excerpt":{"rendered":"<p>Alt-i-ett lommebok, clutch og telefonholder &#8211; b\u00e6r smart, b\u00e6r stilig! \ud83d\udcf1\ud83d\udcbcDenne elegante lommeboken i PU-l\u00e6r er den perfekte f\u00f8lgesvenn i [&hellip;]<\/p>\n","protected":false},"featured_media":28067,"comment_status":"open","ping_status":"closed","template":"","meta":{"site-sidebar-layout":"default","site-content-layout":"","ast-site-content-layout":"default","site-content-style":"default","site-sidebar-style":"default","ast-global-header-display":"","ast-banner-title-visibility":"","ast-main-header-display":"","ast-hfb-above-header-display":"","ast-hfb-below-header-display":"","ast-hfb-mobile-header-display":"","site-post-title":"","ast-breadcrumbs-content":"","ast-featured-img":"","footer-sml-layout":"","theme-transparent-header-meta":"default","adv-header-id-meta":"","stick-header-meta":"","header-above-stick-meta":"","header-main-stick-meta":"","header-below-stick-meta":"","astra-migrate-meta-layouts":"set","ast-page-background-enabled":"default","ast-page-background-meta":{"desktop":{"background-color":"var(--ast-global-color-4)","background-image":"","background-repeat":"repeat","background-position":"center center","background-size":"auto","background-attachment":"scroll","background-type":"","background-media":"","overlay-type":"","overlay-color":"","overlay-opacity":"","overlay-gradient":""},"tablet":{"background-color":"","background-image":"","background-repeat":"repeat","background-position":"center center","background-size":"auto","background-attachment":"scroll","background-type":"","background-media":"","overlay-type":"","overlay-color":"","overlay-opacity":"","overlay-gradient":""},"mobile":{"background-color":"","background-image":"","background-repeat":"repeat","background-position":"center center","background-size":"auto","background-attachment":"scroll","background-type":"","background-media":"","overlay-type":"","overlay-color":"","overlay-opacity":"","overlay-gradient":""}},"ast-content-background-meta":{"desktop":{"background-color":"var(--ast-global-color-5)","background-image":"","background-repeat":"repeat","background-position":"center center","background-size":"auto","background-attachment":"scroll","background-type":"","background-media":"","overlay-type":"","overlay-color":"","overlay-opacity":"","overlay-gradient":""},"tablet":{"background-color":"var(--ast-global-color-5)","background-image":"","background-repeat":"repeat","background-position":"center center","background-size":"auto","background-attachment":"scroll","background-type":"","background-media":"","overlay-type":"","overlay-color":"","overlay-opacity":"","overlay-gradient":""},"mobile":{"background-color":"var(--ast-global-color-5)","background-image":"","background-repeat":"repeat","background-position":"center center","background-size":"auto","background-attachment":"scroll","background-type":"","background-media":"","overlay-type":"","overlay-color":"","overlay-opacity":"","overlay-gradient":""}}},"product_brand":[],"product_cat":[993],"product_tag":[],"class_list":{"0":"post-28071","1":"product","2":"type-product","3":"status-publish","4":"has-post-thumbnail","6":"product_cat-skotoy-tilbehor","7":"pa_29648_mkivlgbr-champagne","8":"pa_29648_mkivlgbr-sjokolade","9":"pa_29648_mkivlgbr-svart","10":"desktop-align-left","11":"tablet-align-left","12":"mobile-align-left","14":"first","15":"instock","16":"shipping-taxable","17":"purchasable","18":"product-type-variable"},"_links":{"self":[{"href":"https:\/\/keluvo.com\/no\/wp-json\/wp\/v2\/product\/28071","targetHints":{"allow":["GET"]}}],"collection":[{"href":"https:\/\/keluvo.com\/no\/wp-json\/wp\/v2\/product"}],"about":[{"href":"https:\/\/keluvo.com\/no\/wp-json\/wp\/v2\/types\/product"}],"replies":[{"embeddable":true,"href":"https:\/\/keluvo.com\/no\/wp-json\/wp\/v2\/comments?post=28071"}],"wp:featuredmedia":[{"embeddable":true,"href":"https:\/\/keluvo.com\/no\/wp-json\/wp\/v2\/media\/28067"}],"wp:attachment":[{"href":"https:\/\/keluvo.com\/no\/wp-json\/wp\/v2\/media?parent=28071"}],"wp:term":[{"taxonomy":"product_brand","embeddable":true,"href":"https:\/\/keluvo.com\/no\/wp-json\/wp\/v2\/product_brand?post=28071"},{"taxonomy":"product_cat","embeddable":true,"href":"https:\/\/keluvo.com\/no\/wp-json\/wp\/v2\/product_cat?post=28071"},{"taxonomy":"product_tag","embeddable":true,"href":"https:\/\/keluvo.com\/no\/wp-json\/wp\/v2\/product_tag?post=28071"}],"curies":[{"name":"wp","href":"https:\/\/api.w.org\/{rel}","templated":true}]}}