{"id":27995,"date":"2025-06-24T19:55:08","date_gmt":"2025-06-24T17:55:08","guid":{"rendered":"https:\/\/keluvo.com\/no\/produkt\/hengekoye\/"},"modified":"2025-07-11T18:23:55","modified_gmt":"2025-07-11T16:23:55","slug":"hengekoye","status":"publish","type":"product","link":"https:\/\/keluvo.com\/no\/produkt\/hengekoye\/","title":{"rendered":"Hengek\u00f8ye"},"content":{"rendered":"<p style=\"text-align: center;\" data-start=\"129\" data-end=\"392\"><strong>Slapp av sammen &#8211; hvor som helst i naturen! \ud83c\udf33\ud83d\ude0c<\/strong><\/p>\n<p style=\"text-align: center;\" data-start=\"129\" data-end=\"392\">Denne hengek\u00f8yen for flere personer lar deg slappe av med venner eller familie i total komfort. Enten du er p\u00e5 campingtur, henger i hagen eller bare nyter naturen, er dette den perfekte m\u00e5ten \u00e5 svinge seg p\u00e5, slappe av og komme i kontakt med andre.<\/p>\n<p data-start=\"129\" data-end=\"392\"><img decoding=\"async\" class=\"size-full wp-image-24934 aligncenter\" src=\"https:\/\/keluvo.com\/template\/wp-content\/uploads\/sites\/5\/2025\/06\/29737882e9dcb787bb6a2891be14df15.webp\" alt=\"\" \/><\/p>\n<h2 style=\"text-align: center;\" data-start=\"399\" data-end=\"422\"><strong>Hovedfordeler \ud83c\udfd5\ufe0f<\/strong><\/h2>\n<p data-start=\"425\" data-end=\"466\">\ud83d\udc68\u200d\ud83d\udc69\u200d\ud83d\udc67\u200d\ud83d\udc66 Plass til opptil 3 personer samtidig<\/p>\n<p data-start=\"469\" data-end=\"506\">\ud83e\uddf5 Laget av sterkt, men likevel mykt stoff<\/p>\n<p data-start=\"509\" data-end=\"543\">\ud83e\uddf3 Lett og enkel \u00e5 b\u00e6re<\/p>\n<p data-start=\"546\" data-end=\"585\">\ud83e\uddfa Kan vaskes i maskin for enkel rens<\/p>\n<p data-start=\"588\" data-end=\"625\">\ud83d\udee0\ufe0f Ingen verkt\u00f8y trengs &#8211; settes opp p\u00e5 f\u00e5 minutter<\/p>\n<p data-start=\"588\" data-end=\"625\"><img decoding=\"async\" class=\"size-full wp-image-24933 aligncenter\" src=\"https:\/\/keluvo.com\/template\/wp-content\/uploads\/sites\/5\/2025\/06\/55a6fb3e9459dec351f1b5dd9b8e0110727c7825.avif\" alt=\"\" \/><\/p>\n<h2 style=\"text-align: center;\" data-start=\"632\" data-end=\"652\"><strong>Hvordan bruke hengek\u00f8yen \ud83d\udee0\ufe0f<\/strong><\/h2>\n<ol data-start=\"653\" data-end=\"791\">\n<li data-start=\"653\" data-end=\"711\">\n<p data-start=\"656\" data-end=\"711\">Velg et sterkt forankringspunkt (tr\u00e6r, gjerde eller stativ)<\/p>\n<\/li>\n<li data-start=\"712\" data-end=\"759\">\n<p data-start=\"715\" data-end=\"759\">Fest tauene og karabinkrokene (inkludert)<\/p>\n<\/li>\n<li data-start=\"760\" data-end=\"791\">\n<p data-start=\"763\" data-end=\"791\">Hopp inn, len deg tilbake og slapp av!<\/p>\n<\/li>\n<\/ol>\n<h2 style=\"text-align: center;\" data-start=\"798\" data-end=\"822\"><strong>Produktdetaljer \ud83d\udccb<\/strong><\/h2>\n<ul data-start=\"823\" data-end=\"991\">\n<li data-start=\"823\" data-end=\"899\">\n<p data-start=\"825\" data-end=\"899\">St\u00f8rrelse: 280\u00d7280\u00d7280 cm (2-3 personer)<\/p>\n<\/li>\n<li data-start=\"900\" data-end=\"933\">\n<p data-start=\"902\" data-end=\"933\">Vektkapasitet: opptil 300 kg<\/p>\n<\/li>\n<li data-start=\"961\" data-end=\"991\">\n<p data-start=\"963\" data-end=\"991\">Bretter seg sammen til en kompakt b\u00e6reveske<\/p>\n<\/li>\n<\/ul>\n<h2 style=\"text-align: center;\" data-start=\"998\" data-end=\"1023\"><strong>Pakken inkluderer \ud83c\udf92<\/strong><\/h2>\n<ul data-start=\"1024\" data-end=\"1102\">\n<li data-start=\"1024\" data-end=\"1051\">\n<p data-start=\"1026\" data-end=\"1051\">1x flerpersons hengek\u00f8ye<\/p>\n<\/li>\n<li data-start=\"1052\" data-end=\"1069\">\n<p data-start=\"1054\" data-end=\"1069\">3x karabinkroker<\/p>\n<\/li>\n<li data-start=\"1070\" data-end=\"1085\">\n<p data-start=\"1072\" data-end=\"1085\">3x 2m tau<\/p>\n<\/li>\n<li data-start=\"1086\" data-end=\"1102\">\n<p data-start=\"1088\" data-end=\"1102\">1x oppbevaringspose.<\/p>\n<\/li>\n<\/ul>\n","protected":false},"excerpt":{"rendered":"<p>Slapp av sammen &#8211; hvor som helst i naturen! \ud83c\udf33\ud83d\ude0c Denne hengek\u00f8yen for flere personer lar deg slappe av med [&hellip;]<\/p>\n","protected":false},"featured_media":27991,"comment_status":"open","ping_status":"closed","template":"","meta":{"site-sidebar-layout":"default","site-content-layout":"","ast-site-content-layout":"default","site-content-style":"default","site-sidebar-style":"default","ast-global-header-display":"","ast-banner-title-visibility":"","ast-main-header-display":"","ast-hfb-above-header-display":"","ast-hfb-below-header-display":"","ast-hfb-mobile-header-display":"","site-post-title":"","ast-breadcrumbs-content":"","ast-featured-img":"","footer-sml-layout":"","theme-transparent-header-meta":"default","adv-header-id-meta":"","stick-header-meta":"","header-above-stick-meta":"","header-main-stick-meta":"","header-below-stick-meta":"","astra-migrate-meta-layouts":"set","ast-page-background-enabled":"default","ast-page-background-meta":{"desktop":{"background-color":"var(--ast-global-color-4)","background-image":"","background-repeat":"repeat","background-position":"center center","background-size":"auto","background-attachment":"scroll","background-type":"","background-media":"","overlay-type":"","overlay-color":"","overlay-opacity":"","overlay-gradient":""},"tablet":{"background-color":"","background-image":"","background-repeat":"repeat","background-position":"center center","background-size":"auto","background-attachment":"scroll","background-type":"","background-media":"","overlay-type":"","overlay-color":"","overlay-opacity":"","overlay-gradient":""},"mobile":{"background-color":"","background-image":"","background-repeat":"repeat","background-position":"center center","background-size":"auto","background-attachment":"scroll","background-type":"","background-media":"","overlay-type":"","overlay-color":"","overlay-opacity":"","overlay-gradient":""}},"ast-content-background-meta":{"desktop":{"background-color":"var(--ast-global-color-5)","background-image":"","background-repeat":"repeat","background-position":"center center","background-size":"auto","background-attachment":"scroll","background-type":"","background-media":"","overlay-type":"","overlay-color":"","overlay-opacity":"","overlay-gradient":""},"tablet":{"background-color":"var(--ast-global-color-5)","background-image":"","background-repeat":"repeat","background-position":"center center","background-size":"auto","background-attachment":"scroll","background-type":"","background-media":"","overlay-type":"","overlay-color":"","overlay-opacity":"","overlay-gradient":""},"mobile":{"background-color":"var(--ast-global-color-5)","background-image":"","background-repeat":"repeat","background-position":"center center","background-size":"auto","background-attachment":"scroll","background-type":"","background-media":"","overlay-type":"","overlay-color":"","overlay-opacity":"","overlay-gradient":""}}},"product_brand":[],"product_cat":[1000],"product_tag":[],"class_list":{"0":"post-27995","1":"product","2":"type-product","3":"status-publish","4":"has-post-thumbnail","6":"product_cat-tur-camping-og-fritidsutstyr","7":"pa_41881_gb2k4nol-gronn","8":"pa_41881_gb2k4nol-svart","9":"desktop-align-left","10":"tablet-align-left","11":"mobile-align-left","13":"first","14":"instock","15":"shipping-taxable","16":"purchasable","17":"product-type-variable"},"_links":{"self":[{"href":"https:\/\/keluvo.com\/no\/wp-json\/wp\/v2\/product\/27995","targetHints":{"allow":["GET"]}}],"collection":[{"href":"https:\/\/keluvo.com\/no\/wp-json\/wp\/v2\/product"}],"about":[{"href":"https:\/\/keluvo.com\/no\/wp-json\/wp\/v2\/types\/product"}],"replies":[{"embeddable":true,"href":"https:\/\/keluvo.com\/no\/wp-json\/wp\/v2\/comments?post=27995"}],"wp:featuredmedia":[{"embeddable":true,"href":"https:\/\/keluvo.com\/no\/wp-json\/wp\/v2\/media\/27991"}],"wp:attachment":[{"href":"https:\/\/keluvo.com\/no\/wp-json\/wp\/v2\/media?parent=27995"}],"wp:term":[{"taxonomy":"product_brand","embeddable":true,"href":"https:\/\/keluvo.com\/no\/wp-json\/wp\/v2\/product_brand?post=27995"},{"taxonomy":"product_cat","embeddable":true,"href":"https:\/\/keluvo.com\/no\/wp-json\/wp\/v2\/product_cat?post=27995"},{"taxonomy":"product_tag","embeddable":true,"href":"https:\/\/keluvo.com\/no\/wp-json\/wp\/v2\/product_tag?post=27995"}],"curies":[{"name":"wp","href":"https:\/\/api.w.org\/{rel}","templated":true}]}}