{"id":2791,"date":"2024-10-28T18:01:33","date_gmt":"2024-10-28T15:01:33","guid":{"rendered":"https:\/\/keluvo.com\/no\/produkt\/svopeteppe-for-baby\/"},"modified":"2024-10-28T18:22:46","modified_gmt":"2024-10-28T15:22:46","slug":"svopeteppe-for-baby","status":"publish","type":"product","link":"https:\/\/keluvo.com\/no\/produkt\/svopeteppe-for-baby\/","title":{"rendered":"Sv\u00f8peteppe for baby"},"content":{"rendered":"<h2 style=\"text-align: center;\"><strong> Koselig og varm design<\/strong><\/h2>\n<p style=\"text-align: center;\">Baby Swaddling Blanket er designet for \u00e5 holde den lille varm og komfortabel under kj\u00f8lige netter. Denne soveposen er laget av myk, strikket ull og har en tettsittende passform som gj\u00f8r at babyen f\u00f8ler seg trygg. Konvoluttformen gj\u00f8r det enkelt \u00e5 sv\u00f8pe babyen i teppet, slik at den holder seg varm mens den sover.<\/p>\n<p><img decoding=\"async\" class=\"alignnone size-medium wp-image-1599 aligncenter\" src=\"https:\/\/keluvo.com\/template\/wp-content\/uploads\/sites\/5\/2024\/10\/a91e67a9-783d-487b-ade7-733fd096473e-300x300.webp\" alt=\"\" \/><\/p>\n<h3 style=\"text-align: center;\"><strong> Perfekt til p\u00e5- og p\u00e5 farten<\/strong><\/h3>\n<p style=\"text-align: center;\">Dette sv\u00f8peteppet er ideelt for foreldre som alltid er p\u00e5 farten. Den lette vekten gj\u00f8r det enkelt \u00e5 pakke i barnevognen eller bleievesken. Enten du er ute p\u00e5 tur eller p\u00e5 reise, vil denne soveposen holde babyen varm og komfortabel uansett hvor du g\u00e5r.<img decoding=\"async\" class=\"size-medium wp-image-1601 aligncenter\" src=\"https:\/\/keluvo.com\/template\/wp-content\/uploads\/sites\/5\/2024\/10\/Screenshot_4-1-300x290.png\" alt=\"\" \/><\/p>\n<p>&nbsp;<\/p>\n","protected":false},"excerpt":{"rendered":"<p>Koselig og varm design Baby Swaddling Blanket er designet for \u00e5 holde den lille varm og komfortabel under kj\u00f8lige netter. [&hellip;]<\/p>\n","protected":false},"featured_media":2787,"comment_status":"open","ping_status":"closed","template":"","meta":{"site-sidebar-layout":"default","site-content-layout":"","ast-site-content-layout":"default","site-content-style":"default","site-sidebar-style":"default","ast-global-header-display":"","ast-banner-title-visibility":"","ast-main-header-display":"","ast-hfb-above-header-display":"","ast-hfb-below-header-display":"","ast-hfb-mobile-header-display":"","site-post-title":"","ast-breadcrumbs-content":"","ast-featured-img":"","footer-sml-layout":"","theme-transparent-header-meta":"default","adv-header-id-meta":"","stick-header-meta":"","header-above-stick-meta":"","header-main-stick-meta":"","header-below-stick-meta":"","astra-migrate-meta-layouts":"set","ast-page-background-enabled":"default","ast-page-background-meta":{"desktop":{"background-color":"var(--ast-global-color-4)","background-image":"","background-repeat":"repeat","background-position":"center center","background-size":"auto","background-attachment":"scroll","background-type":"","background-media":"","overlay-type":"","overlay-color":"","overlay-opacity":"","overlay-gradient":""},"tablet":{"background-color":"","background-image":"","background-repeat":"repeat","background-position":"center center","background-size":"auto","background-attachment":"scroll","background-type":"","background-media":"","overlay-type":"","overlay-color":"","overlay-opacity":"","overlay-gradient":""},"mobile":{"background-color":"","background-image":"","background-repeat":"repeat","background-position":"center center","background-size":"auto","background-attachment":"scroll","background-type":"","background-media":"","overlay-type":"","overlay-color":"","overlay-opacity":"","overlay-gradient":""}},"ast-content-background-meta":{"desktop":{"background-color":"var(--ast-global-color-5)","background-image":"","background-repeat":"repeat","background-position":"center center","background-size":"auto","background-attachment":"scroll","background-type":"","background-media":"","overlay-type":"","overlay-color":"","overlay-opacity":"","overlay-gradient":""},"tablet":{"background-color":"var(--ast-global-color-5)","background-image":"","background-repeat":"repeat","background-position":"center center","background-size":"auto","background-attachment":"scroll","background-type":"","background-media":"","overlay-type":"","overlay-color":"","overlay-opacity":"","overlay-gradient":""},"mobile":{"background-color":"var(--ast-global-color-5)","background-image":"","background-repeat":"repeat","background-position":"center center","background-size":"auto","background-attachment":"scroll","background-type":"","background-media":"","overlay-type":"","overlay-color":"","overlay-opacity":"","overlay-gradient":""}}},"product_brand":[],"product_cat":[990],"product_tag":[],"class_list":{"0":"post-2791","1":"product","2":"type-product","3":"status-publish","4":"has-post-thumbnail","6":"product_cat-leker-barne-og-babyprodukter","7":"pa_f49hw9du-brun","8":"pa_f49hw9du-gra","9":"pa_f49hw9du-khaki","10":"pa_f49hw9du-lys-gra","11":"pa_f49hw9du-mork-gra","12":"pa_f49hw9du-rosa","13":"pa_f49hw9du-svart","14":"desktop-align-left","15":"tablet-align-left","16":"mobile-align-left","18":"first","19":"instock","20":"shipping-taxable","21":"purchasable","22":"product-type-variable"},"_links":{"self":[{"href":"https:\/\/keluvo.com\/no\/wp-json\/wp\/v2\/product\/2791","targetHints":{"allow":["GET"]}}],"collection":[{"href":"https:\/\/keluvo.com\/no\/wp-json\/wp\/v2\/product"}],"about":[{"href":"https:\/\/keluvo.com\/no\/wp-json\/wp\/v2\/types\/product"}],"replies":[{"embeddable":true,"href":"https:\/\/keluvo.com\/no\/wp-json\/wp\/v2\/comments?post=2791"}],"wp:featuredmedia":[{"embeddable":true,"href":"https:\/\/keluvo.com\/no\/wp-json\/wp\/v2\/media\/2787"}],"wp:attachment":[{"href":"https:\/\/keluvo.com\/no\/wp-json\/wp\/v2\/media?parent=2791"}],"wp:term":[{"taxonomy":"product_brand","embeddable":true,"href":"https:\/\/keluvo.com\/no\/wp-json\/wp\/v2\/product_brand?post=2791"},{"taxonomy":"product_cat","embeddable":true,"href":"https:\/\/keluvo.com\/no\/wp-json\/wp\/v2\/product_cat?post=2791"},{"taxonomy":"product_tag","embeddable":true,"href":"https:\/\/keluvo.com\/no\/wp-json\/wp\/v2\/product_tag?post=2791"}],"curies":[{"name":"wp","href":"https:\/\/api.w.org\/{rel}","templated":true}]}}