{"id":27909,"date":"2025-06-24T19:47:40","date_gmt":"2025-06-24T17:47:40","guid":{"rendered":"https:\/\/keluvo.com\/no\/produkt\/harspray-2\/"},"modified":"2025-06-25T16:49:03","modified_gmt":"2025-06-25T14:49:03","slug":"harspray-2","status":"publish","type":"product","link":"https:\/\/keluvo.com\/no\/produkt\/harspray-2\/","title":{"rendered":"H\u00e5rspray"},"content":{"rendered":"<p style=\"text-align: center;\" data-start=\"144\" data-end=\"442\"><strong data-start=\"144\" data-end=\"199\">Style H\u00e5ret Ditt P\u00e5 Sekunder &#8211; Uten Rot, Uten Problemer! \ud83d\udc87\u200d\u2642\ufe0f\u2728<\/strong><br data-start=\"199\" data-end=\"202\" \/>Denne h\u00e5rsprayen for menn med innebygd kam gj\u00f8r det enklere enn noensinne \u00e5 skape rene, skarpe looks uten \u00e5 bruke hendene. Den er tilsatt 100 % ren arganolje og vitamin E, og gir n\u00e6ring til h\u00e5ret samtidig som det f\u00e5r en elegant, ungdommelig stil.<\/p>\n<p data-start=\"144\" data-end=\"442\"><img decoding=\"async\" class=\"size-full wp-image-24834 aligncenter\" src=\"https:\/\/keluvo.com\/template\/wp-content\/uploads\/sites\/5\/2025\/06\/gif1_f480d9d5-4971-49d8-8a76-58b29d4b14ac.webp\" alt=\"\" \/><\/p>\n<h2 style=\"text-align: center;\" data-start=\"449\" data-end=\"471\">Hovedfordeler \ud83d\udd25<\/h2>\n<p data-start=\"474\" data-end=\"521\">\ud83e\uddf4 Innebygd kam for enkel, h\u00e5ndfri styling<\/p>\n<p data-start=\"524\" data-end=\"586\">\ud83d\udca7 Beriket med ren arganolje &amp; Vitamin E for sunt h\u00e5r<\/p>\n<p data-start=\"589\" data-end=\"641\">\ud83d\udcaa Langvarig hold uten flassing eller fethet<\/p>\n<p data-start=\"644\" data-end=\"702\">\ud83d\udd52 Styler h\u00e5ret p\u00e5 sekunder &#8211; perfekt for travle morgener<\/p>\n<p data-start=\"705\" data-end=\"735\">\ud83d\udcbc Kompakt og reisevennlig<\/p>\n<p data-start=\"705\" data-end=\"735\"><img decoding=\"async\" class=\"size-full wp-image-24835 aligncenter\" src=\"https:\/\/keluvo.com\/template\/wp-content\/uploads\/sites\/5\/2025\/06\/abe09139-8dac-443e-abe7-30592585c971.webp\" alt=\"\" \/><\/p>\n<h2 style=\"text-align: center;\" data-start=\"742\" data-end=\"761\">Hvordan bruke \ud83d\udc47<\/h2>\n<ol data-start=\"762\" data-end=\"910\">\n<li data-start=\"762\" data-end=\"812\">\n<p data-start=\"765\" data-end=\"812\">Vri for \u00e5 l\u00e5se opp og klem forsiktig p\u00e5 flasken<\/p>\n<\/li>\n<li data-start=\"813\" data-end=\"870\">\n<p data-start=\"816\" data-end=\"870\">Kam gjennom h\u00e5ret ved hjelp av den innebygde applikatoren<\/p>\n<\/li>\n<li data-start=\"871\" data-end=\"910\">\n<p data-start=\"874\" data-end=\"910\">Styl og g\u00e5 &#8211; ingen h\u00e5ndkontakt n\u00f8dvendig!<\/p>\n<\/li>\n<\/ol>\n<h2 style=\"text-align: center;\" data-start=\"917\" data-end=\"941\">Produktdetaljer \ud83d\udccb<\/h2>\n<ul data-start=\"942\" data-end=\"1083\">\n<li data-start=\"942\" data-end=\"991\">\n<p data-start=\"944\" data-end=\"991\">100 ml flaske med kamapplikator<\/p>\n<\/li>\n<li data-start=\"992\" data-end=\"1041\">\n<p data-start=\"994\" data-end=\"1041\">Naturlig, n\u00e6rende formel uten oppbygging<\/p>\n<\/li>\n<li data-start=\"1042\" data-end=\"1083\">\n<p data-start=\"1044\" data-end=\"1083\">Legner seg for alle h\u00e5rtyper og lengder<\/p>\n<\/li>\n<\/ul>\n<h2 style=\"text-align: center;\" data-start=\"1090\" data-end=\"1115\">Pakken inkluderer \ud83d\udce6<\/h2>\n<ul data-start=\"1116\" data-end=\"1160\">\n<li data-start=\"1116\" data-end=\"1160\">\n<p data-start=\"1118\" data-end=\"1160\">1x h\u00e5rspray med innebygd kam<\/p>\n<\/li>\n<\/ul>\n","protected":false},"excerpt":{"rendered":"<p>Style H\u00e5ret Ditt P\u00e5 Sekunder &#8211; Uten Rot, Uten Problemer! \ud83d\udc87\u200d\u2642\ufe0f\u2728Denne h\u00e5rsprayen for menn med innebygd kam gj\u00f8r det enklere [&hellip;]<\/p>\n","protected":false},"featured_media":27905,"comment_status":"open","ping_status":"closed","template":"","meta":{"site-sidebar-layout":"default","site-content-layout":"","ast-site-content-layout":"default","site-content-style":"default","site-sidebar-style":"default","ast-global-header-display":"","ast-banner-title-visibility":"","ast-main-header-display":"","ast-hfb-above-header-display":"","ast-hfb-below-header-display":"","ast-hfb-mobile-header-display":"","site-post-title":"","ast-breadcrumbs-content":"","ast-featured-img":"","footer-sml-layout":"","theme-transparent-header-meta":"default","adv-header-id-meta":"","stick-header-meta":"","header-above-stick-meta":"","header-main-stick-meta":"","header-below-stick-meta":"","astra-migrate-meta-layouts":"set","ast-page-background-enabled":"default","ast-page-background-meta":{"desktop":{"background-color":"var(--ast-global-color-4)","background-image":"","background-repeat":"repeat","background-position":"center center","background-size":"auto","background-attachment":"scroll","background-type":"","background-media":"","overlay-type":"","overlay-color":"","overlay-opacity":"","overlay-gradient":""},"tablet":{"background-color":"","background-image":"","background-repeat":"repeat","background-position":"center center","background-size":"auto","background-attachment":"scroll","background-type":"","background-media":"","overlay-type":"","overlay-color":"","overlay-opacity":"","overlay-gradient":""},"mobile":{"background-color":"","background-image":"","background-repeat":"repeat","background-position":"center center","background-size":"auto","background-attachment":"scroll","background-type":"","background-media":"","overlay-type":"","overlay-color":"","overlay-opacity":"","overlay-gradient":""}},"ast-content-background-meta":{"desktop":{"background-color":"var(--ast-global-color-5)","background-image":"","background-repeat":"repeat","background-position":"center center","background-size":"auto","background-attachment":"scroll","background-type":"","background-media":"","overlay-type":"","overlay-color":"","overlay-opacity":"","overlay-gradient":""},"tablet":{"background-color":"var(--ast-global-color-5)","background-image":"","background-repeat":"repeat","background-position":"center center","background-size":"auto","background-attachment":"scroll","background-type":"","background-media":"","overlay-type":"","overlay-color":"","overlay-opacity":"","overlay-gradient":""},"mobile":{"background-color":"var(--ast-global-color-5)","background-image":"","background-repeat":"repeat","background-position":"center center","background-size":"auto","background-attachment":"scroll","background-type":"","background-media":"","overlay-type":"","overlay-color":"","overlay-opacity":"","overlay-gradient":""}}},"product_brand":[],"product_cat":[992],"product_tag":[],"class_list":{"0":"post-27909","1":"product","2":"type-product","3":"status-publish","4":"has-post-thumbnail","6":"product_cat-skjonnhets-og-hygieneprodukter","7":"pa_30729_q7bvr57x-1-stk","8":"pa_30729_q7bvr57x-2-stk","9":"pa_30729_q7bvr57x-3-stk","10":"desktop-align-left","11":"tablet-align-left","12":"mobile-align-left","14":"first","15":"instock","16":"shipping-taxable","17":"purchasable","18":"product-type-variable"},"_links":{"self":[{"href":"https:\/\/keluvo.com\/no\/wp-json\/wp\/v2\/product\/27909","targetHints":{"allow":["GET"]}}],"collection":[{"href":"https:\/\/keluvo.com\/no\/wp-json\/wp\/v2\/product"}],"about":[{"href":"https:\/\/keluvo.com\/no\/wp-json\/wp\/v2\/types\/product"}],"replies":[{"embeddable":true,"href":"https:\/\/keluvo.com\/no\/wp-json\/wp\/v2\/comments?post=27909"}],"wp:featuredmedia":[{"embeddable":true,"href":"https:\/\/keluvo.com\/no\/wp-json\/wp\/v2\/media\/27905"}],"wp:attachment":[{"href":"https:\/\/keluvo.com\/no\/wp-json\/wp\/v2\/media?parent=27909"}],"wp:term":[{"taxonomy":"product_brand","embeddable":true,"href":"https:\/\/keluvo.com\/no\/wp-json\/wp\/v2\/product_brand?post=27909"},{"taxonomy":"product_cat","embeddable":true,"href":"https:\/\/keluvo.com\/no\/wp-json\/wp\/v2\/product_cat?post=27909"},{"taxonomy":"product_tag","embeddable":true,"href":"https:\/\/keluvo.com\/no\/wp-json\/wp\/v2\/product_tag?post=27909"}],"curies":[{"name":"wp","href":"https:\/\/api.w.org\/{rel}","templated":true}]}}