{"id":27817,"date":"2025-06-24T15:28:22","date_gmt":"2025-06-24T13:28:22","guid":{"rendered":"https:\/\/keluvo.com\/no\/produkt\/briller\/"},"modified":"2025-06-25T16:45:15","modified_gmt":"2025-06-25T14:45:15","slug":"briller","status":"publish","type":"product","link":"https:\/\/keluvo.com\/no\/produkt\/briller\/","title":{"rendered":"Briller"},"content":{"rendered":"<h2 style=\"text-align: center;\">Beskytt \u00d8ynene Dine Og Se Klart &#8211; N\u00e5r Som Helst, Hvor Som Helst! \ud83d\udc53<\/h2>\n<p style=\"text-align: center;\">Disse brillene mot bl\u00e5tt lys er designet for \u00e5 redusere belastningen p\u00e5 \u00f8ynene, forbedre fokus og holde synet klart, uansett om du kj\u00f8rer, leser eller bruker telefonen. De er laget med importerte linser og smart zoomteknologi, og er perfekte for alle som tilbringer mange timer foran en skjerm eller bak rattet.<\/p>\n<p><img fetchpriority=\"high\" decoding=\"async\" class=\"alignnone wp-image-24751 aligncenter\" src=\"https:\/\/keluvo.com\/template\/wp-content\/uploads\/sites\/5\/2025\/06\/4e8724fb-74d0-431f-aad0-9bccd3e59144.gif\" alt=\"\" width=\"498\" height=\"332\" \/><\/p>\n<h2 style=\"text-align: center;\">Hovedfordeler \ud83c\udf1f<\/h2>\n<p>\ud83d\udc41\ufe0f\u200d\ud83d\udde8\ufe0f Filtrerer skadelig bl\u00e5tt lys<\/p>\n<p>\ud83d\ude98 Forbedrer kj\u00f8reklarheten, spesielt om natten<\/p>\n<p>\ud83d\udcf1 Reduserer tretthet p\u00e5 skjermen ved bruk av telefon og nettbrett<\/p>\n<p>\ud83d\udcda Perfekt for lesing uten \u00e5 myse<\/p>\n<p>\ud83d\udcaa Splintresistent og ultra-durable<\/p>\n<p>\ud83c\udde9\ud83c\uddea Tysk innfatningsdesign + japanske linser<\/p>\n<p><img decoding=\"async\" class=\" wp-image-24752 aligncenter\" src=\"https:\/\/keluvo.com\/template\/wp-content\/uploads\/sites\/5\/2025\/06\/44ccd234-2e7b-4d56-89d3-2b06f2789af5.gif\" alt=\"\" width=\"500\" height=\"281\" \/><\/p>\n<h2 style=\"text-align: center;\">Slik Bruker Du Dem \ud83d\udee0\ufe0f<\/h2>\n<ol>\n<li>Put Ta dem p\u00e5 akkurat som vanlige briller.<\/li>\n<li>Bruk dem n\u00e5r du kj\u00f8rer bil, leser eller bruker enheter, og f\u00e5 klarere syn og mindre anstrengte \u00f8yne.<\/li>\n<li>F\u00e5 klarere syn og mindre belastning p\u00e5 \u00f8ynene umiddelbart.<\/li>\n<\/ol>\n<p><img decoding=\"async\" class=\"alignnone wp-image-24753 aligncenter\" src=\"https:\/\/keluvo.com\/template\/wp-content\/uploads\/sites\/5\/2025\/06\/997816d5-e9f4-45fe-b2ba-66b319d58cdf.gif\" alt=\"\" width=\"500\" height=\"500\" \/><\/p>\n<h2 style=\"text-align: center;\">Produktdetaljer \ud83d\udce6<\/h2>\n<ul>\n<li>Frame: Lett, fleksibel og stilig<\/li>\n<li>Linser: Antibl\u00e5tt lys-belegg, zoom-funksjonalitet<\/li>\n<li>Unisex-design for menn og kvinner<\/li>\n<li>Splintsikker og bygget for \u00e5 vare<\/li>\n<\/ul>\n<h2 style=\"text-align: center;\">Pakken Inkluderer \ud83c\udf81<\/h2>\n<ul>\n<li>1 x lesebriller med antibl\u00e5tt lys<\/li>\n<li>Beskyttende b\u00e6reveske<\/li>\n<\/ul>\n","protected":false},"excerpt":{"rendered":"<p>Beskytt \u00d8ynene Dine Og Se Klart &#8211; N\u00e5r Som Helst, Hvor Som Helst! \ud83d\udc53 Disse brillene mot bl\u00e5tt lys er [&hellip;]<\/p>\n","protected":false},"featured_media":27814,"comment_status":"open","ping_status":"closed","template":"","meta":{"site-sidebar-layout":"default","site-content-layout":"","ast-site-content-layout":"default","site-content-style":"default","site-sidebar-style":"default","ast-global-header-display":"","ast-banner-title-visibility":"","ast-main-header-display":"","ast-hfb-above-header-display":"","ast-hfb-below-header-display":"","ast-hfb-mobile-header-display":"","site-post-title":"","ast-breadcrumbs-content":"","ast-featured-img":"","footer-sml-layout":"","theme-transparent-header-meta":"default","adv-header-id-meta":"","stick-header-meta":"","header-above-stick-meta":"","header-main-stick-meta":"","header-below-stick-meta":"","astra-migrate-meta-layouts":"set","ast-page-background-enabled":"default","ast-page-background-meta":{"desktop":{"background-color":"var(--ast-global-color-4)","background-image":"","background-repeat":"repeat","background-position":"center center","background-size":"auto","background-attachment":"scroll","background-type":"","background-media":"","overlay-type":"","overlay-color":"","overlay-opacity":"","overlay-gradient":""},"tablet":{"background-color":"","background-image":"","background-repeat":"repeat","background-position":"center center","background-size":"auto","background-attachment":"scroll","background-type":"","background-media":"","overlay-type":"","overlay-color":"","overlay-opacity":"","overlay-gradient":""},"mobile":{"background-color":"","background-image":"","background-repeat":"repeat","background-position":"center center","background-size":"auto","background-attachment":"scroll","background-type":"","background-media":"","overlay-type":"","overlay-color":"","overlay-opacity":"","overlay-gradient":""}},"ast-content-background-meta":{"desktop":{"background-color":"var(--ast-global-color-5)","background-image":"","background-repeat":"repeat","background-position":"center center","background-size":"auto","background-attachment":"scroll","background-type":"","background-media":"","overlay-type":"","overlay-color":"","overlay-opacity":"","overlay-gradient":""},"tablet":{"background-color":"var(--ast-global-color-5)","background-image":"","background-repeat":"repeat","background-position":"center center","background-size":"auto","background-attachment":"scroll","background-type":"","background-media":"","overlay-type":"","overlay-color":"","overlay-opacity":"","overlay-gradient":""},"mobile":{"background-color":"var(--ast-global-color-5)","background-image":"","background-repeat":"repeat","background-position":"center center","background-size":"auto","background-attachment":"scroll","background-type":"","background-media":"","overlay-type":"","overlay-color":"","overlay-opacity":"","overlay-gradient":""}}},"product_brand":[],"product_cat":[993],"product_tag":[],"class_list":{"0":"post-27817","1":"product","2":"type-product","3":"status-publish","4":"has-post-thumbnail","6":"product_cat-skotoy-tilbehor","7":"pa_29747_o8vm569u-5029","8":"pa_29747_o8vm569u-5030","9":"pa_29747_o8vm569u-5031","10":"pa_29747_o8vm569u-5032","11":"pa_29747_o8vm569u-5033","12":"pa_29747_o8vm569u-5034","13":"pa_29747_o8vm569u-5035","14":"desktop-align-left","15":"tablet-align-left","16":"mobile-align-left","18":"first","19":"instock","20":"shipping-taxable","21":"purchasable","22":"product-type-variable"},"_links":{"self":[{"href":"https:\/\/keluvo.com\/no\/wp-json\/wp\/v2\/product\/27817","targetHints":{"allow":["GET"]}}],"collection":[{"href":"https:\/\/keluvo.com\/no\/wp-json\/wp\/v2\/product"}],"about":[{"href":"https:\/\/keluvo.com\/no\/wp-json\/wp\/v2\/types\/product"}],"replies":[{"embeddable":true,"href":"https:\/\/keluvo.com\/no\/wp-json\/wp\/v2\/comments?post=27817"}],"wp:featuredmedia":[{"embeddable":true,"href":"https:\/\/keluvo.com\/no\/wp-json\/wp\/v2\/media\/27814"}],"wp:attachment":[{"href":"https:\/\/keluvo.com\/no\/wp-json\/wp\/v2\/media?parent=27817"}],"wp:term":[{"taxonomy":"product_brand","embeddable":true,"href":"https:\/\/keluvo.com\/no\/wp-json\/wp\/v2\/product_brand?post=27817"},{"taxonomy":"product_cat","embeddable":true,"href":"https:\/\/keluvo.com\/no\/wp-json\/wp\/v2\/product_cat?post=27817"},{"taxonomy":"product_tag","embeddable":true,"href":"https:\/\/keluvo.com\/no\/wp-json\/wp\/v2\/product_tag?post=27817"}],"curies":[{"name":"wp","href":"https:\/\/api.w.org\/{rel}","templated":true}]}}