{"id":27800,"date":"2025-06-24T15:26:37","date_gmt":"2025-06-24T13:26:37","guid":{"rendered":"https:\/\/keluvo.com\/no\/produkt\/ai-fiskesluk\/"},"modified":"2025-06-24T15:26:37","modified_gmt":"2025-06-24T13:26:37","slug":"ai-fiskesluk","status":"publish","type":"product","link":"https:\/\/keluvo.com\/no\/produkt\/ai-fiskesluk\/","title":{"rendered":"AI fiskesluk"},"content":{"rendered":"<p style=\"text-align: center\"><strong>\ud83c\udfa3 Fang Smartere, Ikke Vanskeligere\u2014Med Det AI-Drevne Fiskesluken!<\/strong><\/p>\n<p style=\"text-align: center\">Denne oppladbare sluken etterligner ekte fiskebevegelser, og tiltrekker seg napp som aldri f\u00f8r. Det er designet for \u00e5 bevege seg naturlig og blinke under vann, og er det ultimate verkt\u00f8yet for \u00e5 lande st\u00f8rre fisk med mindre innsats. Enten du er helgefisker eller en erfaren proff, vil dette sluket oppgradere fiskeutstyret ditt umiddelbart.<\/p>\n<p><img decoding=\"async\" class=\"alignnone size-full wp-image-24727 aligncenter\" src=\"https:\/\/keluvo.com\/template\/wp-content\/uploads\/sites\/5\/2025\/06\/ezgif-2-4121499ab8.gif\" alt=\"\" \/><\/p>\n<h2 style=\"text-align: center\">\ud83c\udf1f Hovedfordeler<\/h2>\n<p>\ud83d\udc1f Realistisk sv\u00f8mming for uimotst\u00e5elig agn<\/p>\n<p>\ud83d\udca1 Innebygd blinkende lys for \u00e5 tiltrekke fisk i alle vann<\/p>\n<p>\ud83d\udd01 Beveger seg automatisk &#8211; ingen konstant opprulling n\u00f8dvendig<\/p>\n<p>\ud83d\udd0b USB-oppladbar (lader inkludert)<\/p>\n<p>\ud83d\udee0\ufe0f Enkel \u00e5 bruke &#8211; bare knyt og kast<\/p>\n<p><img decoding=\"async\" class=\"alignnone size-full wp-image-24730 aligncenter\" src=\"https:\/\/keluvo.com\/template\/wp-content\/uploads\/sites\/5\/2025\/06\/7f3a9559-7d52-4fe1-b22b-3b4dd2a08411.jpg\" alt=\"\" \/><\/p>\n<h2 style=\"text-align: center\">\u2705 Slik Bruker Du Den:<\/h2>\n<ol>\n<li>Lad sluken helt opp ved hjelp av den medf\u00f8lgende kabelen.<\/li>\n<li>Knyt den til fiskesn\u00f8ret og kast den ut i vannet.<\/li>\n<li>Se den sv\u00f8mme av seg selv og vent p\u00e5 napp!<\/li>\n<\/ol>\n<p><img decoding=\"async\" class=\"alignnone size-full wp-image-24731 aligncenter\" src=\"https:\/\/keluvo.com\/template\/wp-content\/uploads\/sites\/5\/2025\/06\/lure-Robotic-Swimming-Lure-USB-Rechargeable-LED-Light-Multi-Jointed-Swimbait-Inteli-Self-Propelling-Electric-Fishing.jpg_-1024x1024-1.jpg\" alt=\"\" \/><\/p>\n<h2 style=\"text-align: center\">\ud83d\udce6 Produktdetaljer:<\/h2>\n<ul>\n<li>Lengde: 12,5 cm<\/li>\n<li>Dybde: dykker ca. 2,5 m<\/li>\n<li>Inkludert: AI-sn\u00f8re, USB-ladekabel og ekstra tilbeh\u00f8r<\/li>\n<\/ul>\n<h2 style=\"text-align: center\">\ud83d\udcec Pakken Inkluderer:<\/h2>\n<ul>\n<li>1x fiskesn\u00f8re<\/li>\n<li>1x USB-lader<\/li>\n<li>1x krok + spinner-sett<\/li>\n<\/ul>\n","protected":false},"excerpt":{"rendered":"<p>\ud83c\udfa3 Fang Smartere, Ikke Vanskeligere\u2014Med Det AI-Drevne Fiskesluken! Denne oppladbare sluken etterligner ekte fiskebevegelser, og tiltrekker seg napp som aldri [&hellip;]<\/p>\n","protected":false},"featured_media":27796,"comment_status":"open","ping_status":"closed","template":"","meta":{"site-sidebar-layout":"default","site-content-layout":"","ast-site-content-layout":"default","site-content-style":"default","site-sidebar-style":"default","ast-global-header-display":"","ast-banner-title-visibility":"","ast-main-header-display":"","ast-hfb-above-header-display":"","ast-hfb-below-header-display":"","ast-hfb-mobile-header-display":"","site-post-title":"","ast-breadcrumbs-content":"","ast-featured-img":"","footer-sml-layout":"","theme-transparent-header-meta":"default","adv-header-id-meta":"","stick-header-meta":"","header-above-stick-meta":"","header-main-stick-meta":"","header-below-stick-meta":"","astra-migrate-meta-layouts":"set","ast-page-background-enabled":"default","ast-page-background-meta":{"desktop":{"background-color":"var(--ast-global-color-4)","background-image":"","background-repeat":"repeat","background-position":"center center","background-size":"auto","background-attachment":"scroll","background-type":"","background-media":"","overlay-type":"","overlay-color":"","overlay-opacity":"","overlay-gradient":""},"tablet":{"background-color":"","background-image":"","background-repeat":"repeat","background-position":"center center","background-size":"auto","background-attachment":"scroll","background-type":"","background-media":"","overlay-type":"","overlay-color":"","overlay-opacity":"","overlay-gradient":""},"mobile":{"background-color":"","background-image":"","background-repeat":"repeat","background-position":"center center","background-size":"auto","background-attachment":"scroll","background-type":"","background-media":"","overlay-type":"","overlay-color":"","overlay-opacity":"","overlay-gradient":""}},"ast-content-background-meta":{"desktop":{"background-color":"var(--ast-global-color-5)","background-image":"","background-repeat":"repeat","background-position":"center center","background-size":"auto","background-attachment":"scroll","background-type":"","background-media":"","overlay-type":"","overlay-color":"","overlay-opacity":"","overlay-gradient":""},"tablet":{"background-color":"var(--ast-global-color-5)","background-image":"","background-repeat":"repeat","background-position":"center center","background-size":"auto","background-attachment":"scroll","background-type":"","background-media":"","overlay-type":"","overlay-color":"","overlay-opacity":"","overlay-gradient":""},"mobile":{"background-color":"var(--ast-global-color-5)","background-image":"","background-repeat":"repeat","background-position":"center center","background-size":"auto","background-attachment":"scroll","background-type":"","background-media":"","overlay-type":"","overlay-color":"","overlay-opacity":"","overlay-gradient":""}}},"product_brand":[],"product_cat":[1000],"product_tag":[],"class_list":{"0":"post-27800","1":"product","2":"type-product","3":"status-publish","4":"has-post-thumbnail","6":"product_cat-tur-camping-og-fritidsutstyr","7":"desktop-align-left","8":"tablet-align-left","9":"mobile-align-left","11":"first","12":"instock","13":"shipping-taxable","14":"purchasable","15":"product-type-simple"},"_links":{"self":[{"href":"https:\/\/keluvo.com\/no\/wp-json\/wp\/v2\/product\/27800","targetHints":{"allow":["GET"]}}],"collection":[{"href":"https:\/\/keluvo.com\/no\/wp-json\/wp\/v2\/product"}],"about":[{"href":"https:\/\/keluvo.com\/no\/wp-json\/wp\/v2\/types\/product"}],"replies":[{"embeddable":true,"href":"https:\/\/keluvo.com\/no\/wp-json\/wp\/v2\/comments?post=27800"}],"wp:featuredmedia":[{"embeddable":true,"href":"https:\/\/keluvo.com\/no\/wp-json\/wp\/v2\/media\/27796"}],"wp:attachment":[{"href":"https:\/\/keluvo.com\/no\/wp-json\/wp\/v2\/media?parent=27800"}],"wp:term":[{"taxonomy":"product_brand","embeddable":true,"href":"https:\/\/keluvo.com\/no\/wp-json\/wp\/v2\/product_brand?post=27800"},{"taxonomy":"product_cat","embeddable":true,"href":"https:\/\/keluvo.com\/no\/wp-json\/wp\/v2\/product_cat?post=27800"},{"taxonomy":"product_tag","embeddable":true,"href":"https:\/\/keluvo.com\/no\/wp-json\/wp\/v2\/product_tag?post=27800"}],"curies":[{"name":"wp","href":"https:\/\/api.w.org\/{rel}","templated":true}]}}