{"id":27783,"date":"2025-06-24T15:25:58","date_gmt":"2025-06-24T13:25:58","guid":{"rendered":"https:\/\/keluvo.com\/no\/produkt\/bor-for-firkantet-hull\/"},"modified":"2025-06-24T15:26:11","modified_gmt":"2025-06-24T13:26:11","slug":"bor-for-firkantet-hull","status":"publish","type":"product","link":"https:\/\/keluvo.com\/no\/produkt\/bor-for-firkantet-hull\/","title":{"rendered":"Bor for firkantet hull"},"content":{"rendered":"<p style=\"text-align: center\"><strong>\ud83e\udeb5 Lag Perfekte Firkantede Hull\u2014Raskt, Rent Og Presist!<\/strong><\/p>\n<p style=\"text-align: center\">Denne innovative firkantmeiselen er det ideelle verkt\u00f8yet for profesjonelle trearbeidere og gj\u00f8r-det-selv-entusiaster. Den forvandler din standard bormaskin til en kraftig stansemaskin som hjelper deg med \u00e5 lage rene, firkantede hull uten problemer.<\/p>\n<p><img decoding=\"async\" class=\"alignnone size-full wp-image-24721 aligncenter\" src=\"https:\/\/keluvo.com\/template\/wp-content\/uploads\/sites\/5\/2025\/06\/4-14.jpg\" alt=\"\" \/><\/p>\n<h2 style=\"text-align: center\">\ud83c\udf1f Hovedfordeler:<\/h2>\n<p>\ud83e\uddf0 Borer presise firkantede hull i tre, plast og mer<\/p>\n<p>\ud83e\ude9a \u00d8ker n\u00f8yaktigheten og h\u00e5ndverket i hvert prosjekt<\/p>\n<p>\ud83c\udf00 Firetrinns skj\u00e6resystem for jevne, rene resultater<\/p>\n<p>\ud83d\udd29 Passer til de fleste standard borpresser<\/p>\n<p>\ud83e\udeb5 Perfekt for skap-, m\u00f8bel- eller snekkerarbeid<\/p>\n<p><img decoding=\"async\" class=\"aligncenter wp-image-24724 size-full\" src=\"https:\/\/keluvo.com\/template\/wp-content\/uploads\/sites\/5\/2025\/06\/55c54054-57c6-48da-b575-c06760672944-e1750755139692.webp\" alt=\"\" \/><\/p>\n<h2 style=\"text-align: center\">\u2705 Slik Bruker Du Den:<\/h2>\n<ol>\n<li>Installer meiselen i borpressen.<\/li>\n<li>Bor sakte nedover for \u00e5 lage et perfekt firkantet hull.<\/li>\n<li>Gjenta for flere skj\u00f8ter eller design.<\/li>\n<\/ol>\n<p><img decoding=\"async\" class=\"alignnone size-full wp-image-24723 aligncenter\" src=\"https:\/\/keluvo.com\/template\/wp-content\/uploads\/sites\/5\/2025\/06\/d74b13c7-743b-4e6f-826d-0ce7a1271a4a.jpg\" alt=\"\" \/><\/p>\n<h2 style=\"text-align: center\">\ud83d\udce6 Produktdetaljer:<\/h2>\n<ul>\n<li>Tilgjengelige st\u00f8rrelser: 6 mm, 8 mm, 10 mm, 12 mm, 16 mm<\/li>\n<li>Materiale: h\u00f8yfast legert st\u00e5l<\/li>\n<li>Egnet for: tre, PVC, plast og mer<\/li>\n<\/ul>\n<h2 style=\"text-align: center\">\ud83d\udcec Pakken Inkluderer:<\/h2>\n<ul>\n<li>1x firkantet meisel i din valgte st\u00f8rrelse<\/li>\n<\/ul>\n","protected":false},"excerpt":{"rendered":"<p>\ud83e\udeb5 Lag Perfekte Firkantede Hull\u2014Raskt, Rent Og Presist! Denne innovative firkantmeiselen er det ideelle verkt\u00f8yet for profesjonelle trearbeidere og gj\u00f8r-det-selv-entusiaster. [&hellip;]<\/p>\n","protected":false},"featured_media":27779,"comment_status":"open","ping_status":"closed","template":"","meta":{"site-sidebar-layout":"default","site-content-layout":"","ast-site-content-layout":"default","site-content-style":"default","site-sidebar-style":"default","ast-global-header-display":"","ast-banner-title-visibility":"","ast-main-header-display":"","ast-hfb-above-header-display":"","ast-hfb-below-header-display":"","ast-hfb-mobile-header-display":"","site-post-title":"","ast-breadcrumbs-content":"","ast-featured-img":"","footer-sml-layout":"","theme-transparent-header-meta":"default","adv-header-id-meta":"","stick-header-meta":"","header-above-stick-meta":"","header-main-stick-meta":"","header-below-stick-meta":"","astra-migrate-meta-layouts":"set","ast-page-background-enabled":"default","ast-page-background-meta":{"desktop":{"background-color":"var(--ast-global-color-4)","background-image":"","background-repeat":"repeat","background-position":"center center","background-size":"auto","background-attachment":"scroll","background-type":"","background-media":"","overlay-type":"","overlay-color":"","overlay-opacity":"","overlay-gradient":""},"tablet":{"background-color":"","background-image":"","background-repeat":"repeat","background-position":"center center","background-size":"auto","background-attachment":"scroll","background-type":"","background-media":"","overlay-type":"","overlay-color":"","overlay-opacity":"","overlay-gradient":""},"mobile":{"background-color":"","background-image":"","background-repeat":"repeat","background-position":"center center","background-size":"auto","background-attachment":"scroll","background-type":"","background-media":"","overlay-type":"","overlay-color":"","overlay-opacity":"","overlay-gradient":""}},"ast-content-background-meta":{"desktop":{"background-color":"var(--ast-global-color-5)","background-image":"","background-repeat":"repeat","background-position":"center center","background-size":"auto","background-attachment":"scroll","background-type":"","background-media":"","overlay-type":"","overlay-color":"","overlay-opacity":"","overlay-gradient":""},"tablet":{"background-color":"var(--ast-global-color-5)","background-image":"","background-repeat":"repeat","background-position":"center center","background-size":"auto","background-attachment":"scroll","background-type":"","background-media":"","overlay-type":"","overlay-color":"","overlay-opacity":"","overlay-gradient":""},"mobile":{"background-color":"var(--ast-global-color-5)","background-image":"","background-repeat":"repeat","background-position":"center center","background-size":"auto","background-attachment":"scroll","background-type":"","background-media":"","overlay-type":"","overlay-color":"","overlay-opacity":"","overlay-gradient":""}}},"product_brand":[],"product_cat":[996],"product_tag":[],"class_list":{"0":"post-27783","1":"product","2":"type-product","3":"status-publish","4":"has-post-thumbnail","6":"product_cat-verktoy","7":"pa_32333_ufgp2s0w-64-mm","8":"pa_32333_ufgp2s0w-8-mm","9":"pa_32333_ufgp2s0w-95-mm","10":"pa_32333_ufgp2s0w-10-mm","11":"pa_32333_ufgp2s0w-127-mm","12":"pa_32333_ufgp2s0w-fullt-sett","13":"desktop-align-left","14":"tablet-align-left","15":"mobile-align-left","17":"first","18":"instock","19":"shipping-taxable","20":"purchasable","21":"product-type-variable"},"_links":{"self":[{"href":"https:\/\/keluvo.com\/no\/wp-json\/wp\/v2\/product\/27783","targetHints":{"allow":["GET"]}}],"collection":[{"href":"https:\/\/keluvo.com\/no\/wp-json\/wp\/v2\/product"}],"about":[{"href":"https:\/\/keluvo.com\/no\/wp-json\/wp\/v2\/types\/product"}],"replies":[{"embeddable":true,"href":"https:\/\/keluvo.com\/no\/wp-json\/wp\/v2\/comments?post=27783"}],"wp:featuredmedia":[{"embeddable":true,"href":"https:\/\/keluvo.com\/no\/wp-json\/wp\/v2\/media\/27779"}],"wp:attachment":[{"href":"https:\/\/keluvo.com\/no\/wp-json\/wp\/v2\/media?parent=27783"}],"wp:term":[{"taxonomy":"product_brand","embeddable":true,"href":"https:\/\/keluvo.com\/no\/wp-json\/wp\/v2\/product_brand?post=27783"},{"taxonomy":"product_cat","embeddable":true,"href":"https:\/\/keluvo.com\/no\/wp-json\/wp\/v2\/product_cat?post=27783"},{"taxonomy":"product_tag","embeddable":true,"href":"https:\/\/keluvo.com\/no\/wp-json\/wp\/v2\/product_tag?post=27783"}],"curies":[{"name":"wp","href":"https:\/\/api.w.org\/{rel}","templated":true}]}}