{"id":27696,"date":"2025-06-24T10:27:58","date_gmt":"2025-06-24T08:27:58","guid":{"rendered":"https:\/\/keluvo.com\/no\/produkt\/alien-maske\/"},"modified":"2025-06-24T10:28:08","modified_gmt":"2025-06-24T08:28:08","slug":"alien-maske","status":"publish","type":"product","link":"https:\/\/keluvo.com\/no\/produkt\/alien-maske\/","title":{"rendered":"Alien-maske"},"content":{"rendered":"<p style=\"text-align: center\" data-start=\"67\" data-end=\"129\"><strong>\ud83d\udc7d Bli Alien-Freak For Vennene Dine Og Stjel Showet!<\/strong><\/p>\n<p style=\"text-align: center\" data-start=\"131\" data-end=\"358\">Denne realistiske alien-masken er den perfekte m\u00e5ten \u00e5 skape litt utenomjordisk moro p\u00e5 fester, sk\u00f8yerstreker eller halloween. Den er laget av myk lateks og designet med uhyggelige detaljer, og den er skummel, komfortabel og vil garantert vekke oppsikt hvor enn du g\u00e5r.<\/p>\n<p data-start=\"131\" data-end=\"358\"><img fetchpriority=\"high\" decoding=\"async\" class=\" wp-image-24641 aligncenter\" src=\"https:\/\/keluvo.com\/template\/wp-content\/uploads\/sites\/5\/2025\/06\/24e48f49301e26c9153651a1ecb19cf4.webp\" alt=\"\" width=\"491\" height=\"491\" \/><\/p>\n<h2 style=\"text-align: center\" data-start=\"360\" data-end=\"381\">\ud83c\udf1f Hovedfordeler<\/h2>\n<p data-start=\"384\" data-end=\"442\">\ud83d\udef8 Ultrarealistisk alien-design for maksimal sjokkfaktor<\/p>\n<p data-start=\"445\" data-end=\"502\">\ud83d\ude02 Flott for kostymer, vitser, fester og virale sprell<\/p>\n<p data-start=\"505\" data-end=\"554\">\ud83e\udde0 Passer de fleste hodest\u00f8rrelser &#8211; enkel \u00e5 ta av og p\u00e5<\/p>\n<p data-start=\"557\" data-end=\"612\">\ud83e\uddfd Mykt lateksmateriale som er fleksibelt og pustende<\/p>\n<p data-start=\"615\" data-end=\"661\">\ud83c\udf83 Et must for Halloween- eller cosplayfans<\/p>\n<p data-start=\"615\" data-end=\"661\"><img decoding=\"async\" class=\" wp-image-24640 aligncenter\" src=\"https:\/\/keluvo.com\/template\/wp-content\/uploads\/sites\/5\/2025\/06\/5f84caa1b1e22e25d8ca10723e373f771e3db0c875890eee413ffdef3f2858d1.webp\" alt=\"\" width=\"500\" height=\"281\" \/><\/p>\n<h2 style=\"text-align: center\">\u2705 Slik Bruker Du Den<\/h2>\n<ol data-start=\"681\" data-end=\"807\">\n<li data-start=\"681\" data-end=\"723\">\n<p data-start=\"684\" data-end=\"723\">Strekk masken over hodet.<\/p>\n<\/li>\n<li data-start=\"724\" data-end=\"763\">\n<p data-start=\"727\" data-end=\"763\">Juster for komfort og synlighet.<\/p>\n<\/li>\n<li data-start=\"764\" data-end=\"807\">\n<p data-start=\"767\" data-end=\"807\">Skrem, overrask eller underhold publikum!<\/p>\n<\/li>\n<\/ol>\n<h2 style=\"text-align: center\" data-start=\"809\" data-end=\"832\">\ud83d\udce6 Produktdetaljer<\/h2>\n<ul data-start=\"833\" data-end=\"964\">\n<li data-start=\"833\" data-end=\"865\">\n<p data-start=\"835\" data-end=\"865\">Materiale: myk naturlateks<\/p>\n<\/li>\n<li data-start=\"925\" data-end=\"964\">\n<p data-start=\"927\" data-end=\"964\">En st\u00f8rrelse passer de fleste ten\u00e5ringer og voksne<\/p>\n<\/li>\n<\/ul>\n<h2 style=\"text-align: center\" data-start=\"966\" data-end=\"990\">\ud83d\udcec Pakken Inneholder<\/h2>\n<ul data-start=\"991\" data-end=\"1014\">\n<li data-start=\"991\" data-end=\"1014\">\n<p data-start=\"993\" data-end=\"1014\">1 alien-maske.<\/p>\n<\/li>\n<\/ul>\n","protected":false},"excerpt":{"rendered":"<p>\ud83d\udc7d Bli Alien-Freak For Vennene Dine Og Stjel Showet! Denne realistiske alien-masken er den perfekte m\u00e5ten \u00e5 skape litt utenomjordisk [&hellip;]<\/p>\n","protected":false},"featured_media":27692,"comment_status":"open","ping_status":"closed","template":"","meta":{"site-sidebar-layout":"default","site-content-layout":"","ast-site-content-layout":"default","site-content-style":"default","site-sidebar-style":"default","ast-global-header-display":"","ast-banner-title-visibility":"","ast-main-header-display":"","ast-hfb-above-header-display":"","ast-hfb-below-header-display":"","ast-hfb-mobile-header-display":"","site-post-title":"","ast-breadcrumbs-content":"","ast-featured-img":"","footer-sml-layout":"","theme-transparent-header-meta":"default","adv-header-id-meta":"","stick-header-meta":"","header-above-stick-meta":"","header-main-stick-meta":"","header-below-stick-meta":"","astra-migrate-meta-layouts":"set","ast-page-background-enabled":"default","ast-page-background-meta":{"desktop":{"background-color":"var(--ast-global-color-4)","background-image":"","background-repeat":"repeat","background-position":"center center","background-size":"auto","background-attachment":"scroll","background-type":"","background-media":"","overlay-type":"","overlay-color":"","overlay-opacity":"","overlay-gradient":""},"tablet":{"background-color":"","background-image":"","background-repeat":"repeat","background-position":"center center","background-size":"auto","background-attachment":"scroll","background-type":"","background-media":"","overlay-type":"","overlay-color":"","overlay-opacity":"","overlay-gradient":""},"mobile":{"background-color":"","background-image":"","background-repeat":"repeat","background-position":"center center","background-size":"auto","background-attachment":"scroll","background-type":"","background-media":"","overlay-type":"","overlay-color":"","overlay-opacity":"","overlay-gradient":""}},"ast-content-background-meta":{"desktop":{"background-color":"var(--ast-global-color-5)","background-image":"","background-repeat":"repeat","background-position":"center center","background-size":"auto","background-attachment":"scroll","background-type":"","background-media":"","overlay-type":"","overlay-color":"","overlay-opacity":"","overlay-gradient":""},"tablet":{"background-color":"var(--ast-global-color-5)","background-image":"","background-repeat":"repeat","background-position":"center center","background-size":"auto","background-attachment":"scroll","background-type":"","background-media":"","overlay-type":"","overlay-color":"","overlay-opacity":"","overlay-gradient":""},"mobile":{"background-color":"var(--ast-global-color-5)","background-image":"","background-repeat":"repeat","background-position":"center center","background-size":"auto","background-attachment":"scroll","background-type":"","background-media":"","overlay-type":"","overlay-color":"","overlay-opacity":"","overlay-gradient":""}}},"product_brand":[],"product_cat":[990],"product_tag":[],"class_list":{"0":"post-27696","1":"product","2":"type-product","3":"status-publish","4":"has-post-thumbnail","6":"product_cat-leker-barne-og-babyprodukter","7":"pa_30995_z667bq42-a","8":"pa_30995_z667bq42-b","9":"pa_30995_z667bq42-c","10":"pa_30995_z667bq42-d","11":"pa_30995_z667bq42-e","12":"desktop-align-left","13":"tablet-align-left","14":"mobile-align-left","16":"first","17":"instock","18":"shipping-taxable","19":"purchasable","20":"product-type-variable"},"_links":{"self":[{"href":"https:\/\/keluvo.com\/no\/wp-json\/wp\/v2\/product\/27696","targetHints":{"allow":["GET"]}}],"collection":[{"href":"https:\/\/keluvo.com\/no\/wp-json\/wp\/v2\/product"}],"about":[{"href":"https:\/\/keluvo.com\/no\/wp-json\/wp\/v2\/types\/product"}],"replies":[{"embeddable":true,"href":"https:\/\/keluvo.com\/no\/wp-json\/wp\/v2\/comments?post=27696"}],"wp:featuredmedia":[{"embeddable":true,"href":"https:\/\/keluvo.com\/no\/wp-json\/wp\/v2\/media\/27692"}],"wp:attachment":[{"href":"https:\/\/keluvo.com\/no\/wp-json\/wp\/v2\/media?parent=27696"}],"wp:term":[{"taxonomy":"product_brand","embeddable":true,"href":"https:\/\/keluvo.com\/no\/wp-json\/wp\/v2\/product_brand?post=27696"},{"taxonomy":"product_cat","embeddable":true,"href":"https:\/\/keluvo.com\/no\/wp-json\/wp\/v2\/product_cat?post=27696"},{"taxonomy":"product_tag","embeddable":true,"href":"https:\/\/keluvo.com\/no\/wp-json\/wp\/v2\/product_tag?post=27696"}],"curies":[{"name":"wp","href":"https:\/\/api.w.org\/{rel}","templated":true}]}}