{"id":27691,"date":"2025-06-24T10:27:26","date_gmt":"2025-06-24T08:27:26","guid":{"rendered":"https:\/\/keluvo.com\/no\/produkt\/musefelle\/"},"modified":"2025-11-03T11:51:30","modified_gmt":"2025-11-03T09:51:30","slug":"musefelle","status":"publish","type":"product","link":"https:\/\/keluvo.com\/no\/produkt\/musefelle\/","title":{"rendered":"Musefelle"},"content":{"rendered":"<p style=\"text-align: center;\" data-start=\"85\" data-end=\"132\"><strong>\ud83d\udc2d Bli Kvitt Mus Og Rotter &#8211; Raskt Og Trygt!<\/strong><\/p>\n<p style=\"text-align: center;\" data-start=\"134\" data-end=\"359\">Denne smarte musefellen gj\u00f8r det enkelt \u00e5 bekjempe gnagere. Bare plasser den p\u00e5 en b\u00f8tte, og n\u00e5r musen tr\u00e5kker p\u00e5 fellen, tipper den og slipper dem inn. Ingen gift, ikke noe s\u00f8l &#8211; bare en trygg, gjenbrukbar l\u00f8sning for hjemmet eller lageromr\u00e5der.<\/p>\n<p data-start=\"134\" data-end=\"359\"><img decoding=\"async\" class=\"size-full wp-image-24633 aligncenter\" src=\"https:\/\/keluvo.com\/template\/wp-content\/uploads\/sites\/5\/2025\/06\/06237-ezgif.com-video-to-webp-converter.webp\" alt=\"\" \/><\/p>\n<h2 style=\"text-align: center;\" data-start=\"361\" data-end=\"382\">\ud83c\udf1f Hovedfordeler<\/h2>\n<p data-start=\"385\" data-end=\"425\">\u2705 Ufarlig og trygg &#8211; ingen gift eller lim<\/p>\n<p data-start=\"428\" data-end=\"482\">\ud83d\udd01 Gjenbrukbar og mer hygienisk enn tradisjonelle feller<\/p>\n<p data-start=\"485\" data-end=\"539\">\ud83e\udde0 Smart tippedesign slipper gnagere ned i en b\u00f8tte<\/p>\n<p data-start=\"542\" data-end=\"570\">\ud83e\udea4 Enkel \u00e5 t\u00f8mme og tilbakestille<\/p>\n<p data-start=\"573\" data-end=\"623\">\ud83c\udfe1 Ideell for hjem, garasjer, spiskammers og boder<\/p>\n<p data-start=\"573\" data-end=\"623\"><img decoding=\"async\" class=\"size-full wp-image-24638 aligncenter\" src=\"https:\/\/keluvo.com\/template\/wp-content\/uploads\/sites\/5\/2025\/06\/3-8-1.jpg\" alt=\"\" \/><\/p>\n<h2 style=\"text-align: center;\" data-start=\"625\" data-end=\"642\">\u2705 Hvordan Bruke<\/h2>\n<ol data-start=\"643\" data-end=\"860\">\n<li data-start=\"643\" data-end=\"698\">\n<p data-start=\"646\" data-end=\"698\">Fest fellen p\u00e5 toppen av en standard b\u00f8tte.<\/p>\n<\/li>\n<li data-start=\"699\" data-end=\"753\">\n<p data-start=\"702\" data-end=\"753\">Plasser agn p\u00e5 klaffen og plasser stigen i n\u00e6rheten.<\/p>\n<\/li>\n<li data-start=\"754\" data-end=\"830\">\n<p data-start=\"757\" data-end=\"830\">N\u00e5r gnageren klatrer opp og tr\u00e5kker p\u00e5 fellen, faller den ned i b\u00f8tta.<\/p>\n<\/li>\n<li data-start=\"831\" data-end=\"860\">\n<p data-start=\"834\" data-end=\"860\">T\u00f8m og gjenbruk etter behov!<\/p>\n<\/li>\n<\/ol>\n<h2 style=\"text-align: center;\" data-start=\"862\" data-end=\"885\">\ud83d\udce6 Produktdetaljer<\/h2>\n<ul data-start=\"886\" data-end=\"972\">\n<li data-start=\"929\" data-end=\"946\">\n<p data-start=\"931\" data-end=\"946\">Materiale: PVC<\/p>\n<\/li>\n<li data-start=\"947\" data-end=\"972\">\n<p data-start=\"949\" data-end=\"972\"><em data-start=\"949\" data-end=\"970\">B\u00f8tte ikke inkludert<\/em><\/p>\n<\/li>\n<\/ul>\n<h2 style=\"text-align: center;\" data-start=\"974\" data-end=\"998\">\ud83d\udcec Pakken Inneholder<\/h2>\n<ul data-start=\"999\" data-end=\"1068\">\n<li data-start=\"999\" data-end=\"1014\">\n<p data-start=\"1001\" data-end=\"1014\">1x lokk til felle<\/p>\n<\/li>\n<li data-start=\"1015\" data-end=\"1035\">\n<p data-start=\"1017\" data-end=\"1035\">1x vektet klaff<\/p>\n<\/li>\n<li data-start=\"1036\" data-end=\"1051\">\n<p data-start=\"1038\" data-end=\"1051\">2-del rampe.<\/p>\n<\/li>\n<\/ul>\n","protected":false},"excerpt":{"rendered":"<p>\ud83d\udc2d Bli Kvitt Mus Og Rotter &#8211; Raskt Og Trygt! Denne smarte musefellen gj\u00f8r det enkelt \u00e5 bekjempe gnagere. Bare [&hellip;]<\/p>\n","protected":false},"featured_media":27687,"comment_status":"open","ping_status":"closed","template":"","meta":{"site-sidebar-layout":"default","site-content-layout":"","ast-site-content-layout":"default","site-content-style":"default","site-sidebar-style":"default","ast-global-header-display":"","ast-banner-title-visibility":"","ast-main-header-display":"","ast-hfb-above-header-display":"","ast-hfb-below-header-display":"","ast-hfb-mobile-header-display":"","site-post-title":"","ast-breadcrumbs-content":"","ast-featured-img":"","footer-sml-layout":"","theme-transparent-header-meta":"default","adv-header-id-meta":"","stick-header-meta":"","header-above-stick-meta":"","header-main-stick-meta":"","header-below-stick-meta":"","astra-migrate-meta-layouts":"set","ast-page-background-enabled":"default","ast-page-background-meta":{"desktop":{"background-color":"var(--ast-global-color-4)","background-image":"","background-repeat":"repeat","background-position":"center center","background-size":"auto","background-attachment":"scroll","background-type":"","background-media":"","overlay-type":"","overlay-color":"","overlay-opacity":"","overlay-gradient":""},"tablet":{"background-color":"","background-image":"","background-repeat":"repeat","background-position":"center center","background-size":"auto","background-attachment":"scroll","background-type":"","background-media":"","overlay-type":"","overlay-color":"","overlay-opacity":"","overlay-gradient":""},"mobile":{"background-color":"","background-image":"","background-repeat":"repeat","background-position":"center center","background-size":"auto","background-attachment":"scroll","background-type":"","background-media":"","overlay-type":"","overlay-color":"","overlay-opacity":"","overlay-gradient":""}},"ast-content-background-meta":{"desktop":{"background-color":"var(--ast-global-color-5)","background-image":"","background-repeat":"repeat","background-position":"center center","background-size":"auto","background-attachment":"scroll","background-type":"","background-media":"","overlay-type":"","overlay-color":"","overlay-opacity":"","overlay-gradient":""},"tablet":{"background-color":"var(--ast-global-color-5)","background-image":"","background-repeat":"repeat","background-position":"center center","background-size":"auto","background-attachment":"scroll","background-type":"","background-media":"","overlay-type":"","overlay-color":"","overlay-opacity":"","overlay-gradient":""},"mobile":{"background-color":"var(--ast-global-color-5)","background-image":"","background-repeat":"repeat","background-position":"center center","background-size":"auto","background-attachment":"scroll","background-type":"","background-media":"","overlay-type":"","overlay-color":"","overlay-opacity":"","overlay-gradient":""}}},"product_brand":[],"product_cat":[1001],"product_tag":[],"class_list":{"0":"post-27691","1":"product","2":"type-product","3":"status-publish","4":"has-post-thumbnail","6":"product_cat-husholdningsartikler","7":"desktop-align-left","8":"tablet-align-left","9":"mobile-align-left","11":"first","12":"instock","13":"shipping-taxable","14":"purchasable","15":"product-type-simple"},"_links":{"self":[{"href":"https:\/\/keluvo.com\/no\/wp-json\/wp\/v2\/product\/27691","targetHints":{"allow":["GET"]}}],"collection":[{"href":"https:\/\/keluvo.com\/no\/wp-json\/wp\/v2\/product"}],"about":[{"href":"https:\/\/keluvo.com\/no\/wp-json\/wp\/v2\/types\/product"}],"replies":[{"embeddable":true,"href":"https:\/\/keluvo.com\/no\/wp-json\/wp\/v2\/comments?post=27691"}],"wp:featuredmedia":[{"embeddable":true,"href":"https:\/\/keluvo.com\/no\/wp-json\/wp\/v2\/media\/27687"}],"wp:attachment":[{"href":"https:\/\/keluvo.com\/no\/wp-json\/wp\/v2\/media?parent=27691"}],"wp:term":[{"taxonomy":"product_brand","embeddable":true,"href":"https:\/\/keluvo.com\/no\/wp-json\/wp\/v2\/product_brand?post=27691"},{"taxonomy":"product_cat","embeddable":true,"href":"https:\/\/keluvo.com\/no\/wp-json\/wp\/v2\/product_cat?post=27691"},{"taxonomy":"product_tag","embeddable":true,"href":"https:\/\/keluvo.com\/no\/wp-json\/wp\/v2\/product_tag?post=27691"}],"curies":[{"name":"wp","href":"https:\/\/api.w.org\/{rel}","templated":true}]}}