{"id":27618,"date":"2025-06-23T17:51:57","date_gmt":"2025-06-23T15:51:57","guid":{"rendered":"https:\/\/keluvo.com\/no\/produkt\/hartilbehor\/"},"modified":"2025-06-23T17:52:10","modified_gmt":"2025-06-23T15:52:10","slug":"hartilbehor","status":"publish","type":"product","link":"https:\/\/keluvo.com\/no\/produkt\/hartilbehor\/","title":{"rendered":"H\u00e5rtilbeh\u00f8r"},"content":{"rendered":"<p style=\"text-align: center\" data-start=\"84\" data-end=\"124\"><strong>\ud83d\udc51 Lag Magiske Frisyrer P\u00e5 F\u00e5 Minutter!<\/strong><\/p>\n<p style=\"text-align: center\" data-start=\"126\" data-end=\"355\">Med dette s\u00f8te prinsesseh\u00e5rb\u00e5ndet kan den lille enkelt style h\u00e5ret sitt. Med innebygde klips og et fleksibelt b\u00e5nd kan hun vri, klippe og skinne &#8211; helt p\u00e5 egen h\u00e5nd. Perfekt til bursdager, utkledning eller hverdagslig s\u00f8thet!<\/p>\n<p data-start=\"126\" data-end=\"355\"><img decoding=\"async\" class=\"size-full wp-image-24594 aligncenter\" src=\"https:\/\/keluvo.com\/template\/wp-content\/uploads\/sites\/5\/2025\/06\/06235-ezgif.com-video-to-webp-converter.webp\" alt=\"\" \/><\/p>\n<h2 style=\"text-align: center\" data-start=\"357\" data-end=\"378\">\ud83c\udf1f Hovedfordeler<\/h2>\n<p data-start=\"381\" data-end=\"423\">\ud83c\udf80 Kombinerer panneb\u00e5nd og h\u00e5rn\u00e5ler i ett<\/p>\n<p data-start=\"426\" data-end=\"467\">\ud83c\udf38 Lett \u00e5 vri og style uten help<\/p>\n<p data-start=\"470\" data-end=\"523\">\ud83e\uddda\u200d\u2640\ufe0f F\u00e5r enhver frisyre til \u00e5 se sjarmerende og leken ut<\/p>\n<p data-start=\"526\" data-end=\"569\">\ud83d\udc67 Sikkert, komfortabelt og laget for sm\u00e5 hoder<\/p>\n<p data-start=\"572\" data-end=\"624\">\ud83c\udf81 Flott gave til jenter som elsker \u00e5 leke med h\u00e5r<\/p>\n<p data-start=\"572\" data-end=\"624\"><img fetchpriority=\"high\" decoding=\"async\" class=\"size-full wp-image-24595 aligncenter\" src=\"https:\/\/keluvo.com\/template\/wp-content\/uploads\/sites\/5\/2025\/06\/1_480x480-1.webp\" alt=\"\" width=\"480\" height=\"480\" \/><\/p>\n<h2 style=\"text-align: center\" data-start=\"626\" data-end=\"643\">\u2705 Slik Bruker Du<\/h2>\n<ol data-start=\"644\" data-end=\"772\">\n<li data-start=\"644\" data-end=\"680\">\n<p data-start=\"647\" data-end=\"680\">Plasser panneb\u00e5ndet p\u00e5 hodet<\/p>\n<\/li>\n<li data-start=\"681\" data-end=\"728\">\n<p data-start=\"684\" data-end=\"728\">Ta sm\u00e5 h\u00e5rseksjoner og vri forsiktig.<\/p>\n<\/li>\n<li data-start=\"729\" data-end=\"772\">\n<p data-start=\"732\" data-end=\"772\">Fest dem i de innebygde h\u00e5rn\u00e5lene &#8211; ferdig!<\/p>\n<\/li>\n<\/ol>\n<h2 style=\"text-align: center\" data-start=\"774\" data-end=\"797\">\ud83d\udce6 Produktdetaljer<\/h2>\n<ul data-start=\"798\" data-end=\"890\">\n<li data-start=\"798\" data-end=\"819\">\n<p data-start=\"800\" data-end=\"819\">Materiale: plast<\/p>\n<\/li>\n<li data-start=\"820\" data-end=\"849\">\n<p data-start=\"822\" data-end=\"849\">Diameter: ca. 11,1 cm<\/p>\n<\/li>\n<li data-start=\"850\" data-end=\"890\">\n<p data-start=\"852\" data-end=\"890\">Tilgjengelig i forskjellige fargerike stiler<\/p>\n<\/li>\n<\/ul>\n<h2 style=\"text-align: center\" data-start=\"892\" data-end=\"916\">\ud83d\udcec Pakken Inneholder<\/h2>\n<ul data-start=\"917\" data-end=\"955\">\n<li data-start=\"917\" data-end=\"955\">\n<p data-start=\"919\" data-end=\"955\">1x jenteprinsesse h\u00e5rn\u00e5l panneb\u00e5nd.<\/p>\n<\/li>\n<\/ul>\n","protected":false},"excerpt":{"rendered":"<p>\ud83d\udc51 Lag Magiske Frisyrer P\u00e5 F\u00e5 Minutter! Med dette s\u00f8te prinsesseh\u00e5rb\u00e5ndet kan den lille enkelt style h\u00e5ret sitt. Med innebygde [&hellip;]<\/p>\n","protected":false},"featured_media":27614,"comment_status":"open","ping_status":"closed","template":"","meta":{"site-sidebar-layout":"default","site-content-layout":"","ast-site-content-layout":"default","site-content-style":"default","site-sidebar-style":"default","ast-global-header-display":"","ast-banner-title-visibility":"","ast-main-header-display":"","ast-hfb-above-header-display":"","ast-hfb-below-header-display":"","ast-hfb-mobile-header-display":"","site-post-title":"","ast-breadcrumbs-content":"","ast-featured-img":"","footer-sml-layout":"","theme-transparent-header-meta":"default","adv-header-id-meta":"","stick-header-meta":"","header-above-stick-meta":"","header-main-stick-meta":"","header-below-stick-meta":"","astra-migrate-meta-layouts":"set","ast-page-background-enabled":"default","ast-page-background-meta":{"desktop":{"background-color":"var(--ast-global-color-4)","background-image":"","background-repeat":"repeat","background-position":"center center","background-size":"auto","background-attachment":"scroll","background-type":"","background-media":"","overlay-type":"","overlay-color":"","overlay-opacity":"","overlay-gradient":""},"tablet":{"background-color":"","background-image":"","background-repeat":"repeat","background-position":"center center","background-size":"auto","background-attachment":"scroll","background-type":"","background-media":"","overlay-type":"","overlay-color":"","overlay-opacity":"","overlay-gradient":""},"mobile":{"background-color":"","background-image":"","background-repeat":"repeat","background-position":"center center","background-size":"auto","background-attachment":"scroll","background-type":"","background-media":"","overlay-type":"","overlay-color":"","overlay-opacity":"","overlay-gradient":""}},"ast-content-background-meta":{"desktop":{"background-color":"var(--ast-global-color-5)","background-image":"","background-repeat":"repeat","background-position":"center center","background-size":"auto","background-attachment":"scroll","background-type":"","background-media":"","overlay-type":"","overlay-color":"","overlay-opacity":"","overlay-gradient":""},"tablet":{"background-color":"var(--ast-global-color-5)","background-image":"","background-repeat":"repeat","background-position":"center center","background-size":"auto","background-attachment":"scroll","background-type":"","background-media":"","overlay-type":"","overlay-color":"","overlay-opacity":"","overlay-gradient":""},"mobile":{"background-color":"var(--ast-global-color-5)","background-image":"","background-repeat":"repeat","background-position":"center center","background-size":"auto","background-attachment":"scroll","background-type":"","background-media":"","overlay-type":"","overlay-color":"","overlay-opacity":"","overlay-gradient":""}}},"product_brand":[],"product_cat":[990,992],"product_tag":[],"class_list":{"0":"post-27618","1":"product","2":"type-product","3":"status-publish","4":"has-post-thumbnail","6":"product_cat-leker-barne-og-babyprodukter","7":"product_cat-skjonnhets-og-hygieneprodukter","8":"pa_37614_0rzgkhai-a","9":"pa_37614_0rzgkhai-b","10":"pa_37614_0rzgkhai-c","11":"pa_37614_0rzgkhai-d","12":"pa_37614_0rzgkhai-e","13":"pa_37614_0rzgkhai-f","14":"desktop-align-left","15":"tablet-align-left","16":"mobile-align-left","18":"first","19":"instock","20":"shipping-taxable","21":"purchasable","22":"product-type-variable"},"_links":{"self":[{"href":"https:\/\/keluvo.com\/no\/wp-json\/wp\/v2\/product\/27618","targetHints":{"allow":["GET"]}}],"collection":[{"href":"https:\/\/keluvo.com\/no\/wp-json\/wp\/v2\/product"}],"about":[{"href":"https:\/\/keluvo.com\/no\/wp-json\/wp\/v2\/types\/product"}],"replies":[{"embeddable":true,"href":"https:\/\/keluvo.com\/no\/wp-json\/wp\/v2\/comments?post=27618"}],"wp:featuredmedia":[{"embeddable":true,"href":"https:\/\/keluvo.com\/no\/wp-json\/wp\/v2\/media\/27614"}],"wp:attachment":[{"href":"https:\/\/keluvo.com\/no\/wp-json\/wp\/v2\/media?parent=27618"}],"wp:term":[{"taxonomy":"product_brand","embeddable":true,"href":"https:\/\/keluvo.com\/no\/wp-json\/wp\/v2\/product_brand?post=27618"},{"taxonomy":"product_cat","embeddable":true,"href":"https:\/\/keluvo.com\/no\/wp-json\/wp\/v2\/product_cat?post=27618"},{"taxonomy":"product_tag","embeddable":true,"href":"https:\/\/keluvo.com\/no\/wp-json\/wp\/v2\/product_tag?post=27618"}],"curies":[{"name":"wp","href":"https:\/\/api.w.org\/{rel}","templated":true}]}}