{"id":27580,"date":"2025-06-23T17:47:34","date_gmt":"2025-06-23T15:47:34","guid":{"rendered":"https:\/\/keluvo.com\/no\/produkt\/gressmatte\/"},"modified":"2025-07-11T18:20:54","modified_gmt":"2025-07-11T16:20:54","slug":"gressmatte","status":"publish","type":"product","link":"https:\/\/keluvo.com\/no\/produkt\/gressmatte\/","title":{"rendered":"Gressmatte"},"content":{"rendered":"<p style=\"text-align: center;\" data-start=\"77\" data-end=\"131\"><strong>\ud83c\udf31 Dyrk tykt, gr\u00f8nt gress\u2014uten at du trenger \u00e5 kunne hagearbeid!<\/strong><\/p>\n<p style=\"text-align: center;\" data-start=\"133\" data-end=\"367\">Denne biologisk nedbrytbare gressfr\u00f8matten gj\u00f8r det raskt og idiotsikkert \u00e5 dyrke vakre plener. Bare rull den ut, vanne den og se gresset begynne \u00e5 vokse p\u00e5 s\u00e5 lite som 2 uker. Perfekt for bare flekker, skr\u00e5ninger eller hvor som helst du vil ha frodig gr\u00f8ntomr\u00e5der!<\/p>\n<p data-start=\"133\" data-end=\"367\"><img decoding=\"async\" class=\"size-full wp-image-24550 aligncenter\" src=\"https:\/\/keluvo.com\/template\/wp-content\/uploads\/sites\/5\/2025\/06\/Screenshot_2024-04-08_125303.webp\" alt=\"\" \/><\/p>\n<h2 style=\"text-align: center;\" data-start=\"369\" data-end=\"390\">\ud83c\udf1f Hovedfordeler<\/h2>\n<p data-start=\"393\" data-end=\"443\">\ud83c\udf3f Pre-s\u00e5dd matte dyrker gress raskt og jevnt<\/p>\n<p data-start=\"446\" data-end=\"479\">\u23f1\ufe0f Raske resultater p\u00e5 bare 14 dager<\/p>\n<p data-start=\"482\" data-end=\"544\">\ud83c\udf27\ufe0f Holder p\u00e5 fuktigheten og beskytter fr\u00f8ene mot vind og utvasking<\/p>\n<p data-start=\"547\" data-end=\"576\">\ud83d\udeab Hjelper med \u00e5 redusere ugressvekst<\/p>\n<p data-start=\"579\" data-end=\"631\">\ud83c\udf0e 100 % biologisk nedbrytbar og trygg for milj\u00f8et<\/p>\n<h2 style=\"text-align: center;\" data-start=\"633\" data-end=\"650\">\u2705 Slik bruker du matten<\/h2>\n<ol data-start=\"651\" data-end=\"797\">\n<li data-start=\"651\" data-end=\"699\">\n<p data-start=\"654\" data-end=\"699\">Rull ut matten p\u00e5 det \u00f8nskede jordomr\u00e5det.<\/p>\n<\/li>\n<li data-start=\"700\" data-end=\"745\">\n<p data-start=\"703\" data-end=\"745\">Vann grundig og hold matten fuktig.<\/p>\n<\/li>\n<li data-start=\"746\" data-end=\"797\">\n<p data-start=\"749\" data-end=\"797\">Se den nye plenen din begynne \u00e5 vokse i l\u00f8pet av f\u00e5 dager!<\/p>\n<\/li>\n<\/ol>\n<h2 style=\"text-align: center;\" data-start=\"799\" data-end=\"822\">\ud83d\udce6 Produktdetaljer<\/h2>\n<ul data-start=\"823\" data-end=\"933\">\n<li data-start=\"843\" data-end=\"892\">\n<p data-start=\"845\" data-end=\"892\">Inkluderer gressfr\u00f8 og gj\u00f8dsel i matten<\/p>\n<\/li>\n<li data-start=\"893\" data-end=\"933\">\n<p data-start=\"895\" data-end=\"933\">Milj\u00f8vennlig, trygt for kj\u00e6ledyr og barn<\/p>\n<\/li>\n<\/ul>\n<h2 style=\"text-align: center;\" data-start=\"935\" data-end=\"959\">\ud83d\udcec Pakken Inneholder<\/h2>\n<ul data-start=\"960\" data-end=\"995\">\n<li data-start=\"960\" data-end=\"995\">\n<p data-start=\"962\" data-end=\"995\">1x biologisk nedbrytbar gressfr\u00f8matte.<\/p>\n<\/li>\n<\/ul>\n","protected":false},"excerpt":{"rendered":"<p>\ud83c\udf31 Dyrk tykt, gr\u00f8nt gress\u2014uten at du trenger \u00e5 kunne hagearbeid! Denne biologisk nedbrytbare gressfr\u00f8matten gj\u00f8r det raskt og idiotsikkert [&hellip;]<\/p>\n","protected":false},"featured_media":27576,"comment_status":"open","ping_status":"closed","template":"","meta":{"site-sidebar-layout":"default","site-content-layout":"","ast-site-content-layout":"default","site-content-style":"default","site-sidebar-style":"default","ast-global-header-display":"","ast-banner-title-visibility":"","ast-main-header-display":"","ast-hfb-above-header-display":"","ast-hfb-below-header-display":"","ast-hfb-mobile-header-display":"","site-post-title":"","ast-breadcrumbs-content":"","ast-featured-img":"","footer-sml-layout":"","theme-transparent-header-meta":"default","adv-header-id-meta":"","stick-header-meta":"","header-above-stick-meta":"","header-main-stick-meta":"","header-below-stick-meta":"","astra-migrate-meta-layouts":"set","ast-page-background-enabled":"default","ast-page-background-meta":{"desktop":{"background-color":"var(--ast-global-color-4)","background-image":"","background-repeat":"repeat","background-position":"center center","background-size":"auto","background-attachment":"scroll","background-type":"","background-media":"","overlay-type":"","overlay-color":"","overlay-opacity":"","overlay-gradient":""},"tablet":{"background-color":"","background-image":"","background-repeat":"repeat","background-position":"center center","background-size":"auto","background-attachment":"scroll","background-type":"","background-media":"","overlay-type":"","overlay-color":"","overlay-opacity":"","overlay-gradient":""},"mobile":{"background-color":"","background-image":"","background-repeat":"repeat","background-position":"center center","background-size":"auto","background-attachment":"scroll","background-type":"","background-media":"","overlay-type":"","overlay-color":"","overlay-opacity":"","overlay-gradient":""}},"ast-content-background-meta":{"desktop":{"background-color":"var(--ast-global-color-5)","background-image":"","background-repeat":"repeat","background-position":"center center","background-size":"auto","background-attachment":"scroll","background-type":"","background-media":"","overlay-type":"","overlay-color":"","overlay-opacity":"","overlay-gradient":""},"tablet":{"background-color":"var(--ast-global-color-5)","background-image":"","background-repeat":"repeat","background-position":"center center","background-size":"auto","background-attachment":"scroll","background-type":"","background-media":"","overlay-type":"","overlay-color":"","overlay-opacity":"","overlay-gradient":""},"mobile":{"background-color":"var(--ast-global-color-5)","background-image":"","background-repeat":"repeat","background-position":"center center","background-size":"auto","background-attachment":"scroll","background-type":"","background-media":"","overlay-type":"","overlay-color":"","overlay-opacity":"","overlay-gradient":""}}},"product_brand":[],"product_cat":[1001,996],"product_tag":[],"class_list":{"0":"post-27580","1":"product","2":"type-product","3":"status-publish","4":"has-post-thumbnail","6":"product_cat-husholdningsartikler","7":"product_cat-verktoy","8":"pa_41635_4y89i4wa-1-m","9":"pa_41635_4y89i4wa-2-m","10":"pa_41635_4y89i4wa-3-m","11":"pa_41635_4y89i4wa-10-m","12":"desktop-align-left","13":"tablet-align-left","14":"mobile-align-left","16":"first","17":"instock","18":"shipping-taxable","19":"purchasable","20":"product-type-variable"},"_links":{"self":[{"href":"https:\/\/keluvo.com\/no\/wp-json\/wp\/v2\/product\/27580","targetHints":{"allow":["GET"]}}],"collection":[{"href":"https:\/\/keluvo.com\/no\/wp-json\/wp\/v2\/product"}],"about":[{"href":"https:\/\/keluvo.com\/no\/wp-json\/wp\/v2\/types\/product"}],"replies":[{"embeddable":true,"href":"https:\/\/keluvo.com\/no\/wp-json\/wp\/v2\/comments?post=27580"}],"wp:featuredmedia":[{"embeddable":true,"href":"https:\/\/keluvo.com\/no\/wp-json\/wp\/v2\/media\/27576"}],"wp:attachment":[{"href":"https:\/\/keluvo.com\/no\/wp-json\/wp\/v2\/media?parent=27580"}],"wp:term":[{"taxonomy":"product_brand","embeddable":true,"href":"https:\/\/keluvo.com\/no\/wp-json\/wp\/v2\/product_brand?post=27580"},{"taxonomy":"product_cat","embeddable":true,"href":"https:\/\/keluvo.com\/no\/wp-json\/wp\/v2\/product_cat?post=27580"},{"taxonomy":"product_tag","embeddable":true,"href":"https:\/\/keluvo.com\/no\/wp-json\/wp\/v2\/product_tag?post=27580"}],"curies":[{"name":"wp","href":"https:\/\/api.w.org\/{rel}","templated":true}]}}