{"id":27232,"date":"2025-06-20T09:58:23","date_gmt":"2025-06-20T07:58:23","guid":{"rendered":"https:\/\/keluvo.com\/no\/produkt\/ringarmband-2\/"},"modified":"2025-06-20T09:59:55","modified_gmt":"2025-06-20T07:59:55","slug":"ringarmband","status":"publish","type":"product","link":"https:\/\/keluvo.com\/no\/produkt\/ringarmband\/","title":{"rendered":"Ringarmb\u00e5nd"},"content":{"rendered":"<p style=\"text-align: center;\" data-start=\"148\" data-end=\"214\"><strong>Dette Moderne Ringarmb\u00e5ndet Er Designet For B\u00e5de Skj\u00f8nnhet Og Komfort, Og Har En Perfekt Justerbar Passform Og Glitrende Sjarm Som Passer Til Ethvert Antrekk Og Enhver Anledning.<\/strong><\/p>\n<p style=\"text-align: center;\" data-start=\"216\" data-end=\"371\">Armb\u00e5ndet er laget av slitesterkt rustfritt st\u00e5l og har tre rader med zirkonia og kombinerer eleganse med hverdagsbruk. Den uttrekkbare designen sikrer en tettsittende passform for forskjellige fingerst\u00f8rrelser, noe som gj\u00f8r det til et must-ha motetilbeh\u00f8r.<\/p>\n<p data-start=\"216\" data-end=\"371\"><img decoding=\"async\" class=\"size-full wp-image-24415 aligncenter\" src=\"https:\/\/keluvo.com\/template\/wp-content\/uploads\/sites\/5\/2024\/11\/0619-ezgif.com-video-to-webp-converter.webp\" alt=\"\" \/><\/p>\n<h2 style=\"text-align: center;\" data-start=\"618\" data-end=\"640\">\ud83c\udf1f Hovedfordeler<\/h2>\n<p data-start=\"737\" data-end=\"819\">\ud83e\uddf2 <strong data-start=\"740\" data-end=\"758\">Justerbar Passform<\/strong> \u2013 Uttrekkbar design passer fingerst\u00f8rrelser fra 1,8 cm \u2013 7 cm.<\/p>\n<p data-start=\"822\" data-end=\"901\">\ud83d\udee1\ufe0f <strong data-start=\"826\" data-end=\"853\">Slitesterkt Rustfritt St\u00e5l<\/strong> \u2013 Vil ikke falme, ruste eller b\u00f8ye seg ved regelmessig bruk.<\/p>\n<p data-start=\"904\" data-end=\"986\">\ud83d\udc85 <strong data-start=\"907\" data-end=\"929\">Moderne &amp; Allsidig<\/strong> \u2013 Perfekt til fester, fritidskl\u00e6r eller spesielle arrangementer.<\/p>\n<p data-start=\"989\" data-end=\"1069\">\ud83c\udf81 <strong data-start=\"992\" data-end=\"1015\">Stilig Gavealternativ<\/strong> \u2013 Ideell til bursdager, h\u00f8ytider eller som en personlig gave.<\/p>\n<p data-start=\"989\" data-end=\"1069\"><img decoding=\"async\" class=\"size-full wp-image-24416 aligncenter\" src=\"https:\/\/keluvo.com\/template\/wp-content\/uploads\/sites\/5\/2024\/11\/3e214883-16c9-465e-898c-a546306ecd41-2.webp\" alt=\"\" \/><\/p>\n<h2 style=\"text-align: center;\" data-start=\"1076\" data-end=\"1095\">\ud83d\udd27 Slik Bruker Du Det<\/h2>\n<ol data-start=\"1096\" data-end=\"1285\">\n<li data-start=\"1096\" data-end=\"1158\">\n<p data-start=\"1099\" data-end=\"1158\">Trekk eller skyv forsiktig i ringarmb\u00e5ndet for \u00e5 justere st\u00f8rrelsen.<\/p>\n<\/li>\n<li data-start=\"1159\" data-end=\"1230\">\n<p data-start=\"1162\" data-end=\"1230\">Skyv det p\u00e5 fingeren og juster det for en sikker og behagelig passform.<\/p>\n<\/li>\n<li data-start=\"1231\" data-end=\"1285\">\n<p data-start=\"1234\" data-end=\"1285\">Style med favorittantrekkene dine for ekstra glitter!<\/p>\n<\/li>\n<\/ol>\n<h2 style=\"text-align: center;\" data-start=\"1292\" data-end=\"1316\">\ud83d\udccf Produktdetaljer<\/h2>\n<ul data-start=\"1317\" data-end=\"1553\">\n<li data-start=\"1317\" data-end=\"1363\">\n<p data-start=\"1319\" data-end=\"1363\"><strong data-start=\"1319\" data-end=\"1332\">Materiale:<\/strong> Rustfritt st\u00e5l av h\u00f8y kvalitet<\/p>\n<\/li>\n<li data-start=\"1413\" data-end=\"1456\">\n<p data-start=\"1415\" data-end=\"1456\"><strong data-start=\"1415\" data-end=\"1441\">Justerbart St\u00f8rrelsesomr\u00e5de:<\/strong> 1,8 cm \u2013 7 cm<\/p>\n<\/li>\n<li data-start=\"1457\" data-end=\"1496\">\n<p data-start=\"1459\" data-end=\"1496\"><strong data-start=\"1459\" data-end=\"1469\">Stil:<\/strong> Moderne, skinnende, allsidig<\/p>\n<\/li>\n<li data-start=\"1497\" data-end=\"1553\">\n<p data-start=\"1499\" data-end=\"1553\"><strong data-start=\"1499\" data-end=\"1507\">Bruk:<\/strong> Motekl\u00e6r, spesielle begivenheter, daglig tilbeh\u00f8r<\/p>\n<\/li>\n<\/ul>\n<h2 style=\"text-align: center;\" data-start=\"1560\" data-end=\"1585\">\ud83d\udce6 Pakken Inneholder<\/h2>\n<ul data-start=\"1586\" data-end=\"1635\">\n<li data-start=\"1586\" data-end=\"1635\">\n<p data-start=\"1588\" data-end=\"1635\">1x ringarmb\u00e5nd.<\/p>\n<\/li>\n<\/ul>\n","protected":false},"excerpt":{"rendered":"<p>Dette Moderne Ringarmb\u00e5ndet Er Designet For B\u00e5de Skj\u00f8nnhet Og Komfort, Og Har En Perfekt Justerbar Passform Og Glitrende Sjarm Som [&hellip;]<\/p>\n","protected":false},"featured_media":27228,"comment_status":"open","ping_status":"closed","template":"","meta":{"site-sidebar-layout":"default","site-content-layout":"","ast-site-content-layout":"default","site-content-style":"default","site-sidebar-style":"default","ast-global-header-display":"","ast-banner-title-visibility":"","ast-main-header-display":"","ast-hfb-above-header-display":"","ast-hfb-below-header-display":"","ast-hfb-mobile-header-display":"","site-post-title":"","ast-breadcrumbs-content":"","ast-featured-img":"","footer-sml-layout":"","theme-transparent-header-meta":"default","adv-header-id-meta":"","stick-header-meta":"","header-above-stick-meta":"","header-main-stick-meta":"","header-below-stick-meta":"","astra-migrate-meta-layouts":"set","ast-page-background-enabled":"default","ast-page-background-meta":{"desktop":{"background-color":"var(--ast-global-color-4)","background-image":"","background-repeat":"repeat","background-position":"center center","background-size":"auto","background-attachment":"scroll","background-type":"","background-media":"","overlay-type":"","overlay-color":"","overlay-opacity":"","overlay-gradient":""},"tablet":{"background-color":"","background-image":"","background-repeat":"repeat","background-position":"center center","background-size":"auto","background-attachment":"scroll","background-type":"","background-media":"","overlay-type":"","overlay-color":"","overlay-opacity":"","overlay-gradient":""},"mobile":{"background-color":"","background-image":"","background-repeat":"repeat","background-position":"center center","background-size":"auto","background-attachment":"scroll","background-type":"","background-media":"","overlay-type":"","overlay-color":"","overlay-opacity":"","overlay-gradient":""}},"ast-content-background-meta":{"desktop":{"background-color":"var(--ast-global-color-5)","background-image":"","background-repeat":"repeat","background-position":"center center","background-size":"auto","background-attachment":"scroll","background-type":"","background-media":"","overlay-type":"","overlay-color":"","overlay-opacity":"","overlay-gradient":""},"tablet":{"background-color":"var(--ast-global-color-5)","background-image":"","background-repeat":"repeat","background-position":"center center","background-size":"auto","background-attachment":"scroll","background-type":"","background-media":"","overlay-type":"","overlay-color":"","overlay-opacity":"","overlay-gradient":""},"mobile":{"background-color":"var(--ast-global-color-5)","background-image":"","background-repeat":"repeat","background-position":"center center","background-size":"auto","background-attachment":"scroll","background-type":"","background-media":"","overlay-type":"","overlay-color":"","overlay-opacity":"","overlay-gradient":""}}},"product_brand":[],"product_cat":[993],"product_tag":[],"class_list":{"0":"post-27232","1":"product","2":"type-product","3":"status-publish","4":"has-post-thumbnail","6":"product_cat-skotoy-tilbehor","7":"pa_15931_tg9lj01l-bla","8":"pa_15931_tg9lj01l-gull","9":"pa_15931_tg9lj01l-hvit","10":"pa_15931_tg9lj01l-rod","11":"desktop-align-left","12":"tablet-align-left","13":"mobile-align-left","15":"first","16":"instock","17":"shipping-taxable","18":"purchasable","19":"product-type-variable"},"_links":{"self":[{"href":"https:\/\/keluvo.com\/no\/wp-json\/wp\/v2\/product\/27232","targetHints":{"allow":["GET"]}}],"collection":[{"href":"https:\/\/keluvo.com\/no\/wp-json\/wp\/v2\/product"}],"about":[{"href":"https:\/\/keluvo.com\/no\/wp-json\/wp\/v2\/types\/product"}],"replies":[{"embeddable":true,"href":"https:\/\/keluvo.com\/no\/wp-json\/wp\/v2\/comments?post=27232"}],"wp:featuredmedia":[{"embeddable":true,"href":"https:\/\/keluvo.com\/no\/wp-json\/wp\/v2\/media\/27228"}],"wp:attachment":[{"href":"https:\/\/keluvo.com\/no\/wp-json\/wp\/v2\/media?parent=27232"}],"wp:term":[{"taxonomy":"product_brand","embeddable":true,"href":"https:\/\/keluvo.com\/no\/wp-json\/wp\/v2\/product_brand?post=27232"},{"taxonomy":"product_cat","embeddable":true,"href":"https:\/\/keluvo.com\/no\/wp-json\/wp\/v2\/product_cat?post=27232"},{"taxonomy":"product_tag","embeddable":true,"href":"https:\/\/keluvo.com\/no\/wp-json\/wp\/v2\/product_tag?post=27232"}],"curies":[{"name":"wp","href":"https:\/\/api.w.org\/{rel}","templated":true}]}}