{"id":2712,"date":"2024-10-28T17:51:29","date_gmt":"2024-10-28T14:51:29","guid":{"rendered":"https:\/\/keluvo.com\/no\/produkt\/teppe-i-kaninpels\/"},"modified":"2025-09-04T17:33:18","modified_gmt":"2025-09-04T14:33:18","slug":"teppe-i-kaninpels","status":"publish","type":"product","link":"https:\/\/keluvo.com\/no\/produkt\/teppe-i-kaninpels\/","title":{"rendered":"Teppe i kaninpels"},"content":{"rendered":"<h2 style=\"text-align: center\"><strong>Lett og attraktivt<\/strong><\/h2>\n<p style=\"text-align: center\">Det varme, myke teppet er lett. Pleddet til sofaen er lett \u00e5 b\u00e6re rundt p\u00e5 og er godt brukt. Den attraktive designen og det myke materialet s\u00f8rger for en behagelig f\u00f8lelse uansett hvor du legger et tykt teppe.<\/p>\n<h2><img decoding=\"async\" src=\"https:\/\/m.media-amazon.com\/images\/I\/81mf4Zmu9kL._AC_SL1500_.jpg\" alt=\"Bilde av teppe\" \/><\/h2>\n<h2 style=\"text-align: center\"><strong><span class=\"a-list-item\">H\u00f8y Kvalitet<\/span><\/strong><\/h2>\n<p style=\"text-align: center\"><span class=\"a-list-item\">Smoofy kremhvite luksuri\u00f8se fuskepels tepper er ultra-myke og koselige. Dette tykke teppet vil varme opp rominnredningen din fordi det er marshmallow skyfleece.<\/span><\/p>\n<p><img decoding=\"async\" src=\"https:\/\/m.media-amazon.com\/images\/I\/81IGlbEmxuL._AC_SL1500_.jpg\" alt=\"Bilde av teppe\" \/><\/p>\n<h2 style=\"text-align: center\"><strong><span class=\"a-list-item\">Multi-Funksjonell<\/span><\/strong><\/h2>\n<p style=\"text-align: center\"><span class=\"a-list-item\">Det koselige sofateppets allsidige st\u00f8rrelse gj\u00f8r at tyngdeteppet kan brukes i en rekke ulike situasjoner. Det kremfargede sengeteppet kan tas med overalt, holdes varmt hjemme eller brukes som et teppe i sofaen eller senget\u00f8yet. Det er ogs\u00e5 en god bursdagsgave til venner. Det kremhvite, myke pleddet er egnet for bruk hele \u00e5ret.<\/span><\/p>\n<p><img decoding=\"async\" src=\"https:\/\/m.media-amazon.com\/images\/I\/81FmzzTlcQL._AC_SL1500_.jpg\" alt=\"Bilde av teppe\" \/><\/p>\n<h2 style=\"text-align: center\"><strong><span class=\"a-list-item\">Home Decor<\/span><\/strong><\/h2>\n<p style=\"text-align: center\"><span class=\"a-list-item\">Det boho-designededesign fleece pledd til sengen gir en unik sjarm til rommet og m\u00f8blene dine, som sofa, stue, sofa og sengeteppeinnredning. Det ensfargede skym\u00f8nsteret gir et unikt moderne utseende.<\/span><\/p>\n<p><img decoding=\"async\" src=\"https:\/\/m.media-amazon.com\/images\/I\/81h9KpJia+L._AC_SL1500_.jpg\" alt=\"Bilde av teppe\" \/><\/p>\n<p>&nbsp;<\/p>\n","protected":false},"excerpt":{"rendered":"<p>Lett og attraktivt Det varme, myke teppet er lett. Pleddet til sofaen er lett \u00e5 b\u00e6re rundt p\u00e5 og er [&hellip;]<\/p>\n","protected":false},"featured_media":2707,"comment_status":"open","ping_status":"closed","template":"","meta":{"site-sidebar-layout":"default","site-content-layout":"","ast-site-content-layout":"default","site-content-style":"default","site-sidebar-style":"default","ast-global-header-display":"","ast-banner-title-visibility":"","ast-main-header-display":"","ast-hfb-above-header-display":"","ast-hfb-below-header-display":"","ast-hfb-mobile-header-display":"","site-post-title":"","ast-breadcrumbs-content":"","ast-featured-img":"","footer-sml-layout":"","theme-transparent-header-meta":"default","adv-header-id-meta":"","stick-header-meta":"","header-above-stick-meta":"","header-main-stick-meta":"","header-below-stick-meta":"","astra-migrate-meta-layouts":"set","ast-page-background-enabled":"default","ast-page-background-meta":{"desktop":{"background-color":"var(--ast-global-color-4)","background-image":"","background-repeat":"repeat","background-position":"center center","background-size":"auto","background-attachment":"scroll","background-type":"","background-media":"","overlay-type":"","overlay-color":"","overlay-opacity":"","overlay-gradient":""},"tablet":{"background-color":"","background-image":"","background-repeat":"repeat","background-position":"center center","background-size":"auto","background-attachment":"scroll","background-type":"","background-media":"","overlay-type":"","overlay-color":"","overlay-opacity":"","overlay-gradient":""},"mobile":{"background-color":"","background-image":"","background-repeat":"repeat","background-position":"center center","background-size":"auto","background-attachment":"scroll","background-type":"","background-media":"","overlay-type":"","overlay-color":"","overlay-opacity":"","overlay-gradient":""}},"ast-content-background-meta":{"desktop":{"background-color":"var(--ast-global-color-5)","background-image":"","background-repeat":"repeat","background-position":"center center","background-size":"auto","background-attachment":"scroll","background-type":"","background-media":"","overlay-type":"","overlay-color":"","overlay-opacity":"","overlay-gradient":""},"tablet":{"background-color":"var(--ast-global-color-5)","background-image":"","background-repeat":"repeat","background-position":"center center","background-size":"auto","background-attachment":"scroll","background-type":"","background-media":"","overlay-type":"","overlay-color":"","overlay-opacity":"","overlay-gradient":""},"mobile":{"background-color":"var(--ast-global-color-5)","background-image":"","background-repeat":"repeat","background-position":"center center","background-size":"auto","background-attachment":"scroll","background-type":"","background-media":"","overlay-type":"","overlay-color":"","overlay-opacity":"","overlay-gradient":""}}},"product_brand":[],"product_cat":[1001],"product_tag":[],"class_list":{"0":"post-2712","1":"product","2":"type-product","3":"status-publish","4":"has-post-thumbnail","6":"product_cat-husholdningsartikler","7":"pa_7t03ke07-100x160-cm","8":"pa_7t03ke07-130x160-cm","9":"pa_7t03ke07-160x200-cm","10":"pa_7t03ke07-180x200-cm","11":"pa_7t03ke07-200-x-230-cm","12":"pa_ib0584mw-bla","13":"pa_ib0584mw-brun","14":"pa_ib0584mw-hvit","15":"pa_ib0584mw-rod","16":"pa_ib0584mw-svart","17":"desktop-align-left","18":"tablet-align-left","19":"mobile-align-left","21":"first","22":"instock","23":"shipping-taxable","24":"purchasable","25":"product-type-variable","26":"has-default-attributes"},"_links":{"self":[{"href":"https:\/\/keluvo.com\/no\/wp-json\/wp\/v2\/product\/2712","targetHints":{"allow":["GET"]}}],"collection":[{"href":"https:\/\/keluvo.com\/no\/wp-json\/wp\/v2\/product"}],"about":[{"href":"https:\/\/keluvo.com\/no\/wp-json\/wp\/v2\/types\/product"}],"replies":[{"embeddable":true,"href":"https:\/\/keluvo.com\/no\/wp-json\/wp\/v2\/comments?post=2712"}],"wp:featuredmedia":[{"embeddable":true,"href":"https:\/\/keluvo.com\/no\/wp-json\/wp\/v2\/media\/2707"}],"wp:attachment":[{"href":"https:\/\/keluvo.com\/no\/wp-json\/wp\/v2\/media?parent=2712"}],"wp:term":[{"taxonomy":"product_brand","embeddable":true,"href":"https:\/\/keluvo.com\/no\/wp-json\/wp\/v2\/product_brand?post=2712"},{"taxonomy":"product_cat","embeddable":true,"href":"https:\/\/keluvo.com\/no\/wp-json\/wp\/v2\/product_cat?post=2712"},{"taxonomy":"product_tag","embeddable":true,"href":"https:\/\/keluvo.com\/no\/wp-json\/wp\/v2\/product_tag?post=2712"}],"curies":[{"name":"wp","href":"https:\/\/api.w.org\/{rel}","templated":true}]}}