{"id":27112,"date":"2025-06-19T10:15:37","date_gmt":"2025-06-19T08:15:37","guid":{"rendered":"https:\/\/keluvo.com\/no\/produkt\/glattekam-til-haret-2\/"},"modified":"2025-06-19T10:16:41","modified_gmt":"2025-06-19T08:16:41","slug":"glattekam-til-haret","status":"publish","type":"product","link":"https:\/\/keluvo.com\/no\/produkt\/glattekam-til-haret\/","title":{"rendered":"Glattekam til h\u00e5ret"},"content":{"rendered":"<p style=\"text-align: center;\"><strong>\ud83d\udc87\u200d\u2640\ufe0f F\u00e5 glatt og glatt h\u00e5r p\u00e5 null komma niks!<\/strong><\/p>\n<p style=\"text-align: center;\">Vi presenterer en glatteb\u00f8rste som ikke bare glatter ut h\u00e5ret, men som ogs\u00e5 kammer det for en glatt og silkeaktig finish. Du kan oppn\u00e5 nydelig h\u00e5r p\u00e5 bare 10 minutter!<\/p>\n<p><img decoding=\"async\" class=\"size-full wp-image-24324 aligncenter\" src=\"https:\/\/keluvo.com\/template\/wp-content\/uploads\/sites\/5\/2024\/11\/888_480x480.webp\" alt=\"\" \/><\/p>\n<h2 style=\"text-align: center;\"><strong>\u2728Hovedfordeler<\/strong><\/h2>\n<p><strong>\u2705 Alt-i-ett-kam<\/strong>: Denne rettetangkammen gj\u00f8r dobbeltarbeid ved \u00e5 rette ut og gre h\u00e5ret samtidig, slik at du ikke trenger en separat kam. Tennene av h\u00f8y kvalitet er gode til \u00e5 l\u00f8se opp og style h\u00e5ret uten \u00e5 skade det.<\/p>\n<p><strong>\u2705 For alle h\u00e5rtyper<\/strong>: Denne b\u00f8rsten er perfekt for alle! Den glatter alle h\u00e5rtyper, inkludert tykt og krusete h\u00e5r, og etterlater det skinnende og glatt.<\/p>\n<p><strong>\u2705 Keramisk belegg av h\u00f8y kvalitet<\/strong>: De keramiske platene beskytter h\u00e5ret mot overdreven varme og s\u00f8rger for jevn varmefordeling for raske resultater.<\/p>\n<p><strong>\u2705 Unisex-design<\/strong>: Passer for b\u00e5de menn og kvinner, og glatter og styler enkelt forskjellige h\u00e5rtyper.<\/p>\n<p><img decoding=\"async\" class=\"size-full wp-image-24325 aligncenter\" src=\"https:\/\/keluvo.com\/template\/wp-content\/uploads\/sites\/5\/2024\/11\/999_480x480.webp\" alt=\"\" \/><\/p>\n<h2 style=\"text-align: center;\"><strong>\ud83d\udccfSpesifikasjoner<\/strong><\/h2>\n<ul>\n<li>Materiale: PTC, keramisk belegg<\/li>\n<li>Spenning: 220V<\/li>\n<li>Effekt: 45 W<\/li>\n<li>Vekt: 378 g.<\/li>\n<\/ul>\n","protected":false},"excerpt":{"rendered":"<p>\ud83d\udc87\u200d\u2640\ufe0f F\u00e5 glatt og glatt h\u00e5r p\u00e5 null komma niks! Vi presenterer en glatteb\u00f8rste som ikke bare glatter ut h\u00e5ret, [&hellip;]<\/p>\n","protected":false},"featured_media":27108,"comment_status":"open","ping_status":"closed","template":"","meta":{"site-sidebar-layout":"default","site-content-layout":"","ast-site-content-layout":"default","site-content-style":"default","site-sidebar-style":"default","ast-global-header-display":"","ast-banner-title-visibility":"","ast-main-header-display":"","ast-hfb-above-header-display":"","ast-hfb-below-header-display":"","ast-hfb-mobile-header-display":"","site-post-title":"","ast-breadcrumbs-content":"","ast-featured-img":"","footer-sml-layout":"","theme-transparent-header-meta":"default","adv-header-id-meta":"","stick-header-meta":"","header-above-stick-meta":"","header-main-stick-meta":"","header-below-stick-meta":"","astra-migrate-meta-layouts":"set","ast-page-background-enabled":"default","ast-page-background-meta":{"desktop":{"background-color":"var(--ast-global-color-4)","background-image":"","background-repeat":"repeat","background-position":"center center","background-size":"auto","background-attachment":"scroll","background-type":"","background-media":"","overlay-type":"","overlay-color":"","overlay-opacity":"","overlay-gradient":""},"tablet":{"background-color":"","background-image":"","background-repeat":"repeat","background-position":"center center","background-size":"auto","background-attachment":"scroll","background-type":"","background-media":"","overlay-type":"","overlay-color":"","overlay-opacity":"","overlay-gradient":""},"mobile":{"background-color":"","background-image":"","background-repeat":"repeat","background-position":"center center","background-size":"auto","background-attachment":"scroll","background-type":"","background-media":"","overlay-type":"","overlay-color":"","overlay-opacity":"","overlay-gradient":""}},"ast-content-background-meta":{"desktop":{"background-color":"var(--ast-global-color-5)","background-image":"","background-repeat":"repeat","background-position":"center center","background-size":"auto","background-attachment":"scroll","background-type":"","background-media":"","overlay-type":"","overlay-color":"","overlay-opacity":"","overlay-gradient":""},"tablet":{"background-color":"var(--ast-global-color-5)","background-image":"","background-repeat":"repeat","background-position":"center center","background-size":"auto","background-attachment":"scroll","background-type":"","background-media":"","overlay-type":"","overlay-color":"","overlay-opacity":"","overlay-gradient":""},"mobile":{"background-color":"var(--ast-global-color-5)","background-image":"","background-repeat":"repeat","background-position":"center center","background-size":"auto","background-attachment":"scroll","background-type":"","background-media":"","overlay-type":"","overlay-color":"","overlay-opacity":"","overlay-gradient":""}}},"product_brand":[],"product_cat":[992],"product_tag":[],"class_list":{"0":"post-27112","1":"product","2":"type-product","3":"status-publish","4":"has-post-thumbnail","6":"product_cat-skjonnhets-og-hygieneprodukter","7":"pa_15566_8wg96jbj-gronn","8":"pa_15566_8wg96jbj-hvit","9":"pa_15566_8wg96jbj-rod","10":"pa_15566_8wg96jbj-svart","11":"desktop-align-left","12":"tablet-align-left","13":"mobile-align-left","15":"first","16":"instock","17":"shipping-taxable","18":"purchasable","19":"product-type-variable"},"_links":{"self":[{"href":"https:\/\/keluvo.com\/no\/wp-json\/wp\/v2\/product\/27112","targetHints":{"allow":["GET"]}}],"collection":[{"href":"https:\/\/keluvo.com\/no\/wp-json\/wp\/v2\/product"}],"about":[{"href":"https:\/\/keluvo.com\/no\/wp-json\/wp\/v2\/types\/product"}],"replies":[{"embeddable":true,"href":"https:\/\/keluvo.com\/no\/wp-json\/wp\/v2\/comments?post=27112"}],"wp:featuredmedia":[{"embeddable":true,"href":"https:\/\/keluvo.com\/no\/wp-json\/wp\/v2\/media\/27108"}],"wp:attachment":[{"href":"https:\/\/keluvo.com\/no\/wp-json\/wp\/v2\/media?parent=27112"}],"wp:term":[{"taxonomy":"product_brand","embeddable":true,"href":"https:\/\/keluvo.com\/no\/wp-json\/wp\/v2\/product_brand?post=27112"},{"taxonomy":"product_cat","embeddable":true,"href":"https:\/\/keluvo.com\/no\/wp-json\/wp\/v2\/product_cat?post=27112"},{"taxonomy":"product_tag","embeddable":true,"href":"https:\/\/keluvo.com\/no\/wp-json\/wp\/v2\/product_tag?post=27112"}],"curies":[{"name":"wp","href":"https:\/\/api.w.org\/{rel}","templated":true}]}}