{"id":27101,"date":"2025-06-19T09:48:47","date_gmt":"2025-06-19T07:48:47","guid":{"rendered":"https:\/\/keluvo.com\/no\/produkt\/oredobber\/"},"modified":"2025-06-24T14:17:48","modified_gmt":"2025-06-24T12:17:48","slug":"oredobber","status":"publish","type":"product","link":"https:\/\/keluvo.com\/no\/produkt\/oredobber\/","title":{"rendered":"\u00d8redobber"},"content":{"rendered":"<p style=\"text-align: center;\" data-start=\"116\" data-end=\"167\"><strong>Disse Stilige \u00d8redobbene Gir En Illusjon Av Flere Piercinger, Men Du Trenger Bare \u00c9n!<\/strong><\/p>\n<p style=\"text-align: center;\" data-start=\"169\" data-end=\"302\">Disse doble \u00f8redobbene er laget av rustfritt st\u00e5l av h\u00f8y kvalitet og belagt med s\u00f8lv og 14 karat gull. De er sk\u00e5nsomme mot f\u00f8lsomme \u00f8rer og str\u00e5ler med innlagte kubiske zirkoniaer. Den minimalistiske og elegante designen passer til ethvert antrekk &#8211; fra casual til stilig.<\/p>\n<p data-start=\"169\" data-end=\"302\"><img decoding=\"async\" class=\"size-full wp-image-24322 aligncenter\" src=\"https:\/\/keluvo.com\/template\/wp-content\/uploads\/sites\/5\/2024\/11\/06182-ezgif.com-video-to-webp-converter.webp\" alt=\"\" \/><\/p>\n<h2 style=\"text-align: center;\" data-start=\"560\" data-end=\"582\">\ud83c\udf1f Hovedfordeler<\/h2>\n<p data-start=\"585\" data-end=\"655\">\u2728 <strong data-start=\"587\" data-end=\"611\">Dobbel B\u00f8yleillusjon<\/strong> \u2013 Ser ut som to piercinger med bare \u00e9n.<\/p>\n<p data-start=\"658\" data-end=\"734\">\ud83d\udca7 <strong data-start=\"661\" data-end=\"685\">Vanntett &amp; Holdbar<\/strong> \u2013 Laget av rustfritt st\u00e5l og bygget for \u00e5 vare.<\/p>\n<p data-start=\"737\" data-end=\"809\">\ud83e\udde1 <strong data-start=\"740\" data-end=\"774\">Komfortabel For F\u00f8lsomme \u00d8rer<\/strong> \u2013 Nikkelfri og hudvennlig.<\/p>\n<p data-start=\"812\" data-end=\"873\">\ud83d\udc8e <strong data-start=\"815\" data-end=\"837\">Glitrende CZ-Innlegg<\/strong> \u2013 Tilf\u00f8rer en lys, glamor\u00f8s glans.<\/p>\n<p data-start=\"812\" data-end=\"873\"><img decoding=\"async\" class=\"size-full wp-image-24321 aligncenter\" src=\"https:\/\/keluvo.com\/template\/wp-content\/uploads\/sites\/5\/2024\/11\/ea04a8ba-dcc6-4166-a642-b1b88f0528dc.webp\" alt=\"\" \/><\/p>\n<h2 style=\"text-align: center;\" data-start=\"947\" data-end=\"966\">\ud83d\udd27 Slik Bruker Du Den<\/h2>\n<ol data-start=\"967\" data-end=\"1109\">\n<li data-start=\"967\" data-end=\"1013\">Skli \u00f8reringen inn i en enkelt piercing.<\/li>\n<li data-start=\"967\" data-end=\"1013\">Juster b\u00f8ylene slik at begge sitter naturlig p\u00e5 \u00f8reflippen.<\/li>\n<li data-start=\"1014\" data-end=\"1071\">\n<p data-start=\"1017\" data-end=\"1071\">Passer til ethvert antrekk &#8211; dag eller kveld!<\/p>\n<\/li>\n<\/ol>\n<h2 style=\"text-align: center;\" data-start=\"1116\" data-end=\"1140\">\ud83d\udccf Produktdetaljer<\/h2>\n<ul data-start=\"1141\" data-end=\"1388\">\n<li data-start=\"1141\" data-end=\"1205\">\n<p data-start=\"1143\" data-end=\"1205\"><strong data-start=\"1143\" data-end=\"1156\">Materiale:<\/strong> Rustfritt st\u00e5l med s\u00f8lv &amp; 14K gullbelegg<\/p>\n<\/li>\n<li data-start=\"1206\" data-end=\"1253\">\n<p data-start=\"1208\" data-end=\"1253\"><strong data-start=\"1208\" data-end=\"1219\">Design:<\/strong> Dobbel b\u00f8yle for enkel piercing<\/p>\n<\/li>\n<li data-start=\"1295\" data-end=\"1336\">\n<p data-start=\"1297\" data-end=\"1336\"><strong data-start=\"1297\" data-end=\"1307\">Stil:<\/strong> Minimalistisk, trendy, lekker<\/p>\n<\/li>\n<li data-start=\"1337\" data-end=\"1388\">\n<p data-start=\"1339\" data-end=\"1388\"><strong data-start=\"1339\" data-end=\"1358\">Hypoallergenisk:<\/strong> Ja &#8211; trygt for f\u00f8lsomme \u00f8rer<\/p>\n<\/li>\n<\/ul>\n<h2 style=\"text-align: center;\" data-start=\"1395\" data-end=\"1420\">\ud83d\udce6 Pakken Inneholder<\/h2>\n<ul data-start=\"1421\" data-end=\"1495\">\n<li data-start=\"1421\" data-end=\"1465\">\n<p data-start=\"1423\" data-end=\"1465\">1x par dobbel hoop illusjons\u00f8redobber.<\/p>\n<\/li>\n<\/ul>\n","protected":false},"excerpt":{"rendered":"<p>Disse Stilige \u00d8redobbene Gir En Illusjon Av Flere Piercinger, Men Du Trenger Bare \u00c9n! Disse doble \u00f8redobbene er laget av [&hellip;]<\/p>\n","protected":false},"featured_media":27097,"comment_status":"open","ping_status":"closed","template":"","meta":{"site-sidebar-layout":"default","site-content-layout":"","ast-site-content-layout":"default","site-content-style":"default","site-sidebar-style":"default","ast-global-header-display":"","ast-banner-title-visibility":"","ast-main-header-display":"","ast-hfb-above-header-display":"","ast-hfb-below-header-display":"","ast-hfb-mobile-header-display":"","site-post-title":"","ast-breadcrumbs-content":"","ast-featured-img":"","footer-sml-layout":"","theme-transparent-header-meta":"default","adv-header-id-meta":"","stick-header-meta":"","header-above-stick-meta":"","header-main-stick-meta":"","header-below-stick-meta":"","astra-migrate-meta-layouts":"set","ast-page-background-enabled":"default","ast-page-background-meta":{"desktop":{"background-color":"var(--ast-global-color-4)","background-image":"","background-repeat":"repeat","background-position":"center center","background-size":"auto","background-attachment":"scroll","background-type":"","background-media":"","overlay-type":"","overlay-color":"","overlay-opacity":"","overlay-gradient":""},"tablet":{"background-color":"","background-image":"","background-repeat":"repeat","background-position":"center center","background-size":"auto","background-attachment":"scroll","background-type":"","background-media":"","overlay-type":"","overlay-color":"","overlay-opacity":"","overlay-gradient":""},"mobile":{"background-color":"","background-image":"","background-repeat":"repeat","background-position":"center center","background-size":"auto","background-attachment":"scroll","background-type":"","background-media":"","overlay-type":"","overlay-color":"","overlay-opacity":"","overlay-gradient":""}},"ast-content-background-meta":{"desktop":{"background-color":"var(--ast-global-color-5)","background-image":"","background-repeat":"repeat","background-position":"center center","background-size":"auto","background-attachment":"scroll","background-type":"","background-media":"","overlay-type":"","overlay-color":"","overlay-opacity":"","overlay-gradient":""},"tablet":{"background-color":"var(--ast-global-color-5)","background-image":"","background-repeat":"repeat","background-position":"center center","background-size":"auto","background-attachment":"scroll","background-type":"","background-media":"","overlay-type":"","overlay-color":"","overlay-opacity":"","overlay-gradient":""},"mobile":{"background-color":"var(--ast-global-color-5)","background-image":"","background-repeat":"repeat","background-position":"center center","background-size":"auto","background-attachment":"scroll","background-type":"","background-media":"","overlay-type":"","overlay-color":"","overlay-opacity":"","overlay-gradient":""}}},"product_brand":[],"product_cat":[994,993],"product_tag":[],"class_list":{"0":"post-27101","1":"product","2":"type-product","3":"status-publish","4":"has-post-thumbnail","6":"product_cat-klaer-til-kvinner","7":"product_cat-skotoy-tilbehor","8":"pa_15948_oxkv76zl-gull","9":"pa_15948_oxkv76zl-solv","10":"desktop-align-left","11":"tablet-align-left","12":"mobile-align-left","14":"first","15":"instock","16":"shipping-taxable","17":"purchasable","18":"product-type-variable"},"_links":{"self":[{"href":"https:\/\/keluvo.com\/no\/wp-json\/wp\/v2\/product\/27101","targetHints":{"allow":["GET"]}}],"collection":[{"href":"https:\/\/keluvo.com\/no\/wp-json\/wp\/v2\/product"}],"about":[{"href":"https:\/\/keluvo.com\/no\/wp-json\/wp\/v2\/types\/product"}],"replies":[{"embeddable":true,"href":"https:\/\/keluvo.com\/no\/wp-json\/wp\/v2\/comments?post=27101"}],"wp:featuredmedia":[{"embeddable":true,"href":"https:\/\/keluvo.com\/no\/wp-json\/wp\/v2\/media\/27097"}],"wp:attachment":[{"href":"https:\/\/keluvo.com\/no\/wp-json\/wp\/v2\/media?parent=27101"}],"wp:term":[{"taxonomy":"product_brand","embeddable":true,"href":"https:\/\/keluvo.com\/no\/wp-json\/wp\/v2\/product_brand?post=27101"},{"taxonomy":"product_cat","embeddable":true,"href":"https:\/\/keluvo.com\/no\/wp-json\/wp\/v2\/product_cat?post=27101"},{"taxonomy":"product_tag","embeddable":true,"href":"https:\/\/keluvo.com\/no\/wp-json\/wp\/v2\/product_tag?post=27101"}],"curies":[{"name":"wp","href":"https:\/\/api.w.org\/{rel}","templated":true}]}}