{"id":27084,"date":"2025-06-19T09:17:48","date_gmt":"2025-06-19T07:17:48","guid":{"rendered":"https:\/\/keluvo.com\/no\/produkt\/telefonholder-med-sklisikker-bilmatte\/"},"modified":"2025-06-19T09:20:35","modified_gmt":"2025-06-19T07:20:35","slug":"telefonholder-med-sklisikker-bilmatte","status":"publish","type":"product","link":"https:\/\/keluvo.com\/no\/produkt\/telefonholder-med-sklisikker-bilmatte\/","title":{"rendered":"Telefonholder med sklisikker bilmatte"},"content":{"rendered":"<p style=\"text-align: center;\" data-start=\"565\" data-end=\"630\"><strong>Hold deg trygg og organisert med denne sklisikre bilholderen!<\/strong><\/p>\n<p style=\"text-align: center;\" data-start=\"632\" data-end=\"759\">Slutt p\u00e5 telefoner som sklir, mistet kontaktinformasjon eller s\u00f8lende billukt &#8211; denne enkle l\u00f8sningen holder alt p\u00e5 plass og innen rekkevidde. Denne multifunksjonelle sklisikre holderen er designet for \u00e5 holde telefonen sikkert, vise kontaktnummeret ditt, tilf\u00f8re en frisk duft og skape en kj\u00f8lig gl\u00f8d om natten &#8211; alt uten behov for installasjonsverkt\u00f8y eller lim.<\/p>\n<p data-start=\"632\" data-end=\"759\"><img decoding=\"async\" class=\"size-full wp-image-24307 aligncenter\" src=\"https:\/\/keluvo.com\/template\/wp-content\/uploads\/sites\/5\/2024\/10\/0618-ezgif.com-video-to-webp-converter.webp\" alt=\"\" \/><\/p>\n<h2 style=\"text-align: center;\">\ud83c\udf1f Hovedfordeler<\/h2>\n<p data-start=\"1005\" data-end=\"1085\">\ud83d\udcf1 <strong data-start=\"1008\" data-end=\"1038\">360\u00b0 Roterende Telefonholder<\/strong> \u2013 Juster for perfekte visningsvinkler n\u00e5r som helst.<\/p>\n<p data-start=\"1005\" data-end=\"1085\">\ud83d\ude98 <strong data-start=\"1091\" data-end=\"1117\">Ingen Installasjon N\u00f8dvendig<\/strong> \u2013 Bare plasser og g\u00e5\u2014ingen magneter, ingen sugekopper.<\/p>\n<p data-start=\"1171\" data-end=\"1258\">\ud83d\udd22 <strong data-start=\"1174\" data-end=\"1198\">Skjult Kontaktplate<\/strong> \u2013 Vis eller skjul nummeret ditt med medf\u00f8lgende klistremerksett.<\/p>\n<p data-start=\"1261\" data-end=\"1343\">\ud83c\udf43 <strong data-start=\"1264\" data-end=\"1293\">Innebygd Aromaterapiboks<\/strong> \u2013 Frisk opp bilen med favorittduften din.<\/p>\n<p data-start=\"1346\" data-end=\"1426\">\ud83c\udf0c <strong>Selvlysende design<\/strong> \u2013 Absorberer lys om dagen, skinner mykt om natten.<\/p>\n<p data-start=\"1429\" data-end=\"1517\">\ud83d\udcaa <strong data-start=\"1432\" data-end=\"1459\">Slitesterkt Og Trygt Materiale<\/strong> \u2013 Laget av f\u00f8rsteklasses PVC, motst\u00e5r varme, olje og aldring.<\/p>\n<p data-start=\"1429\" data-end=\"1517\"><img decoding=\"async\" class=\"size-full wp-image-24309 aligncenter\" src=\"https:\/\/keluvo.com\/template\/wp-content\/uploads\/sites\/5\/2024\/10\/41098197-6f7f-4b7c-a175-06fb7bfcb01b.webp\" alt=\"\" \/><\/p>\n<h2 style=\"text-align: center;\" data-start=\"1524\" data-end=\"1543\">\ud83d\udd27 Slik Bruker Du Den<\/h2>\n<ol data-start=\"1544\" data-end=\"1820\">\n<li data-start=\"1544\" data-end=\"1581\">\n<p data-start=\"1547\" data-end=\"1581\">Plasser holderen p\u00e5 dashbordet.<\/p>\n<\/li>\n<li data-start=\"1582\" data-end=\"1642\">\n<p data-start=\"1585\" data-end=\"1642\">Fest telefonen til holderen &#8211; juster vinkelen etter behov.<\/p>\n<\/li>\n<li data-start=\"1643\" data-end=\"1710\">\n<p data-start=\"1646\" data-end=\"1710\">Sett inn kontaktsifrene dine ved hjelp av de medf\u00f8lgende nummerklistremerkene.<\/p>\n<\/li>\n<li data-start=\"1711\" data-end=\"1769\">\n<p data-start=\"1714\" data-end=\"1769\">Skyv inn en aromaterapipinne i hj\u00f8rnehullene.<\/p>\n<\/li>\n<li data-start=\"1770\" data-end=\"1820\">\n<p data-start=\"1773\" data-end=\"1820\">La den lade med dagslys for \u00e5 lyse om natten.<\/p>\n<\/li>\n<\/ol>\n<h2 style=\"text-align: center;\" data-start=\"1827\" data-end=\"1851\">\ud83d\udccf Produktdetaljer<\/h2>\n<ul data-start=\"1852\" data-end=\"2066\">\n<li data-start=\"1852\" data-end=\"1886\">\n<p data-start=\"1854\" data-end=\"1886\"><strong data-start=\"1854\" data-end=\"1867\">Materiale:<\/strong> PVC av h\u00f8y kvalitet<\/p>\n<\/li>\n<li data-start=\"1887\" data-end=\"1925\">\n<p data-start=\"1889\" data-end=\"1925\"><strong data-start=\"1889\" data-end=\"1898\">St\u00f8rrelse:<\/strong> 25 x 19 cm<\/p>\n<\/li>\n<li data-start=\"1953\" data-end=\"2030\">\n<p data-start=\"1955\" data-end=\"2030\"><strong data-start=\"1955\" data-end=\"1968\">Funksjoner:<\/strong> Varmebestandig, kuldebestandig, oljebestandig og luktfri<\/p>\n<\/li>\n<li data-start=\"2031\" data-end=\"2066\">\n<p data-start=\"2033\" data-end=\"2066\"><strong data-start=\"2033\" data-end=\"2050\">Installasjon:<\/strong> Ingen n\u00f8dvendig<\/p>\n<\/li>\n<\/ul>\n<h2 style=\"text-align: center;\" data-start=\"2073\" data-end=\"2098\">\ud83d\udce6 Pakken Inkluderer<\/h2>\n<ul data-start=\"2099\" data-end=\"2167\">\n<li data-start=\"2099\" data-end=\"2134\">\n<p data-start=\"2101\" data-end=\"2134\">1x sklisikker telefonholder<\/p>\n<\/li>\n<li data-start=\"2135\" data-end=\"2167\">\n<p data-start=\"2137\" data-end=\"2167\">6x grupper med nummerklistremerker.<\/p>\n<\/li>\n<\/ul>\n","protected":false},"excerpt":{"rendered":"<p>Hold deg trygg og organisert med denne sklisikre bilholderen! Slutt p\u00e5 telefoner som sklir, mistet kontaktinformasjon eller s\u00f8lende billukt &#8211; [&hellip;]<\/p>\n","protected":false},"featured_media":27080,"comment_status":"open","ping_status":"closed","template":"","meta":{"site-sidebar-layout":"default","site-content-layout":"","ast-site-content-layout":"default","site-content-style":"default","site-sidebar-style":"default","ast-global-header-display":"","ast-banner-title-visibility":"","ast-main-header-display":"","ast-hfb-above-header-display":"","ast-hfb-below-header-display":"","ast-hfb-mobile-header-display":"","site-post-title":"","ast-breadcrumbs-content":"","ast-featured-img":"","footer-sml-layout":"","theme-transparent-header-meta":"default","adv-header-id-meta":"","stick-header-meta":"","header-above-stick-meta":"","header-main-stick-meta":"","header-below-stick-meta":"","astra-migrate-meta-layouts":"set","ast-page-background-enabled":"default","ast-page-background-meta":{"desktop":{"background-color":"var(--ast-global-color-4)","background-image":"","background-repeat":"repeat","background-position":"center center","background-size":"auto","background-attachment":"scroll","background-type":"","background-media":"","overlay-type":"","overlay-color":"","overlay-opacity":"","overlay-gradient":""},"tablet":{"background-color":"","background-image":"","background-repeat":"repeat","background-position":"center center","background-size":"auto","background-attachment":"scroll","background-type":"","background-media":"","overlay-type":"","overlay-color":"","overlay-opacity":"","overlay-gradient":""},"mobile":{"background-color":"","background-image":"","background-repeat":"repeat","background-position":"center center","background-size":"auto","background-attachment":"scroll","background-type":"","background-media":"","overlay-type":"","overlay-color":"","overlay-opacity":"","overlay-gradient":""}},"ast-content-background-meta":{"desktop":{"background-color":"var(--ast-global-color-5)","background-image":"","background-repeat":"repeat","background-position":"center center","background-size":"auto","background-attachment":"scroll","background-type":"","background-media":"","overlay-type":"","overlay-color":"","overlay-opacity":"","overlay-gradient":""},"tablet":{"background-color":"var(--ast-global-color-5)","background-image":"","background-repeat":"repeat","background-position":"center center","background-size":"auto","background-attachment":"scroll","background-type":"","background-media":"","overlay-type":"","overlay-color":"","overlay-opacity":"","overlay-gradient":""},"mobile":{"background-color":"var(--ast-global-color-5)","background-image":"","background-repeat":"repeat","background-position":"center center","background-size":"auto","background-attachment":"scroll","background-type":"","background-media":"","overlay-type":"","overlay-color":"","overlay-opacity":"","overlay-gradient":""}}},"product_brand":[],"product_cat":[993],"product_tag":[],"class_list":{"0":"post-27084","1":"product","2":"type-product","3":"status-publish","4":"has-post-thumbnail","6":"product_cat-skotoy-tilbehor","7":"pa_14609_9qdrmwei-bla","8":"pa_14609_9qdrmwei-hvit","9":"pa_14609_9qdrmwei-rod","10":"desktop-align-left","11":"tablet-align-left","12":"mobile-align-left","14":"first","15":"instock","16":"shipping-taxable","17":"purchasable","18":"product-type-variable"},"_links":{"self":[{"href":"https:\/\/keluvo.com\/no\/wp-json\/wp\/v2\/product\/27084","targetHints":{"allow":["GET"]}}],"collection":[{"href":"https:\/\/keluvo.com\/no\/wp-json\/wp\/v2\/product"}],"about":[{"href":"https:\/\/keluvo.com\/no\/wp-json\/wp\/v2\/types\/product"}],"replies":[{"embeddable":true,"href":"https:\/\/keluvo.com\/no\/wp-json\/wp\/v2\/comments?post=27084"}],"wp:featuredmedia":[{"embeddable":true,"href":"https:\/\/keluvo.com\/no\/wp-json\/wp\/v2\/media\/27080"}],"wp:attachment":[{"href":"https:\/\/keluvo.com\/no\/wp-json\/wp\/v2\/media?parent=27084"}],"wp:term":[{"taxonomy":"product_brand","embeddable":true,"href":"https:\/\/keluvo.com\/no\/wp-json\/wp\/v2\/product_brand?post=27084"},{"taxonomy":"product_cat","embeddable":true,"href":"https:\/\/keluvo.com\/no\/wp-json\/wp\/v2\/product_cat?post=27084"},{"taxonomy":"product_tag","embeddable":true,"href":"https:\/\/keluvo.com\/no\/wp-json\/wp\/v2\/product_tag?post=27084"}],"curies":[{"name":"wp","href":"https:\/\/api.w.org\/{rel}","templated":true}]}}