{"id":27025,"date":"2025-06-18T10:58:57","date_gmt":"2025-06-18T08:58:57","guid":{"rendered":"https:\/\/keluvo.com\/no\/produkt\/tradlos-telefonlader\/"},"modified":"2025-07-11T18:07:10","modified_gmt":"2025-07-11T16:07:10","slug":"tradlos-telefonlader","status":"publish","type":"product","link":"https:\/\/keluvo.com\/no\/produkt\/tradlos-telefonlader\/","title":{"rendered":"Tr\u00e5dl\u00f8s telefonlader"},"content":{"rendered":"<h2 style=\"text-align: center;\">Vi presenterer den selvl\u00e5sende telefonholderen med tr\u00e5dl\u00f8s lading!<\/h2>\n<p style=\"text-align: center;\">Hold telefonen ladet mens du kj\u00f8rer, uten bekymringer! Denne smarttelefonholderen gj\u00f8r det enkelt \u00e5 lade enheten mens du er p\u00e5 farten, noe som reduserer distraksjoner samtidig som du kan bruke navigasjon, svare p\u00e5 anrop og spille musikk. Kj\u00f8r trygt og sikkert!<\/p>\n<p style=\"text-align: center;\">Denne holderen er designet for \u00e5 forbedre kj\u00f8reopplevelsen din, og holder telefonen trygt innenfor rekkevidde. Den har et 15 W tr\u00e5dl\u00f8st ladesystem som lader telefonen raskt og fullader den p\u00e5 bare 30 minutter. Den er kompatibel med nesten alle smarttelefoner, enten du har en iPhone, Samsung eller et annet merke, selv om de er i deksel.<\/p>\n<p><img decoding=\"async\" class=\"alignnone size-full wp-image-24294 aligncenter\" src=\"https:\/\/keluvo.com\/template\/wp-content\/uploads\/sites\/5\/2024\/11\/mc-cleaned1715737208unnamed.webp\" alt=\"\" \/><\/p>\n<h2 style=\"text-align: center;\">Hva gj\u00f8r v\u00e5r tr\u00e5dl\u00f8se telefonholder s\u00e5 popul\u00e6r?<\/h2>\n<p>\u2714 <strong>Infrar\u00f8d automatisk deteksjon<\/strong>: Denne telefonholderen bruker avansert infrar\u00f8d teknologi for \u00e5 oppdage telefonens st\u00f8rrelse. Bare plasser telefonen i n\u00e6rheten for enkel enh\u00e5ndsbruk.<\/p>\n<p>\u2714 <strong>Stabil og justerbar<\/strong>: Med en sterk sugekopp og 360-graders rotasjon gir holderen en stabil visning og tilgang til alle telefonens funksjoner mens du kj\u00f8rer.<\/p>\n<p>\u2714 <strong>Enkel installasjon<\/strong>: Luftventilfestet gj\u00f8r det enkelt \u00e5 montere uten bruk av verkt\u00f8y. Den kan festes sikkert til luftventilene p\u00e5 nesten alle kj\u00f8ret\u00f8y uten \u00e5 for\u00e5rsake skade.<\/p>\n<p>\u2714 <strong>Slitesterke materialer<\/strong>: Holderen er laget av ripebestandig, sklisikker gummi og robust ABS\/PC\/magnesium-aluminiumslegering, og gir et sterkt grep som holder selv p\u00e5 humpete veier.<\/p>\n<p><img decoding=\"async\" class=\"alignnone size-full wp-image-24293 aligncenter\" src=\"https:\/\/keluvo.com\/template\/wp-content\/uploads\/sites\/5\/2024\/11\/mc-cleaned1715737210unnamed_1.webp\" alt=\"\" \/><\/p>\n<h2 style=\"text-align: center;\">Spesifikasjoner:<\/h2>\n<ul>\n<li><strong>Materiale<\/strong>: ABS\/PC\/magnesium-aluminiumslegering<\/li>\n<li><strong>St\u00f8rrelse<\/strong>: 13 x 6,5 x 1,5 mm<\/li>\n<li><strong>Ladeeffekt<\/strong>: 15 W<\/li>\n<li><strong>Passer til<\/strong>: Smarttelefoner mellom 4,5 og 6,5 tommer<\/li>\n<\/ul>\n<p><img decoding=\"async\" class=\"alignnone size-full wp-image-24292 aligncenter\" src=\"https:\/\/keluvo.com\/template\/wp-content\/uploads\/sites\/5\/2024\/11\/mc-cleaned171573719633c2de14-4381-425b-b434-d112f110eb5c_bca0460a-d915-4ed8-b67a-841ec1cf492c.webp\" alt=\"\" \/><\/p>\n<h2 style=\"text-align: center;\">Hva inneholder esken:<\/h2>\n<ul>\n<li>1x tr\u00e5dl\u00f8s telefonlader og holder<\/li>\n<li>1x tr\u00e5dl\u00f8s lader<\/li>\n<li>1x USB Type C-kabel<\/li>\n<li>1x brukerh\u00e5ndbok<\/li>\n<\/ul>\n","protected":false},"excerpt":{"rendered":"<p>Vi presenterer den selvl\u00e5sende telefonholderen med tr\u00e5dl\u00f8s lading! Hold telefonen ladet mens du kj\u00f8rer, uten bekymringer! Denne smarttelefonholderen gj\u00f8r det [&hellip;]<\/p>\n","protected":false},"featured_media":27021,"comment_status":"open","ping_status":"closed","template":"","meta":{"site-sidebar-layout":"default","site-content-layout":"","ast-site-content-layout":"default","site-content-style":"default","site-sidebar-style":"default","ast-global-header-display":"","ast-banner-title-visibility":"","ast-main-header-display":"","ast-hfb-above-header-display":"","ast-hfb-below-header-display":"","ast-hfb-mobile-header-display":"","site-post-title":"","ast-breadcrumbs-content":"","ast-featured-img":"","footer-sml-layout":"","theme-transparent-header-meta":"default","adv-header-id-meta":"","stick-header-meta":"","header-above-stick-meta":"","header-main-stick-meta":"","header-below-stick-meta":"","astra-migrate-meta-layouts":"set","ast-page-background-enabled":"default","ast-page-background-meta":{"desktop":{"background-color":"var(--ast-global-color-4)","background-image":"","background-repeat":"repeat","background-position":"center center","background-size":"auto","background-attachment":"scroll","background-type":"","background-media":"","overlay-type":"","overlay-color":"","overlay-opacity":"","overlay-gradient":""},"tablet":{"background-color":"","background-image":"","background-repeat":"repeat","background-position":"center center","background-size":"auto","background-attachment":"scroll","background-type":"","background-media":"","overlay-type":"","overlay-color":"","overlay-opacity":"","overlay-gradient":""},"mobile":{"background-color":"","background-image":"","background-repeat":"repeat","background-position":"center center","background-size":"auto","background-attachment":"scroll","background-type":"","background-media":"","overlay-type":"","overlay-color":"","overlay-opacity":"","overlay-gradient":""}},"ast-content-background-meta":{"desktop":{"background-color":"var(--ast-global-color-5)","background-image":"","background-repeat":"repeat","background-position":"center center","background-size":"auto","background-attachment":"scroll","background-type":"","background-media":"","overlay-type":"","overlay-color":"","overlay-opacity":"","overlay-gradient":""},"tablet":{"background-color":"var(--ast-global-color-5)","background-image":"","background-repeat":"repeat","background-position":"center center","background-size":"auto","background-attachment":"scroll","background-type":"","background-media":"","overlay-type":"","overlay-color":"","overlay-opacity":"","overlay-gradient":""},"mobile":{"background-color":"var(--ast-global-color-5)","background-image":"","background-repeat":"repeat","background-position":"center center","background-size":"auto","background-attachment":"scroll","background-type":"","background-media":"","overlay-type":"","overlay-color":"","overlay-opacity":"","overlay-gradient":""}}},"product_brand":[],"product_cat":[998],"product_tag":[],"class_list":{"0":"post-27025","1":"product","2":"type-product","3":"status-publish","4":"has-post-thumbnail","6":"product_cat-bilprodukter","7":"pa_16251_q5tl2nh4-solv","8":"pa_16251_q5tl2nh4-svart","9":"desktop-align-left","10":"tablet-align-left","11":"mobile-align-left","13":"first","14":"instock","15":"shipping-taxable","16":"purchasable","17":"product-type-variable"},"_links":{"self":[{"href":"https:\/\/keluvo.com\/no\/wp-json\/wp\/v2\/product\/27025","targetHints":{"allow":["GET"]}}],"collection":[{"href":"https:\/\/keluvo.com\/no\/wp-json\/wp\/v2\/product"}],"about":[{"href":"https:\/\/keluvo.com\/no\/wp-json\/wp\/v2\/types\/product"}],"replies":[{"embeddable":true,"href":"https:\/\/keluvo.com\/no\/wp-json\/wp\/v2\/comments?post=27025"}],"wp:featuredmedia":[{"embeddable":true,"href":"https:\/\/keluvo.com\/no\/wp-json\/wp\/v2\/media\/27021"}],"wp:attachment":[{"href":"https:\/\/keluvo.com\/no\/wp-json\/wp\/v2\/media?parent=27025"}],"wp:term":[{"taxonomy":"product_brand","embeddable":true,"href":"https:\/\/keluvo.com\/no\/wp-json\/wp\/v2\/product_brand?post=27025"},{"taxonomy":"product_cat","embeddable":true,"href":"https:\/\/keluvo.com\/no\/wp-json\/wp\/v2\/product_cat?post=27025"},{"taxonomy":"product_tag","embeddable":true,"href":"https:\/\/keluvo.com\/no\/wp-json\/wp\/v2\/product_tag?post=27025"}],"curies":[{"name":"wp","href":"https:\/\/api.w.org\/{rel}","templated":true}]}}