{"id":26972,"date":"2025-06-17T16:09:18","date_gmt":"2025-06-17T14:09:18","guid":{"rendered":"https:\/\/keluvo.com\/no\/produkt\/nordlyskube\/"},"modified":"2025-06-17T16:09:18","modified_gmt":"2025-06-17T14:09:18","slug":"nordlyskube","status":"publish","type":"product","link":"https:\/\/keluvo.com\/no\/produkt\/nordlyskube\/","title":{"rendered":"Nordlyskube"},"content":{"rendered":"<p style=\"text-align: center\">Lys opp rommet ditt med <span data-sheets-root=\"1\">nordlyskuben<\/span>, en lampe som er designet for \u00e5 etterligne de vakre fargene i nordlyset. Kubens form og prismem\u00f8nster skaper et fantastisk lysbilde som ligner p\u00e5 nordlyset. Du kan plassere den p\u00e5 skrivebordet, nattbordet eller bruke den som et midtpunkt. Trebasen og de 16 fargevalgene gir et livlig preg til ethvert rom.<\/p>\n<p><img fetchpriority=\"high\" decoding=\"async\" class=\" wp-image-24189 aligncenter\" src=\"https:\/\/keluvo.com\/template\/wp-content\/uploads\/sites\/5\/2025\/06\/fgsdgaffgf_480x480.webp\" alt=\"\" width=\"455\" height=\"809\" \/><\/p>\n<p>\u2714\ufe0f Aurora-inspirert lys: Nyt det fortryllende nordlyset med den unike designen.<\/p>\n<p>\u2714\ufe0f Sokkel i naturlig tre: Basen i massivt tre gir varme og utfyller de levende lysene.<\/p>\n<p><img decoding=\"async\" class=\" wp-image-24192 aligncenter\" src=\"https:\/\/keluvo.com\/template\/wp-content\/uploads\/sites\/5\/2025\/06\/nast_bast_480x480.webp\" alt=\"\" width=\"469\" height=\"656\" \/><\/p>\n<h2 style=\"text-align: center\">Spesifikasjoner<\/h2>\n<ul>\n<li>Materiale: Tre + akryl<\/li>\n<li>Fjernkontroll: Ja (inkludert)<\/li>\n<li>Str\u00f8m: USB-tilkobling (inkludert)<\/li>\n<li>Farger: 16<\/li>\n<li>Wattstyrke: 3W<\/li>\n<li>Dimensjoner: 13 x 13 x 13 cm.<\/li>\n<\/ul>\n<p><img decoding=\"async\" class=\"size-full wp-image-24191 aligncenter\" src=\"https:\/\/keluvo.com\/template\/wp-content\/uploads\/sites\/5\/2025\/06\/fdsxdcvg_480x480.webp\" alt=\"\" \/><\/p>\n","protected":false},"excerpt":{"rendered":"<p>Lys opp rommet ditt med nordlyskuben, en lampe som er designet for \u00e5 etterligne de vakre fargene i nordlyset. Kubens [&hellip;]<\/p>\n","protected":false},"featured_media":26968,"comment_status":"open","ping_status":"closed","template":"","meta":{"site-sidebar-layout":"default","site-content-layout":"","ast-site-content-layout":"default","site-content-style":"default","site-sidebar-style":"default","ast-global-header-display":"","ast-banner-title-visibility":"","ast-main-header-display":"","ast-hfb-above-header-display":"","ast-hfb-below-header-display":"","ast-hfb-mobile-header-display":"","site-post-title":"","ast-breadcrumbs-content":"","ast-featured-img":"","footer-sml-layout":"","theme-transparent-header-meta":"default","adv-header-id-meta":"","stick-header-meta":"","header-above-stick-meta":"","header-main-stick-meta":"","header-below-stick-meta":"","astra-migrate-meta-layouts":"set","ast-page-background-enabled":"default","ast-page-background-meta":{"desktop":{"background-color":"var(--ast-global-color-4)","background-image":"","background-repeat":"repeat","background-position":"center center","background-size":"auto","background-attachment":"scroll","background-type":"","background-media":"","overlay-type":"","overlay-color":"","overlay-opacity":"","overlay-gradient":""},"tablet":{"background-color":"","background-image":"","background-repeat":"repeat","background-position":"center center","background-size":"auto","background-attachment":"scroll","background-type":"","background-media":"","overlay-type":"","overlay-color":"","overlay-opacity":"","overlay-gradient":""},"mobile":{"background-color":"","background-image":"","background-repeat":"repeat","background-position":"center center","background-size":"auto","background-attachment":"scroll","background-type":"","background-media":"","overlay-type":"","overlay-color":"","overlay-opacity":"","overlay-gradient":""}},"ast-content-background-meta":{"desktop":{"background-color":"var(--ast-global-color-5)","background-image":"","background-repeat":"repeat","background-position":"center center","background-size":"auto","background-attachment":"scroll","background-type":"","background-media":"","overlay-type":"","overlay-color":"","overlay-opacity":"","overlay-gradient":""},"tablet":{"background-color":"var(--ast-global-color-5)","background-image":"","background-repeat":"repeat","background-position":"center center","background-size":"auto","background-attachment":"scroll","background-type":"","background-media":"","overlay-type":"","overlay-color":"","overlay-opacity":"","overlay-gradient":""},"mobile":{"background-color":"var(--ast-global-color-5)","background-image":"","background-repeat":"repeat","background-position":"center center","background-size":"auto","background-attachment":"scroll","background-type":"","background-media":"","overlay-type":"","overlay-color":"","overlay-opacity":"","overlay-gradient":""}}},"product_brand":[],"product_cat":[1001],"product_tag":[],"class_list":{"0":"post-26972","1":"product","2":"type-product","3":"status-publish","4":"has-post-thumbnail","6":"product_cat-husholdningsartikler","7":"desktop-align-left","8":"tablet-align-left","9":"mobile-align-left","11":"first","12":"instock","13":"shipping-taxable","14":"purchasable","15":"product-type-simple"},"_links":{"self":[{"href":"https:\/\/keluvo.com\/no\/wp-json\/wp\/v2\/product\/26972","targetHints":{"allow":["GET"]}}],"collection":[{"href":"https:\/\/keluvo.com\/no\/wp-json\/wp\/v2\/product"}],"about":[{"href":"https:\/\/keluvo.com\/no\/wp-json\/wp\/v2\/types\/product"}],"replies":[{"embeddable":true,"href":"https:\/\/keluvo.com\/no\/wp-json\/wp\/v2\/comments?post=26972"}],"wp:featuredmedia":[{"embeddable":true,"href":"https:\/\/keluvo.com\/no\/wp-json\/wp\/v2\/media\/26968"}],"wp:attachment":[{"href":"https:\/\/keluvo.com\/no\/wp-json\/wp\/v2\/media?parent=26972"}],"wp:term":[{"taxonomy":"product_brand","embeddable":true,"href":"https:\/\/keluvo.com\/no\/wp-json\/wp\/v2\/product_brand?post=26972"},{"taxonomy":"product_cat","embeddable":true,"href":"https:\/\/keluvo.com\/no\/wp-json\/wp\/v2\/product_cat?post=26972"},{"taxonomy":"product_tag","embeddable":true,"href":"https:\/\/keluvo.com\/no\/wp-json\/wp\/v2\/product_tag?post=26972"}],"curies":[{"name":"wp","href":"https:\/\/api.w.org\/{rel}","templated":true}]}}