{"id":26945,"date":"2025-06-17T16:02:30","date_gmt":"2025-06-17T14:02:30","guid":{"rendered":"https:\/\/keluvo.com\/no\/produkt\/myggavvisende-band\/"},"modified":"2025-06-17T16:02:38","modified_gmt":"2025-06-17T14:02:38","slug":"myggavvisende-band","status":"publish","type":"product","link":"https:\/\/keluvo.com\/no\/produkt\/myggavvisende-band\/","title":{"rendered":"Myggavvisende b\u00e5nd"},"content":{"rendered":"<p>\ud83e\udd9f Holder myggen unna<br \/>\n\ud83c\udf3f Laget med 100 % naturlige eteriske oljer<br \/>\n\ud83d\udeab Ingen giftstoffer eller kjemikalier<\/p>\n<h2 style=\"text-align: center\">\u00a0Hold Deg Trygg Mot Myggstikk!<\/h2>\n<p style=\"text-align: center\">Sommeren er her, og de irriterende myggene begynner \u00e5 dukke opp&#8230; Myggstikk kan v\u00e6re kl\u00f8ende og ubehagelige, spesielt for barn. I tillegg kan de spre skadelige sykdommer. V\u00e5re m<span data-sheets-root=\"1\">yggb\u00e5nd<\/span> beskytter deg og barna dine ved \u00e5 bruke naturlige eteriske oljer for \u00e5 holde myggen p\u00e5 avstand.<\/p>\n<p><img decoding=\"async\" class=\"size-full wp-image-24051 aligncenter\" src=\"https:\/\/keluvo.com\/template\/wp-content\/uploads\/sites\/5\/2025\/06\/0617-ezgif.com-gif-to-webp-converter.webp\" alt=\"\" \/><\/p>\n<h2 style=\"text-align: center\">Si Farvel Til Tradisjonelle Myggmidler<\/h2>\n<p style=\"text-align: center\">Visste du at mange myggsprayer er skadelige ved inn\u00e5nding? Andre alternativer fungerer ofte ikke s\u00e5 bra og er kanskje ikke egnet for barn. <span data-sheets-root=\"1\">Myggavvisende b\u00e5nd<\/span> er annerledes. V\u00e5re myggb\u00e5nd er laget av naturlige eteriske oljer og er trygge for alle.<\/p>\n<h2 style=\"text-align: center\">Ingen Flere S\u00f8vnl\u00f8se Netter<\/h2>\n<p style=\"text-align: center\">Du er klar til \u00e5 sove, og alt virker rolig&#8230; Men s\u00e5 h\u00f8rer du den summende lyden som n\u00e6rmer seg.<br \/>\n\u201cHvorfor n\u00e5?\u201d tenker du, mens du strever med \u00e5 finne den lille myggen. Med m<span data-sheets-root=\"1\">yggb\u00e5nd<\/span>, vil myggen holdes borte av de eteriske oljene, slik at du endelig kan hvile.<\/p>\n<h2 style=\"text-align: center\">Trygt Og Naturlig<\/h2>\n<p style=\"text-align: center\">Din sikkerhet er viktig for oss, og derfor er v\u00e5rt myggmiddel laget utelukkende av naturlige ingredienser.<br \/>\nDet er egnet for barn og helt fritt for DEET.<\/p>\n<h2 style=\"text-align: center\">Designet For Alle<\/h2>\n<p style=\"text-align: center\">Armb\u00e5ndet kan justeres slik at det passer b\u00e5de voksne og barn (fra 3 \u00e5r). De er ogs\u00e5 vanntette, slik at du kan nyte bassenget eller stranden uten bekymring. Armb\u00e5ndene v\u00e5re avgir kontinuerlig en behagelig duft av eteriske oljer\u2014som sitronella, lavendel og eukalyptus\u2014som effektivt frast\u00f8ter mygg samtidig som de gj\u00f8r deg mindre tiltrekkende for dem. N\u00e5r du har p\u00e5 deg armb\u00e5ndet, skaper det en duftbarriere som gir beskyttelse\u2014uten behov for DEET, kjemikalier eller spray.<\/p>\n<p><img decoding=\"async\" class=\"size-full wp-image-24052 aligncenter\" src=\"https:\/\/keluvo.com\/template\/wp-content\/uploads\/sites\/5\/2025\/06\/M.png\" alt=\"\" \/><\/p>\n<h2 style=\"text-align: center\">Fungerer De Mot Fl\u00e5tt?<\/h2>\n<p style=\"text-align: center\">Ja! B\u00e5ndene v\u00e5re bidrar ogs\u00e5 til \u00e5 holde fl\u00e5tt og hestefluer unna. De eteriske oljene i b\u00e5ndene avskrekker b\u00e5de mygg og fl\u00e5tt, og holder dem p\u00e5 avstand.<\/p>\n","protected":false},"excerpt":{"rendered":"<p>\ud83e\udd9f Holder myggen unna \ud83c\udf3f Laget med 100 % naturlige eteriske oljer \ud83d\udeab Ingen giftstoffer eller kjemikalier \u00a0Hold Deg Trygg [&hellip;]<\/p>\n","protected":false},"featured_media":26942,"comment_status":"open","ping_status":"closed","template":"","meta":{"site-sidebar-layout":"default","site-content-layout":"","ast-site-content-layout":"default","site-content-style":"default","site-sidebar-style":"default","ast-global-header-display":"","ast-banner-title-visibility":"","ast-main-header-display":"","ast-hfb-above-header-display":"","ast-hfb-below-header-display":"","ast-hfb-mobile-header-display":"","site-post-title":"","ast-breadcrumbs-content":"","ast-featured-img":"","footer-sml-layout":"","theme-transparent-header-meta":"default","adv-header-id-meta":"","stick-header-meta":"","header-above-stick-meta":"","header-main-stick-meta":"","header-below-stick-meta":"","astra-migrate-meta-layouts":"set","ast-page-background-enabled":"default","ast-page-background-meta":{"desktop":{"background-color":"var(--ast-global-color-4)","background-image":"","background-repeat":"repeat","background-position":"center center","background-size":"auto","background-attachment":"scroll","background-type":"","background-media":"","overlay-type":"","overlay-color":"","overlay-opacity":"","overlay-gradient":""},"tablet":{"background-color":"","background-image":"","background-repeat":"repeat","background-position":"center center","background-size":"auto","background-attachment":"scroll","background-type":"","background-media":"","overlay-type":"","overlay-color":"","overlay-opacity":"","overlay-gradient":""},"mobile":{"background-color":"","background-image":"","background-repeat":"repeat","background-position":"center center","background-size":"auto","background-attachment":"scroll","background-type":"","background-media":"","overlay-type":"","overlay-color":"","overlay-opacity":"","overlay-gradient":""}},"ast-content-background-meta":{"desktop":{"background-color":"var(--ast-global-color-5)","background-image":"","background-repeat":"repeat","background-position":"center center","background-size":"auto","background-attachment":"scroll","background-type":"","background-media":"","overlay-type":"","overlay-color":"","overlay-opacity":"","overlay-gradient":""},"tablet":{"background-color":"var(--ast-global-color-5)","background-image":"","background-repeat":"repeat","background-position":"center center","background-size":"auto","background-attachment":"scroll","background-type":"","background-media":"","overlay-type":"","overlay-color":"","overlay-opacity":"","overlay-gradient":""},"mobile":{"background-color":"var(--ast-global-color-5)","background-image":"","background-repeat":"repeat","background-position":"center center","background-size":"auto","background-attachment":"scroll","background-type":"","background-media":"","overlay-type":"","overlay-color":"","overlay-opacity":"","overlay-gradient":""}}},"product_brand":[],"product_cat":[1001,993],"product_tag":[],"class_list":{"0":"post-26945","1":"product","2":"type-product","3":"status-publish","4":"has-post-thumbnail","6":"product_cat-husholdningsartikler","7":"product_cat-skotoy-tilbehor","8":"pa_48216_5cesile2-1-stk","9":"pa_48216_5cesile2-xl-familiepakke-4-stk","10":"pa_48216_5cesile2-xxl-familiepakke-5-stk","11":"desktop-align-left","12":"tablet-align-left","13":"mobile-align-left","15":"first","16":"instock","17":"shipping-taxable","18":"purchasable","19":"product-type-variable"},"_links":{"self":[{"href":"https:\/\/keluvo.com\/no\/wp-json\/wp\/v2\/product\/26945","targetHints":{"allow":["GET"]}}],"collection":[{"href":"https:\/\/keluvo.com\/no\/wp-json\/wp\/v2\/product"}],"about":[{"href":"https:\/\/keluvo.com\/no\/wp-json\/wp\/v2\/types\/product"}],"replies":[{"embeddable":true,"href":"https:\/\/keluvo.com\/no\/wp-json\/wp\/v2\/comments?post=26945"}],"wp:featuredmedia":[{"embeddable":true,"href":"https:\/\/keluvo.com\/no\/wp-json\/wp\/v2\/media\/26942"}],"wp:attachment":[{"href":"https:\/\/keluvo.com\/no\/wp-json\/wp\/v2\/media?parent=26945"}],"wp:term":[{"taxonomy":"product_brand","embeddable":true,"href":"https:\/\/keluvo.com\/no\/wp-json\/wp\/v2\/product_brand?post=26945"},{"taxonomy":"product_cat","embeddable":true,"href":"https:\/\/keluvo.com\/no\/wp-json\/wp\/v2\/product_cat?post=26945"},{"taxonomy":"product_tag","embeddable":true,"href":"https:\/\/keluvo.com\/no\/wp-json\/wp\/v2\/product_tag?post=26945"}],"curies":[{"name":"wp","href":"https:\/\/api.w.org\/{rel}","templated":true}]}}