{"id":2694,"date":"2024-10-28T17:49:12","date_gmt":"2024-10-28T14:49:12","guid":{"rendered":"https:\/\/keluvo.com\/no\/produkt\/luksus-herreklokke\/"},"modified":"2025-09-15T17:16:22","modified_gmt":"2025-09-15T14:16:22","slug":"luksus-herreklokke","status":"publish","type":"product","link":"https:\/\/keluvo.com\/no\/produkt\/luksus-herreklokke\/","title":{"rendered":"Luksus herreklokke"},"content":{"rendered":"<h2 style=\"text-align: center\"><strong> Vanntett herreklokke med flere funksjoner<\/strong><\/h2>\n<p style=\"text-align: center\">Dette er en vanntett klokke som enkelt kan brukes mens du vasker hender eller lager mat, selv i regnet! Det er en unik selvlysende h\u00e5ndklokke som ikke frykter m\u00f8rket. Du kan se tiden i frav\u00e6r av lys.<\/p>\n<h2><img decoding=\"async\" class=\"aligncenter\" src=\"https:\/\/s.alicdn.com\/@sc04\/kf\/Hef8118d29c374058a07b24bd8dc51a13J.jpg?avif=close\" \/><\/h2>\n<h2 style=\"text-align: center\"><\/h2>\n<h2 style=\"text-align: center\"><strong>Klassisk luksusdesign<\/strong><\/h2>\n<p style=\"text-align: center\">Minimalistiske moteklokker for menn med en minimalistisk bl\u00e5 urskive er rene og elegante. Sammen med en eksklusiv reim i rustfritt st\u00e5l er den like komfortabel som den er pen. Denne klokken fremhever den kunstneriske stilen i hverdagen og tilf\u00f8rer et snev av eleganse til forretningskl\u00e6r.<\/p>\n<h2><img decoding=\"async\" class=\"size-medium wp-image-4053 aligncenter\" src=\"https:\/\/keluvo.com\/template\/wp-content\/uploads\/sites\/5\/2024\/10\/download.jpeg\" alt=\"\" \/><\/h2>\n<h2><\/h2>\n<h2 style=\"text-align: center\"><strong> Forsiktig Dial Design<\/strong><\/h2>\n<div style=\"text-align: center\">Den er ikke bare klassisk vakker, men ogs\u00e5 funksjonsrik. Den store bl\u00e5 urskiven er gjennomsiktig og vakker ved f\u00f8rste \u00f8yekast, og den enkle diamantskalaen gj\u00f8r det enkelt \u00e5 se tidsinformasjon. Uke- og datovisningsvinduet er praktisk for reise- og tidsplanlegging.<\/div>\n<div><img decoding=\"async\" class=\"aligncenter\" src=\"https:\/\/s.alicdn.com\/@sc04\/kf\/H27542c1cdf1d4f0a98a13056cf4bf7cbn.jpg?avif=close\" \/><\/div>\n<div><\/div>\n<div><\/div>\n<h2 style=\"text-align: center\"><strong>Perfekt tillegg til enhver herrestil<\/strong><\/h2>\n<p style=\"text-align: center\">Klokken er et flott tilskudd til stilen din, med sin flotte design, materialer og utseende. Kj\u00f8p din n\u00e5!<\/p>\n<p><img decoding=\"async\" class=\"size-medium wp-image-4054 aligncenter\" src=\"https:\/\/keluvo.com\/template\/wp-content\/uploads\/sites\/5\/2024\/10\/download2.jpeg\" alt=\"\" \/><\/p>\n","protected":false},"excerpt":{"rendered":"<p>Vanntett herreklokke med flere funksjoner Dette er en vanntett klokke som enkelt kan brukes mens du vasker hender eller lager [&hellip;]<\/p>\n","protected":false},"featured_media":2690,"comment_status":"open","ping_status":"closed","template":"","meta":{"site-sidebar-layout":"default","site-content-layout":"","ast-site-content-layout":"default","site-content-style":"default","site-sidebar-style":"default","ast-global-header-display":"","ast-banner-title-visibility":"","ast-main-header-display":"","ast-hfb-above-header-display":"","ast-hfb-below-header-display":"","ast-hfb-mobile-header-display":"","site-post-title":"","ast-breadcrumbs-content":"","ast-featured-img":"","footer-sml-layout":"","theme-transparent-header-meta":"default","adv-header-id-meta":"","stick-header-meta":"","header-above-stick-meta":"","header-main-stick-meta":"","header-below-stick-meta":"","astra-migrate-meta-layouts":"set","ast-page-background-enabled":"default","ast-page-background-meta":{"desktop":{"background-color":"var(--ast-global-color-4)","background-image":"","background-repeat":"repeat","background-position":"center center","background-size":"auto","background-attachment":"scroll","background-type":"","background-media":"","overlay-type":"","overlay-color":"","overlay-opacity":"","overlay-gradient":""},"tablet":{"background-color":"","background-image":"","background-repeat":"repeat","background-position":"center center","background-size":"auto","background-attachment":"scroll","background-type":"","background-media":"","overlay-type":"","overlay-color":"","overlay-opacity":"","overlay-gradient":""},"mobile":{"background-color":"","background-image":"","background-repeat":"repeat","background-position":"center center","background-size":"auto","background-attachment":"scroll","background-type":"","background-media":"","overlay-type":"","overlay-color":"","overlay-opacity":"","overlay-gradient":""}},"ast-content-background-meta":{"desktop":{"background-color":"var(--ast-global-color-5)","background-image":"","background-repeat":"repeat","background-position":"center center","background-size":"auto","background-attachment":"scroll","background-type":"","background-media":"","overlay-type":"","overlay-color":"","overlay-opacity":"","overlay-gradient":""},"tablet":{"background-color":"var(--ast-global-color-5)","background-image":"","background-repeat":"repeat","background-position":"center center","background-size":"auto","background-attachment":"scroll","background-type":"","background-media":"","overlay-type":"","overlay-color":"","overlay-opacity":"","overlay-gradient":""},"mobile":{"background-color":"var(--ast-global-color-5)","background-image":"","background-repeat":"repeat","background-position":"center center","background-size":"auto","background-attachment":"scroll","background-type":"","background-media":"","overlay-type":"","overlay-color":"","overlay-opacity":"","overlay-gradient":""}}},"product_brand":[],"product_cat":[993],"product_tag":[],"class_list":{"0":"post-2694","1":"product","2":"type-product","3":"status-publish","4":"has-post-thumbnail","6":"product_cat-skotoy-tilbehor","7":"pa_o4c9lgqe-bla","8":"pa_o4c9lgqe-gronn","9":"pa_o4c9lgqe-hvit","10":"pa_o4c9lgqe-svart","11":"desktop-align-left","12":"tablet-align-left","13":"mobile-align-left","15":"first","16":"instock","17":"shipping-taxable","18":"purchasable","19":"product-type-variable"},"_links":{"self":[{"href":"https:\/\/keluvo.com\/no\/wp-json\/wp\/v2\/product\/2694","targetHints":{"allow":["GET"]}}],"collection":[{"href":"https:\/\/keluvo.com\/no\/wp-json\/wp\/v2\/product"}],"about":[{"href":"https:\/\/keluvo.com\/no\/wp-json\/wp\/v2\/types\/product"}],"replies":[{"embeddable":true,"href":"https:\/\/keluvo.com\/no\/wp-json\/wp\/v2\/comments?post=2694"}],"wp:featuredmedia":[{"embeddable":true,"href":"https:\/\/keluvo.com\/no\/wp-json\/wp\/v2\/media\/2690"}],"wp:attachment":[{"href":"https:\/\/keluvo.com\/no\/wp-json\/wp\/v2\/media?parent=2694"}],"wp:term":[{"taxonomy":"product_brand","embeddable":true,"href":"https:\/\/keluvo.com\/no\/wp-json\/wp\/v2\/product_brand?post=2694"},{"taxonomy":"product_cat","embeddable":true,"href":"https:\/\/keluvo.com\/no\/wp-json\/wp\/v2\/product_cat?post=2694"},{"taxonomy":"product_tag","embeddable":true,"href":"https:\/\/keluvo.com\/no\/wp-json\/wp\/v2\/product_tag?post=2694"}],"curies":[{"name":"wp","href":"https:\/\/api.w.org\/{rel}","templated":true}]}}