{"id":26915,"date":"2025-06-17T14:22:43","date_gmt":"2025-06-17T12:22:43","guid":{"rendered":"https:\/\/keluvo.com\/no\/produkt\/smile-sokker-10-par\/"},"modified":"2025-06-17T14:22:43","modified_gmt":"2025-06-17T12:22:43","slug":"smile-sokker-10-par","status":"publish","type":"product","link":"https:\/\/keluvo.com\/no\/produkt\/smile-sokker-10-par\/","title":{"rendered":"Smile-sokker (10 par)"},"content":{"rendered":"<p style=\"text-align: center\"><strong>Si farvel til kjedelige sokker! <span data-sheets-root=\"1\">Smile-sokkene<\/span> kommer i 10 fargerike par som vil lyse opp dagen din, og gir deg komfort og stil som gj\u00f8r livet morsommere.<\/strong><\/p>\n<p style=\"text-align: center\">Kle f\u00f8ttene dine riktig og skille deg ut med hvert skritt! Disse sokkene er laget av en behagelig bomullsblanding som gj\u00f8r dem komfortable og pustende, slik at f\u00f8ttene dine holder seg friske hele dagen. Du l\u00f8fter ikke bare hum\u00f8ret, men ogs\u00e5 stilen din. Enten du er p\u00e5 jobb, trener eller slapper av hjemme, passer disse sokkene perfekt og ser flotte ut!St\u00f8rrelse: 36-41.<\/p>\n<p style=\"text-align: center\">St\u00f8rrelse: 36-41.<\/p>\n<p><img decoding=\"async\" class=\"size-full wp-image-24019 aligncenter\" src=\"https:\/\/keluvo.com\/template\/wp-content\/uploads\/sites\/5\/2025\/06\/3_5db72bcd-28a0-4f4e-9a77-45c8365940f5.webp\" alt=\"\" \/><\/p>\n<h2 style=\"text-align: center\"><strong>Sterke Farger Og M\u00f8nstre<\/strong><\/h2>\n<p style=\"text-align: center\">Smile-sokkene setter farge p\u00e5 hverdagen din og gir antrekket ditt et unikt preg.<\/p>\n<p><img decoding=\"async\" class=\"size-full wp-image-24025 aligncenter\" src=\"https:\/\/keluvo.com\/template\/wp-content\/uploads\/sites\/5\/2025\/06\/CB9A0471Kopie.webp\" alt=\"\" \/><\/p>\n<h2 style=\"text-align: center\"><strong>Komfort Av H\u00f8y Kvalitet<\/strong><\/h2>\n<p style=\"text-align: center\">Den pustende bomullsblandingen s\u00f8rger for en behagelig passform og holder f\u00f8ttene dine friske.<\/p>\n<p><img decoding=\"async\" class=\"size-full wp-image-24024 aligncenter\" src=\"https:\/\/keluvo.com\/template\/wp-content\/uploads\/sites\/5\/2025\/06\/IMG_7295-min_b56cb4d7-9a37-4e07-91bc-0679fa8884d9.webp\" alt=\"\" \/><\/p>\n<h2 style=\"text-align: center\"><strong>Slitesterk Kvalitet<\/strong><\/h2>\n<p style=\"text-align: center\">Laget for \u00e5 vare, disse sokkene holder seg godt selv etter mange vasker og er enkle \u00e5 ta vare p\u00e5.<\/p>\n<p><img decoding=\"async\" class=\"size-full wp-image-24020 aligncenter\" src=\"https:\/\/keluvo.com\/template\/wp-content\/uploads\/sites\/5\/2025\/06\/Zwischenueberschrifthinzufuegen-3_52ae02f4-aa65-461c-ab94-be5e00e0203a.webp\" alt=\"\" \/><\/p>\n<p style=\"text-align: center\">Smile-sokkene kan vaskes i maskin og opprettholder kvaliteten, noe som gj\u00f8r dem perfekte for hverdagsbruk.<\/p>\n","protected":false},"excerpt":{"rendered":"<p>Si farvel til kjedelige sokker! Smile-sokkene kommer i 10 fargerike par som vil lyse opp dagen din, og gir deg [&hellip;]<\/p>\n","protected":false},"featured_media":26911,"comment_status":"open","ping_status":"closed","template":"","meta":{"site-sidebar-layout":"default","site-content-layout":"","ast-site-content-layout":"default","site-content-style":"default","site-sidebar-style":"default","ast-global-header-display":"","ast-banner-title-visibility":"","ast-main-header-display":"","ast-hfb-above-header-display":"","ast-hfb-below-header-display":"","ast-hfb-mobile-header-display":"","site-post-title":"","ast-breadcrumbs-content":"","ast-featured-img":"","footer-sml-layout":"","theme-transparent-header-meta":"default","adv-header-id-meta":"","stick-header-meta":"","header-above-stick-meta":"","header-main-stick-meta":"","header-below-stick-meta":"","astra-migrate-meta-layouts":"set","ast-page-background-enabled":"default","ast-page-background-meta":{"desktop":{"background-color":"var(--ast-global-color-4)","background-image":"","background-repeat":"repeat","background-position":"center center","background-size":"auto","background-attachment":"scroll","background-type":"","background-media":"","overlay-type":"","overlay-color":"","overlay-opacity":"","overlay-gradient":""},"tablet":{"background-color":"","background-image":"","background-repeat":"repeat","background-position":"center center","background-size":"auto","background-attachment":"scroll","background-type":"","background-media":"","overlay-type":"","overlay-color":"","overlay-opacity":"","overlay-gradient":""},"mobile":{"background-color":"","background-image":"","background-repeat":"repeat","background-position":"center center","background-size":"auto","background-attachment":"scroll","background-type":"","background-media":"","overlay-type":"","overlay-color":"","overlay-opacity":"","overlay-gradient":""}},"ast-content-background-meta":{"desktop":{"background-color":"var(--ast-global-color-5)","background-image":"","background-repeat":"repeat","background-position":"center center","background-size":"auto","background-attachment":"scroll","background-type":"","background-media":"","overlay-type":"","overlay-color":"","overlay-opacity":"","overlay-gradient":""},"tablet":{"background-color":"var(--ast-global-color-5)","background-image":"","background-repeat":"repeat","background-position":"center center","background-size":"auto","background-attachment":"scroll","background-type":"","background-media":"","overlay-type":"","overlay-color":"","overlay-opacity":"","overlay-gradient":""},"mobile":{"background-color":"var(--ast-global-color-5)","background-image":"","background-repeat":"repeat","background-position":"center center","background-size":"auto","background-attachment":"scroll","background-type":"","background-media":"","overlay-type":"","overlay-color":"","overlay-opacity":"","overlay-gradient":""}}},"product_brand":[],"product_cat":[994,995,993],"product_tag":[],"class_list":{"0":"post-26915","1":"product","2":"type-product","3":"status-publish","4":"has-post-thumbnail","6":"product_cat-klaer-til-kvinner","7":"product_cat-klaer-til-menn","8":"product_cat-skotoy-tilbehor","9":"desktop-align-left","10":"tablet-align-left","11":"mobile-align-left","13":"first","14":"instock","15":"shipping-taxable","16":"purchasable","17":"product-type-simple"},"_links":{"self":[{"href":"https:\/\/keluvo.com\/no\/wp-json\/wp\/v2\/product\/26915","targetHints":{"allow":["GET"]}}],"collection":[{"href":"https:\/\/keluvo.com\/no\/wp-json\/wp\/v2\/product"}],"about":[{"href":"https:\/\/keluvo.com\/no\/wp-json\/wp\/v2\/types\/product"}],"replies":[{"embeddable":true,"href":"https:\/\/keluvo.com\/no\/wp-json\/wp\/v2\/comments?post=26915"}],"wp:featuredmedia":[{"embeddable":true,"href":"https:\/\/keluvo.com\/no\/wp-json\/wp\/v2\/media\/26911"}],"wp:attachment":[{"href":"https:\/\/keluvo.com\/no\/wp-json\/wp\/v2\/media?parent=26915"}],"wp:term":[{"taxonomy":"product_brand","embeddable":true,"href":"https:\/\/keluvo.com\/no\/wp-json\/wp\/v2\/product_brand?post=26915"},{"taxonomy":"product_cat","embeddable":true,"href":"https:\/\/keluvo.com\/no\/wp-json\/wp\/v2\/product_cat?post=26915"},{"taxonomy":"product_tag","embeddable":true,"href":"https:\/\/keluvo.com\/no\/wp-json\/wp\/v2\/product_tag?post=26915"}],"curies":[{"name":"wp","href":"https:\/\/api.w.org\/{rel}","templated":true}]}}