{"id":26792,"date":"2025-06-16T17:05:51","date_gmt":"2025-06-16T15:05:51","guid":{"rendered":"https:\/\/keluvo.com\/no\/produkt\/moderne-ortopediske-sko\/"},"modified":"2025-06-16T17:07:23","modified_gmt":"2025-06-16T15:07:23","slug":"moderne-ortopediske-sko","status":"publish","type":"product","link":"https:\/\/keluvo.com\/no\/produkt\/moderne-ortopediske-sko\/","title":{"rendered":"Moderne ortopediske sko"},"content":{"rendered":"<p><img decoding=\"async\" class=\"size-full wp-image-23965 aligncenter\" src=\"https:\/\/keluvo.com\/template\/wp-content\/uploads\/sites\/5\/2025\/06\/GDT.jpg\" alt=\"\" \/><\/p>\n<p style=\"text-align: center\"><strong>Komfort For Ditt Aktive Liv<\/strong><\/p>\n<p style=\"text-align: center\">Er du p\u00e5 jakt etter komfortable og st\u00f8ttende sko for din aktive livsstil? Da trenger du ikke lete lenger! V\u00e5re ortopediske sko er designet for \u00e5 gi den st\u00f8tten f\u00f8ttene dine trenger, enten du g\u00e5r tur, trener, spiller tennis eller sykler. Si farvel til smerter i h\u00e6l, fot og kne! Disse skoene er perfekte for alle som \u00f8nsker \u00e5 nyte et smertefritt liv og g\u00e5 komfortabelt. Ingen \u00f8nsker at problemer som h\u00e6lspore eller fotsmerter skal holde dem tilbake.<\/p>\n<p><img decoding=\"async\" class=\"size-full wp-image-23963 aligncenter\" src=\"https:\/\/keluvo.com\/template\/wp-content\/uploads\/sites\/5\/2025\/06\/Pantalon_produit1_750x750.webp\" alt=\"\" \/><\/p>\n<h2 style=\"text-align: center\"><strong>Beveg Deg Smertefritt!<\/strong><\/h2>\n<p style=\"text-align: center\">Med v\u00e5re sko trenger du ikke \u00e5 bruke penger p\u00e5 dyre legebes\u00f8k eller innleggss\u00e5ler. Hvert skritt du tar, blir dempet av en solid, myk s\u00e5le. Den tykke, st\u00f8tdempende s\u00e5len st\u00f8tter hele foten, ikke bare h\u00e6len.<\/p>\n<h2 style=\"text-align: center\"><strong>Maksimal Komfort:<\/strong><\/h2>\n<p>\u2714\ufe0f Skoene v\u00e5re har puter som st\u00f8tter hele foten, og en spesiell inners\u00e5le for ekstra komfort. Pr\u00f8v dem og kjenn forskjellen!<\/p>\n<p>\u2714\ufe0f Stabilitet for en aktiv livsstil: Med en bredere h\u00e6l p\u00e5 2 tommer gir disse skoene den st\u00f8tten du trenger for et aktivt liv. Den n\u00f8ye plasserte inners\u00e5len s\u00f8rger for en sikker passform, slik at du kan yte ditt beste.<\/p>\n<p>\u2714\ufe0f Passer b\u00e5de brede og smale f\u00f8tter: Skoene v\u00e5re passer b\u00e5de brede og smale f\u00f8tter og er laget av pustende materialer for \u00e5 holde f\u00f8ttene kj\u00f8lige.<\/p>\n<p><img decoding=\"async\" class=\"size-full wp-image-23964 aligncenter\" src=\"https:\/\/keluvo.com\/template\/wp-content\/uploads\/sites\/5\/2025\/06\/gif3.gif\" alt=\"\" \/><\/p>\n<h2 style=\"text-align: center\"><strong>Hovedfordeler<\/strong><\/h2>\n<ul>\n<li>Lindring av smerter i h\u00e6l, fot og kne<\/li>\n<li>Tilpasset brede og smale f\u00f8tter<\/li>\n<li>Pustende for \u00e5 forhindre svetting<\/li>\n<li>\u00d8kt bevegelighet<\/li>\n<li>Stilfull og moderne design<\/li>\n<li>\u00d8kt stabilitet for aktiv bruk<\/li>\n<li>3-bues st\u00f8tte for en mer komfortabel gange.<\/li>\n<\/ul>\n<p style=\"text-align: center\">\n","protected":false},"excerpt":{"rendered":"<p>Komfort For Ditt Aktive Liv Er du p\u00e5 jakt etter komfortable og st\u00f8ttende sko for din aktive livsstil? Da trenger [&hellip;]<\/p>\n","protected":false},"featured_media":26788,"comment_status":"open","ping_status":"closed","template":"","meta":{"site-sidebar-layout":"default","site-content-layout":"","ast-site-content-layout":"default","site-content-style":"default","site-sidebar-style":"default","ast-global-header-display":"","ast-banner-title-visibility":"","ast-main-header-display":"","ast-hfb-above-header-display":"","ast-hfb-below-header-display":"","ast-hfb-mobile-header-display":"","site-post-title":"","ast-breadcrumbs-content":"","ast-featured-img":"","footer-sml-layout":"","theme-transparent-header-meta":"default","adv-header-id-meta":"","stick-header-meta":"","header-above-stick-meta":"","header-main-stick-meta":"","header-below-stick-meta":"","astra-migrate-meta-layouts":"set","ast-page-background-enabled":"default","ast-page-background-meta":{"desktop":{"background-color":"var(--ast-global-color-4)","background-image":"","background-repeat":"repeat","background-position":"center center","background-size":"auto","background-attachment":"scroll","background-type":"","background-media":"","overlay-type":"","overlay-color":"","overlay-opacity":"","overlay-gradient":""},"tablet":{"background-color":"","background-image":"","background-repeat":"repeat","background-position":"center center","background-size":"auto","background-attachment":"scroll","background-type":"","background-media":"","overlay-type":"","overlay-color":"","overlay-opacity":"","overlay-gradient":""},"mobile":{"background-color":"","background-image":"","background-repeat":"repeat","background-position":"center center","background-size":"auto","background-attachment":"scroll","background-type":"","background-media":"","overlay-type":"","overlay-color":"","overlay-opacity":"","overlay-gradient":""}},"ast-content-background-meta":{"desktop":{"background-color":"var(--ast-global-color-5)","background-image":"","background-repeat":"repeat","background-position":"center center","background-size":"auto","background-attachment":"scroll","background-type":"","background-media":"","overlay-type":"","overlay-color":"","overlay-opacity":"","overlay-gradient":""},"tablet":{"background-color":"var(--ast-global-color-5)","background-image":"","background-repeat":"repeat","background-position":"center center","background-size":"auto","background-attachment":"scroll","background-type":"","background-media":"","overlay-type":"","overlay-color":"","overlay-opacity":"","overlay-gradient":""},"mobile":{"background-color":"var(--ast-global-color-5)","background-image":"","background-repeat":"repeat","background-position":"center center","background-size":"auto","background-attachment":"scroll","background-type":"","background-media":"","overlay-type":"","overlay-color":"","overlay-opacity":"","overlay-gradient":""}}},"product_brand":[],"product_cat":[993],"product_tag":[],"class_list":{"0":"post-26792","1":"product","2":"type-product","3":"status-publish","4":"has-post-thumbnail","6":"product_cat-skotoy-tilbehor","7":"pa_48212_8ybh00hh-4894","8":"pa_48212_8ybh00hh-4895","9":"pa_48212_8ybh00hh-4896","10":"pa_48212_8ybh00hh-4897","11":"pa_48212_8ybh00hh-4898","12":"pa_48212_8ybh00hh-4899","13":"pa_48212_8ybh00hh-4900","14":"pa_48212_8ybh00hh-4901","15":"pa_48212_tpemdbss-bla","16":"pa_48212_tpemdbss-gull","17":"pa_48212_tpemdbss-hvit","18":"pa_48212_tpemdbss-svart","19":"desktop-align-left","20":"tablet-align-left","21":"mobile-align-left","23":"first","24":"instock","25":"shipping-taxable","26":"purchasable","27":"product-type-variable","28":"has-default-attributes"},"_links":{"self":[{"href":"https:\/\/keluvo.com\/no\/wp-json\/wp\/v2\/product\/26792","targetHints":{"allow":["GET"]}}],"collection":[{"href":"https:\/\/keluvo.com\/no\/wp-json\/wp\/v2\/product"}],"about":[{"href":"https:\/\/keluvo.com\/no\/wp-json\/wp\/v2\/types\/product"}],"replies":[{"embeddable":true,"href":"https:\/\/keluvo.com\/no\/wp-json\/wp\/v2\/comments?post=26792"}],"wp:featuredmedia":[{"embeddable":true,"href":"https:\/\/keluvo.com\/no\/wp-json\/wp\/v2\/media\/26788"}],"wp:attachment":[{"href":"https:\/\/keluvo.com\/no\/wp-json\/wp\/v2\/media?parent=26792"}],"wp:term":[{"taxonomy":"product_brand","embeddable":true,"href":"https:\/\/keluvo.com\/no\/wp-json\/wp\/v2\/product_brand?post=26792"},{"taxonomy":"product_cat","embeddable":true,"href":"https:\/\/keluvo.com\/no\/wp-json\/wp\/v2\/product_cat?post=26792"},{"taxonomy":"product_tag","embeddable":true,"href":"https:\/\/keluvo.com\/no\/wp-json\/wp\/v2\/product_tag?post=26792"}],"curies":[{"name":"wp","href":"https:\/\/api.w.org\/{rel}","templated":true}]}}