{"id":2679,"date":"2024-10-28T17:46:42","date_gmt":"2024-10-28T14:46:42","guid":{"rendered":"https:\/\/keluvo.com\/no\/produkt\/medisinboks\/"},"modified":"2025-09-12T16:37:36","modified_gmt":"2025-09-12T13:37:36","slug":"medisinboks","status":"publish","type":"product","link":"https:\/\/keluvo.com\/no\/produkt\/medisinboks\/","title":{"rendered":"Medisinboks"},"content":{"rendered":"<h2 style=\"text-align: center;\">Enkel tilgang med dreieknapp<\/h2>\n<p style=\"text-align: center;\">Det er enkelt \u00e5 \u00e5pne medisinboksen med den brukervennlige dreieknappen. Knotten l\u00e5ses enkelt opp for \u00e5 f\u00e5 tilgang til de lagrede medisinene og forsyningene inni. Boksen har god plass til \u00e5 oppbevare ulike medisiner, bandasjer og andre f\u00f8rstehjelpsartikler, slik at alt er organisert og klart n\u00e5r det trengs.<\/p>\n<h2><img fetchpriority=\"high\" decoding=\"async\" width=\"1000\" height=\"1000\" class=\"size-medium wp-image-4112 aligncenter\" src=\"https:\/\/keluvo.com\/no\/wp-content\/uploads\/sites\/10\/2024\/10\/0003.webp\" alt=\"\" srcset=\"https:\/\/keluvo.com\/no\/wp-content\/uploads\/sites\/10\/2024\/10\/0003.webp 1000w, https:\/\/keluvo.com\/no\/wp-content\/uploads\/sites\/10\/2024\/10\/0003-300x300.webp 300w, https:\/\/keluvo.com\/no\/wp-content\/uploads\/sites\/10\/2024\/10\/0003-150x150.webp 150w, https:\/\/keluvo.com\/no\/wp-content\/uploads\/sites\/10\/2024\/10\/0003-768x768.webp 768w, https:\/\/keluvo.com\/no\/wp-content\/uploads\/sites\/10\/2024\/10\/0003-600x600.webp 600w, https:\/\/keluvo.com\/no\/wp-content\/uploads\/sites\/10\/2024\/10\/0003-100x100.webp 100w, https:\/\/keluvo.com\/no\/wp-content\/uploads\/sites\/10\/2024\/10\/0003-50x50.webp 50w\" sizes=\"(max-width: 1000px) 100vw, 1000px\" \/><\/h2>\n<h2 style=\"text-align: center;\">Tilgjengelig i tre st\u00f8rrelser<\/h2>\n<p style=\"text-align: center;\">Medisinboksen finnes i tre st\u00f8rrelser, slik at den passer til behovene til enhver person eller familie. Velg mellom liten, medium eller stor, slik at du f\u00e5r plass til alt du trenger. De ulike st\u00f8rrelsene gj\u00f8r den til et perfekt valg for b\u00e5de enslige brukere og store familier som trenger ekstra oppbevaringsplass.<\/p>\n<p style=\"text-align: center;\"><img decoding=\"async\" width=\"800\" height=\"800\" class=\"alignnone size-medium wp-image-4113\" src=\"https:\/\/keluvo.com\/no\/wp-content\/uploads\/sites\/10\/2024\/10\/facefix.webp\" alt=\"\" srcset=\"https:\/\/keluvo.com\/no\/wp-content\/uploads\/sites\/10\/2024\/10\/facefix.webp 800w, https:\/\/keluvo.com\/no\/wp-content\/uploads\/sites\/10\/2024\/10\/facefix-300x300.webp 300w, https:\/\/keluvo.com\/no\/wp-content\/uploads\/sites\/10\/2024\/10\/facefix-150x150.webp 150w, https:\/\/keluvo.com\/no\/wp-content\/uploads\/sites\/10\/2024\/10\/facefix-768x768.webp 768w, https:\/\/keluvo.com\/no\/wp-content\/uploads\/sites\/10\/2024\/10\/facefix-600x600.webp 600w, https:\/\/keluvo.com\/no\/wp-content\/uploads\/sites\/10\/2024\/10\/facefix-100x100.webp 100w, https:\/\/keluvo.com\/no\/wp-content\/uploads\/sites\/10\/2024\/10\/facefix-50x50.webp 50w\" sizes=\"(max-width: 800px) 100vw, 800px\" \/><\/p>\n<h2 style=\"text-align: center;\">Avtakbar pilleholder<\/h2>\n<p style=\"text-align: center;\">Knotten p\u00e5 medisinboksen fungerer ogs\u00e5 som en avtakbar pilleholder, perfekt for daglig medisinering. Den er kompakt nok til \u00e5 f\u00e5 plass i en lomme, slik at du kan ta med deg de daglige pillene uansett hvor du g\u00e5r. Denne funksjonen er ideell for dem som trenger rask tilgang til pillene sine i l\u00f8pet av dagen.<\/p>\n<p style=\"text-align: center;\"><img decoding=\"async\" width=\"800\" height=\"1224\" class=\"alignnone size-medium wp-image-4111\" src=\"https:\/\/keluvo.com\/no\/wp-content\/uploads\/sites\/10\/2024\/10\/2-combined.webp\" alt=\"\" srcset=\"https:\/\/keluvo.com\/no\/wp-content\/uploads\/sites\/10\/2024\/10\/2-combined.webp 800w, https:\/\/keluvo.com\/no\/wp-content\/uploads\/sites\/10\/2024\/10\/2-combined-196x300.webp 196w, https:\/\/keluvo.com\/no\/wp-content\/uploads\/sites\/10\/2024\/10\/2-combined-669x1024.webp 669w, https:\/\/keluvo.com\/no\/wp-content\/uploads\/sites\/10\/2024\/10\/2-combined-768x1175.webp 768w, https:\/\/keluvo.com\/no\/wp-content\/uploads\/sites\/10\/2024\/10\/2-combined-600x918.webp 600w\" sizes=\"(max-width: 800px) 100vw, 800px\" \/><\/p>\n<h2 style=\"text-align: center;\">Ideell for reiser<\/h2>\n<p style=\"text-align: center;\">Denne medisinboksen er designet for \u00e5 v\u00e6re enkel \u00e5 ta med p\u00e5 reise, takket v\u00e6re den lette, b\u00e6rbare designen. Den er kompakt og plassbesparende, noe som gj\u00f8r den enkel \u00e5 ta med seg overalt. Det solide h\u00e5ndtaket gj\u00f8r at du kan ta den med p\u00e5 ferier eller sm\u00e5turer, slik at du alltid er forberedt og har det viktigste for h\u00e5nden.<\/p>\n<p style=\"text-align: center;\"><img loading=\"lazy\" decoding=\"async\" width=\"800\" height=\"800\" class=\"alignnone size-medium wp-image-4110\" src=\"https:\/\/keluvo.com\/no\/wp-content\/uploads\/sites\/10\/2024\/10\/0002.webp\" alt=\"\" srcset=\"https:\/\/keluvo.com\/no\/wp-content\/uploads\/sites\/10\/2024\/10\/0002.webp 800w, https:\/\/keluvo.com\/no\/wp-content\/uploads\/sites\/10\/2024\/10\/0002-300x300.webp 300w, https:\/\/keluvo.com\/no\/wp-content\/uploads\/sites\/10\/2024\/10\/0002-150x150.webp 150w, https:\/\/keluvo.com\/no\/wp-content\/uploads\/sites\/10\/2024\/10\/0002-768x768.webp 768w, https:\/\/keluvo.com\/no\/wp-content\/uploads\/sites\/10\/2024\/10\/0002-600x600.webp 600w, https:\/\/keluvo.com\/no\/wp-content\/uploads\/sites\/10\/2024\/10\/0002-100x100.webp 100w, https:\/\/keluvo.com\/no\/wp-content\/uploads\/sites\/10\/2024\/10\/0002-50x50.webp 50w\" sizes=\"(max-width: 800px) 100vw, 800px\" \/><\/p>\n<p style=\"text-align: center;\">\n","protected":false},"excerpt":{"rendered":"<p>Enkel tilgang med dreieknapp Det er enkelt \u00e5 \u00e5pne medisinboksen med den brukervennlige dreieknappen. Knotten l\u00e5ses enkelt opp for \u00e5 [&hellip;]<\/p>\n","protected":false},"featured_media":4117,"comment_status":"open","ping_status":"closed","template":"","meta":{"site-sidebar-layout":"default","site-content-layout":"","ast-site-content-layout":"default","site-content-style":"default","site-sidebar-style":"default","ast-global-header-display":"","ast-banner-title-visibility":"","ast-main-header-display":"","ast-hfb-above-header-display":"","ast-hfb-below-header-display":"","ast-hfb-mobile-header-display":"","site-post-title":"","ast-breadcrumbs-content":"","ast-featured-img":"","footer-sml-layout":"","theme-transparent-header-meta":"default","adv-header-id-meta":"","stick-header-meta":"","header-above-stick-meta":"","header-main-stick-meta":"","header-below-stick-meta":"","astra-migrate-meta-layouts":"set","ast-page-background-enabled":"default","ast-page-background-meta":{"desktop":{"background-color":"var(--ast-global-color-4)","background-image":"","background-repeat":"repeat","background-position":"center center","background-size":"auto","background-attachment":"scroll","background-type":"","background-media":"","overlay-type":"","overlay-color":"","overlay-opacity":"","overlay-gradient":""},"tablet":{"background-color":"","background-image":"","background-repeat":"repeat","background-position":"center center","background-size":"auto","background-attachment":"scroll","background-type":"","background-media":"","overlay-type":"","overlay-color":"","overlay-opacity":"","overlay-gradient":""},"mobile":{"background-color":"","background-image":"","background-repeat":"repeat","background-position":"center center","background-size":"auto","background-attachment":"scroll","background-type":"","background-media":"","overlay-type":"","overlay-color":"","overlay-opacity":"","overlay-gradient":""}},"ast-content-background-meta":{"desktop":{"background-color":"var(--ast-global-color-5)","background-image":"","background-repeat":"repeat","background-position":"center center","background-size":"auto","background-attachment":"scroll","background-type":"","background-media":"","overlay-type":"","overlay-color":"","overlay-opacity":"","overlay-gradient":""},"tablet":{"background-color":"var(--ast-global-color-5)","background-image":"","background-repeat":"repeat","background-position":"center center","background-size":"auto","background-attachment":"scroll","background-type":"","background-media":"","overlay-type":"","overlay-color":"","overlay-opacity":"","overlay-gradient":""},"mobile":{"background-color":"var(--ast-global-color-5)","background-image":"","background-repeat":"repeat","background-position":"center center","background-size":"auto","background-attachment":"scroll","background-type":"","background-media":"","overlay-type":"","overlay-color":"","overlay-opacity":"","overlay-gradient":""}}},"product_brand":[],"product_cat":[991],"product_tag":[],"class_list":{"0":"post-2679","1":"product","2":"type-product","3":"status-publish","4":"has-post-thumbnail","6":"product_cat-helseprodukter","7":"pa_irb09kg2-gronn","8":"pa_irb09kg2-hvit","9":"pa_irb09kg2-rod","10":"desktop-align-left","11":"tablet-align-left","12":"mobile-align-left","14":"first","15":"instock","16":"shipping-taxable","17":"purchasable","18":"product-type-variable","19":"has-default-attributes"},"_links":{"self":[{"href":"https:\/\/keluvo.com\/no\/wp-json\/wp\/v2\/product\/2679","targetHints":{"allow":["GET"]}}],"collection":[{"href":"https:\/\/keluvo.com\/no\/wp-json\/wp\/v2\/product"}],"about":[{"href":"https:\/\/keluvo.com\/no\/wp-json\/wp\/v2\/types\/product"}],"replies":[{"embeddable":true,"href":"https:\/\/keluvo.com\/no\/wp-json\/wp\/v2\/comments?post=2679"}],"wp:featuredmedia":[{"embeddable":true,"href":"https:\/\/keluvo.com\/no\/wp-json\/wp\/v2\/media\/4117"}],"wp:attachment":[{"href":"https:\/\/keluvo.com\/no\/wp-json\/wp\/v2\/media?parent=2679"}],"wp:term":[{"taxonomy":"product_brand","embeddable":true,"href":"https:\/\/keluvo.com\/no\/wp-json\/wp\/v2\/product_brand?post=2679"},{"taxonomy":"product_cat","embeddable":true,"href":"https:\/\/keluvo.com\/no\/wp-json\/wp\/v2\/product_cat?post=2679"},{"taxonomy":"product_tag","embeddable":true,"href":"https:\/\/keluvo.com\/no\/wp-json\/wp\/v2\/product_tag?post=2679"}],"curies":[{"name":"wp","href":"https:\/\/api.w.org\/{rel}","templated":true}]}}