{"id":26780,"date":"2025-06-16T17:04:40","date_gmt":"2025-06-16T15:04:40","guid":{"rendered":"https:\/\/keluvo.com\/no\/produkt\/oyeblikkelig-avlopsrens\/"},"modified":"2025-06-16T17:04:48","modified_gmt":"2025-06-16T15:04:48","slug":"oyeblikkelig-avlopsrens","status":"publish","type":"product","link":"https:\/\/keluvo.com\/no\/produkt\/oyeblikkelig-avlopsrens\/","title":{"rendered":"\u00d8yeblikkelig avl\u00f8psrens"},"content":{"rendered":"<p style=\"text-align: center\"><strong>Instant Avl\u00f8psrens \u2013 Din L\u00f8sning For \u00c5 Fjerne Tilstoppede Vasker Og Avl\u00f8p.<\/strong><\/p>\n<p style=\"text-align: center\"><span data-sheets-root=\"1\">Instant avl\u00f8psrens<\/span> er et milj\u00f8vennlig avl\u00f8psrens som effektivt fjerner blokkeringer i vasker, toaletter og r\u00f8r. Det er trygt \u00e5 bruke og skader ikke r\u00f8rene dine.<\/p>\n<p><img decoding=\"async\" class=\"size-full wp-image-23948 aligncenter\" src=\"https:\/\/keluvo.com\/template\/wp-content\/uploads\/sites\/5\/2025\/06\/0616vvvvv-ezgif.com-gif-to-webp-converter.webp\" alt=\"\" \/><\/p>\n<p>\ud83d\udca7 Fungerer godt og er trygt<\/p>\n<p>\ud83c\udf3f Milj\u00f8vennlig formula<\/p>\n<p>\ud83d\udee0\ufe0f Enkel \u00e5 bruke og budsjettvennlig<\/p>\n<h2 style=\"text-align: center\">Dette Rengj\u00f8ringsmiddelet Er Laget Av Materialer Som Ikke Skader Avl\u00f8p, R\u00f8r Eller Septiksystemer.<\/h2>\n<p style=\"text-align: center\">Den spesielle blandingen av ingredienser er designet for maksimal effektivitet uten \u00e5 skade milj\u00f8et eller forurense vannkilder. Den kraftige formelen fester seg til r\u00f8rene, endrer pH-niv\u00e5et og bryter raskt ned tilstoppede avl\u00f8p.<\/p>\n<h2 style=\"text-align: center\">Hvis Du Er Lei Av \u00c5 Slite Med Tette Avl\u00f8p Eller R\u00f8rleggerproblemer, Er Avl\u00f8psrens L\u00f8sningen Du Trenger.<\/h2>\n<p style=\"text-align: center\">Det er enkelt \u00e5 bruke avl\u00f8psrens: bare hell det i det tette avl\u00f8pet, vent noen minutter, og spyl deretter med vann. Det er en rask og enkel m\u00e5te \u00e5 f\u00e5 avl\u00f8pet p\u00e5 rett kj\u00f8l igjen, og l\u00f8ser effektivt opp fett, olje, h\u00e5r m.m.<\/p>\n<p><img decoding=\"async\" class=\"size-full wp-image-23961 aligncenter\" src=\"https:\/\/keluvo.com\/template\/wp-content\/uploads\/sites\/5\/2025\/06\/UG7WZpcAtgaVBp4CcZZt-1.jpeg\" alt=\"\" \/><\/p>\n<p style=\"text-align: center\">Med sine ikke-korroderende ingredienser er avl\u00f8psrens trygt for alle dine r\u00f8rleggerbehov. Det er brukervennlig, rimelig og effektivt &#8211; det perfekte svaret p\u00e5 dine r\u00f8rleggerutfordringer. Si farvel til kostbare r\u00f8rleggertjenester! <span data-sheets-root=\"1\">Instant avl\u00f8psrens<\/span> er ideell for daglig bruk, enten du har et tregt avl\u00f8p eller trenger regelmessig vedlikehold. Bare hell, vent og spyl &#8211; s\u00e5 enkelt er det, og du sparer b\u00e5de tid og penger.<\/p>\n","protected":false},"excerpt":{"rendered":"<p>Instant Avl\u00f8psrens \u2013 Din L\u00f8sning For \u00c5 Fjerne Tilstoppede Vasker Og Avl\u00f8p. Instant avl\u00f8psrens er et milj\u00f8vennlig avl\u00f8psrens som effektivt [&hellip;]<\/p>\n","protected":false},"featured_media":26776,"comment_status":"open","ping_status":"closed","template":"","meta":{"site-sidebar-layout":"default","site-content-layout":"","ast-site-content-layout":"default","site-content-style":"default","site-sidebar-style":"default","ast-global-header-display":"","ast-banner-title-visibility":"","ast-main-header-display":"","ast-hfb-above-header-display":"","ast-hfb-below-header-display":"","ast-hfb-mobile-header-display":"","site-post-title":"","ast-breadcrumbs-content":"","ast-featured-img":"","footer-sml-layout":"","theme-transparent-header-meta":"default","adv-header-id-meta":"","stick-header-meta":"","header-above-stick-meta":"","header-main-stick-meta":"","header-below-stick-meta":"","astra-migrate-meta-layouts":"set","ast-page-background-enabled":"default","ast-page-background-meta":{"desktop":{"background-color":"var(--ast-global-color-4)","background-image":"","background-repeat":"repeat","background-position":"center center","background-size":"auto","background-attachment":"scroll","background-type":"","background-media":"","overlay-type":"","overlay-color":"","overlay-opacity":"","overlay-gradient":""},"tablet":{"background-color":"","background-image":"","background-repeat":"repeat","background-position":"center center","background-size":"auto","background-attachment":"scroll","background-type":"","background-media":"","overlay-type":"","overlay-color":"","overlay-opacity":"","overlay-gradient":""},"mobile":{"background-color":"","background-image":"","background-repeat":"repeat","background-position":"center center","background-size":"auto","background-attachment":"scroll","background-type":"","background-media":"","overlay-type":"","overlay-color":"","overlay-opacity":"","overlay-gradient":""}},"ast-content-background-meta":{"desktop":{"background-color":"var(--ast-global-color-5)","background-image":"","background-repeat":"repeat","background-position":"center center","background-size":"auto","background-attachment":"scroll","background-type":"","background-media":"","overlay-type":"","overlay-color":"","overlay-opacity":"","overlay-gradient":""},"tablet":{"background-color":"var(--ast-global-color-5)","background-image":"","background-repeat":"repeat","background-position":"center center","background-size":"auto","background-attachment":"scroll","background-type":"","background-media":"","overlay-type":"","overlay-color":"","overlay-opacity":"","overlay-gradient":""},"mobile":{"background-color":"var(--ast-global-color-5)","background-image":"","background-repeat":"repeat","background-position":"center center","background-size":"auto","background-attachment":"scroll","background-type":"","background-media":"","overlay-type":"","overlay-color":"","overlay-opacity":"","overlay-gradient":""}}},"product_brand":[],"product_cat":[1001],"product_tag":[],"class_list":{"0":"post-26780","1":"product","2":"type-product","3":"status-publish","4":"has-post-thumbnail","6":"product_cat-husholdningsartikler","7":"pa_48211_2tu1st41-1-stk","8":"pa_48211_2tu1st41-3-stk","9":"pa_48211_2tu1st41-5-stk","10":"desktop-align-left","11":"tablet-align-left","12":"mobile-align-left","14":"first","15":"instock","16":"shipping-taxable","17":"purchasable","18":"product-type-variable"},"_links":{"self":[{"href":"https:\/\/keluvo.com\/no\/wp-json\/wp\/v2\/product\/26780","targetHints":{"allow":["GET"]}}],"collection":[{"href":"https:\/\/keluvo.com\/no\/wp-json\/wp\/v2\/product"}],"about":[{"href":"https:\/\/keluvo.com\/no\/wp-json\/wp\/v2\/types\/product"}],"replies":[{"embeddable":true,"href":"https:\/\/keluvo.com\/no\/wp-json\/wp\/v2\/comments?post=26780"}],"wp:featuredmedia":[{"embeddable":true,"href":"https:\/\/keluvo.com\/no\/wp-json\/wp\/v2\/media\/26776"}],"wp:attachment":[{"href":"https:\/\/keluvo.com\/no\/wp-json\/wp\/v2\/media?parent=26780"}],"wp:term":[{"taxonomy":"product_brand","embeddable":true,"href":"https:\/\/keluvo.com\/no\/wp-json\/wp\/v2\/product_brand?post=26780"},{"taxonomy":"product_cat","embeddable":true,"href":"https:\/\/keluvo.com\/no\/wp-json\/wp\/v2\/product_cat?post=26780"},{"taxonomy":"product_tag","embeddable":true,"href":"https:\/\/keluvo.com\/no\/wp-json\/wp\/v2\/product_tag?post=26780"}],"curies":[{"name":"wp","href":"https:\/\/api.w.org\/{rel}","templated":true}]}}