{"id":2664,"date":"2024-10-28T17:45:20","date_gmt":"2024-10-28T14:45:20","guid":{"rendered":"https:\/\/keluvo.com\/no\/produkt\/rengjoring-mopp\/"},"modified":"2024-10-28T18:53:43","modified_gmt":"2024-10-28T15:53:43","slug":"rengjoring-mopp","status":"publish","type":"product","link":"https:\/\/keluvo.com\/no\/produkt\/rengjoring-mopp\/","title":{"rendered":"Rengj\u00f8ring Mopp"},"content":{"rendered":"<h2><img decoding=\"async\" class=\"aligncenter\" src=\"https:\/\/m.media-amazon.com\/images\/I\/71ESAvwvRCL._AC_SL1500_.jpg\" \/><\/h2>\n<h2 style=\"text-align: center;\"><strong> <span class=\"a-list-item\"> Dyp rengj\u00f8ring Rengj\u00f8ring<\/span> <\/strong><\/h2>\n<p style=\"text-align: center;\"><span class=\"a-list-item\"> Fri tilkobling, tilkobling av st\u00e5lr\u00f8r opp til 130 cm\/51.18 tommer (ca.), ikke redd for ikke \u00e5 bli t\u00f8rket p\u00e5 h\u00f8ye steder, dobbel rengj\u00f8ring, skraping og rengj\u00f8ring i ett, noe som sparer bekymring og krefter.<\/span><\/p>\n<p style=\"text-align: center;\"><img decoding=\"async\" class=\"aligncenter\" src=\"https:\/\/m.media-amazon.com\/images\/I\/611pBhYCHOL._AC_SL1500_.jpg\" \/><\/p>\n<h2 style=\"text-align: center;\"><strong> <span class=\"a-list-item\"> Premium Materiale<\/span> <\/strong><\/h2>\n<p style=\"text-align: center;\"><span class=\"a-list-item\"> Moppen er utstyrt med en fortykket og kryptert mikrofibermoppklut, som raskt kan absorbere vann i l\u00f8pet av 5 sekunder og har en suveren adsorpsjonsevne som holder st\u00f8vet godt fast. Dyprengj\u00f8ringsverkt\u00f8y, h\u00f8yposisjonst\u00f8rking, trekantet design, fiberklut, 360\u00b0 uten blindveier<\/span><\/p>\n<p style=\"text-align: center;\"><img decoding=\"async\" class=\"aligncenter\" src=\"https:\/\/m.media-amazon.com\/images\/I\/71iGfN+Jn2L._AC_SL1500_.jpg\" \/><\/p>\n<h2 style=\"text-align: center;\"><strong> <span class=\"a-list-item\"> Roterende design<\/span> <\/strong><\/h2>\n<p style=\"text-align: center;\"><span class=\"a-list-item\"> 360\u00b0 rotasjon for rengj\u00f8ring uten blindveier suger bort flekker, absorberer og fikser t\u00f8rre og v\u00e5te flekker samtidig.<\/span><\/p>\n<p style=\"text-align: center;\"><img decoding=\"async\" class=\"aligncenter\" src=\"https:\/\/m.media-amazon.com\/images\/I\/71A9Xh7moHL._AC_SL1500_.jpg\" \/><\/p>\n<h2 style=\"text-align: center;\"><strong> <span class=\"a-list-item\"> Rengj\u00f8ring av gulvmopp<\/span> <\/strong><\/h2>\n<p style=\"text-align: center;\">V\u00e5r mopp rengj\u00f8r kj\u00f8kkenet ditt, kj\u00f8kken-, parkett-, marmor-, flis-, laminat- eller keramikkgulv raskt, enkelt og trygt.<\/p>\n","protected":false},"excerpt":{"rendered":"<p>Dyp rengj\u00f8ring Rengj\u00f8ring Fri tilkobling, tilkobling av st\u00e5lr\u00f8r opp til 130 cm\/51.18 tommer (ca.), ikke redd for ikke \u00e5 bli [&hellip;]<\/p>\n","protected":false},"featured_media":2659,"comment_status":"open","ping_status":"closed","template":"","meta":{"site-sidebar-layout":"default","site-content-layout":"","ast-site-content-layout":"default","site-content-style":"default","site-sidebar-style":"default","ast-global-header-display":"","ast-banner-title-visibility":"","ast-main-header-display":"","ast-hfb-above-header-display":"","ast-hfb-below-header-display":"","ast-hfb-mobile-header-display":"","site-post-title":"","ast-breadcrumbs-content":"","ast-featured-img":"","footer-sml-layout":"","theme-transparent-header-meta":"default","adv-header-id-meta":"","stick-header-meta":"","header-above-stick-meta":"","header-main-stick-meta":"","header-below-stick-meta":"","astra-migrate-meta-layouts":"set","ast-page-background-enabled":"default","ast-page-background-meta":{"desktop":{"background-color":"var(--ast-global-color-4)","background-image":"","background-repeat":"repeat","background-position":"center center","background-size":"auto","background-attachment":"scroll","background-type":"","background-media":"","overlay-type":"","overlay-color":"","overlay-opacity":"","overlay-gradient":""},"tablet":{"background-color":"","background-image":"","background-repeat":"repeat","background-position":"center center","background-size":"auto","background-attachment":"scroll","background-type":"","background-media":"","overlay-type":"","overlay-color":"","overlay-opacity":"","overlay-gradient":""},"mobile":{"background-color":"","background-image":"","background-repeat":"repeat","background-position":"center center","background-size":"auto","background-attachment":"scroll","background-type":"","background-media":"","overlay-type":"","overlay-color":"","overlay-opacity":"","overlay-gradient":""}},"ast-content-background-meta":{"desktop":{"background-color":"var(--ast-global-color-5)","background-image":"","background-repeat":"repeat","background-position":"center center","background-size":"auto","background-attachment":"scroll","background-type":"","background-media":"","overlay-type":"","overlay-color":"","overlay-opacity":"","overlay-gradient":""},"tablet":{"background-color":"var(--ast-global-color-5)","background-image":"","background-repeat":"repeat","background-position":"center center","background-size":"auto","background-attachment":"scroll","background-type":"","background-media":"","overlay-type":"","overlay-color":"","overlay-opacity":"","overlay-gradient":""},"mobile":{"background-color":"var(--ast-global-color-5)","background-image":"","background-repeat":"repeat","background-position":"center center","background-size":"auto","background-attachment":"scroll","background-type":"","background-media":"","overlay-type":"","overlay-color":"","overlay-opacity":"","overlay-gradient":""}}},"product_brand":[],"product_cat":[1001,996],"product_tag":[],"class_list":{"0":"post-2664","1":"product","2":"type-product","3":"status-publish","4":"has-post-thumbnail","6":"product_cat-husholdningsartikler","7":"product_cat-verktoy","8":"pa_adgsecpg-bla","9":"pa_adgsecpg-hvit","10":"desktop-align-left","11":"tablet-align-left","12":"mobile-align-left","14":"first","15":"instock","16":"shipping-taxable","17":"purchasable","18":"product-type-variable"},"_links":{"self":[{"href":"https:\/\/keluvo.com\/no\/wp-json\/wp\/v2\/product\/2664","targetHints":{"allow":["GET"]}}],"collection":[{"href":"https:\/\/keluvo.com\/no\/wp-json\/wp\/v2\/product"}],"about":[{"href":"https:\/\/keluvo.com\/no\/wp-json\/wp\/v2\/types\/product"}],"replies":[{"embeddable":true,"href":"https:\/\/keluvo.com\/no\/wp-json\/wp\/v2\/comments?post=2664"}],"wp:featuredmedia":[{"embeddable":true,"href":"https:\/\/keluvo.com\/no\/wp-json\/wp\/v2\/media\/2659"}],"wp:attachment":[{"href":"https:\/\/keluvo.com\/no\/wp-json\/wp\/v2\/media?parent=2664"}],"wp:term":[{"taxonomy":"product_brand","embeddable":true,"href":"https:\/\/keluvo.com\/no\/wp-json\/wp\/v2\/product_brand?post=2664"},{"taxonomy":"product_cat","embeddable":true,"href":"https:\/\/keluvo.com\/no\/wp-json\/wp\/v2\/product_cat?post=2664"},{"taxonomy":"product_tag","embeddable":true,"href":"https:\/\/keluvo.com\/no\/wp-json\/wp\/v2\/product_tag?post=2664"}],"curies":[{"name":"wp","href":"https:\/\/api.w.org\/{rel}","templated":true}]}}