{"id":26607,"date":"2025-06-16T13:42:59","date_gmt":"2025-06-16T11:42:59","guid":{"rendered":"https:\/\/keluvo.com\/no\/produkt\/squishy-nattlys\/"},"modified":"2025-06-16T13:54:36","modified_gmt":"2025-06-16T11:54:36","slug":"squishy-nattlys","status":"publish","type":"product","link":"https:\/\/keluvo.com\/no\/produkt\/squishy-nattlys\/","title":{"rendered":"Squishy nattlys"},"content":{"rendered":"<p style=\"text-align: center;\">Lys opp ethvert rom med den <span data-sheets-root=\"1\">myke nattlampen<\/span>! Denne s\u00f8te lampen gir et mildt lys, noe som gj\u00f8r den perfekt for en koselig stemning. Med justerbar lysstyrke og en morsom klemmedesign er den en ideell sengekompis eller et sjarmerende tilskudd til ethvert rom.<\/p>\n<p><img decoding=\"async\" class=\"size-full wp-image-23794 aligncenter\" src=\"https:\/\/keluvo.com\/template\/wp-content\/uploads\/sites\/5\/2025\/06\/ezgif-2-647a8ec0d6_480x480.webp\" alt=\"\" \/><\/p>\n<p>\u2714\ufe0f Lys opp hum\u00f8ret ditt &#8211; Trykk eller klem for \u00e5 velge mellom tre lysstyrkeniv\u00e5er, slik at du f\u00e5r kontroll over stemningen!<\/p>\n<p>\u2714\ufe0f Ta den med deg overalt &#8211; Denne b\u00e6rbare, oppladbare nattlampen er klar til \u00e5 f\u00f8lge deg overalt, fra koselige kroker til leggetid.<\/p>\n<p>\u2714\ufe0f Sleep timer &#8211; Still inn en 30-minutters timer for \u00e5 f\u00e5 lyset til \u00e5 sl\u00e5 seg av automatisk, slik at du kan slappe av uten bekymringer.<\/p>\n<p><img decoding=\"async\" class=\"size-full wp-image-23793 aligncenter\" src=\"https:\/\/keluvo.com\/template\/wp-content\/uploads\/sites\/5\/2025\/06\/26_3d93d88c-ac86-4b56-857b-ae4f90ddd2de_480x480.webp\" alt=\"\" \/><\/p>\n<h2 style=\"text-align: center;\">Spesifikasjoner<\/h2>\n<ul>\n<li>Ladbar: Ja<\/li>\n<li>Batterilevetid: Opptil 8 timer<\/li>\n<li>Materiale: ABS, PP, silikon<\/li>\n<li>Timer: 30 min<\/li>\n<li>Lysstyrke: H\u00f8y \/ Middels \/ Lav<\/li>\n<\/ul>\n<p><img decoding=\"async\" class=\"size-full wp-image-23792 aligncenter\" src=\"https:\/\/keluvo.com\/template\/wp-content\/uploads\/sites\/5\/2025\/06\/7_1e63bb3c-e94d-451c-94a6-191faa4031a6_480x480.webp\" alt=\"\" \/><\/p>\n<h2 style=\"text-align: center;\">Designalternativer<\/h2>\n<ul>\n<li><strong>Lat and<\/strong>: Varmt hvitt lys, 21 x 10.3 x 6.2 cm<\/li>\n<li><strong>Forvirret and<\/strong>: Naturlig hvitt lys, 12.5 x 8.9 x 11.1 cm<\/li>\n<li><strong>Sovende panda<\/strong>: Varmt hvitt lys, 13.1 x 11.3 x 6 cm<\/li>\n<li><strong>Glad kanin<\/strong>: Flerfarget lys, 14.3 x 10.9 x 8.5 cm<\/li>\n<li><strong>Flodhest sm\u00e5barn<\/strong>: Naturlig hvitt lys, 12.9 x 10.2 x 6.6 cm<\/li>\n<li><strong>Gresskar<\/strong>: Varmt hvitt lys, 9.8 x 10.5 x 8.3 cm<\/li>\n<li><strong>Popcorn<\/strong>: Varmt hvitt lys, 10.4 x 11.2 x 11.4 cm<\/li>\n<li><strong>Hamburger<\/strong>: Varmt hvitt lys, 10.1 x 11.6 x 10.7 cm<\/li>\n<li><strong>Enhj\u00f8rning<\/strong>: Varmt hvitt lys, 14 x 12.5 x 9.2 cm<\/li>\n<li><strong>Sovende sauer<\/strong>: Varmt hvitt lys, 12.2 x 16.4 x 7.9 cm<\/li>\n<li><strong>Frosk<\/strong>: Varmt hvitt lys, 9.4 x 8.4 x 11.5 cm.<\/li>\n<\/ul>\n<p><img decoding=\"async\" class=\"size-full wp-image-23791 aligncenter\" src=\"https:\/\/keluvo.com\/template\/wp-content\/uploads\/sites\/5\/2025\/06\/14_ba6de93f-9917-48b2-b440-23f417f32dc2_480x480.webp\" alt=\"\" \/><\/p>\n","protected":false},"excerpt":{"rendered":"<p>Lys opp ethvert rom med den myke nattlampen! Denne s\u00f8te lampen gir et mildt lys, noe som gj\u00f8r den perfekt [&hellip;]<\/p>\n","protected":false},"featured_media":26603,"comment_status":"open","ping_status":"closed","template":"","meta":{"site-sidebar-layout":"default","site-content-layout":"","ast-site-content-layout":"default","site-content-style":"default","site-sidebar-style":"default","ast-global-header-display":"","ast-banner-title-visibility":"","ast-main-header-display":"","ast-hfb-above-header-display":"","ast-hfb-below-header-display":"","ast-hfb-mobile-header-display":"","site-post-title":"","ast-breadcrumbs-content":"","ast-featured-img":"","footer-sml-layout":"","theme-transparent-header-meta":"default","adv-header-id-meta":"","stick-header-meta":"","header-above-stick-meta":"","header-main-stick-meta":"","header-below-stick-meta":"","astra-migrate-meta-layouts":"set","ast-page-background-enabled":"default","ast-page-background-meta":{"desktop":{"background-color":"var(--ast-global-color-4)","background-image":"","background-repeat":"repeat","background-position":"center center","background-size":"auto","background-attachment":"scroll","background-type":"","background-media":"","overlay-type":"","overlay-color":"","overlay-opacity":"","overlay-gradient":""},"tablet":{"background-color":"","background-image":"","background-repeat":"repeat","background-position":"center center","background-size":"auto","background-attachment":"scroll","background-type":"","background-media":"","overlay-type":"","overlay-color":"","overlay-opacity":"","overlay-gradient":""},"mobile":{"background-color":"","background-image":"","background-repeat":"repeat","background-position":"center center","background-size":"auto","background-attachment":"scroll","background-type":"","background-media":"","overlay-type":"","overlay-color":"","overlay-opacity":"","overlay-gradient":""}},"ast-content-background-meta":{"desktop":{"background-color":"var(--ast-global-color-5)","background-image":"","background-repeat":"repeat","background-position":"center center","background-size":"auto","background-attachment":"scroll","background-type":"","background-media":"","overlay-type":"","overlay-color":"","overlay-opacity":"","overlay-gradient":""},"tablet":{"background-color":"var(--ast-global-color-5)","background-image":"","background-repeat":"repeat","background-position":"center center","background-size":"auto","background-attachment":"scroll","background-type":"","background-media":"","overlay-type":"","overlay-color":"","overlay-opacity":"","overlay-gradient":""},"mobile":{"background-color":"var(--ast-global-color-5)","background-image":"","background-repeat":"repeat","background-position":"center center","background-size":"auto","background-attachment":"scroll","background-type":"","background-media":"","overlay-type":"","overlay-color":"","overlay-opacity":"","overlay-gradient":""}}},"product_brand":[],"product_cat":[1001],"product_tag":[],"class_list":{"0":"post-26607","1":"product","2":"type-product","3":"status-publish","4":"has-post-thumbnail","6":"product_cat-husholdningsartikler","7":"pa_48208_19imbmgf-enhjorning","8":"pa_48208_19imbmgf-flodhestunge","9":"pa_48208_19imbmgf-forvirret-and","10":"pa_48208_19imbmgf-frosk","11":"pa_48208_19imbmgf-glad-kanin","12":"pa_48208_19imbmgf-gresskar","13":"pa_48208_19imbmgf-hamburger","14":"pa_48208_19imbmgf-lat-and","15":"pa_48208_19imbmgf-popcorn","16":"pa_48208_19imbmgf-sovende-panda","17":"pa_48208_19imbmgf-sovende-sauer","18":"desktop-align-left","19":"tablet-align-left","20":"mobile-align-left","22":"first","23":"instock","24":"shipping-taxable","25":"purchasable","26":"product-type-variable"},"_links":{"self":[{"href":"https:\/\/keluvo.com\/no\/wp-json\/wp\/v2\/product\/26607","targetHints":{"allow":["GET"]}}],"collection":[{"href":"https:\/\/keluvo.com\/no\/wp-json\/wp\/v2\/product"}],"about":[{"href":"https:\/\/keluvo.com\/no\/wp-json\/wp\/v2\/types\/product"}],"replies":[{"embeddable":true,"href":"https:\/\/keluvo.com\/no\/wp-json\/wp\/v2\/comments?post=26607"}],"wp:featuredmedia":[{"embeddable":true,"href":"https:\/\/keluvo.com\/no\/wp-json\/wp\/v2\/media\/26603"}],"wp:attachment":[{"href":"https:\/\/keluvo.com\/no\/wp-json\/wp\/v2\/media?parent=26607"}],"wp:term":[{"taxonomy":"product_brand","embeddable":true,"href":"https:\/\/keluvo.com\/no\/wp-json\/wp\/v2\/product_brand?post=26607"},{"taxonomy":"product_cat","embeddable":true,"href":"https:\/\/keluvo.com\/no\/wp-json\/wp\/v2\/product_cat?post=26607"},{"taxonomy":"product_tag","embeddable":true,"href":"https:\/\/keluvo.com\/no\/wp-json\/wp\/v2\/product_tag?post=26607"}],"curies":[{"name":"wp","href":"https:\/\/api.w.org\/{rel}","templated":true}]}}