{"id":26521,"date":"2025-06-16T13:39:39","date_gmt":"2025-06-16T11:39:39","guid":{"rendered":"https:\/\/keluvo.com\/no\/produkt\/sugekroker-uten-a-bore\/"},"modified":"2025-06-16T13:40:08","modified_gmt":"2025-06-16T11:40:08","slug":"sugekroker-uten-a-bore","status":"publish","type":"product","link":"https:\/\/keluvo.com\/no\/produkt\/sugekroker-uten-a-bore\/","title":{"rendered":"Sugekroker uten \u00e5 bore"},"content":{"rendered":"<p>\u2705 Ingen boring eller liming n\u00f8dvendig<\/p>\n<p>\u2705 Holder gjenstander opp til 7 kg<\/p>\n<p>\u2705 Stilig utseende for badet ditt<\/p>\n<p>\u2705 Fungerer p\u00e5: Glass, speil, blanke fliser, dusjarmaturer av plast, glatt metall, kvarts, laminat og andre ikke-por\u00f8se overflater.<\/p>\n<p><img decoding=\"async\" class=\"size-full wp-image-23719 aligncenter\" src=\"https:\/\/keluvo.com\/template\/wp-content\/uploads\/sites\/5\/2025\/06\/CHROME_2.webp\" alt=\"\" \/><\/p>\n<h2 style=\"text-align: center\"><strong>Spesifikasjoner<\/strong><\/h2>\n<ul>\n<li>St\u00f8rrelse: 2,5 cm x 6,1 cm<\/li>\n<li>Materiale: ABS, gummi, plast<\/li>\n<\/ul>\n<p><img decoding=\"async\" class=\"size-full wp-image-23717 aligncenter\" src=\"https:\/\/keluvo.com\/template\/wp-content\/uploads\/sites\/5\/2025\/06\/Sizesexact_1_72ddd91a-89d0-4517-b5e0-eb8e110275b1.jpg\" alt=\"\" \/><\/p>\n<h2 style=\"text-align: center\">Stilfulle Og Funksjonelle Kroker<\/h2>\n<p style=\"text-align: center\">Uavhengig av om stilen din er moderne, rustikk eller elegant, tilf\u00f8rer sugekrokene v\u00e5re eleganse og praktisk funksjonalitet til ethvert rom. De ser flotte ut samtidig som de holder det viktigste innen rekkevidde.<\/p>\n<p><img decoding=\"async\" class=\"size-full wp-image-23718 aligncenter\" src=\"https:\/\/keluvo.com\/template\/wp-content\/uploads\/sites\/5\/2025\/06\/WhatsAppImage2024-11-28at19.42.47_3.webp\" alt=\"\" \/><\/p>\n<h2 style=\"text-align: center\">Twist &amp; Lock-Teknologi<\/h2>\n<p style=\"text-align: center\">V\u00e5r twist &amp; lock-teknologi bruker et spesielt vakuumsugesystem som gir et sterkt og gjenbrukbart grep. N\u00e5r du vrir p\u00e5 krokknappen, skaper den en tett forsegling som griper godt tak i overflaten.<\/p>\n<h2 style=\"text-align: center\">Enkel Installasjon<\/h2>\n<p style=\"text-align: center\">Ingen grunn til \u00e5 bore eller skade veggene dine! Disse sugekrokene festes enkelt p\u00e5 glatte overflater som fliser, glass, speil, marmor, metall og tre. Ingen skruer eller spiker er n\u00f8dvendig.<\/p>\n","protected":false},"excerpt":{"rendered":"<p>\u2705 Ingen boring eller liming n\u00f8dvendig \u2705 Holder gjenstander opp til 7 kg \u2705 Stilig utseende for badet ditt \u2705 [&hellip;]<\/p>\n","protected":false},"featured_media":26517,"comment_status":"open","ping_status":"closed","template":"","meta":{"site-sidebar-layout":"default","site-content-layout":"","ast-site-content-layout":"default","site-content-style":"default","site-sidebar-style":"default","ast-global-header-display":"","ast-banner-title-visibility":"","ast-main-header-display":"","ast-hfb-above-header-display":"","ast-hfb-below-header-display":"","ast-hfb-mobile-header-display":"","site-post-title":"","ast-breadcrumbs-content":"","ast-featured-img":"","footer-sml-layout":"","theme-transparent-header-meta":"default","adv-header-id-meta":"","stick-header-meta":"","header-above-stick-meta":"","header-main-stick-meta":"","header-below-stick-meta":"","astra-migrate-meta-layouts":"set","ast-page-background-enabled":"default","ast-page-background-meta":{"desktop":{"background-color":"var(--ast-global-color-4)","background-image":"","background-repeat":"repeat","background-position":"center center","background-size":"auto","background-attachment":"scroll","background-type":"","background-media":"","overlay-type":"","overlay-color":"","overlay-opacity":"","overlay-gradient":""},"tablet":{"background-color":"","background-image":"","background-repeat":"repeat","background-position":"center center","background-size":"auto","background-attachment":"scroll","background-type":"","background-media":"","overlay-type":"","overlay-color":"","overlay-opacity":"","overlay-gradient":""},"mobile":{"background-color":"","background-image":"","background-repeat":"repeat","background-position":"center center","background-size":"auto","background-attachment":"scroll","background-type":"","background-media":"","overlay-type":"","overlay-color":"","overlay-opacity":"","overlay-gradient":""}},"ast-content-background-meta":{"desktop":{"background-color":"var(--ast-global-color-5)","background-image":"","background-repeat":"repeat","background-position":"center center","background-size":"auto","background-attachment":"scroll","background-type":"","background-media":"","overlay-type":"","overlay-color":"","overlay-opacity":"","overlay-gradient":""},"tablet":{"background-color":"var(--ast-global-color-5)","background-image":"","background-repeat":"repeat","background-position":"center center","background-size":"auto","background-attachment":"scroll","background-type":"","background-media":"","overlay-type":"","overlay-color":"","overlay-opacity":"","overlay-gradient":""},"mobile":{"background-color":"var(--ast-global-color-5)","background-image":"","background-repeat":"repeat","background-position":"center center","background-size":"auto","background-attachment":"scroll","background-type":"","background-media":"","overlay-type":"","overlay-color":"","overlay-opacity":"","overlay-gradient":""}}},"product_brand":[],"product_cat":[1001],"product_tag":[],"class_list":{"0":"post-26521","1":"product","2":"type-product","3":"status-publish","4":"has-post-thumbnail","6":"product_cat-husholdningsartikler","7":"pa_48205_k0vuwpdb-hvit","8":"pa_48205_k0vuwpdb-krom","9":"pa_48205_k0vuwpdb-matt-gold","10":"pa_48205_k0vuwpdb-matt-svart","11":"pa_48205_r1pq7z55-2-stk","12":"pa_48205_r1pq7z55-4-stk","13":"pa_48205_r1pq7z55-8-stk","14":"desktop-align-left","15":"tablet-align-left","16":"mobile-align-left","18":"first","19":"instock","20":"shipping-taxable","21":"purchasable","22":"product-type-variable","23":"has-default-attributes"},"_links":{"self":[{"href":"https:\/\/keluvo.com\/no\/wp-json\/wp\/v2\/product\/26521","targetHints":{"allow":["GET"]}}],"collection":[{"href":"https:\/\/keluvo.com\/no\/wp-json\/wp\/v2\/product"}],"about":[{"href":"https:\/\/keluvo.com\/no\/wp-json\/wp\/v2\/types\/product"}],"replies":[{"embeddable":true,"href":"https:\/\/keluvo.com\/no\/wp-json\/wp\/v2\/comments?post=26521"}],"wp:featuredmedia":[{"embeddable":true,"href":"https:\/\/keluvo.com\/no\/wp-json\/wp\/v2\/media\/26517"}],"wp:attachment":[{"href":"https:\/\/keluvo.com\/no\/wp-json\/wp\/v2\/media?parent=26521"}],"wp:term":[{"taxonomy":"product_brand","embeddable":true,"href":"https:\/\/keluvo.com\/no\/wp-json\/wp\/v2\/product_brand?post=26521"},{"taxonomy":"product_cat","embeddable":true,"href":"https:\/\/keluvo.com\/no\/wp-json\/wp\/v2\/product_cat?post=26521"},{"taxonomy":"product_tag","embeddable":true,"href":"https:\/\/keluvo.com\/no\/wp-json\/wp\/v2\/product_tag?post=26521"}],"curies":[{"name":"wp","href":"https:\/\/api.w.org\/{rel}","templated":true}]}}