{"id":2648,"date":"2024-10-28T17:41:21","date_gmt":"2024-10-28T14:41:21","guid":{"rendered":"https:\/\/keluvo.com\/no\/produkt\/trekantet-ryggpute\/"},"modified":"2024-10-28T18:56:44","modified_gmt":"2024-10-28T15:56:44","slug":"trekantet-ryggpute","status":"publish","type":"product","link":"https:\/\/keluvo.com\/no\/produkt\/trekantet-ryggpute\/","title":{"rendered":"Trekantet ryggpute"},"content":{"rendered":"<h2><img decoding=\"async\" class=\"aligncenter\" src=\"https:\/\/m.media-amazon.com\/images\/I\/71UR-CXTuHL._AC_SL1500_.jpg\" \/><\/h2>\n<h2 style=\"text-align: center;\"><strong> <span class=\"a-list-item\"> St\u00f8tte hele veien rundt<\/span> <\/strong><\/h2>\n<p style=\"text-align: center;\"><span class=\"a-list-item\"> V\u00e5r overdimensjonerte lesepute er ergonomisk utformet og kan justeres etter ryggens konturer; puten med nakkest\u00f8tte leveres med nakkest\u00f8tte og gir allsidig avlastning for korsryggen og ryggraden. Denne med nakkest\u00f8tte er ikke bare en vanlig ryggpute, men ogs\u00e5 en fast og komplett sengerygg, som effektivt kan gi behagelig st\u00f8tte for overkroppen.<\/span><\/p>\n<p style=\"text-align: center;\"><img decoding=\"async\" src=\"https:\/\/m.media-amazon.com\/images\/I\/714RoQienlL._AC_SL1500_.jpg\" \/><\/p>\n<h2 style=\"text-align: center;\"><strong> <span class=\"a-list-item\"> Komfortabelt materiale<\/span> <\/strong><\/h2>\n<p style=\"text-align: center;\"><span class=\"a-list-item\"> Ved hjelp av ikon designstil Designet av eksperter og ved hjelp av stoff av h\u00f8yeste kvalitet Moderne stil, Myk og komfortabel. Forbedre uanstrengt ditt minneverdige rom. Laget av h\u00f8ykvalitets krystallfleecestoff PP-bomullsfylling, med den beste tettheten for overkroppen, slik at du og familien din kan nyte stilig og behagelig hviletid.<\/span><\/p>\n<p style=\"text-align: center;\"><img decoding=\"async\" src=\"https:\/\/m.media-amazon.com\/images\/I\/71hMrqCZLDL._AC_SL1500_.jpg\" \/><\/p>\n<h2 style=\"text-align: center;\"><strong> <span class=\"a-list-item\"> B\u00e6rbar og Praktisk<\/span> <\/strong><\/h2>\n<p style=\"text-align: center;\"><span class=\"a-list-item\"> Sengest\u00f8tteputen kan enkelt flyttes fra et rom til et annet. Ekstra sidelommer har plass til briller og telefon, og en skjult glidel\u00e5s gj\u00f8r det enkelt \u00e5 ta av trekket for en grundig rengj\u00f8ring.<\/span><\/p>\n<p style=\"text-align: center;\"><img decoding=\"async\" src=\"https:\/\/m.media-amazon.com\/images\/I\/61c6BmQVxpL._AC_SL1500_.jpg\" \/><\/p>\n<h2 style=\"text-align: center;\"><strong> <span class=\"a-list-item\"> Multifunksjonell Pute <\/span> <\/strong><\/h2>\n<p style=\"text-align: center;\"><span class=\"a-list-item\"> Ryggst\u00f8tteputen har en avtakbar nakkepute, som enkelt kan tas fra hverandre og brukes separat for \u00e5 oppn\u00e5 st\u00f8tte der du \u00f8nsker det (for eksempel ben, nakke, midje, rygg osv.). Den passer for alle typer stillesittende mennesker. Denne funksjonelle leseputen er en ideell gave til familie, venner, kolleger og deg selv.<\/span><\/p>\n","protected":false},"excerpt":{"rendered":"<p>St\u00f8tte hele veien rundt V\u00e5r overdimensjonerte lesepute er ergonomisk utformet og kan justeres etter ryggens konturer; puten med nakkest\u00f8tte leveres [&hellip;]<\/p>\n","protected":false},"featured_media":2643,"comment_status":"open","ping_status":"closed","template":"","meta":{"site-sidebar-layout":"default","site-content-layout":"","ast-site-content-layout":"default","site-content-style":"default","site-sidebar-style":"default","ast-global-header-display":"","ast-banner-title-visibility":"","ast-main-header-display":"","ast-hfb-above-header-display":"","ast-hfb-below-header-display":"","ast-hfb-mobile-header-display":"","site-post-title":"","ast-breadcrumbs-content":"","ast-featured-img":"","footer-sml-layout":"","theme-transparent-header-meta":"default","adv-header-id-meta":"","stick-header-meta":"","header-above-stick-meta":"","header-main-stick-meta":"","header-below-stick-meta":"","astra-migrate-meta-layouts":"set","ast-page-background-enabled":"default","ast-page-background-meta":{"desktop":{"background-color":"var(--ast-global-color-4)","background-image":"","background-repeat":"repeat","background-position":"center center","background-size":"auto","background-attachment":"scroll","background-type":"","background-media":"","overlay-type":"","overlay-color":"","overlay-opacity":"","overlay-gradient":""},"tablet":{"background-color":"","background-image":"","background-repeat":"repeat","background-position":"center center","background-size":"auto","background-attachment":"scroll","background-type":"","background-media":"","overlay-type":"","overlay-color":"","overlay-opacity":"","overlay-gradient":""},"mobile":{"background-color":"","background-image":"","background-repeat":"repeat","background-position":"center center","background-size":"auto","background-attachment":"scroll","background-type":"","background-media":"","overlay-type":"","overlay-color":"","overlay-opacity":"","overlay-gradient":""}},"ast-content-background-meta":{"desktop":{"background-color":"var(--ast-global-color-5)","background-image":"","background-repeat":"repeat","background-position":"center center","background-size":"auto","background-attachment":"scroll","background-type":"","background-media":"","overlay-type":"","overlay-color":"","overlay-opacity":"","overlay-gradient":""},"tablet":{"background-color":"var(--ast-global-color-5)","background-image":"","background-repeat":"repeat","background-position":"center center","background-size":"auto","background-attachment":"scroll","background-type":"","background-media":"","overlay-type":"","overlay-color":"","overlay-opacity":"","overlay-gradient":""},"mobile":{"background-color":"var(--ast-global-color-5)","background-image":"","background-repeat":"repeat","background-position":"center center","background-size":"auto","background-attachment":"scroll","background-type":"","background-media":"","overlay-type":"","overlay-color":"","overlay-opacity":"","overlay-gradient":""}}},"product_brand":[],"product_cat":[1001],"product_tag":[],"class_list":{"0":"post-2648","1":"product","2":"type-product","3":"status-publish","4":"has-post-thumbnail","6":"product_cat-husholdningsartikler","7":"pa_1rfswphk-bla","8":"pa_1rfswphk-brun","9":"pa_1rfswphk-gra","10":"pa_1rfswphk-gul","11":"pa_1rfswphk-hvit","12":"desktop-align-left","13":"tablet-align-left","14":"mobile-align-left","16":"first","17":"instock","18":"shipping-taxable","19":"purchasable","20":"product-type-variable"},"_links":{"self":[{"href":"https:\/\/keluvo.com\/no\/wp-json\/wp\/v2\/product\/2648","targetHints":{"allow":["GET"]}}],"collection":[{"href":"https:\/\/keluvo.com\/no\/wp-json\/wp\/v2\/product"}],"about":[{"href":"https:\/\/keluvo.com\/no\/wp-json\/wp\/v2\/types\/product"}],"replies":[{"embeddable":true,"href":"https:\/\/keluvo.com\/no\/wp-json\/wp\/v2\/comments?post=2648"}],"wp:featuredmedia":[{"embeddable":true,"href":"https:\/\/keluvo.com\/no\/wp-json\/wp\/v2\/media\/2643"}],"wp:attachment":[{"href":"https:\/\/keluvo.com\/no\/wp-json\/wp\/v2\/media?parent=2648"}],"wp:term":[{"taxonomy":"product_brand","embeddable":true,"href":"https:\/\/keluvo.com\/no\/wp-json\/wp\/v2\/product_brand?post=2648"},{"taxonomy":"product_cat","embeddable":true,"href":"https:\/\/keluvo.com\/no\/wp-json\/wp\/v2\/product_cat?post=2648"},{"taxonomy":"product_tag","embeddable":true,"href":"https:\/\/keluvo.com\/no\/wp-json\/wp\/v2\/product_tag?post=2648"}],"curies":[{"name":"wp","href":"https:\/\/api.w.org\/{rel}","templated":true}]}}