{"id":26444,"date":"2025-06-16T13:37:14","date_gmt":"2025-06-16T11:37:14","guid":{"rendered":"https:\/\/keluvo.com\/no\/produkt\/italiensk-slankende-truse\/"},"modified":"2025-06-16T13:46:36","modified_gmt":"2025-06-16T11:46:36","slug":"italiensk-slankende-truse","status":"publish","type":"product","link":"https:\/\/keluvo.com\/no\/produkt\/italiensk-slankende-truse\/","title":{"rendered":"Italiensk slankende truse"},"content":{"rendered":"<p><img decoding=\"async\" class=\"size-full wp-image-23684 aligncenter\" src=\"https:\/\/keluvo.com\/template\/wp-content\/uploads\/sites\/5\/2025\/06\/Screenshot_5.png\" alt=\"\" \/><\/p>\n<p style=\"text-align: center;\">Selv om du ikke har en flat mage, er kurvene dine vakre og verdt \u00e5 fremheve. Disse trusene er inspirert av klassiske italienske stiler og fremhever formen din med eleganse.<\/p>\n<h2 style=\"text-align: center;\">Beskrivelse<\/h2>\n<p style=\"text-align: center;\">Denne slankende trusen er designet for \u00e5 passe til kurvene dine uten \u00e5 klemme dem. Den h\u00f8ye midjen og de n\u00f8ye plasserte blomsterm\u00f8nstrene skaper en flatterende effekt som former silhuetten din p\u00e5 en sk\u00e5nsom m\u00e5te. De er diskrete under kl\u00e6rne, gir lett st\u00f8tte og passer til alle kroppstyper.<\/p>\n<h2 style=\"text-align: center;\">Sammensetning<\/h2>\n<ul>\n<li><strong>Materiale<\/strong>: 95 % polyamid, 5 % spandex<\/li>\n<li><strong>Omsorg<\/strong>: H\u00e5ndvask eller maskinvask ved maks 30 \u00b0C i vaskepose.<\/li>\n<\/ul>\n<p><img decoding=\"async\" class=\"size-full wp-image-23685 aligncenter\" src=\"https:\/\/keluvo.com\/template\/wp-content\/uploads\/sites\/5\/2025\/06\/culotte_italienne_amincissante_en_dentelle_orlivia-min.webp\" alt=\"\" \/><\/p>\n<p><strong>\u2714 Slankere Midje<\/strong><\/p>\n<p>De former elegant midjen din og omfavner forsiktig underlivet for et raffinert utseende.<\/p>\n<p><strong>\u2714 Italiensk Stil<\/strong><\/p>\n<p>Designen er inspirert av klassiske italienske plagg og har subtile blonder som tilf\u00f8rer et snev av eleganse.<\/p>\n<p><strong>\u2714 Designet For Alle<\/strong><\/p>\n<p>Denne trusen passer og fremhever alle kroppsfasonger, uansett hvilken st\u00f8rrelse du har.<\/p>\n","protected":false},"excerpt":{"rendered":"<p>Selv om du ikke har en flat mage, er kurvene dine vakre og verdt \u00e5 fremheve. Disse trusene er inspirert [&hellip;]<\/p>\n","protected":false},"featured_media":26440,"comment_status":"open","ping_status":"closed","template":"","meta":{"site-sidebar-layout":"default","site-content-layout":"","ast-site-content-layout":"default","site-content-style":"default","site-sidebar-style":"default","ast-global-header-display":"","ast-banner-title-visibility":"","ast-main-header-display":"","ast-hfb-above-header-display":"","ast-hfb-below-header-display":"","ast-hfb-mobile-header-display":"","site-post-title":"","ast-breadcrumbs-content":"","ast-featured-img":"","footer-sml-layout":"","theme-transparent-header-meta":"default","adv-header-id-meta":"","stick-header-meta":"","header-above-stick-meta":"","header-main-stick-meta":"","header-below-stick-meta":"","astra-migrate-meta-layouts":"set","ast-page-background-enabled":"default","ast-page-background-meta":{"desktop":{"background-color":"var(--ast-global-color-4)","background-image":"","background-repeat":"repeat","background-position":"center center","background-size":"auto","background-attachment":"scroll","background-type":"","background-media":"","overlay-type":"","overlay-color":"","overlay-opacity":"","overlay-gradient":""},"tablet":{"background-color":"","background-image":"","background-repeat":"repeat","background-position":"center center","background-size":"auto","background-attachment":"scroll","background-type":"","background-media":"","overlay-type":"","overlay-color":"","overlay-opacity":"","overlay-gradient":""},"mobile":{"background-color":"","background-image":"","background-repeat":"repeat","background-position":"center center","background-size":"auto","background-attachment":"scroll","background-type":"","background-media":"","overlay-type":"","overlay-color":"","overlay-opacity":"","overlay-gradient":""}},"ast-content-background-meta":{"desktop":{"background-color":"var(--ast-global-color-5)","background-image":"","background-repeat":"repeat","background-position":"center center","background-size":"auto","background-attachment":"scroll","background-type":"","background-media":"","overlay-type":"","overlay-color":"","overlay-opacity":"","overlay-gradient":""},"tablet":{"background-color":"var(--ast-global-color-5)","background-image":"","background-repeat":"repeat","background-position":"center center","background-size":"auto","background-attachment":"scroll","background-type":"","background-media":"","overlay-type":"","overlay-color":"","overlay-opacity":"","overlay-gradient":""},"mobile":{"background-color":"var(--ast-global-color-5)","background-image":"","background-repeat":"repeat","background-position":"center center","background-size":"auto","background-attachment":"scroll","background-type":"","background-media":"","overlay-type":"","overlay-color":"","overlay-opacity":"","overlay-gradient":""}}},"product_brand":[],"product_cat":[994],"product_tag":[],"class_list":{"0":"post-26444","1":"product","2":"type-product","3":"status-publish","4":"has-post-thumbnail","6":"product_cat-klaer-til-kvinner","7":"pa_48204_q84ja1kj-xs-s-34-36","8":"pa_48204_q84ja1kj-m-38","9":"pa_48204_q84ja1kj-l-40","10":"pa_48204_q84ja1kj-xl-42-44","11":"pa_48204_q84ja1kj-2xl-46","12":"pa_48204_q84ja1kj-3xl-48-50","13":"pa_48204_qaxcdhyp-beige","14":"pa_48204_qaxcdhyp-brun","15":"pa_48204_qaxcdhyp-pastellbla","16":"pa_48204_qaxcdhyp-rod","17":"pa_48204_qaxcdhyp-rosa","18":"pa_48204_qaxcdhyp-svart","19":"desktop-align-left","20":"tablet-align-left","21":"mobile-align-left","23":"first","24":"instock","25":"shipping-taxable","26":"purchasable","27":"product-type-variable","28":"has-default-attributes"},"_links":{"self":[{"href":"https:\/\/keluvo.com\/no\/wp-json\/wp\/v2\/product\/26444","targetHints":{"allow":["GET"]}}],"collection":[{"href":"https:\/\/keluvo.com\/no\/wp-json\/wp\/v2\/product"}],"about":[{"href":"https:\/\/keluvo.com\/no\/wp-json\/wp\/v2\/types\/product"}],"replies":[{"embeddable":true,"href":"https:\/\/keluvo.com\/no\/wp-json\/wp\/v2\/comments?post=26444"}],"wp:featuredmedia":[{"embeddable":true,"href":"https:\/\/keluvo.com\/no\/wp-json\/wp\/v2\/media\/26440"}],"wp:attachment":[{"href":"https:\/\/keluvo.com\/no\/wp-json\/wp\/v2\/media?parent=26444"}],"wp:term":[{"taxonomy":"product_brand","embeddable":true,"href":"https:\/\/keluvo.com\/no\/wp-json\/wp\/v2\/product_brand?post=26444"},{"taxonomy":"product_cat","embeddable":true,"href":"https:\/\/keluvo.com\/no\/wp-json\/wp\/v2\/product_cat?post=26444"},{"taxonomy":"product_tag","embeddable":true,"href":"https:\/\/keluvo.com\/no\/wp-json\/wp\/v2\/product_tag?post=26444"}],"curies":[{"name":"wp","href":"https:\/\/api.w.org\/{rel}","templated":true}]}}