{"id":2628,"date":"2024-10-28T17:36:48","date_gmt":"2024-10-28T14:36:48","guid":{"rendered":"https:\/\/keluvo.com\/no\/produkt\/sidepute-til-sengen\/"},"modified":"2024-10-28T19:01:28","modified_gmt":"2024-10-28T16:01:28","slug":"sidepute-til-sengen","status":"publish","type":"product","link":"https:\/\/keluvo.com\/no\/produkt\/sidepute-til-sengen\/","title":{"rendered":"Sidepute til sengen"},"content":{"rendered":"<h2 style=\"text-align: center;\"><strong> Mye brukt<\/strong><\/h2>\n<p style=\"text-align: center;\">Ryggst\u00f8ttene for \u00e5 sitte i sengen gj\u00f8r at du kan sitte i sengen og ha det g\u00f8y med forskjellige ting, for eksempel \u00e5 se p\u00e5 TV, spille spill, lese eller jobbe p\u00e5 den b\u00e6rbare datamaskinen. De gir deg fantastisk st\u00f8tte og komfort for rygg og nakke.<\/p>\n<h2 style=\"text-align: center;\"><img decoding=\"async\" class=\"aligncenter\" src=\"https:\/\/m.media-amazon.com\/images\/I\/71qZHalclHL._AC_SL1500_.jpg\" alt=\"Ryggst\u00f8tte bilde\" \/><\/h2>\n<h2 style=\"text-align: center;\"><strong> <span class=\"a-list-item\"> St\u00f8tte for ryggen<\/span> <\/strong><\/h2>\n<p style=\"text-align: center;\"><span class=\"a-list-item\"> Denne ryggputen har en gjennomtenkt design som passer til ryggs\u00f8ylens naturlige egenskaper. Den reduserer belastningen p\u00e5 korsryggen og gir behagelig st\u00f8tte.<\/span><\/p>\n<p><img decoding=\"async\" class=\"aligncenter\" src=\"https:\/\/m.media-amazon.com\/images\/I\/715479cUqGL._AC_SL1500_.jpg\" alt=\"Ryggpute bilde\" \/><\/p>\n<h2 style=\"text-align: center;\"><strong> Enkel \u00e5 Rengj\u00f8ring<\/strong><\/h2>\n<p style=\"text-align: center;\"><span class=\"a-list-item\"> Disse ryggputene for \u00e5 sitte i sengen har en delbar design, slik at de enkelt kan tas av og vaskes for h\u00e5nd eller i maskin, noe som sparer deg for tid og energi.<\/span><\/p>\n<p><img decoding=\"async\" class=\"aligncenter\" src=\"https:\/\/m.media-amazon.com\/images\/I\/71-Z4gTRUTL._AC_SL1500_.jpg\" alt=\"Ryggpute bilde\" \/><\/p>\n<h2 style=\"text-align: center;\"><strong> <span class=\"a-list-item\"> Pustende og elastisk<\/span> <\/strong><\/h2>\n<p style=\"text-align: center;\"><span class=\"a-list-item\"> Det h\u00f8ykvalitets materialet iryggputenes h\u00f8ykvalitetsmateriale gj\u00f8r dem pustende og elastiske. Trekket i issilke og krystallfl\u00f8yel og pp-bomullsfyllet holder puten luftig og forhindrer at den lett deformeres fordi den puster og er elastisk.<\/span><\/p>\n<p><img decoding=\"async\" class=\"aligncenter\" src=\"https:\/\/m.media-amazon.com\/images\/I\/714BT0-V-oL._AC_SL1500_.jpg\" alt=\"Ryggpute bilde\" \/><\/p>\n","protected":false},"excerpt":{"rendered":"<p>Mye brukt Ryggst\u00f8ttene for \u00e5 sitte i sengen gj\u00f8r at du kan sitte i sengen og ha det g\u00f8y med [&hellip;]<\/p>\n","protected":false},"featured_media":2622,"comment_status":"open","ping_status":"closed","template":"","meta":{"site-sidebar-layout":"default","site-content-layout":"","ast-site-content-layout":"default","site-content-style":"default","site-sidebar-style":"default","ast-global-header-display":"","ast-banner-title-visibility":"","ast-main-header-display":"","ast-hfb-above-header-display":"","ast-hfb-below-header-display":"","ast-hfb-mobile-header-display":"","site-post-title":"","ast-breadcrumbs-content":"","ast-featured-img":"","footer-sml-layout":"","theme-transparent-header-meta":"default","adv-header-id-meta":"","stick-header-meta":"","header-above-stick-meta":"","header-main-stick-meta":"","header-below-stick-meta":"","astra-migrate-meta-layouts":"set","ast-page-background-enabled":"default","ast-page-background-meta":{"desktop":{"background-color":"var(--ast-global-color-4)","background-image":"","background-repeat":"repeat","background-position":"center center","background-size":"auto","background-attachment":"scroll","background-type":"","background-media":"","overlay-type":"","overlay-color":"","overlay-opacity":"","overlay-gradient":""},"tablet":{"background-color":"","background-image":"","background-repeat":"repeat","background-position":"center center","background-size":"auto","background-attachment":"scroll","background-type":"","background-media":"","overlay-type":"","overlay-color":"","overlay-opacity":"","overlay-gradient":""},"mobile":{"background-color":"","background-image":"","background-repeat":"repeat","background-position":"center center","background-size":"auto","background-attachment":"scroll","background-type":"","background-media":"","overlay-type":"","overlay-color":"","overlay-opacity":"","overlay-gradient":""}},"ast-content-background-meta":{"desktop":{"background-color":"var(--ast-global-color-5)","background-image":"","background-repeat":"repeat","background-position":"center center","background-size":"auto","background-attachment":"scroll","background-type":"","background-media":"","overlay-type":"","overlay-color":"","overlay-opacity":"","overlay-gradient":""},"tablet":{"background-color":"var(--ast-global-color-5)","background-image":"","background-repeat":"repeat","background-position":"center center","background-size":"auto","background-attachment":"scroll","background-type":"","background-media":"","overlay-type":"","overlay-color":"","overlay-opacity":"","overlay-gradient":""},"mobile":{"background-color":"var(--ast-global-color-5)","background-image":"","background-repeat":"repeat","background-position":"center center","background-size":"auto","background-attachment":"scroll","background-type":"","background-media":"","overlay-type":"","overlay-color":"","overlay-opacity":"","overlay-gradient":""}}},"product_brand":[],"product_cat":[1001],"product_tag":[],"class_list":{"0":"post-2628","1":"product","2":"type-product","3":"status-publish","4":"has-post-thumbnail","6":"product_cat-husholdningsartikler","7":"pa_q8e6mpt3-bla","8":"pa_q8e6mpt3-gronn","9":"pa_q8e6mpt3-oransje","10":"pa_q8e6mpt3-rod","11":"pa_q8e6mpt3-svart","12":"desktop-align-left","13":"tablet-align-left","14":"mobile-align-left","16":"first","17":"instock","18":"shipping-taxable","19":"purchasable","20":"product-type-variable"},"_links":{"self":[{"href":"https:\/\/keluvo.com\/no\/wp-json\/wp\/v2\/product\/2628","targetHints":{"allow":["GET"]}}],"collection":[{"href":"https:\/\/keluvo.com\/no\/wp-json\/wp\/v2\/product"}],"about":[{"href":"https:\/\/keluvo.com\/no\/wp-json\/wp\/v2\/types\/product"}],"replies":[{"embeddable":true,"href":"https:\/\/keluvo.com\/no\/wp-json\/wp\/v2\/comments?post=2628"}],"wp:featuredmedia":[{"embeddable":true,"href":"https:\/\/keluvo.com\/no\/wp-json\/wp\/v2\/media\/2622"}],"wp:attachment":[{"href":"https:\/\/keluvo.com\/no\/wp-json\/wp\/v2\/media?parent=2628"}],"wp:term":[{"taxonomy":"product_brand","embeddable":true,"href":"https:\/\/keluvo.com\/no\/wp-json\/wp\/v2\/product_brand?post=2628"},{"taxonomy":"product_cat","embeddable":true,"href":"https:\/\/keluvo.com\/no\/wp-json\/wp\/v2\/product_cat?post=2628"},{"taxonomy":"product_tag","embeddable":true,"href":"https:\/\/keluvo.com\/no\/wp-json\/wp\/v2\/product_tag?post=2628"}],"curies":[{"name":"wp","href":"https:\/\/api.w.org\/{rel}","templated":true}]}}