{"id":26193,"date":"2025-06-13T16:34:20","date_gmt":"2025-06-13T14:34:20","guid":{"rendered":"https:\/\/keluvo.com\/no\/produkt\/lampe-for-liten-mann\/"},"modified":"2025-06-13T16:45:52","modified_gmt":"2025-06-13T14:45:52","slug":"lampe-for-liten-mann","status":"publish","type":"product","link":"https:\/\/keluvo.com\/no\/produkt\/lampe-for-liten-mann\/","title":{"rendered":"Lillemann lampe"},"content":{"rendered":"<p style=\"text-align: center;\">Lillemann lampe tilf\u00f8rer en morsom og kunstnerisk stemning til ethvert rom og gj\u00f8r hverdagsbelysningen til noe helt spesielt. Med sin kreative design tilf\u00f8rer de personlighet til rommet ditt og inspirerer til nye ideer. Den dimbare lysstyrken gj\u00f8r at du kan sette den perfekte stemningen, og den ledningsfrie designen gj\u00f8r dem enkle \u00e5 flytte rundt i hjemmet.<\/p>\n<p><img decoding=\"async\" class=\"size-full wp-image-23628 aligncenter\" src=\"https:\/\/keluvo.com\/template\/wp-content\/uploads\/sites\/5\/2025\/06\/RayDude_1_480x480.webp\" alt=\"\" \/><\/p>\n<p>\u2714\ufe0f <strong>Uttalelse stykke<\/strong> &#8211; En sjarmerende lampe som inspirerer til kreativitet, perfekt for skrivebordet, nattbordet eller et hvilket som helst hj\u00f8rne i stuen.<\/p>\n<p>\u2714\ufe0f <strong>Dimbar og ber\u00f8ringsstyrt<\/strong> &#8211; Juster lysstyrken enkelt med en ber\u00f8ringsbryter, slik at du kan skape den rette atmosf\u00e6ren for arbeid, avslapning eller lesing.<\/p>\n<p>\u2714\ufe0f <strong>Oppladbar med lang batterilevetid<\/strong> &#8211; Nyt 8-12 timers lys fra et sterkt innebygd batteri, og lad den enkelt opp via USB for enkelhets skyld.<\/p>\n<p><img decoding=\"async\" class=\"size-full wp-image-23626 aligncenter\" src=\"https:\/\/keluvo.com\/template\/wp-content\/uploads\/sites\/5\/2025\/06\/RayDude4_480x480.webp\" alt=\"\" \/><\/p>\n<h2 style=\"text-align: center;\">Spesifikasjoner<\/h2>\n<ul>\n<li>St\u00f8rrelse: 17 x 15 cm<\/li>\n<li>Dimbar: Ja<\/li>\n<li>Brytertype: Ber\u00f8ring<\/li>\n<li>Str\u00f8mkilde: USB-oppladbar<\/li>\n<li>Batterilevetid: 8-12 timer<\/li>\n<li>Batterikapasitet: 1800 mAH<\/li>\n<li>Materiale: Harpiks<\/li>\n<li>Wattstyrke: 3W.<\/li>\n<\/ul>\n<p><img decoding=\"async\" class=\"size-full wp-image-23627 aligncenter\" src=\"https:\/\/keluvo.com\/template\/wp-content\/uploads\/sites\/5\/2025\/06\/RayDude_2_480x480.webp\" alt=\"\" \/><\/p>\n","protected":false},"excerpt":{"rendered":"<p>Lillemann lampe tilf\u00f8rer en morsom og kunstnerisk stemning til ethvert rom og gj\u00f8r hverdagsbelysningen til noe helt spesielt. Med sin [&hellip;]<\/p>\n","protected":false},"featured_media":26189,"comment_status":"open","ping_status":"closed","template":"","meta":{"site-sidebar-layout":"default","site-content-layout":"","ast-site-content-layout":"default","site-content-style":"default","site-sidebar-style":"default","ast-global-header-display":"","ast-banner-title-visibility":"","ast-main-header-display":"","ast-hfb-above-header-display":"","ast-hfb-below-header-display":"","ast-hfb-mobile-header-display":"","site-post-title":"","ast-breadcrumbs-content":"","ast-featured-img":"","footer-sml-layout":"","theme-transparent-header-meta":"default","adv-header-id-meta":"","stick-header-meta":"","header-above-stick-meta":"","header-main-stick-meta":"","header-below-stick-meta":"","astra-migrate-meta-layouts":"set","ast-page-background-enabled":"default","ast-page-background-meta":{"desktop":{"background-color":"var(--ast-global-color-4)","background-image":"","background-repeat":"repeat","background-position":"center center","background-size":"auto","background-attachment":"scroll","background-type":"","background-media":"","overlay-type":"","overlay-color":"","overlay-opacity":"","overlay-gradient":""},"tablet":{"background-color":"","background-image":"","background-repeat":"repeat","background-position":"center center","background-size":"auto","background-attachment":"scroll","background-type":"","background-media":"","overlay-type":"","overlay-color":"","overlay-opacity":"","overlay-gradient":""},"mobile":{"background-color":"","background-image":"","background-repeat":"repeat","background-position":"center center","background-size":"auto","background-attachment":"scroll","background-type":"","background-media":"","overlay-type":"","overlay-color":"","overlay-opacity":"","overlay-gradient":""}},"ast-content-background-meta":{"desktop":{"background-color":"var(--ast-global-color-5)","background-image":"","background-repeat":"repeat","background-position":"center center","background-size":"auto","background-attachment":"scroll","background-type":"","background-media":"","overlay-type":"","overlay-color":"","overlay-opacity":"","overlay-gradient":""},"tablet":{"background-color":"var(--ast-global-color-5)","background-image":"","background-repeat":"repeat","background-position":"center center","background-size":"auto","background-attachment":"scroll","background-type":"","background-media":"","overlay-type":"","overlay-color":"","overlay-opacity":"","overlay-gradient":""},"mobile":{"background-color":"var(--ast-global-color-5)","background-image":"","background-repeat":"repeat","background-position":"center center","background-size":"auto","background-attachment":"scroll","background-type":"","background-media":"","overlay-type":"","overlay-color":"","overlay-opacity":"","overlay-gradient":""}}},"product_brand":[],"product_cat":[1001],"product_tag":[],"class_list":{"0":"post-26193","1":"product","2":"type-product","3":"status-publish","4":"has-post-thumbnail","6":"product_cat-husholdningsartikler","7":"pa_48201_cce8stj4-gull","8":"pa_48201_cce8stj4-solv","9":"pa_48201_w57uale7-gjennomtenkt","10":"pa_48201_w57uale7-grinete","11":"pa_48201_w57uale7-onsker","12":"pa_48201_w57uale7-trygt","13":"pa_48201_w57uale7-vent","14":"desktop-align-left","15":"tablet-align-left","16":"mobile-align-left","18":"first","19":"instock","20":"shipping-taxable","21":"purchasable","22":"product-type-variable","23":"has-default-attributes"},"_links":{"self":[{"href":"https:\/\/keluvo.com\/no\/wp-json\/wp\/v2\/product\/26193","targetHints":{"allow":["GET"]}}],"collection":[{"href":"https:\/\/keluvo.com\/no\/wp-json\/wp\/v2\/product"}],"about":[{"href":"https:\/\/keluvo.com\/no\/wp-json\/wp\/v2\/types\/product"}],"replies":[{"embeddable":true,"href":"https:\/\/keluvo.com\/no\/wp-json\/wp\/v2\/comments?post=26193"}],"wp:featuredmedia":[{"embeddable":true,"href":"https:\/\/keluvo.com\/no\/wp-json\/wp\/v2\/media\/26189"}],"wp:attachment":[{"href":"https:\/\/keluvo.com\/no\/wp-json\/wp\/v2\/media?parent=26193"}],"wp:term":[{"taxonomy":"product_brand","embeddable":true,"href":"https:\/\/keluvo.com\/no\/wp-json\/wp\/v2\/product_brand?post=26193"},{"taxonomy":"product_cat","embeddable":true,"href":"https:\/\/keluvo.com\/no\/wp-json\/wp\/v2\/product_cat?post=26193"},{"taxonomy":"product_tag","embeddable":true,"href":"https:\/\/keluvo.com\/no\/wp-json\/wp\/v2\/product_tag?post=26193"}],"curies":[{"name":"wp","href":"https:\/\/api.w.org\/{rel}","templated":true}]}}