{"id":26024,"date":"2025-06-13T16:28:17","date_gmt":"2025-06-13T14:28:17","guid":{"rendered":"https:\/\/keluvo.com\/no\/produkt\/sandaler-med-lukket-ta-for-kvinner\/"},"modified":"2025-06-13T16:30:05","modified_gmt":"2025-06-13T14:30:05","slug":"sandaler-med-lukket-ta-for-kvinner","status":"publish","type":"product","link":"https:\/\/keluvo.com\/no\/produkt\/sandaler-med-lukket-ta-for-kvinner\/","title":{"rendered":"Sandaler med lukket t\u00e5 for kvinner"},"content":{"rendered":"<h2><img decoding=\"async\" class=\"size-full wp-image-23471 aligncenter\" src=\"https:\/\/keluvo.com\/template\/wp-content\/uploads\/sites\/5\/2025\/06\/Screenshot_4.png\" alt=\"\" \/><\/h2>\n<h2><\/h2>\n<h2 style=\"text-align: center\">Funksjoner<\/h2>\n<p><strong>Enkelt \u00c5 Ta P\u00e5<\/strong>: Bare glid inn og du er klar til \u00e5 g\u00e5. Disse sandalene er perfekte for travle morgener eller reisedager n\u00e5r du vil se bra ut uten problemer.<\/p>\n<p><strong>Pustende Overdel Med Lukket T\u00e5<\/strong>: Den lukkede t\u00e5en er laget av et lett, pustende materiale som holder f\u00f8ttene dine kj\u00f8lige og komfortable, samtidig som den beskytter t\u00e6rne.<\/p>\n<p><strong>Stabil, Tykk H\u00e6l<\/strong>: Den brede, kraftige h\u00e6len gir stabilitet og st\u00f8tte &#8211; f\u00e5 den stilige h\u00f8yden uten \u00e5 miste komforten for hvert skritt du tar.<\/p>\n<p><strong>Komfortabel Demping<\/strong>: Med en myk fotseng og sk\u00e5nsomt f\u00f4r bidrar disse sandalene til \u00e5 redusere trykket p\u00e5 f\u00f8ttene, noe som gj\u00f8r dem perfekte for lange spaserturer eller mange timers bruk.<\/p>\n<p><strong>Stilige Og Allsidige<\/strong>: Disse sandalene gir et moderne preg til ethvert antrekk, enten du bruker dem til jeans, skj\u00f8rt eller kjoler. Perfekt for stranddager, brunsj eller uformelle utflukter.<\/p>\n<h2 style=\"text-align: center\">Spesifikasjoner<\/h2>\n<p>&#8211; Materiale: PU<\/p>\n<h2 style=\"text-align: center\">Pakken Inneholder<\/h2>\n<p>1 x <span data-sheets-root=\"1\">Sandaler Med Lukket T\u00e5 For Kvinner.<\/span><\/p>\n","protected":false},"excerpt":{"rendered":"<p>Funksjoner Enkelt \u00c5 Ta P\u00e5: Bare glid inn og du er klar til \u00e5 g\u00e5. Disse sandalene er perfekte for [&hellip;]<\/p>\n","protected":false},"featured_media":26020,"comment_status":"open","ping_status":"closed","template":"","meta":{"site-sidebar-layout":"default","site-content-layout":"","ast-site-content-layout":"default","site-content-style":"default","site-sidebar-style":"default","ast-global-header-display":"","ast-banner-title-visibility":"","ast-main-header-display":"","ast-hfb-above-header-display":"","ast-hfb-below-header-display":"","ast-hfb-mobile-header-display":"","site-post-title":"","ast-breadcrumbs-content":"","ast-featured-img":"","footer-sml-layout":"","theme-transparent-header-meta":"default","adv-header-id-meta":"","stick-header-meta":"","header-above-stick-meta":"","header-main-stick-meta":"","header-below-stick-meta":"","astra-migrate-meta-layouts":"set","ast-page-background-enabled":"default","ast-page-background-meta":{"desktop":{"background-color":"var(--ast-global-color-4)","background-image":"","background-repeat":"repeat","background-position":"center center","background-size":"auto","background-attachment":"scroll","background-type":"","background-media":"","overlay-type":"","overlay-color":"","overlay-opacity":"","overlay-gradient":""},"tablet":{"background-color":"","background-image":"","background-repeat":"repeat","background-position":"center center","background-size":"auto","background-attachment":"scroll","background-type":"","background-media":"","overlay-type":"","overlay-color":"","overlay-opacity":"","overlay-gradient":""},"mobile":{"background-color":"","background-image":"","background-repeat":"repeat","background-position":"center center","background-size":"auto","background-attachment":"scroll","background-type":"","background-media":"","overlay-type":"","overlay-color":"","overlay-opacity":"","overlay-gradient":""}},"ast-content-background-meta":{"desktop":{"background-color":"var(--ast-global-color-5)","background-image":"","background-repeat":"repeat","background-position":"center center","background-size":"auto","background-attachment":"scroll","background-type":"","background-media":"","overlay-type":"","overlay-color":"","overlay-opacity":"","overlay-gradient":""},"tablet":{"background-color":"var(--ast-global-color-5)","background-image":"","background-repeat":"repeat","background-position":"center center","background-size":"auto","background-attachment":"scroll","background-type":"","background-media":"","overlay-type":"","overlay-color":"","overlay-opacity":"","overlay-gradient":""},"mobile":{"background-color":"var(--ast-global-color-5)","background-image":"","background-repeat":"repeat","background-position":"center center","background-size":"auto","background-attachment":"scroll","background-type":"","background-media":"","overlay-type":"","overlay-color":"","overlay-opacity":"","overlay-gradient":""}}},"product_brand":[],"product_cat":[993],"product_tag":[],"class_list":{"0":"post-26024","1":"product","2":"type-product","3":"status-publish","4":"has-post-thumbnail","6":"product_cat-skotoy-tilbehor","7":"pa_48196_5ur11ch4-bla","8":"pa_48196_5ur11ch4-hvit","9":"pa_48196_5ur11ch4-rod","10":"pa_48196_5ur11ch4-rosa","11":"pa_48196_5ur11ch4-svart","12":"pa_48196_gs2gclgg-4770","13":"pa_48196_gs2gclgg-4771","14":"pa_48196_gs2gclgg-4772","15":"pa_48196_gs2gclgg-4773","16":"pa_48196_gs2gclgg-4774","17":"pa_48196_gs2gclgg-4775","18":"pa_48196_gs2gclgg-4776","19":"pa_48196_gs2gclgg-4777","20":"desktop-align-left","21":"tablet-align-left","22":"mobile-align-left","24":"first","25":"instock","26":"shipping-taxable","27":"purchasable","28":"product-type-variable","29":"has-default-attributes"},"_links":{"self":[{"href":"https:\/\/keluvo.com\/no\/wp-json\/wp\/v2\/product\/26024","targetHints":{"allow":["GET"]}}],"collection":[{"href":"https:\/\/keluvo.com\/no\/wp-json\/wp\/v2\/product"}],"about":[{"href":"https:\/\/keluvo.com\/no\/wp-json\/wp\/v2\/types\/product"}],"replies":[{"embeddable":true,"href":"https:\/\/keluvo.com\/no\/wp-json\/wp\/v2\/comments?post=26024"}],"wp:featuredmedia":[{"embeddable":true,"href":"https:\/\/keluvo.com\/no\/wp-json\/wp\/v2\/media\/26020"}],"wp:attachment":[{"href":"https:\/\/keluvo.com\/no\/wp-json\/wp\/v2\/media?parent=26024"}],"wp:term":[{"taxonomy":"product_brand","embeddable":true,"href":"https:\/\/keluvo.com\/no\/wp-json\/wp\/v2\/product_brand?post=26024"},{"taxonomy":"product_cat","embeddable":true,"href":"https:\/\/keluvo.com\/no\/wp-json\/wp\/v2\/product_cat?post=26024"},{"taxonomy":"product_tag","embeddable":true,"href":"https:\/\/keluvo.com\/no\/wp-json\/wp\/v2\/product_tag?post=26024"}],"curies":[{"name":"wp","href":"https:\/\/api.w.org\/{rel}","templated":true}]}}