{"id":25960,"date":"2025-06-13T16:26:07","date_gmt":"2025-06-13T14:26:07","guid":{"rendered":"https:\/\/keluvo.com\/no\/produkt\/toalettpapirholder-uten-bor\/"},"modified":"2025-06-13T16:26:15","modified_gmt":"2025-06-13T14:26:15","slug":"toalettpapirholder-uten-bor","status":"publish","type":"product","link":"https:\/\/keluvo.com\/no\/produkt\/toalettpapirholder-uten-bor\/","title":{"rendered":"Toalettpapirholder uten bor"},"content":{"rendered":"<p style=\"text-align: center\">Vi presenterer v\u00e5r moderne toalettpapirholder med en elegant og minimalistisk design. Den er laget av ett enkelt stykke metall, har en elegant svart finish og tilbyr rikelig med oppbevaringsplass. De CNC-fresede kantene bidrar til det rene og stilige utseendet.<\/p>\n<p><img decoding=\"async\" class=\"size-full wp-image-23559 aligncenter\" src=\"https:\/\/keluvo.com\/template\/wp-content\/uploads\/sites\/5\/2025\/06\/B0CW6MRB35PT04-reducedFilesize.jpg\" alt=\"\" \/><\/p>\n<p style=\"text-align: center\">Denne toalettpapirholderen med hylle er et flott tillegg til v\u00e5re h\u00e5ndklestativ og vil forbedre den generelle designen p\u00e5 badet ditt. Vi prioriterer kvalitet i alle produktene v\u00e5re. Denne selvklebende holderen er laget av solid aluminium, noe som sikrer holdbarhet slik at ingenting l\u00f8sner eller faller av. Hver kant er n\u00f8yaktig frest med CNC-teknologi, noe som resulterer i en finish av h\u00f8y kvalitet som gjenspeiler signaturstilen til Designfabrik Hamburg. Den minimalistiske designen har et s\u00e6regent preg &#8211; subtilt, men likevel i\u00f8ynefallende. Den sjener\u00f8se hyllen gir ekstra bekvemmelighet og funksjonalitet. Monteringen er enkel med den medf\u00f8lgende 3M teipen, som passer til alle glatte overflater etter rengj\u00f8ring med isopropanol. Bare trykk den p\u00e5, vent i 24 timer, s\u00e5 sitter den sikkert p\u00e5 plass.<\/p>\n<h2 style=\"text-align: center\">Kan Teipen Fjernes?<\/h2>\n<p style=\"text-align: center\">Er du bekymret for \u00e5 fjerne teipen? Det er ikke noe problem! 3M-teipen kan fjernes fra harde overflater uten \u00e5 etterlate rester. Bare varm den opp med en h\u00e5rf\u00f8ner, lirk forsiktig av holderen, og trekk av limet med en tynn gjenstand. H\u00e5ndter f\u00f8lsomme overflater forsiktig under denne prosessen. Hvis det sitter igjen rester, kan du enkelt fjerne dem med et l\u00f8semiddel som isopropanol. For \u00e5 sette den p\u00e5 plass igjen trenger du nye monteringsmaterialer.<\/p>\n<h2 style=\"text-align: center\">Lieferumfang<\/h2>\n<ul>\n<li>1 x Toalettpapirholder med hylle<\/li>\n<li>1 x 3M-merketape<\/li>\n<li>1 x Brukerveiledning.<\/li>\n<\/ul>\n","protected":false},"excerpt":{"rendered":"<p>Vi presenterer v\u00e5r moderne toalettpapirholder med en elegant og minimalistisk design. Den er laget av ett enkelt stykke metall, har [&hellip;]<\/p>\n","protected":false},"featured_media":25956,"comment_status":"open","ping_status":"closed","template":"","meta":{"site-sidebar-layout":"default","site-content-layout":"","ast-site-content-layout":"default","site-content-style":"default","site-sidebar-style":"default","ast-global-header-display":"","ast-banner-title-visibility":"","ast-main-header-display":"","ast-hfb-above-header-display":"","ast-hfb-below-header-display":"","ast-hfb-mobile-header-display":"","site-post-title":"","ast-breadcrumbs-content":"","ast-featured-img":"","footer-sml-layout":"","theme-transparent-header-meta":"default","adv-header-id-meta":"","stick-header-meta":"","header-above-stick-meta":"","header-main-stick-meta":"","header-below-stick-meta":"","astra-migrate-meta-layouts":"set","ast-page-background-enabled":"default","ast-page-background-meta":{"desktop":{"background-color":"var(--ast-global-color-4)","background-image":"","background-repeat":"repeat","background-position":"center center","background-size":"auto","background-attachment":"scroll","background-type":"","background-media":"","overlay-type":"","overlay-color":"","overlay-opacity":"","overlay-gradient":""},"tablet":{"background-color":"","background-image":"","background-repeat":"repeat","background-position":"center center","background-size":"auto","background-attachment":"scroll","background-type":"","background-media":"","overlay-type":"","overlay-color":"","overlay-opacity":"","overlay-gradient":""},"mobile":{"background-color":"","background-image":"","background-repeat":"repeat","background-position":"center center","background-size":"auto","background-attachment":"scroll","background-type":"","background-media":"","overlay-type":"","overlay-color":"","overlay-opacity":"","overlay-gradient":""}},"ast-content-background-meta":{"desktop":{"background-color":"var(--ast-global-color-5)","background-image":"","background-repeat":"repeat","background-position":"center center","background-size":"auto","background-attachment":"scroll","background-type":"","background-media":"","overlay-type":"","overlay-color":"","overlay-opacity":"","overlay-gradient":""},"tablet":{"background-color":"var(--ast-global-color-5)","background-image":"","background-repeat":"repeat","background-position":"center center","background-size":"auto","background-attachment":"scroll","background-type":"","background-media":"","overlay-type":"","overlay-color":"","overlay-opacity":"","overlay-gradient":""},"mobile":{"background-color":"var(--ast-global-color-5)","background-image":"","background-repeat":"repeat","background-position":"center center","background-size":"auto","background-attachment":"scroll","background-type":"","background-media":"","overlay-type":"","overlay-color":"","overlay-opacity":"","overlay-gradient":""}}},"product_brand":[],"product_cat":[1001],"product_tag":[],"class_list":{"0":"post-25960","1":"product","2":"type-product","3":"status-publish","4":"has-post-thumbnail","6":"product_cat-husholdningsartikler","7":"pa_48194_mppj06z7-hvit","8":"pa_48194_mppj06z7-svart","9":"desktop-align-left","10":"tablet-align-left","11":"mobile-align-left","13":"first","14":"instock","15":"shipping-taxable","16":"purchasable","17":"product-type-variable"},"_links":{"self":[{"href":"https:\/\/keluvo.com\/no\/wp-json\/wp\/v2\/product\/25960","targetHints":{"allow":["GET"]}}],"collection":[{"href":"https:\/\/keluvo.com\/no\/wp-json\/wp\/v2\/product"}],"about":[{"href":"https:\/\/keluvo.com\/no\/wp-json\/wp\/v2\/types\/product"}],"replies":[{"embeddable":true,"href":"https:\/\/keluvo.com\/no\/wp-json\/wp\/v2\/comments?post=25960"}],"wp:featuredmedia":[{"embeddable":true,"href":"https:\/\/keluvo.com\/no\/wp-json\/wp\/v2\/media\/25956"}],"wp:attachment":[{"href":"https:\/\/keluvo.com\/no\/wp-json\/wp\/v2\/media?parent=25960"}],"wp:term":[{"taxonomy":"product_brand","embeddable":true,"href":"https:\/\/keluvo.com\/no\/wp-json\/wp\/v2\/product_brand?post=25960"},{"taxonomy":"product_cat","embeddable":true,"href":"https:\/\/keluvo.com\/no\/wp-json\/wp\/v2\/product_cat?post=25960"},{"taxonomy":"product_tag","embeddable":true,"href":"https:\/\/keluvo.com\/no\/wp-json\/wp\/v2\/product_tag?post=25960"}],"curies":[{"name":"wp","href":"https:\/\/api.w.org\/{rel}","templated":true}]}}