{"id":25833,"date":"2025-06-12T15:38:42","date_gmt":"2025-06-12T13:38:42","guid":{"rendered":"https:\/\/keluvo.com\/no\/produkt\/mobil-lagringspinne\/"},"modified":"2025-06-12T15:39:46","modified_gmt":"2025-06-12T13:39:46","slug":"mobil-lagringspinne","status":"publish","type":"product","link":"https:\/\/keluvo.com\/no\/produkt\/mobil-lagringspinne\/","title":{"rendered":"Mobil lagringspinne"},"content":{"rendered":"<p style=\"text-align: center\"><strong>L\u00e5s Opp Ekstra Lagringsplass Med Den Mobile Lagringspinnen<\/strong><\/p>\n<p style=\"text-align: center\">Denne praktiske USB-minnepinnen er designet for \u00e5 \u00f8ke minnet p\u00e5 smarttelefonen din, slik at du kan lagre alle viktige bilder, videoer og dokumenter p\u00e5 en trygg m\u00e5te. Den leveres med en Lightning-, mikro-USB- og USB-C-port, noe som gj\u00f8r den kompatibel med alle telefoner!<\/p>\n<p><img decoding=\"async\" class=\"size-full wp-image-23396 aligncenter\" src=\"https:\/\/keluvo.com\/template\/wp-content\/uploads\/sites\/5\/2025\/06\/ezgif.com-video-to-webp-converter-5.webp\" alt=\"\" \/><\/p>\n<h2 style=\"text-align: center\">Fordeler<\/h2>\n<ul>\n<li>Beskytt dataene dine med kryptering eller passord<\/li>\n<li>Lagre bilder og videoer trygt<\/li>\n<li>Fungerer med alle typer telefoner<\/li>\n<li>Rask dataoverf\u00f8ring med USB 3.0<\/li>\n<li>Enkelt plug &amp; play-oppsett<\/li>\n<li>Kompakt og b\u00e6rbar<\/li>\n<\/ul>\n<h2 style=\"text-align: center\">Hva Er I Esken?<\/h2>\n<ul>\n<li>1x Mobil lagringspinne<\/li>\n<li>1x Bruksanvisning.<\/li>\n<\/ul>\n<h2 style=\"text-align: center\">Spesifikasjoner<\/h2>\n<ul>\n<li>Grensesnittstype: USB 3.0<\/li>\n<li>Kapasitet: 32 GB-2 TB<\/li>\n<li>Dataoverf\u00f8ring: H\u00f8y hastighet<\/li>\n<li>Brukssykluser: Over 10 000 ganger<\/li>\n<li>Slitesterk: Resirkulerbar og st\u00f8tsikker<\/li>\n<li>Kompatibilitet: PC, b\u00e6rbar PC, Mac, iPhone, Android<\/li>\n<li>Materiale: Metall<\/li>\n<\/ul>\n<h2 style=\"text-align: center\">Hvorfor Velge Den Mobile Lagringspinnen?<\/h2>\n<p>\u2714 Sikre dataene dine med kryptering eller passord<br \/>\n\u2714 Sikker lagring av filer, bilder og videoer<br \/>\n\u2714 Fullt kompatibel med iPhone &amp; Android<br \/>\n\u2714 Superrask overf\u00f8ring med USB 3.0-teknologi<br \/>\n\u2714 Enkel \u00e5 bruke, klar til bruk med en gang<\/p>\n<h2 style=\"text-align: center\">Hvordan Bruke Den?<\/h2>\n<ol>\n<li>Denne enheten er enkel \u00e5 betjene, og en detaljert bruksanvisning f\u00f8lger med for ekstra hjelp!<\/li>\n<li>Det er enkelt \u00e5 overf\u00f8re filer fra telefonen til den b\u00e6rbare datamaskinen din. Bare koble den til for \u00e5 flytte bilder, dokumenter eller videoer raskt og enkelt!<\/li>\n<li>Angi et passord p\u00e5 USB-minnepinnen for \u00e5 holde dataene dine trygge og kontrollere hvem som har tilgang til dem.<\/li>\n<li>Bare sett USB-pinnen inn i iPhone- eller Android-telefonen din, velg filene du vil overf\u00f8re, og med ett klikk er de trygt lagret. S\u00e5 enkelt og raskt er det!<\/li>\n<\/ol>\n<p><img decoding=\"async\" class=\"size-full wp-image-23397 aligncenter\" src=\"https:\/\/keluvo.com\/template\/wp-content\/uploads\/sites\/5\/2025\/06\/ezgif.com-video-to-webp-converter-6.webp\" alt=\"\" \/><\/p>\n","protected":false},"excerpt":{"rendered":"<p>L\u00e5s Opp Ekstra Lagringsplass Med Den Mobile Lagringspinnen Denne praktiske USB-minnepinnen er designet for \u00e5 \u00f8ke minnet p\u00e5 smarttelefonen din, [&hellip;]<\/p>\n","protected":false},"featured_media":25829,"comment_status":"open","ping_status":"closed","template":"","meta":{"site-sidebar-layout":"default","site-content-layout":"","ast-site-content-layout":"default","site-content-style":"default","site-sidebar-style":"default","ast-global-header-display":"","ast-banner-title-visibility":"","ast-main-header-display":"","ast-hfb-above-header-display":"","ast-hfb-below-header-display":"","ast-hfb-mobile-header-display":"","site-post-title":"","ast-breadcrumbs-content":"","ast-featured-img":"","footer-sml-layout":"","theme-transparent-header-meta":"default","adv-header-id-meta":"","stick-header-meta":"","header-above-stick-meta":"","header-main-stick-meta":"","header-below-stick-meta":"","astra-migrate-meta-layouts":"set","ast-page-background-enabled":"default","ast-page-background-meta":{"desktop":{"background-color":"var(--ast-global-color-4)","background-image":"","background-repeat":"repeat","background-position":"center center","background-size":"auto","background-attachment":"scroll","background-type":"","background-media":"","overlay-type":"","overlay-color":"","overlay-opacity":"","overlay-gradient":""},"tablet":{"background-color":"","background-image":"","background-repeat":"repeat","background-position":"center center","background-size":"auto","background-attachment":"scroll","background-type":"","background-media":"","overlay-type":"","overlay-color":"","overlay-opacity":"","overlay-gradient":""},"mobile":{"background-color":"","background-image":"","background-repeat":"repeat","background-position":"center center","background-size":"auto","background-attachment":"scroll","background-type":"","background-media":"","overlay-type":"","overlay-color":"","overlay-opacity":"","overlay-gradient":""}},"ast-content-background-meta":{"desktop":{"background-color":"var(--ast-global-color-5)","background-image":"","background-repeat":"repeat","background-position":"center center","background-size":"auto","background-attachment":"scroll","background-type":"","background-media":"","overlay-type":"","overlay-color":"","overlay-opacity":"","overlay-gradient":""},"tablet":{"background-color":"var(--ast-global-color-5)","background-image":"","background-repeat":"repeat","background-position":"center center","background-size":"auto","background-attachment":"scroll","background-type":"","background-media":"","overlay-type":"","overlay-color":"","overlay-opacity":"","overlay-gradient":""},"mobile":{"background-color":"var(--ast-global-color-5)","background-image":"","background-repeat":"repeat","background-position":"center center","background-size":"auto","background-attachment":"scroll","background-type":"","background-media":"","overlay-type":"","overlay-color":"","overlay-opacity":"","overlay-gradient":""}}},"product_brand":[],"product_cat":[15],"product_tag":[],"class_list":{"0":"post-25833","1":"product","2":"type-product","3":"status-publish","4":"has-post-thumbnail","6":"product_cat-uncategorized","7":"pa_48193_j0o0pa0o-bla","8":"pa_48193_j0o0pa0o-gronn","9":"pa_48193_j0o0pa0o-gull","10":"pa_48193_j0o0pa0o-lilla","11":"pa_48193_j0o0pa0o-lys-rosa","12":"pa_48193_j0o0pa0o-solv","13":"pa_48193_phrywzbw-32-gb","14":"pa_48193_phrywzbw-128-gb","15":"pa_48193_phrywzbw-512-gb","16":"pa_48193_phrywzbw-1-tb","17":"pa_48193_phrywzbw-2-tb","18":"desktop-align-left","19":"tablet-align-left","20":"mobile-align-left","22":"first","23":"instock","24":"shipping-taxable","25":"purchasable","26":"product-type-variable","27":"has-default-attributes"},"_links":{"self":[{"href":"https:\/\/keluvo.com\/no\/wp-json\/wp\/v2\/product\/25833","targetHints":{"allow":["GET"]}}],"collection":[{"href":"https:\/\/keluvo.com\/no\/wp-json\/wp\/v2\/product"}],"about":[{"href":"https:\/\/keluvo.com\/no\/wp-json\/wp\/v2\/types\/product"}],"replies":[{"embeddable":true,"href":"https:\/\/keluvo.com\/no\/wp-json\/wp\/v2\/comments?post=25833"}],"wp:featuredmedia":[{"embeddable":true,"href":"https:\/\/keluvo.com\/no\/wp-json\/wp\/v2\/media\/25829"}],"wp:attachment":[{"href":"https:\/\/keluvo.com\/no\/wp-json\/wp\/v2\/media?parent=25833"}],"wp:term":[{"taxonomy":"product_brand","embeddable":true,"href":"https:\/\/keluvo.com\/no\/wp-json\/wp\/v2\/product_brand?post=25833"},{"taxonomy":"product_cat","embeddable":true,"href":"https:\/\/keluvo.com\/no\/wp-json\/wp\/v2\/product_cat?post=25833"},{"taxonomy":"product_tag","embeddable":true,"href":"https:\/\/keluvo.com\/no\/wp-json\/wp\/v2\/product_tag?post=25833"}],"curies":[{"name":"wp","href":"https:\/\/api.w.org\/{rel}","templated":true}]}}