{"id":25798,"date":"2025-06-12T13:18:12","date_gmt":"2025-06-12T11:18:12","guid":{"rendered":"https:\/\/keluvo.com\/no\/produkt\/tradlos-flaskelampe\/"},"modified":"2025-06-12T13:18:33","modified_gmt":"2025-06-12T11:18:33","slug":"tradlos-flaskelampe","status":"publish","type":"product","link":"https:\/\/keluvo.com\/no\/produkt\/tradlos-flaskelampe\/","title":{"rendered":"Tr\u00e5dl\u00f8s flaskelampe"},"content":{"rendered":"<h2 style=\"text-align: center\">\u00a0\ud83d\udecb Lampen som gjestene vil elske!<\/h2>\n<p style=\"text-align: center\">M\u00f8t den tr\u00e5dl\u00f8se flaskelampen, v\u00e5r elegante flaskelampe som blander stil og funksjon uten problemer. Bare plasser den p\u00e5 en hvilken som helst flaske &#8211; ingen ledninger trengs. Med tre lysmoduser kan du enkelt stille inn stemningen ved hjelp av ber\u00f8ring eller den medf\u00f8lgende fjernkontrollen. Ideell for \u00e5 lyse opp ethvert innend\u00f8rs eller utend\u00f8rs rom.<\/p>\n<p><img decoding=\"async\" class=\"size-full wp-image-23355 aligncenter\" src=\"https:\/\/keluvo.com\/template\/wp-content\/uploads\/sites\/5\/2025\/06\/1_900x.webp\" alt=\"\" \/><\/p>\n<h2 style=\"text-align: center\">Slipp kreativiteten l\u00f8s<\/h2>\n<p style=\"text-align: center\">Med v\u00e5re flaskelamper er det ingen grenser for kreativiteten din. Forvandle hver eneste flaske til et unikt m\u00f8bel!<\/p>\n<p><img decoding=\"async\" class=\"size-full wp-image-23356 aligncenter\" src=\"https:\/\/keluvo.com\/template\/wp-content\/uploads\/sites\/5\/2025\/06\/gb-brun-1__1_-removebg-preview-Photoroom_1_-Picsart-AiImageEnhancer_900x.webp\" alt=\"\" \/><\/p>\n<h2 style=\"text-align: center\">Hva er inkludert?<\/h2>\n<ul>\n<li>1x tr\u00e5dl\u00f8st flaskelys<\/li>\n<li>1x USB-C-kabel<\/li>\n<li>Installasjonsveiledning<\/li>\n<\/ul>\n<h2 style=\"text-align: center\">Spesifikasjoner<\/h2>\n<ul>\n<li>M\u00e5l: 10,5 x 13,15 cm<\/li>\n<li>Materiale: Jern &amp; aluminium<\/li>\n<li>Lyskilde: LED<\/li>\n<li>Fargetemperatur: 3000K<\/li>\n<li>Batteri: 3000 mAh litium<\/li>\n<li>Brukstid: opptil 12 timer p\u00e5 svakt lys<\/li>\n<li>Inngangsspenning: DC 5V<\/li>\n<li>Levetid: over 50 000 timer<\/li>\n<li>Str\u00f8mforsyning: 2,5W, 5V, 2A<\/li>\n<\/ul>\n","protected":false},"excerpt":{"rendered":"<p>\u00a0\ud83d\udecb Lampen som gjestene vil elske! M\u00f8t den tr\u00e5dl\u00f8se flaskelampen, v\u00e5r elegante flaskelampe som blander stil og funksjon uten problemer. [&hellip;]<\/p>\n","protected":false},"featured_media":25794,"comment_status":"open","ping_status":"closed","template":"","meta":{"site-sidebar-layout":"default","site-content-layout":"","ast-site-content-layout":"default","site-content-style":"default","site-sidebar-style":"default","ast-global-header-display":"","ast-banner-title-visibility":"","ast-main-header-display":"","ast-hfb-above-header-display":"","ast-hfb-below-header-display":"","ast-hfb-mobile-header-display":"","site-post-title":"","ast-breadcrumbs-content":"","ast-featured-img":"","footer-sml-layout":"","theme-transparent-header-meta":"default","adv-header-id-meta":"","stick-header-meta":"","header-above-stick-meta":"","header-main-stick-meta":"","header-below-stick-meta":"","astra-migrate-meta-layouts":"set","ast-page-background-enabled":"default","ast-page-background-meta":{"desktop":{"background-color":"var(--ast-global-color-4)","background-image":"","background-repeat":"repeat","background-position":"center center","background-size":"auto","background-attachment":"scroll","background-type":"","background-media":"","overlay-type":"","overlay-color":"","overlay-opacity":"","overlay-gradient":""},"tablet":{"background-color":"","background-image":"","background-repeat":"repeat","background-position":"center center","background-size":"auto","background-attachment":"scroll","background-type":"","background-media":"","overlay-type":"","overlay-color":"","overlay-opacity":"","overlay-gradient":""},"mobile":{"background-color":"","background-image":"","background-repeat":"repeat","background-position":"center center","background-size":"auto","background-attachment":"scroll","background-type":"","background-media":"","overlay-type":"","overlay-color":"","overlay-opacity":"","overlay-gradient":""}},"ast-content-background-meta":{"desktop":{"background-color":"var(--ast-global-color-5)","background-image":"","background-repeat":"repeat","background-position":"center center","background-size":"auto","background-attachment":"scroll","background-type":"","background-media":"","overlay-type":"","overlay-color":"","overlay-opacity":"","overlay-gradient":""},"tablet":{"background-color":"var(--ast-global-color-5)","background-image":"","background-repeat":"repeat","background-position":"center center","background-size":"auto","background-attachment":"scroll","background-type":"","background-media":"","overlay-type":"","overlay-color":"","overlay-opacity":"","overlay-gradient":""},"mobile":{"background-color":"var(--ast-global-color-5)","background-image":"","background-repeat":"repeat","background-position":"center center","background-size":"auto","background-attachment":"scroll","background-type":"","background-media":"","overlay-type":"","overlay-color":"","overlay-opacity":"","overlay-gradient":""}}},"product_brand":[],"product_cat":[1001],"product_tag":[],"class_list":{"0":"post-25798","1":"product","2":"type-product","3":"status-publish","4":"has-post-thumbnail","6":"product_cat-husholdningsartikler","7":"pa_48191_1ubw1si5-bla","8":"pa_48191_1ubw1si5-brun","9":"pa_48191_1ubw1si5-gull","10":"pa_48191_1ubw1si5-hvit","11":"pa_48191_1ubw1si5-matt-gull","12":"pa_48191_1ubw1si5-oransje","13":"pa_48191_1ubw1si5-rosa","14":"pa_48191_1ubw1si5-rosegull","15":"pa_48191_1ubw1si5-solv","16":"pa_48191_1ubw1si5-svart","17":"desktop-align-left","18":"tablet-align-left","19":"mobile-align-left","21":"first","22":"instock","23":"shipping-taxable","24":"purchasable","25":"product-type-variable"},"_links":{"self":[{"href":"https:\/\/keluvo.com\/no\/wp-json\/wp\/v2\/product\/25798","targetHints":{"allow":["GET"]}}],"collection":[{"href":"https:\/\/keluvo.com\/no\/wp-json\/wp\/v2\/product"}],"about":[{"href":"https:\/\/keluvo.com\/no\/wp-json\/wp\/v2\/types\/product"}],"replies":[{"embeddable":true,"href":"https:\/\/keluvo.com\/no\/wp-json\/wp\/v2\/comments?post=25798"}],"wp:featuredmedia":[{"embeddable":true,"href":"https:\/\/keluvo.com\/no\/wp-json\/wp\/v2\/media\/25794"}],"wp:attachment":[{"href":"https:\/\/keluvo.com\/no\/wp-json\/wp\/v2\/media?parent=25798"}],"wp:term":[{"taxonomy":"product_brand","embeddable":true,"href":"https:\/\/keluvo.com\/no\/wp-json\/wp\/v2\/product_brand?post=25798"},{"taxonomy":"product_cat","embeddable":true,"href":"https:\/\/keluvo.com\/no\/wp-json\/wp\/v2\/product_cat?post=25798"},{"taxonomy":"product_tag","embeddable":true,"href":"https:\/\/keluvo.com\/no\/wp-json\/wp\/v2\/product_tag?post=25798"}],"curies":[{"name":"wp","href":"https:\/\/api.w.org\/{rel}","templated":true}]}}