{"id":25699,"date":"2025-06-11T17:38:50","date_gmt":"2025-06-11T15:38:50","guid":{"rendered":"https:\/\/keluvo.com\/no\/produkt\/enkel-cellulittfjerner\/"},"modified":"2025-06-12T13:12:49","modified_gmt":"2025-06-12T11:12:49","slug":"enkel-cellulittfjerner","status":"publish","type":"product","link":"https:\/\/keluvo.com\/no\/produkt\/enkel-cellulittfjerner\/","title":{"rendered":"Enkel cellulittfjerner"},"content":{"rendered":"<p style=\"text-align: center;\"><strong>Oppn\u00e5 Glatt Hud Uten Kirurgi Ved Hjelp Av Vakuumterapi.<\/strong><\/p>\n<ul>\n<li>Gir glattere og sunnere hud<\/li>\n<li>\u00d8ker blodsirkulasjonen og lymfedrenasjen<\/li>\n<li>F\u00e5r huden til \u00e5 f\u00f8les fastere og mer elastisk<\/li>\n<\/ul>\n<p><img decoding=\"async\" class=\"size-full wp-image-23344 aligncenter\" src=\"https:\/\/keluvo.com\/template\/wp-content\/uploads\/sites\/5\/2025\/06\/2ebe4787a5c64654bc81aaaa17ca2385-ezgif.com-gif-to-webp-converter.webp\" alt=\"\" \/><\/p>\n<p style=\"text-align: center;\">Har du pr\u00f8vd alt uten hell? Mange har brukt elektrisk kopping, kremer og b\u00f8rster uten \u00e5 se resultater.<\/p>\n<p style=\"text-align: center;\">Denne enkle cellulittfjerneren kombinerer vakuumterapi og r\u00f8dlysterapi for \u00e5 \u00f8ke blodsirkulasjonen og lymfedrenasjen, noe som bidrar til \u00e5 gj\u00f8re huden fastere og mer elastisk.<\/p>\n<p style=\"text-align: center;\">Gi huden din litt ekstra pleie! Stimulering av blodsirkulasjonen kan f\u00f8re til glattere og fastere hud over tid. Unn deg en avslappende hjemmebehandling i dag! Mange brukere merker forskjell etter bare \u00e9n gangs bruk.<\/p>\n<p><img decoding=\"async\" class=\"size-full wp-image-23341 aligncenter\" src=\"https:\/\/keluvo.com\/template\/wp-content\/uploads\/sites\/5\/2025\/06\/B_E_Multiple.webp\" alt=\"\" \/><\/p>\n<h2 style=\"text-align: center;\">Slik Bruker Du Produktet<\/h2>\n<p style=\"text-align: center;\"><strong>Trinn 1: Rens Og Forbered Huden<\/strong><br \/>\nStart med \u00e5 rense omr\u00e5det du \u00f8nsker \u00e5 behandle. P\u00e5f\u00f8r en sjener\u00f8s mengde olje eller lotion, og varm opp huden med en mild massasje for best mulig resultat.<\/p>\n<p><img decoding=\"async\" class=\"size-full wp-image-23343 aligncenter\" src=\"https:\/\/keluvo.com\/template\/wp-content\/uploads\/sites\/5\/2025\/06\/52c6e35c8e624b4684976ed6ef96a6a9.HD-1080p-7.2Mbps-42767943-ezgif.com-video-to-webp-converter.webp\" alt=\"\" \/><\/p>\n<p style=\"text-align: center;\"><strong>Trinn 2: Masser!<\/strong><br \/>\nBegynn behandlingen med den laveste innstillingen. Begynn ved kneet og arbeid deg oppover.<\/p>\n<p><img decoding=\"async\" class=\"size-full wp-image-23342 aligncenter\" src=\"https:\/\/keluvo.com\/template\/wp-content\/uploads\/sites\/5\/2025\/06\/22fd42c32c18414a9cba8855a0d080ce.HD-1080p-7.2Mbps-42768583-ezgif.com-gif-to-webp-converter.webp\" alt=\"\" \/><\/p>\n","protected":false},"excerpt":{"rendered":"<p>Oppn\u00e5 Glatt Hud Uten Kirurgi Ved Hjelp Av Vakuumterapi. Gir glattere og sunnere hud \u00d8ker blodsirkulasjonen og lymfedrenasjen F\u00e5r huden [&hellip;]<\/p>\n","protected":false},"featured_media":25695,"comment_status":"open","ping_status":"closed","template":"","meta":{"site-sidebar-layout":"default","site-content-layout":"","ast-site-content-layout":"default","site-content-style":"default","site-sidebar-style":"default","ast-global-header-display":"","ast-banner-title-visibility":"","ast-main-header-display":"","ast-hfb-above-header-display":"","ast-hfb-below-header-display":"","ast-hfb-mobile-header-display":"","site-post-title":"","ast-breadcrumbs-content":"","ast-featured-img":"","footer-sml-layout":"","theme-transparent-header-meta":"default","adv-header-id-meta":"","stick-header-meta":"","header-above-stick-meta":"","header-main-stick-meta":"","header-below-stick-meta":"","astra-migrate-meta-layouts":"set","ast-page-background-enabled":"default","ast-page-background-meta":{"desktop":{"background-color":"var(--ast-global-color-4)","background-image":"","background-repeat":"repeat","background-position":"center center","background-size":"auto","background-attachment":"scroll","background-type":"","background-media":"","overlay-type":"","overlay-color":"","overlay-opacity":"","overlay-gradient":""},"tablet":{"background-color":"","background-image":"","background-repeat":"repeat","background-position":"center center","background-size":"auto","background-attachment":"scroll","background-type":"","background-media":"","overlay-type":"","overlay-color":"","overlay-opacity":"","overlay-gradient":""},"mobile":{"background-color":"","background-image":"","background-repeat":"repeat","background-position":"center center","background-size":"auto","background-attachment":"scroll","background-type":"","background-media":"","overlay-type":"","overlay-color":"","overlay-opacity":"","overlay-gradient":""}},"ast-content-background-meta":{"desktop":{"background-color":"var(--ast-global-color-5)","background-image":"","background-repeat":"repeat","background-position":"center center","background-size":"auto","background-attachment":"scroll","background-type":"","background-media":"","overlay-type":"","overlay-color":"","overlay-opacity":"","overlay-gradient":""},"tablet":{"background-color":"var(--ast-global-color-5)","background-image":"","background-repeat":"repeat","background-position":"center center","background-size":"auto","background-attachment":"scroll","background-type":"","background-media":"","overlay-type":"","overlay-color":"","overlay-opacity":"","overlay-gradient":""},"mobile":{"background-color":"var(--ast-global-color-5)","background-image":"","background-repeat":"repeat","background-position":"center center","background-size":"auto","background-attachment":"scroll","background-type":"","background-media":"","overlay-type":"","overlay-color":"","overlay-opacity":"","overlay-gradient":""}}},"product_brand":[],"product_cat":[992],"product_tag":[],"class_list":{"0":"post-25699","1":"product","2":"type-product","3":"status-publish","4":"has-post-thumbnail","6":"product_cat-skjonnhets-og-hygieneprodukter","7":"pa_48190_3q4hxetp-1-stk","8":"pa_48190_3q4hxetp-2-stk","9":"desktop-align-left","10":"tablet-align-left","11":"mobile-align-left","13":"first","14":"instock","15":"shipping-taxable","16":"purchasable","17":"product-type-variable"},"_links":{"self":[{"href":"https:\/\/keluvo.com\/no\/wp-json\/wp\/v2\/product\/25699","targetHints":{"allow":["GET"]}}],"collection":[{"href":"https:\/\/keluvo.com\/no\/wp-json\/wp\/v2\/product"}],"about":[{"href":"https:\/\/keluvo.com\/no\/wp-json\/wp\/v2\/types\/product"}],"replies":[{"embeddable":true,"href":"https:\/\/keluvo.com\/no\/wp-json\/wp\/v2\/comments?post=25699"}],"wp:featuredmedia":[{"embeddable":true,"href":"https:\/\/keluvo.com\/no\/wp-json\/wp\/v2\/media\/25695"}],"wp:attachment":[{"href":"https:\/\/keluvo.com\/no\/wp-json\/wp\/v2\/media?parent=25699"}],"wp:term":[{"taxonomy":"product_brand","embeddable":true,"href":"https:\/\/keluvo.com\/no\/wp-json\/wp\/v2\/product_brand?post=25699"},{"taxonomy":"product_cat","embeddable":true,"href":"https:\/\/keluvo.com\/no\/wp-json\/wp\/v2\/product_cat?post=25699"},{"taxonomy":"product_tag","embeddable":true,"href":"https:\/\/keluvo.com\/no\/wp-json\/wp\/v2\/product_tag?post=25699"}],"curies":[{"name":"wp","href":"https:\/\/api.w.org\/{rel}","templated":true}]}}