{"id":25486,"date":"2025-06-11T17:32:51","date_gmt":"2025-06-11T15:32:51","guid":{"rendered":"https:\/\/keluvo.com\/no\/produkt\/lostsittende-solide-sportssett\/"},"modified":"2025-06-12T13:08:08","modified_gmt":"2025-06-12T11:08:08","slug":"lostsittende-solide-sportssett","status":"publish","type":"product","link":"https:\/\/keluvo.com\/no\/produkt\/lostsittende-solide-sportssett\/","title":{"rendered":"L\u00f8stsittende, solide sportssett"},"content":{"rendered":"<p><img decoding=\"async\" class=\"size-full wp-image-23201 aligncenter\" src=\"https:\/\/keluvo.com\/template\/wp-content\/uploads\/sites\/5\/2025\/06\/SDV000536-Q01-scaled.webp\" alt=\"\" \/><\/p>\n<ul>\n<li>Laget av 100 % f\u00f8rsteklasses bomull for komfort.<\/li>\n<li>Det l\u00f8se stoffet gir et kj\u00f8lig og uformelt utseende.<\/li>\n<li>Perfekt for hverdagsbruk, familiesammenkomster eller avslapping hjemme.<\/li>\n<li>Det klassiske snittet gir en romslig passform, og de doble n\u00e5les\u00f8mmene gir holdbarhet.<\/li>\n<li>Fungerer godt til alle \u00e5rstider og anledninger som jobb, trening, ferier og helger.<\/li>\n<li>Funksjoner som fukttransporterende og luktkontroll holder deg frisk.<\/li>\n<li>Designet for komfort i alle detaljer.<\/li>\n<li>V\u00e5re kl\u00e6r kombinerer passform, stil og komfort for alle dine aktiviteter, enten du er ute og reiser eller slapper av.<\/li>\n<li>Pleieinstruksjoner: maskinvask i kaldt vann. Unng\u00e5 varmluftst\u00f8rking, velg i stedet en lav temperaturinnstilling eller heng til luftt\u00f8rking for best resultat.<\/li>\n<\/ul>\n","protected":false},"excerpt":{"rendered":"<p>Laget av 100 % f\u00f8rsteklasses bomull for komfort. Det l\u00f8se stoffet gir et kj\u00f8lig og uformelt utseende. Perfekt for hverdagsbruk, [&hellip;]<\/p>\n","protected":false},"featured_media":25482,"comment_status":"open","ping_status":"closed","template":"","meta":{"site-sidebar-layout":"default","site-content-layout":"","ast-site-content-layout":"default","site-content-style":"default","site-sidebar-style":"default","ast-global-header-display":"","ast-banner-title-visibility":"","ast-main-header-display":"","ast-hfb-above-header-display":"","ast-hfb-below-header-display":"","ast-hfb-mobile-header-display":"","site-post-title":"","ast-breadcrumbs-content":"","ast-featured-img":"","footer-sml-layout":"","theme-transparent-header-meta":"default","adv-header-id-meta":"","stick-header-meta":"","header-above-stick-meta":"","header-main-stick-meta":"","header-below-stick-meta":"","astra-migrate-meta-layouts":"set","ast-page-background-enabled":"default","ast-page-background-meta":{"desktop":{"background-color":"var(--ast-global-color-4)","background-image":"","background-repeat":"repeat","background-position":"center center","background-size":"auto","background-attachment":"scroll","background-type":"","background-media":"","overlay-type":"","overlay-color":"","overlay-opacity":"","overlay-gradient":""},"tablet":{"background-color":"","background-image":"","background-repeat":"repeat","background-position":"center center","background-size":"auto","background-attachment":"scroll","background-type":"","background-media":"","overlay-type":"","overlay-color":"","overlay-opacity":"","overlay-gradient":""},"mobile":{"background-color":"","background-image":"","background-repeat":"repeat","background-position":"center center","background-size":"auto","background-attachment":"scroll","background-type":"","background-media":"","overlay-type":"","overlay-color":"","overlay-opacity":"","overlay-gradient":""}},"ast-content-background-meta":{"desktop":{"background-color":"var(--ast-global-color-5)","background-image":"","background-repeat":"repeat","background-position":"center center","background-size":"auto","background-attachment":"scroll","background-type":"","background-media":"","overlay-type":"","overlay-color":"","overlay-opacity":"","overlay-gradient":""},"tablet":{"background-color":"var(--ast-global-color-5)","background-image":"","background-repeat":"repeat","background-position":"center center","background-size":"auto","background-attachment":"scroll","background-type":"","background-media":"","overlay-type":"","overlay-color":"","overlay-opacity":"","overlay-gradient":""},"mobile":{"background-color":"var(--ast-global-color-5)","background-image":"","background-repeat":"repeat","background-position":"center center","background-size":"auto","background-attachment":"scroll","background-type":"","background-media":"","overlay-type":"","overlay-color":"","overlay-opacity":"","overlay-gradient":""}}},"product_brand":[],"product_cat":[995],"product_tag":[],"class_list":{"0":"post-25486","1":"product","2":"type-product","3":"status-publish","4":"has-post-thumbnail","6":"product_cat-klaer-til-menn","7":"pa_48187_6odg3h7p-armegronn","8":"pa_48187_6odg3h7p-bla","9":"pa_48187_6odg3h7p-bla-hvit","10":"pa_48187_6odg3h7p-blakopi","11":"pa_48187_6odg3h7p-gra-hvit","12":"pa_48187_6odg3h7p-gratt-trykk","13":"pa_48187_6odg3h7p-hvit","14":"pa_48187_6odg3h7p-khaki","15":"pa_48187_6odg3h7p-lysegra","16":"pa_48187_6odg3h7p-marinebla","17":"pa_48187_6odg3h7p-morkegra","18":"pa_48187_6odg3h7p-rod","19":"pa_48187_6odg3h7p-svart","20":"pa_48187_6odg3h7p-svart-trykk","21":"pa_48187_6odg3h7p-svart-hvit","22":"pa_48187_tsjnjtev-m","23":"pa_48187_tsjnjtev-l","24":"pa_48187_tsjnjtev-xl","25":"pa_48187_tsjnjtev-2xl","26":"pa_48187_tsjnjtev-3xl","27":"pa_48187_tsjnjtev-4xl","28":"desktop-align-left","29":"tablet-align-left","30":"mobile-align-left","32":"first","33":"instock","34":"shipping-taxable","35":"purchasable","36":"product-type-variable","37":"has-default-attributes"},"_links":{"self":[{"href":"https:\/\/keluvo.com\/no\/wp-json\/wp\/v2\/product\/25486","targetHints":{"allow":["GET"]}}],"collection":[{"href":"https:\/\/keluvo.com\/no\/wp-json\/wp\/v2\/product"}],"about":[{"href":"https:\/\/keluvo.com\/no\/wp-json\/wp\/v2\/types\/product"}],"replies":[{"embeddable":true,"href":"https:\/\/keluvo.com\/no\/wp-json\/wp\/v2\/comments?post=25486"}],"wp:featuredmedia":[{"embeddable":true,"href":"https:\/\/keluvo.com\/no\/wp-json\/wp\/v2\/media\/25482"}],"wp:attachment":[{"href":"https:\/\/keluvo.com\/no\/wp-json\/wp\/v2\/media?parent=25486"}],"wp:term":[{"taxonomy":"product_brand","embeddable":true,"href":"https:\/\/keluvo.com\/no\/wp-json\/wp\/v2\/product_brand?post=25486"},{"taxonomy":"product_cat","embeddable":true,"href":"https:\/\/keluvo.com\/no\/wp-json\/wp\/v2\/product_cat?post=25486"},{"taxonomy":"product_tag","embeddable":true,"href":"https:\/\/keluvo.com\/no\/wp-json\/wp\/v2\/product_tag?post=25486"}],"curies":[{"name":"wp","href":"https:\/\/api.w.org\/{rel}","templated":true}]}}