{"id":2548,"date":"2024-10-28T16:43:09","date_gmt":"2024-10-28T13:43:09","guid":{"rendered":"https:\/\/keluvo.com\/no\/produkt\/oppbevaring-av-skostativ\/"},"modified":"2024-10-28T19:22:30","modified_gmt":"2024-10-28T16:22:30","slug":"oppbevaring-av-skostativ","status":"publish","type":"product","link":"https:\/\/keluvo.com\/no\/produkt\/oppbevaring-av-skostativ\/","title":{"rendered":"Oppbevaring av skostativ"},"content":{"rendered":"<h2 style=\"text-align: center;\"><strong> Kreativt flerlags skostativ<\/strong><\/h2>\n<p style=\"text-align: center;\"><span class=\"a-list-item\"> gratis skj\u00f8ting, stilig utseende, gir farge til livet, plasserer hj\u00f8rner og hull, og smelter naturlig inn i hvert hj\u00f8rne.<\/span><\/p>\n<h2><img fetchpriority=\"high\" decoding=\"async\" class=\"size-medium aligncenter\" src=\"https:\/\/m.media-amazon.com\/images\/I\/71P5IpOMAlL._AC_SL1500_.jpg\" width=\"1310\" height=\"1500\" \/><\/h2>\n<h2 style=\"text-align: center;\"><strong> <span class=\"a-list-item\"> Lett \u00e5 Montere<\/span> <\/strong><\/h2>\n<p style=\"text-align: center;\"><span class=\"a-list-item\"> Den best\u00e5r av fortykkede plastplater og lastb\u00e6rende spenner. Tilbeh\u00f8ret er lett \u00e5 se forskjell p\u00e5, har en enkel struktur og kan installeres uten bruk av verkt\u00f8y. I tillegg kan skohyllen installeres i lag etter personlige behov.<\/span><\/p>\n<p style=\"text-align: center;\"><img decoding=\"async\" class=\"size-medium aligncenter\" src=\"https:\/\/m.media-amazon.com\/images\/I\/61GYTMBYsYL._AC_SL1500_.jpg\" width=\"1117\" height=\"1500\" \/><\/p>\n<h2 style=\"text-align: center;\"><strong> <span class=\"a-list-item\"> Skohylle i flere lag<\/span> <\/strong><\/h2>\n<p style=\"text-align: center;\"><span class=\"a-list-item\"> formen er rund og enkel for \u00e5 forhindre ujevnheter, skoene er oversiktlige, toppen kan ogs\u00e5 oppbevares, og den tresidige ledeplaten forhindrer at gjenstander faller ned.<\/span><\/p>\n<p style=\"text-align: center;\"><img decoding=\"async\" class=\"size-medium aligncenter\" src=\"https:\/\/m.media-amazon.com\/images\/I\/719yfAR9zoL._AC_SL1500_.jpg\" width=\"1500\" height=\"1500\" \/><\/p>\n<h2 style=\"text-align: center;\"><strong> <span class=\"a-list-item\"> Spesialdesign<\/span> <\/strong><\/h2>\n<p style=\"text-align: center;\"><span class=\"a-list-item\"> Plastplaten har opph\u00f8yde kanter rundt seg, som effektivt hindrer skoene i \u00e5 skli. Hj\u00f8rneskapet er laget av PP-materiale av h\u00f8y kvalitet, som er motstandsdyktig mot fall og ikke lett \u00e5 deformere.<\/span><\/p>\n<p style=\"text-align: center;\"><img loading=\"lazy\" decoding=\"async\" class=\"size-medium aligncenter\" src=\"https:\/\/m.media-amazon.com\/images\/I\/71B3lv6uanL._AC_SL1500_.jpg\" width=\"1500\" height=\"1500\" \/><\/p>\n<h2 style=\"text-align: center;\"><strong> <span class=\"a-list-item\"> Sunn Materialer<\/span> <\/strong><\/h2>\n<p style=\"text-align: center;\"><span class=\"a-list-item\"> Velg milj\u00f8vennlige materialer som er trygge og ikkegiftige, tar vare p\u00e5 helsen til familien din og beskytter skj\u00f8nnheten i hjemmet ditt. H\u00f8ye sko, leger, Martin-st\u00f8vler og store sko kan alle plasseres i<\/span><\/p>\n<p style=\"text-align: center;\"><img loading=\"lazy\" decoding=\"async\" class=\"size-medium aligncenter\" src=\"https:\/\/m.media-amazon.com\/images\/I\/81k8kX8s5GL._AC_SL1500_.jpg\" width=\"1500\" height=\"1500\" \/><\/p>\n","protected":false},"excerpt":{"rendered":"<p>Kreativt flerlags skostativ gratis skj\u00f8ting, stilig utseende, gir farge til livet, plasserer hj\u00f8rner og hull, og smelter naturlig inn i [&hellip;]<\/p>\n","protected":false},"featured_media":2543,"comment_status":"open","ping_status":"closed","template":"","meta":{"site-sidebar-layout":"default","site-content-layout":"","ast-site-content-layout":"default","site-content-style":"default","site-sidebar-style":"default","ast-global-header-display":"","ast-banner-title-visibility":"","ast-main-header-display":"","ast-hfb-above-header-display":"","ast-hfb-below-header-display":"","ast-hfb-mobile-header-display":"","site-post-title":"","ast-breadcrumbs-content":"","ast-featured-img":"","footer-sml-layout":"","theme-transparent-header-meta":"default","adv-header-id-meta":"","stick-header-meta":"","header-above-stick-meta":"","header-main-stick-meta":"","header-below-stick-meta":"","astra-migrate-meta-layouts":"set","ast-page-background-enabled":"default","ast-page-background-meta":{"desktop":{"background-color":"var(--ast-global-color-4)","background-image":"","background-repeat":"repeat","background-position":"center center","background-size":"auto","background-attachment":"scroll","background-type":"","background-media":"","overlay-type":"","overlay-color":"","overlay-opacity":"","overlay-gradient":""},"tablet":{"background-color":"","background-image":"","background-repeat":"repeat","background-position":"center center","background-size":"auto","background-attachment":"scroll","background-type":"","background-media":"","overlay-type":"","overlay-color":"","overlay-opacity":"","overlay-gradient":""},"mobile":{"background-color":"","background-image":"","background-repeat":"repeat","background-position":"center center","background-size":"auto","background-attachment":"scroll","background-type":"","background-media":"","overlay-type":"","overlay-color":"","overlay-opacity":"","overlay-gradient":""}},"ast-content-background-meta":{"desktop":{"background-color":"var(--ast-global-color-5)","background-image":"","background-repeat":"repeat","background-position":"center center","background-size":"auto","background-attachment":"scroll","background-type":"","background-media":"","overlay-type":"","overlay-color":"","overlay-opacity":"","overlay-gradient":""},"tablet":{"background-color":"var(--ast-global-color-5)","background-image":"","background-repeat":"repeat","background-position":"center center","background-size":"auto","background-attachment":"scroll","background-type":"","background-media":"","overlay-type":"","overlay-color":"","overlay-opacity":"","overlay-gradient":""},"mobile":{"background-color":"var(--ast-global-color-5)","background-image":"","background-repeat":"repeat","background-position":"center center","background-size":"auto","background-attachment":"scroll","background-type":"","background-media":"","overlay-type":"","overlay-color":"","overlay-opacity":"","overlay-gradient":""}}},"product_brand":[],"product_cat":[1001],"product_tag":[],"class_list":{"0":"post-2548","1":"product","2":"type-product","3":"status-publish","4":"has-post-thumbnail","6":"product_cat-husholdningsartikler","7":"pa_2i43zu1f-2-nivaer","8":"pa_2i43zu1f-3-nivaer","9":"pa_2i43zu1f-4-nivaer","10":"pa_2i43zu1f-5-nivaer","11":"pa_2i43zu1f-6-nivaer","12":"pa_3c4b1jhh-bla","13":"pa_3c4b1jhh-brun","14":"pa_3c4b1jhh-gronn","15":"desktop-align-left","16":"tablet-align-left","17":"mobile-align-left","19":"first","20":"instock","21":"shipping-taxable","22":"purchasable","23":"product-type-variable","24":"has-default-attributes"},"_links":{"self":[{"href":"https:\/\/keluvo.com\/no\/wp-json\/wp\/v2\/product\/2548","targetHints":{"allow":["GET"]}}],"collection":[{"href":"https:\/\/keluvo.com\/no\/wp-json\/wp\/v2\/product"}],"about":[{"href":"https:\/\/keluvo.com\/no\/wp-json\/wp\/v2\/types\/product"}],"replies":[{"embeddable":true,"href":"https:\/\/keluvo.com\/no\/wp-json\/wp\/v2\/comments?post=2548"}],"wp:featuredmedia":[{"embeddable":true,"href":"https:\/\/keluvo.com\/no\/wp-json\/wp\/v2\/media\/2543"}],"wp:attachment":[{"href":"https:\/\/keluvo.com\/no\/wp-json\/wp\/v2\/media?parent=2548"}],"wp:term":[{"taxonomy":"product_brand","embeddable":true,"href":"https:\/\/keluvo.com\/no\/wp-json\/wp\/v2\/product_brand?post=2548"},{"taxonomy":"product_cat","embeddable":true,"href":"https:\/\/keluvo.com\/no\/wp-json\/wp\/v2\/product_cat?post=2548"},{"taxonomy":"product_tag","embeddable":true,"href":"https:\/\/keluvo.com\/no\/wp-json\/wp\/v2\/product_tag?post=2548"}],"curies":[{"name":"wp","href":"https:\/\/api.w.org\/{rel}","templated":true}]}}