{"id":25391,"date":"2025-06-11T17:29:58","date_gmt":"2025-06-11T15:29:58","guid":{"rendered":"https:\/\/keluvo.com\/no\/produkt\/ortopediske-sommersandaler\/"},"modified":"2025-06-12T13:06:59","modified_gmt":"2025-06-12T11:06:59","slug":"ortopediske-sommersandaler","status":"publish","type":"product","link":"https:\/\/keluvo.com\/no\/produkt\/ortopediske-sommersandaler\/","title":{"rendered":"Ortopediske sommersandaler"},"content":{"rendered":"<p><img decoding=\"async\" class=\"size-full wp-image-23195 aligncenter\" src=\"https:\/\/keluvo.com\/template\/wp-content\/uploads\/sites\/5\/2025\/06\/Taille-1.jpg\" alt=\"\" \/><\/p>\n<h2 style=\"text-align: center;\"><strong>Komfort For Ditt Aktive Liv<\/strong><\/h2>\n<p style=\"text-align: center;\">Leter du etter komfortable og st\u00f8ttende sko for din aktive livsstil? Da er v\u00e5re ortopediske sommersandaler det perfekte valget. De er designet for \u00e5 gi den st\u00f8tten f\u00f8ttene dine trenger n\u00e5r du g\u00e5r p\u00e5 tur, trener, spiller tennis eller sykler. Si farvel til smerter i h\u00e6l, fot og kne!<\/p>\n<p><img decoding=\"async\" class=\"size-full wp-image-23138 aligncenter\" src=\"https:\/\/keluvo.com\/template\/wp-content\/uploads\/sites\/5\/2025\/06\/ezgif.com-video-to-webp-converter-3.webp\" alt=\"\" \/><\/p>\n<p style=\"text-align: center;\">Hvis du er ute etter den beste st\u00f8tten for lange reiser, er disse sandalene som skapt for deg. Nyt et smertefritt liv og kom tilbake til \u00e5 g\u00e5 komfortabelt. Ingen \u00f8nsker \u00e5 f\u00e5 dagen \u00f8delagt av h\u00e6lspore eller fotsmerter.<\/p>\n<p style=\"text-align: center;\">Disse sandalene hjelper deg \u00e5 bevege deg uten ubehag! Glem alt om dyre legebes\u00f8k eller fancy innleggss\u00e5ler. Hvert skritt du tar i disse sandalene er polstret med en myk, robust s\u00e5le som st\u00f8tter hele foten, ikke bare h\u00e6len.<\/p>\n<h2 style=\"text-align: center;\">Hvorfor disse sandalene er s\u00e5 bra<\/h2>\n<p>\u2714\ufe0f <strong>Maksimal komfort<\/strong>: Polstret design og spesiell inners\u00e5le for optimal komfort. Oppgrader i dag og kjenn forskjellen!<br \/>\n\u2714\ufe0f <strong>Stabil og st\u00f8ttende<\/strong>: Gir ekstra st\u00f8tte og komfort for \u00e5 hjelpe deg \u00e5 yte ditt beste. Opplev forskjellen n\u00e5!<br \/>\n\u2714\ufe0f <strong>Passer alle f\u00f8tter<\/strong>: Passer b\u00e5de brede og smale f\u00f8tter, og er laget av pustende materiale for \u00e5 holde f\u00f8ttene kj\u00f8lige.<\/p>\n<h2 style=\"text-align: center;\">Hovedfordeler<\/h2>\n<ul>\n<li>Lindre smerter i h\u00e6l, fot og kne<\/li>\n<li>Tilpasser seg alle fotst\u00f8rrelser<\/li>\n<li>Pustende for \u00e5 forhindre svetting<\/li>\n<li>\u00d8kt bevegelighet<\/li>\n<li>Stilren, moderne design<\/li>\n<li>\u00d8kt stabilitet for en aktiv livsstil.<\/li>\n<\/ul>\n","protected":false},"excerpt":{"rendered":"<p>Komfort For Ditt Aktive Liv Leter du etter komfortable og st\u00f8ttende sko for din aktive livsstil? Da er v\u00e5re ortopediske [&hellip;]<\/p>\n","protected":false},"featured_media":25387,"comment_status":"open","ping_status":"closed","template":"","meta":{"site-sidebar-layout":"default","site-content-layout":"","ast-site-content-layout":"default","site-content-style":"default","site-sidebar-style":"default","ast-global-header-display":"","ast-banner-title-visibility":"","ast-main-header-display":"","ast-hfb-above-header-display":"","ast-hfb-below-header-display":"","ast-hfb-mobile-header-display":"","site-post-title":"","ast-breadcrumbs-content":"","ast-featured-img":"","footer-sml-layout":"","theme-transparent-header-meta":"default","adv-header-id-meta":"","stick-header-meta":"","header-above-stick-meta":"","header-main-stick-meta":"","header-below-stick-meta":"","astra-migrate-meta-layouts":"set","ast-page-background-enabled":"default","ast-page-background-meta":{"desktop":{"background-color":"var(--ast-global-color-4)","background-image":"","background-repeat":"repeat","background-position":"center center","background-size":"auto","background-attachment":"scroll","background-type":"","background-media":"","overlay-type":"","overlay-color":"","overlay-opacity":"","overlay-gradient":""},"tablet":{"background-color":"","background-image":"","background-repeat":"repeat","background-position":"center center","background-size":"auto","background-attachment":"scroll","background-type":"","background-media":"","overlay-type":"","overlay-color":"","overlay-opacity":"","overlay-gradient":""},"mobile":{"background-color":"","background-image":"","background-repeat":"repeat","background-position":"center center","background-size":"auto","background-attachment":"scroll","background-type":"","background-media":"","overlay-type":"","overlay-color":"","overlay-opacity":"","overlay-gradient":""}},"ast-content-background-meta":{"desktop":{"background-color":"var(--ast-global-color-5)","background-image":"","background-repeat":"repeat","background-position":"center center","background-size":"auto","background-attachment":"scroll","background-type":"","background-media":"","overlay-type":"","overlay-color":"","overlay-opacity":"","overlay-gradient":""},"tablet":{"background-color":"var(--ast-global-color-5)","background-image":"","background-repeat":"repeat","background-position":"center center","background-size":"auto","background-attachment":"scroll","background-type":"","background-media":"","overlay-type":"","overlay-color":"","overlay-opacity":"","overlay-gradient":""},"mobile":{"background-color":"var(--ast-global-color-5)","background-image":"","background-repeat":"repeat","background-position":"center center","background-size":"auto","background-attachment":"scroll","background-type":"","background-media":"","overlay-type":"","overlay-color":"","overlay-opacity":"","overlay-gradient":""}}},"product_brand":[],"product_cat":[993],"product_tag":[],"class_list":{"0":"post-25391","1":"product","2":"type-product","3":"status-publish","4":"has-post-thumbnail","6":"product_cat-skotoy-tilbehor","7":"pa_48186_7a0yshxj-4678","8":"pa_48186_7a0yshxj-4679","9":"pa_48186_7a0yshxj-4680","10":"pa_48186_7a0yshxj-4681","11":"pa_48186_7a0yshxj-4682","12":"pa_48186_7a0yshxj-4683","13":"pa_48186_7a0yshxj-4684","14":"pa_48186_7a0yshxj-4685","15":"pa_48186_7a0yshxj-4686","16":"pa_48186_yrc8j24m-bla","17":"pa_48186_yrc8j24m-gul","18":"pa_48186_yrc8j24m-marinen","19":"pa_48186_yrc8j24m-rosa","20":"pa_48186_yrc8j24m-svart","21":"desktop-align-left","22":"tablet-align-left","23":"mobile-align-left","25":"first","26":"instock","27":"shipping-taxable","28":"purchasable","29":"product-type-variable","30":"has-default-attributes"},"_links":{"self":[{"href":"https:\/\/keluvo.com\/no\/wp-json\/wp\/v2\/product\/25391","targetHints":{"allow":["GET"]}}],"collection":[{"href":"https:\/\/keluvo.com\/no\/wp-json\/wp\/v2\/product"}],"about":[{"href":"https:\/\/keluvo.com\/no\/wp-json\/wp\/v2\/types\/product"}],"replies":[{"embeddable":true,"href":"https:\/\/keluvo.com\/no\/wp-json\/wp\/v2\/comments?post=25391"}],"wp:featuredmedia":[{"embeddable":true,"href":"https:\/\/keluvo.com\/no\/wp-json\/wp\/v2\/media\/25387"}],"wp:attachment":[{"href":"https:\/\/keluvo.com\/no\/wp-json\/wp\/v2\/media?parent=25391"}],"wp:term":[{"taxonomy":"product_brand","embeddable":true,"href":"https:\/\/keluvo.com\/no\/wp-json\/wp\/v2\/product_brand?post=25391"},{"taxonomy":"product_cat","embeddable":true,"href":"https:\/\/keluvo.com\/no\/wp-json\/wp\/v2\/product_cat?post=25391"},{"taxonomy":"product_tag","embeddable":true,"href":"https:\/\/keluvo.com\/no\/wp-json\/wp\/v2\/product_tag?post=25391"}],"curies":[{"name":"wp","href":"https:\/\/api.w.org\/{rel}","templated":true}]}}