{"id":25290,"date":"2025-06-10T17:32:07","date_gmt":"2025-06-10T15:32:07","guid":{"rendered":"https:\/\/keluvo.com\/no\/produkt\/solcellespotlight-for-hagen\/"},"modified":"2025-06-10T17:32:35","modified_gmt":"2025-06-10T15:32:35","slug":"solcellespotlight-for-hagen","status":"publish","type":"product","link":"https:\/\/keluvo.com\/no\/produkt\/solcellespotlight-for-hagen\/","title":{"rendered":"Solcellespotlight for hagen"},"content":{"rendered":"<p style=\"text-align: center\"><strong>Forny Hagen, Terrassen Eller Oppkj\u00f8rselen Med En Solcelledrevet Hagespotlight Som Gir B\u00e5de Farge Og Brukervennlighet.<\/strong><\/p>\n<p style=\"text-align: center\">Velg mellom 9 statiske og dynamiske fargealternativer for \u00e5 skape den perfekte atmosf\u00e6ren, enten du vil ha en avslappende gl\u00f8d eller en levende skjerm.<\/p>\n<p><img decoding=\"async\" class=\"size-full wp-image-23116 aligncenter\" src=\"https:\/\/keluvo.com\/template\/wp-content\/uploads\/sites\/5\/2025\/06\/0610v-ezgif.com-video-to-webp-converter.webp\" alt=\"\" \/><\/p>\n<p>\u2714\ufe0f <strong>Solcelledrevet<\/strong> &#8211; Hver spotlight har et h\u00f8yeffektivt solcellepanel og et oppladbart litiumbatteri, som gir deg opptil 16 timers lys p\u00e5 en full lading.<\/p>\n<p>\u2714\ufe0f <strong>Automatisk Drift<\/strong> &#8211; Den lades i l\u00f8pet av dagen og sl\u00e5s p\u00e5 automatisk om natten, noe som gir energieffektiv utend\u00f8rsbelysning uten anstrengelse.<\/p>\n<p>\u2714\ufe0f <strong>Slitesterk Og V\u00e6rbestandig<\/strong> &#8211; Disse lampene er bygget for \u00e5 vare, med en IP55-klassifisering for vanntetthet og varmebestandighet, noe som gj\u00f8r dem p\u00e5litelige under alle v\u00e6rforhold.<\/p>\n<p>\u2714\ufe0f <strong>Enkel \u00c5 Installere<\/strong> &#8211; Du kan sette dem opp hvor som helst med de medf\u00f8lgende jordspyddene eller veggmonteringsskruene. Ideell for hager, uteplasser, stier, murer, innkj\u00f8rsler eller verandaer.<\/p>\n<p>\u2714\ufe0f <strong>Justerbar Belysning<\/strong> &#8211; Med justerbare paneler og forbedrede solcellemoduler kan du enkelt endre vinkel og posisjon for \u00e5 fremheve planter, strukturer eller stier.<\/p>\n<p><img decoding=\"async\" class=\"size-full wp-image-23117 aligncenter\" src=\"https:\/\/keluvo.com\/template\/wp-content\/uploads\/sites\/5\/2025\/06\/1725358747___15_480x480.webp\" alt=\"\" \/><\/p>\n<h2 style=\"text-align: center\">\ud83d\udccfSpesifikasjoner<\/h2>\n<ul>\n<li>M\u00f8rkesensor: Ja<\/li>\n<li>Str\u00f8mkilde: Solcelledrevet<\/li>\n<li>Driftstid: Opptil 16 timer<\/li>\n<li>V\u00e6rbestandighet: Ja, IP55<\/li>\n<li>Farger: 9 fargealternativer<\/li>\n<li>Lyskilde: LED-p\u00e6rer med h\u00f8y ytelse<\/li>\n<li>H\u00f8yde: 30,5 cm<\/li>\n<li>Installasjon: Inkluderer jordspyd og monteringsskruer.<\/li>\n<\/ul>\n","protected":false},"excerpt":{"rendered":"<p>Forny Hagen, Terrassen Eller Oppkj\u00f8rselen Med En Solcelledrevet Hagespotlight Som Gir B\u00e5de Farge Og Brukervennlighet. Velg mellom 9 statiske og [&hellip;]<\/p>\n","protected":false},"featured_media":25286,"comment_status":"open","ping_status":"closed","template":"","meta":{"site-sidebar-layout":"default","site-content-layout":"","ast-site-content-layout":"default","site-content-style":"default","site-sidebar-style":"default","ast-global-header-display":"","ast-banner-title-visibility":"","ast-main-header-display":"","ast-hfb-above-header-display":"","ast-hfb-below-header-display":"","ast-hfb-mobile-header-display":"","site-post-title":"","ast-breadcrumbs-content":"","ast-featured-img":"","footer-sml-layout":"","theme-transparent-header-meta":"default","adv-header-id-meta":"","stick-header-meta":"","header-above-stick-meta":"","header-main-stick-meta":"","header-below-stick-meta":"","astra-migrate-meta-layouts":"set","ast-page-background-enabled":"default","ast-page-background-meta":{"desktop":{"background-color":"var(--ast-global-color-4)","background-image":"","background-repeat":"repeat","background-position":"center center","background-size":"auto","background-attachment":"scroll","background-type":"","background-media":"","overlay-type":"","overlay-color":"","overlay-opacity":"","overlay-gradient":""},"tablet":{"background-color":"","background-image":"","background-repeat":"repeat","background-position":"center center","background-size":"auto","background-attachment":"scroll","background-type":"","background-media":"","overlay-type":"","overlay-color":"","overlay-opacity":"","overlay-gradient":""},"mobile":{"background-color":"","background-image":"","background-repeat":"repeat","background-position":"center center","background-size":"auto","background-attachment":"scroll","background-type":"","background-media":"","overlay-type":"","overlay-color":"","overlay-opacity":"","overlay-gradient":""}},"ast-content-background-meta":{"desktop":{"background-color":"var(--ast-global-color-5)","background-image":"","background-repeat":"repeat","background-position":"center center","background-size":"auto","background-attachment":"scroll","background-type":"","background-media":"","overlay-type":"","overlay-color":"","overlay-opacity":"","overlay-gradient":""},"tablet":{"background-color":"var(--ast-global-color-5)","background-image":"","background-repeat":"repeat","background-position":"center center","background-size":"auto","background-attachment":"scroll","background-type":"","background-media":"","overlay-type":"","overlay-color":"","overlay-opacity":"","overlay-gradient":""},"mobile":{"background-color":"var(--ast-global-color-5)","background-image":"","background-repeat":"repeat","background-position":"center center","background-size":"auto","background-attachment":"scroll","background-type":"","background-media":"","overlay-type":"","overlay-color":"","overlay-opacity":"","overlay-gradient":""}}},"product_brand":[],"product_cat":[1001],"product_tag":[],"class_list":{"0":"post-25290","1":"product","2":"type-product","3":"status-publish","4":"has-post-thumbnail","6":"product_cat-husholdningsartikler","7":"pa_48185_kcvt2uy3-flerfarget","8":"pa_48185_kcvt2uy3-naturlig-hvit","9":"pa_48185_kcvt2uy3-varm-hvit","10":"pa_48185_tybh95ag-2-stk","11":"pa_48185_tybh95ag-4-stk","12":"pa_48185_tybh95ag-10-stk","13":"desktop-align-left","14":"tablet-align-left","15":"mobile-align-left","17":"first","18":"instock","19":"shipping-taxable","20":"purchasable","21":"product-type-variable","22":"has-default-attributes"},"_links":{"self":[{"href":"https:\/\/keluvo.com\/no\/wp-json\/wp\/v2\/product\/25290","targetHints":{"allow":["GET"]}}],"collection":[{"href":"https:\/\/keluvo.com\/no\/wp-json\/wp\/v2\/product"}],"about":[{"href":"https:\/\/keluvo.com\/no\/wp-json\/wp\/v2\/types\/product"}],"replies":[{"embeddable":true,"href":"https:\/\/keluvo.com\/no\/wp-json\/wp\/v2\/comments?post=25290"}],"wp:featuredmedia":[{"embeddable":true,"href":"https:\/\/keluvo.com\/no\/wp-json\/wp\/v2\/media\/25286"}],"wp:attachment":[{"href":"https:\/\/keluvo.com\/no\/wp-json\/wp\/v2\/media?parent=25290"}],"wp:term":[{"taxonomy":"product_brand","embeddable":true,"href":"https:\/\/keluvo.com\/no\/wp-json\/wp\/v2\/product_brand?post=25290"},{"taxonomy":"product_cat","embeddable":true,"href":"https:\/\/keluvo.com\/no\/wp-json\/wp\/v2\/product_cat?post=25290"},{"taxonomy":"product_tag","embeddable":true,"href":"https:\/\/keluvo.com\/no\/wp-json\/wp\/v2\/product_tag?post=25290"}],"curies":[{"name":"wp","href":"https:\/\/api.w.org\/{rel}","templated":true}]}}