{"id":25285,"date":"2025-06-10T17:31:21","date_gmt":"2025-06-10T15:31:21","guid":{"rendered":"https:\/\/keluvo.com\/no\/produkt\/periodisk-system-av-virkelige-elementer\/"},"modified":"2025-06-10T17:31:21","modified_gmt":"2025-06-10T15:31:21","slug":"periodisk-system-av-virkelige-elementer","status":"publish","type":"product","link":"https:\/\/keluvo.com\/no\/produkt\/periodisk-system-av-virkelige-elementer\/","title":{"rendered":"Periodisk system av virkelige elementer"},"content":{"rendered":"<p style=\"text-align: center\">Det periodiske system med de ekte grunnstoffene er en spennende og unik utstilling med 83 ekte grunnstoffer innfattet i klar akryl, inkludert edle metaller som gull, s\u00f8lv og platina. Denne vakre utstillingen illustrerer kompleksiteten og variasjonen i det periodiske system p\u00e5 en klar, tredimensjonal m\u00e5te, med innebygd belysning som f\u00e5r grunnstoffene til \u00e5 skille seg ut. Det er ikke bare en vitenskapelig utstilling; det er ogs\u00e5 et morsomt pedagogisk verkt\u00f8y og en stilig dekorasjon for ethvert rom.<\/p>\n<p><img decoding=\"async\" class=\"size-full wp-image-23109 aligncenter\" src=\"https:\/\/keluvo.com\/template\/wp-content\/uploads\/sites\/5\/2025\/06\/ezgif.com-video-to-webp-converter-2.webp\" alt=\"\" \/><\/p>\n<p>\u2714\ufe0f<strong> 83 Ekte Grunnstoffpr\u00f8ver<\/strong> &#8211; Inkluderer 83 n\u00f8ye utvalgte ekte grunnstoffer, vist i sine unike 3D-former og livlige farger. Denne samlingen inneholder ingen radioaktive eller giftige elementer, noe som gj\u00f8r den trygg og interessant \u00e5 observere. Den er perfekt for \u00e5 vekke nysgjerrighet og l\u00e6re om det periodiske system.<\/p>\n<p>\u2714\ufe0f <strong>F\u00f8rsteklasses Materialer<\/strong> \u2013 Den er laget av klar, giftfri akryl, er holdbar, trygg og ser flott ut i alle omgivelser. Det er lett, men robust, noe som gj\u00f8r det ideelt til b\u00e5de dekorasjon og pedagogisk bruk.<\/p>\n<p>\u2714\ufe0f <strong>Inspirerende Og Multifunksjonell Design<\/strong> \u2013 Dette periodiske systemet kombinerer vitenskap og kunst, forsterket av den opplysende funksjonen. Enten det er som et pedagogisk verkt\u00f8y eller et fantastisk dekorativt element, oppfordrer det til meningsfulle samtaler og en bedre forst\u00e5else av kjemi og grunnstoffene.<\/p>\n<h2 style=\"text-align: center\">\ud83d\udcd0Spesifikasjoner:<\/h2>\n<ul>\n<li>Str\u00f8mforsyning: USB-kontakt<\/li>\n<li>Lysfarge: Varm hvit<\/li>\n<li>Materiale: Akryl + tre<\/li>\n<li>Dimensjoner: <span style=\"font-size: 16px\">15 x 13,4 x 4,5 cm.<\/span><\/li>\n<\/ul>\n","protected":false},"excerpt":{"rendered":"<p>Det periodiske system med de ekte grunnstoffene er en spennende og unik utstilling med 83 ekte grunnstoffer innfattet i klar [&hellip;]<\/p>\n","protected":false},"featured_media":25281,"comment_status":"open","ping_status":"closed","template":"","meta":{"site-sidebar-layout":"default","site-content-layout":"","ast-site-content-layout":"default","site-content-style":"default","site-sidebar-style":"default","ast-global-header-display":"","ast-banner-title-visibility":"","ast-main-header-display":"","ast-hfb-above-header-display":"","ast-hfb-below-header-display":"","ast-hfb-mobile-header-display":"","site-post-title":"","ast-breadcrumbs-content":"","ast-featured-img":"","footer-sml-layout":"","theme-transparent-header-meta":"default","adv-header-id-meta":"","stick-header-meta":"","header-above-stick-meta":"","header-main-stick-meta":"","header-below-stick-meta":"","astra-migrate-meta-layouts":"set","ast-page-background-enabled":"default","ast-page-background-meta":{"desktop":{"background-color":"var(--ast-global-color-4)","background-image":"","background-repeat":"repeat","background-position":"center center","background-size":"auto","background-attachment":"scroll","background-type":"","background-media":"","overlay-type":"","overlay-color":"","overlay-opacity":"","overlay-gradient":""},"tablet":{"background-color":"","background-image":"","background-repeat":"repeat","background-position":"center center","background-size":"auto","background-attachment":"scroll","background-type":"","background-media":"","overlay-type":"","overlay-color":"","overlay-opacity":"","overlay-gradient":""},"mobile":{"background-color":"","background-image":"","background-repeat":"repeat","background-position":"center center","background-size":"auto","background-attachment":"scroll","background-type":"","background-media":"","overlay-type":"","overlay-color":"","overlay-opacity":"","overlay-gradient":""}},"ast-content-background-meta":{"desktop":{"background-color":"var(--ast-global-color-5)","background-image":"","background-repeat":"repeat","background-position":"center center","background-size":"auto","background-attachment":"scroll","background-type":"","background-media":"","overlay-type":"","overlay-color":"","overlay-opacity":"","overlay-gradient":""},"tablet":{"background-color":"var(--ast-global-color-5)","background-image":"","background-repeat":"repeat","background-position":"center center","background-size":"auto","background-attachment":"scroll","background-type":"","background-media":"","overlay-type":"","overlay-color":"","overlay-opacity":"","overlay-gradient":""},"mobile":{"background-color":"var(--ast-global-color-5)","background-image":"","background-repeat":"repeat","background-position":"center center","background-size":"auto","background-attachment":"scroll","background-type":"","background-media":"","overlay-type":"","overlay-color":"","overlay-opacity":"","overlay-gradient":""}}},"product_brand":[],"product_cat":[1001],"product_tag":[],"class_list":{"0":"post-25285","1":"product","2":"type-product","3":"status-publish","4":"has-post-thumbnail","6":"product_cat-husholdningsartikler","7":"desktop-align-left","8":"tablet-align-left","9":"mobile-align-left","11":"first","12":"instock","13":"shipping-taxable","14":"purchasable","15":"product-type-simple"},"_links":{"self":[{"href":"https:\/\/keluvo.com\/no\/wp-json\/wp\/v2\/product\/25285","targetHints":{"allow":["GET"]}}],"collection":[{"href":"https:\/\/keluvo.com\/no\/wp-json\/wp\/v2\/product"}],"about":[{"href":"https:\/\/keluvo.com\/no\/wp-json\/wp\/v2\/types\/product"}],"replies":[{"embeddable":true,"href":"https:\/\/keluvo.com\/no\/wp-json\/wp\/v2\/comments?post=25285"}],"wp:featuredmedia":[{"embeddable":true,"href":"https:\/\/keluvo.com\/no\/wp-json\/wp\/v2\/media\/25281"}],"wp:attachment":[{"href":"https:\/\/keluvo.com\/no\/wp-json\/wp\/v2\/media?parent=25285"}],"wp:term":[{"taxonomy":"product_brand","embeddable":true,"href":"https:\/\/keluvo.com\/no\/wp-json\/wp\/v2\/product_brand?post=25285"},{"taxonomy":"product_cat","embeddable":true,"href":"https:\/\/keluvo.com\/no\/wp-json\/wp\/v2\/product_cat?post=25285"},{"taxonomy":"product_tag","embeddable":true,"href":"https:\/\/keluvo.com\/no\/wp-json\/wp\/v2\/product_tag?post=25285"}],"curies":[{"name":"wp","href":"https:\/\/api.w.org\/{rel}","templated":true}]}}